{"id":16904,"date":"2021-05-25T16:26:20","date_gmt":"2021-05-25T14:26:20","guid":{"rendered":"https:\/\/my-french-grocery.com\/?post_type=product&#038;p=16904"},"modified":"2021-05-25T16:31:57","modified_gmt":"2021-05-25T14:31:57","slug":"jabon-liquido-verbena-briochin","status":"publish","type":"product","link":"https:\/\/my-french-grocery.com\/es\/producto\/jabon-liquido-verbena-briochin\/","title":{"rendered":"Jab\u00f3n L\u00edquido Verbena Briochin"},"content":{"rendered":"<p>Jab\u00f3n L\u00edquido Verbena Briochin<\/p>\n<p>Botella de 400 ml<\/p>\n<div class=\"secondary-details__description\">\n<p class=\"paragraph\">El aut\u00e9ntico Fleur de Soap es un jab\u00f3n vegetal resultante de una saponificaci\u00f3n tradicional.\u00a0Formulada sin tensioactivos qu\u00edmicos, su textura fluida limpia de forma natural y delicada la piel y la envuelve en un velo de fragante suavidad.\u00a0Dale a tu piel el mejor jab\u00f3n y el placer de un tratamiento<\/p>\n<\/div>\n<div id=\"data-recommandation-zone-2\" class=\"secondary-details-cross-sell\">\n<div class=\"recommendations recommendations\" data-zone=\"2\"><\/div>\n<\/div>\n","protected":false},"excerpt":{"rendered":"<p>Jab\u00f3n L\u00edquido Verbena Briochin<\/p>\n<p>Botella de 400 ml<\/p>\n","protected":false},"featured_media":16911,"comment_status":"open","ping_status":"closed","template":"","meta":[],"pwb-brand":[2094],"product_brand":[],"product_cat":[1673],"product_tag":[2097,1803],"class_list":{"0":"post-16904","1":"product","2":"type-product","3":"status-publish","4":"has-post-thumbnail","6":"pwb-brand-briochin-es","7":"product_cat-jabon","8":"product_tag-briochin-es","9":"product_tag-jabon","10":"product_shipping_class-expedicion-mundial","12":"first","13":"outofstock","14":"taxable","15":"shipping-taxable","16":"purchasable","17":"product-type-simple"},"brands":[{"id":2094,"name":"Briochin","slug":"briochin-es"}],"_links":{"self":[{"href":"https:\/\/my-french-grocery.com\/es\/wp-json\/wp\/v2\/product\/16904","targetHints":{"allow":["GET"]}}],"collection":[{"href":"https:\/\/my-french-grocery.com\/es\/wp-json\/wp\/v2\/product"}],"about":[{"href":"https:\/\/my-french-grocery.com\/es\/wp-json\/wp\/v2\/types\/product"}],"replies":[{"embeddable":true,"href":"https:\/\/my-french-grocery.com\/es\/wp-json\/wp\/v2\/comments?post=16904"}],"wp:featuredmedia":[{"embeddable":true,"href":"https:\/\/my-french-grocery.com\/es\/wp-json\/wp\/v2\/media\/16911"}],"wp:attachment":[{"href":"https:\/\/my-french-grocery.com\/es\/wp-json\/wp\/v2\/media?parent=16904"}],"wp:term":[{"taxonomy":"pwb-brand","embeddable":true,"href":"https:\/\/my-french-grocery.com\/es\/wp-json\/wp\/v2\/pwb-brand?post=16904"},{"taxonomy":"product_brand","embeddable":true,"href":"https:\/\/my-french-grocery.com\/es\/wp-json\/wp\/v2\/product_brand?post=16904"},{"taxonomy":"product_cat","embeddable":true,"href":"https:\/\/my-french-grocery.com\/es\/wp-json\/wp\/v2\/product_cat?post=16904"},{"taxonomy":"product_tag","embeddable":true,"href":"https:\/\/my-french-grocery.com\/es\/wp-json\/wp\/v2\/product_tag?post=16904"}],"curies":[{"name":"wp","href":"https:\/\/api.w.org\/{rel}","templated":true}]}}