{"id":17273,"date":"2021-06-19T15:29:42","date_gmt":"2021-06-19T13:29:42","guid":{"rendered":"https:\/\/my-french-grocery.com\/?post_type=product&#038;p=17273"},"modified":"2021-06-20T18:45:30","modified_gmt":"2021-06-20T16:45:30","slug":"cereales-de-chocolate-con-leche-nestle-fitness","status":"publish","type":"product","link":"https:\/\/my-french-grocery.com\/es\/producto\/cereales-de-chocolate-con-leche-nestle-fitness\/","title":{"rendered":"Cereales De Chocolate Con Leche Nestl\u00e9 Fitness"},"content":{"rendered":"<p>Cereales De Chocolate Con Leche Nestl\u00e9 Fitness<\/p>\n<div class=\"pdp-card__header--text\"><span class=\"ds-body-text ds-body-text--weight-bold ds-body-text--size-m ds-body-text--color-standard-2\">Paquete de 375g<\/span><\/div>\n<div class=\"main-details__shoppinglist\"><\/div>\n<div>P\u00e9talos de trigo integral, arroz y avena integral con 36% de p\u00e9talos recubiertos de chocolate Con Leche, enriquecidos con vitaminas (B3, B5, B6, B2, B9), calcio y hierro<\/div>\n<div><\/div>\n<div>Tus cereales Fitness han sido elaborados con deliciosos ingredientes cuidadosamente seleccionados, 100% trigo integral, avena integral y deliciosos p\u00e9talos de chocolate negro! Fuente de fibra, tambi\u00e9n contienen vitamina B para una energ\u00eda nutritiva.<\/div>\n","protected":false},"excerpt":{"rendered":"<p>Cereales De Chocolate Con Leche Nestl\u00e9 Fitness<\/p>\n<div class=\"pdp-card__header--text\"><span class=\"ds-body-text ds-body-text--weight-bold ds-body-text--size-m ds-body-text--color-standard-2\">Paquete de 375g<\/span><\/div>\n","protected":false},"featured_media":21373,"comment_status":"open","ping_status":"closed","template":"","meta":[],"pwb-brand":[4025],"product_brand":[],"product_cat":[1867],"product_tag":[2131],"class_list":{"0":"post-17273","1":"product","2":"type-product","3":"status-publish","4":"has-post-thumbnail","6":"pwb-brand-nestle-es","7":"product_cat-cereales-brioches-bolleria","8":"product_tag-fitness-es","9":"product_shipping_class-expedicion-mundial","11":"first","12":"outofstock","13":"taxable","14":"shipping-taxable","15":"purchasable","16":"product-type-simple"},"yoast_head":"<!-- This site is optimized with the Yoast SEO plugin v27.4 - https:\/\/yoast.com\/product\/yoast-seo-wordpress\/ -->\n<title>Cereales De Chocolate Con Leche Nestl\u00e9 Fitness | Comprar En Linea | My French Grocery<\/title>\n<meta name=\"description\" content=\"Cereales De Chocolate Con Leche Nestl\u00e9 Fitness - Paquete de 375g - P\u00e9talos de trigo integral, arroz y avena integral con 36% de p\u00e9talos recubiertos de chocolate Con Leche, enriquecidos con vitaminas (B3, B5, B6, B2, B9), calcio y hierro\" \/>\n<meta name=\"robots\" content=\"index, follow, max-snippet:-1, max-image-preview:large, max-video-preview:-1\" \/>\n<link rel=\"canonical\" href=\"https:\/\/my-french-grocery.com\/es\/producto\/cereales-de-chocolate-con-leche-nestle-fitness\/\" \/>\n<meta property=\"og:locale\" content=\"es_ES\" \/>\n<meta property=\"og:type\" content=\"article\" \/>\n<meta property=\"og:title\" content=\"Cereales De Chocolate Con Leche Nestl\u00e9 Fitness | Comprar En Linea | My French Grocery\" \/>\n<meta property=\"og:description\" content=\"Cereales De Chocolate Con Leche Nestl\u00e9 Fitness - Paquete de 375g - P\u00e9talos de trigo integral, arroz y avena integral con 36% de p\u00e9talos recubiertos de chocolate Con Leche, enriquecidos con vitaminas (B3, B5, B6, B2, B9), calcio y hierro\" \/>\n<meta property=\"og:url\" content=\"https:\/\/my-french-grocery.com\/es\/producto\/cereales-de-chocolate-con-leche-nestle-fitness\/\" \/>\n<meta property=\"og:site_name\" content=\"My French Grocery\" \/>\n<meta property=\"article:publisher\" content=\"https:\/\/www.facebook.com\/myfrenchgrocery\/\" \/>\n<meta property=\"article:modified_time\" content=\"2021-06-20T16:45:30+00:00\" \/>\n<meta property=\"og:image\" content=\"https:\/\/my-french-grocery.com\/wp-content\/uploads\/2021\/06\/NESTLE-FITNESS-MILK-CHOCOLATE-1.jpg\" \/>\n\t<meta property=\"og:image:width\" content=\"841\" \/>\n\t<meta property=\"og:image:height\" content=\"766\" \/>\n\t<meta property=\"og:image:type\" content=\"image\/jpeg\" \/>\n<meta name=\"twitter:card\" content=\"summary_large_image\" \/>\n<script type=\"application\/ld+json\" class=\"yoast-schema-graph\">{\"@context\":\"https:\\\/\\\/schema.org\",\"@graph\":[{\"@type\":\"WebPage\",\"@id\":\"https:\\\/\\\/my-french-grocery.com\\\/es\\\/producto\\\/cereales-de-chocolate-con-leche-nestle-fitness\\\/\",\"url\":\"https:\\\/\\\/my-french-grocery.com\\\/es\\\/producto\\\/cereales-de-chocolate-con-leche-nestle-fitness\\\/\",\"name\":\"Cereales De Chocolate Con Leche Nestl\u00e9 Fitness | Comprar En Linea | My French Grocery\",\"isPartOf\":{\"@id\":\"https:\\\/\\\/my-french-grocery.com\\\/es\\\/#website\"},\"primaryImageOfPage\":{\"@id\":\"https:\\\/\\\/my-french-grocery.com\\\/es\\\/producto\\\/cereales-de-chocolate-con-leche-nestle-fitness\\\/#primaryimage\"},\"image\":{\"@id\":\"https:\\\/\\\/my-french-grocery.com\\\/es\\\/producto\\\/cereales-de-chocolate-con-leche-nestle-fitness\\\/#primaryimage\"},\"thumbnailUrl\":\"https:\\\/\\\/my-french-grocery.com\\\/wp-content\\\/uploads\\\/2021\\\/06\\\/NESTLE-FITNESS-MILK-CHOCOLATE-1.jpg\",\"datePublished\":\"2021-06-19T13:29:42+00:00\",\"dateModified\":\"2021-06-20T16:45:30+00:00\",\"description\":\"Cereales De Chocolate Con Leche Nestl\u00e9 Fitness - Paquete de 375g - P\u00e9talos de trigo integral, arroz y avena integral con 36% de p\u00e9talos recubiertos de chocolate Con Leche, enriquecidos con vitaminas (B3, B5, B6, B2, B9), calcio y hierro\",\"breadcrumb\":{\"@id\":\"https:\\\/\\\/my-french-grocery.com\\\/es\\\/producto\\\/cereales-de-chocolate-con-leche-nestle-fitness\\\/#breadcrumb\"},\"inLanguage\":\"es-ES\",\"potentialAction\":[{\"@type\":\"ReadAction\",\"target\":[\"https:\\\/\\\/my-french-grocery.com\\\/es\\\/producto\\\/cereales-de-chocolate-con-leche-nestle-fitness\\\/\"]}]},{\"@type\":\"ImageObject\",\"inLanguage\":\"es-ES\",\"@id\":\"https:\\\/\\\/my-french-grocery.com\\\/es\\\/producto\\\/cereales-de-chocolate-con-leche-nestle-fitness\\\/#primaryimage\",\"url\":\"https:\\\/\\\/my-french-grocery.com\\\/wp-content\\\/uploads\\\/2021\\\/06\\\/NESTLE-FITNESS-MILK-CHOCOLATE-1.jpg\",\"contentUrl\":\"https:\\\/\\\/my-french-grocery.com\\\/wp-content\\\/uploads\\\/2021\\\/06\\\/NESTLE-FITNESS-MILK-CHOCOLATE-1.jpg\",\"width\":841,\"height\":766},{\"@type\":\"BreadcrumbList\",\"@id\":\"https:\\\/\\\/my-french-grocery.com\\\/es\\\/producto\\\/cereales-de-chocolate-con-leche-nestle-fitness\\\/#breadcrumb\",\"itemListElement\":[{\"@type\":\"ListItem\",\"position\":1,\"name\":\"Home\",\"item\":\"https:\\\/\\\/my-french-grocery.com\\\/es\\\/tienda-2\\\/\"},{\"@type\":\"ListItem\",\"position\":2,\"name\":\"Shop\",\"item\":\"https:\\\/\\\/my-french-grocery.com\\\/shop\\\/\"},{\"@type\":\"ListItem\",\"position\":3,\"name\":\"C\u00e9r\u00e9ales, brioches &amp; Boller\u00eda\",\"item\":\"https:\\\/\\\/my-french-grocery.com\\\/es\\\/categoria-producto\\\/cereales-brioches-bolleria\\\/\"},{\"@type\":\"ListItem\",\"position\":4,\"name\":\"Cereales De Chocolate Con Leche Nestl\u00e9 Fitness\"}]},{\"@type\":\"WebSite\",\"@id\":\"https:\\\/\\\/my-french-grocery.com\\\/es\\\/#website\",\"url\":\"https:\\\/\\\/my-french-grocery.com\\\/es\\\/\",\"name\":\"My French Grocery\",\"description\":\"Your Online French Grocery  !\",\"publisher\":{\"@id\":\"https:\\\/\\\/my-french-grocery.com\\\/es\\\/#organization\"},\"potentialAction\":[{\"@type\":\"SearchAction\",\"target\":{\"@type\":\"EntryPoint\",\"urlTemplate\":\"https:\\\/\\\/my-french-grocery.com\\\/es\\\/?s={search_term_string}\"},\"query-input\":{\"@type\":\"PropertyValueSpecification\",\"valueRequired\":true,\"valueName\":\"search_term_string\"}}],\"inLanguage\":\"es-ES\"},{\"@type\":\"Organization\",\"@id\":\"https:\\\/\\\/my-french-grocery.com\\\/es\\\/#organization\",\"name\":\"MY FRENCH GROCERY\",\"url\":\"https:\\\/\\\/my-french-grocery.com\\\/es\\\/\",\"logo\":{\"@type\":\"ImageObject\",\"inLanguage\":\"es-ES\",\"@id\":\"https:\\\/\\\/my-french-grocery.com\\\/es\\\/#\\\/schema\\\/logo\\\/image\\\/\",\"url\":\"https:\\\/\\\/my-french-grocery.com\\\/wp-content\\\/uploads\\\/2021\\\/11\\\/My-French-Grocery-Online-French-Grocery.png\",\"contentUrl\":\"https:\\\/\\\/my-french-grocery.com\\\/wp-content\\\/uploads\\\/2021\\\/11\\\/My-French-Grocery-Online-French-Grocery.png\",\"width\":100,\"height\":100,\"caption\":\"MY FRENCH GROCERY\"},\"image\":{\"@id\":\"https:\\\/\\\/my-french-grocery.com\\\/es\\\/#\\\/schema\\\/logo\\\/image\\\/\"},\"sameAs\":[\"https:\\\/\\\/www.facebook.com\\\/myfrenchgrocery\\\/\"]}]}<\/script>\n<!-- \/ Yoast SEO plugin. -->","yoast_head_json":{"title":"Cereales De Chocolate Con Leche Nestl\u00e9 Fitness | Comprar En Linea | My French Grocery","description":"Cereales De Chocolate Con Leche Nestl\u00e9 Fitness - Paquete de 375g - P\u00e9talos de trigo integral, arroz y avena integral con 36% de p\u00e9talos recubiertos de chocolate Con Leche, enriquecidos con vitaminas (B3, B5, B6, B2, B9), calcio y hierro","robots":{"index":"index","follow":"follow","max-snippet":"max-snippet:-1","max-image-preview":"max-image-preview:large","max-video-preview":"max-video-preview:-1"},"canonical":"https:\/\/my-french-grocery.com\/es\/producto\/cereales-de-chocolate-con-leche-nestle-fitness\/","og_locale":"es_ES","og_type":"article","og_title":"Cereales De Chocolate Con Leche Nestl\u00e9 Fitness | Comprar En Linea | My French Grocery","og_description":"Cereales De Chocolate Con Leche Nestl\u00e9 Fitness - Paquete de 375g - P\u00e9talos de trigo integral, arroz y avena integral con 36% de p\u00e9talos recubiertos de chocolate Con Leche, enriquecidos con vitaminas (B3, B5, B6, B2, B9), calcio y hierro","og_url":"https:\/\/my-french-grocery.com\/es\/producto\/cereales-de-chocolate-con-leche-nestle-fitness\/","og_site_name":"My French Grocery","article_publisher":"https:\/\/www.facebook.com\/myfrenchgrocery\/","article_modified_time":"2021-06-20T16:45:30+00:00","og_image":[{"width":841,"height":766,"url":"https:\/\/my-french-grocery.com\/wp-content\/uploads\/2021\/06\/NESTLE-FITNESS-MILK-CHOCOLATE-1.jpg","type":"image\/jpeg"}],"twitter_card":"summary_large_image","schema":{"@context":"https:\/\/schema.org","@graph":[{"@type":"WebPage","@id":"https:\/\/my-french-grocery.com\/es\/producto\/cereales-de-chocolate-con-leche-nestle-fitness\/","url":"https:\/\/my-french-grocery.com\/es\/producto\/cereales-de-chocolate-con-leche-nestle-fitness\/","name":"Cereales De Chocolate Con Leche Nestl\u00e9 Fitness | Comprar En Linea | My French Grocery","isPartOf":{"@id":"https:\/\/my-french-grocery.com\/es\/#website"},"primaryImageOfPage":{"@id":"https:\/\/my-french-grocery.com\/es\/producto\/cereales-de-chocolate-con-leche-nestle-fitness\/#primaryimage"},"image":{"@id":"https:\/\/my-french-grocery.com\/es\/producto\/cereales-de-chocolate-con-leche-nestle-fitness\/#primaryimage"},"thumbnailUrl":"https:\/\/my-french-grocery.com\/wp-content\/uploads\/2021\/06\/NESTLE-FITNESS-MILK-CHOCOLATE-1.jpg","datePublished":"2021-06-19T13:29:42+00:00","dateModified":"2021-06-20T16:45:30+00:00","description":"Cereales De Chocolate Con Leche Nestl\u00e9 Fitness - Paquete de 375g - P\u00e9talos de trigo integral, arroz y avena integral con 36% de p\u00e9talos recubiertos de chocolate Con Leche, enriquecidos con vitaminas (B3, B5, B6, B2, B9), calcio y hierro","breadcrumb":{"@id":"https:\/\/my-french-grocery.com\/es\/producto\/cereales-de-chocolate-con-leche-nestle-fitness\/#breadcrumb"},"inLanguage":"es-ES","potentialAction":[{"@type":"ReadAction","target":["https:\/\/my-french-grocery.com\/es\/producto\/cereales-de-chocolate-con-leche-nestle-fitness\/"]}]},{"@type":"ImageObject","inLanguage":"es-ES","@id":"https:\/\/my-french-grocery.com\/es\/producto\/cereales-de-chocolate-con-leche-nestle-fitness\/#primaryimage","url":"https:\/\/my-french-grocery.com\/wp-content\/uploads\/2021\/06\/NESTLE-FITNESS-MILK-CHOCOLATE-1.jpg","contentUrl":"https:\/\/my-french-grocery.com\/wp-content\/uploads\/2021\/06\/NESTLE-FITNESS-MILK-CHOCOLATE-1.jpg","width":841,"height":766},{"@type":"BreadcrumbList","@id":"https:\/\/my-french-grocery.com\/es\/producto\/cereales-de-chocolate-con-leche-nestle-fitness\/#breadcrumb","itemListElement":[{"@type":"ListItem","position":1,"name":"Home","item":"https:\/\/my-french-grocery.com\/es\/tienda-2\/"},{"@type":"ListItem","position":2,"name":"Shop","item":"https:\/\/my-french-grocery.com\/shop\/"},{"@type":"ListItem","position":3,"name":"C\u00e9r\u00e9ales, brioches &amp; Boller\u00eda","item":"https:\/\/my-french-grocery.com\/es\/categoria-producto\/cereales-brioches-bolleria\/"},{"@type":"ListItem","position":4,"name":"Cereales De Chocolate Con Leche Nestl\u00e9 Fitness"}]},{"@type":"WebSite","@id":"https:\/\/my-french-grocery.com\/es\/#website","url":"https:\/\/my-french-grocery.com\/es\/","name":"My French Grocery","description":"Your Online French Grocery  !","publisher":{"@id":"https:\/\/my-french-grocery.com\/es\/#organization"},"potentialAction":[{"@type":"SearchAction","target":{"@type":"EntryPoint","urlTemplate":"https:\/\/my-french-grocery.com\/es\/?s={search_term_string}"},"query-input":{"@type":"PropertyValueSpecification","valueRequired":true,"valueName":"search_term_string"}}],"inLanguage":"es-ES"},{"@type":"Organization","@id":"https:\/\/my-french-grocery.com\/es\/#organization","name":"MY FRENCH GROCERY","url":"https:\/\/my-french-grocery.com\/es\/","logo":{"@type":"ImageObject","inLanguage":"es-ES","@id":"https:\/\/my-french-grocery.com\/es\/#\/schema\/logo\/image\/","url":"https:\/\/my-french-grocery.com\/wp-content\/uploads\/2021\/11\/My-French-Grocery-Online-French-Grocery.png","contentUrl":"https:\/\/my-french-grocery.com\/wp-content\/uploads\/2021\/11\/My-French-Grocery-Online-French-Grocery.png","width":100,"height":100,"caption":"MY FRENCH GROCERY"},"image":{"@id":"https:\/\/my-french-grocery.com\/es\/#\/schema\/logo\/image\/"},"sameAs":["https:\/\/www.facebook.com\/myfrenchgrocery\/"]}]}},"brands":[{"id":4025,"name":"Nestl\u00e9","slug":"nestle-es"}],"_links":{"self":[{"href":"https:\/\/my-french-grocery.com\/es\/wp-json\/wp\/v2\/product\/17273","targetHints":{"allow":["GET"]}}],"collection":[{"href":"https:\/\/my-french-grocery.com\/es\/wp-json\/wp\/v2\/product"}],"about":[{"href":"https:\/\/my-french-grocery.com\/es\/wp-json\/wp\/v2\/types\/product"}],"replies":[{"embeddable":true,"href":"https:\/\/my-french-grocery.com\/es\/wp-json\/wp\/v2\/comments?post=17273"}],"wp:featuredmedia":[{"embeddable":true,"href":"https:\/\/my-french-grocery.com\/es\/wp-json\/wp\/v2\/media\/21373"}],"wp:attachment":[{"href":"https:\/\/my-french-grocery.com\/es\/wp-json\/wp\/v2\/media?parent=17273"}],"wp:term":[{"taxonomy":"pwb-brand","embeddable":true,"href":"https:\/\/my-french-grocery.com\/es\/wp-json\/wp\/v2\/pwb-brand?post=17273"},{"taxonomy":"product_brand","embeddable":true,"href":"https:\/\/my-french-grocery.com\/es\/wp-json\/wp\/v2\/product_brand?post=17273"},{"taxonomy":"product_cat","embeddable":true,"href":"https:\/\/my-french-grocery.com\/es\/wp-json\/wp\/v2\/product_cat?post=17273"},{"taxonomy":"product_tag","embeddable":true,"href":"https:\/\/my-french-grocery.com\/es\/wp-json\/wp\/v2\/product_tag?post=17273"}],"curies":[{"name":"wp","href":"https:\/\/api.w.org\/{rel}","templated":true}]}}