{"id":19296,"date":"2021-10-17T18:13:59","date_gmt":"2021-10-17T16:13:59","guid":{"rendered":"https:\/\/my-french-grocery.com\/?post_type=product&#038;p=19296"},"modified":"2021-10-17T18:29:37","modified_gmt":"2021-10-17T16:29:37","slug":"preparacion-de-pastel-de-chocolate-fondant-nestle-dessert","status":"publish","type":"product","link":"https:\/\/my-french-grocery.com\/es\/producto\/preparacion-de-pastel-de-chocolate-fondant-nestle-dessert\/","title":{"rendered":"Preparaci\u00f3n De Pastel De Chocolate  Fondant Nestl\u00e9 Dessert"},"content":{"rendered":"<p>Preparaci\u00f3n De Pastel De Chocolate Fondant Nestl\u00e9 Dessert<\/p>\n<div class=\"pdp-card__header--text\"><span class=\"ds-body-text ds-body-text--weight-bold ds-body-text--size-m ds-body-text--color-standard-2\">Bolsita de 317g<\/span><\/div>\n<div class=\"main-details__shoppinglist\"><\/div>\n<div>Las mezclas para pasteles Nestl\u00e9 Dessert son la combinaci\u00f3n de verdaderas paletas de chocolate Nestl\u00e9 Dessert para derretir y una bolsa de preparaci\u00f3n con ingredientes predosificados para pasteles gourmet, r\u00e1pidos y f\u00e1ciles de hacer. Nestl\u00e9 Dessert, un chocolate 100% puro con manteca de cacao, con una fusi\u00f3n \u00fanica, cuidadosamente preparado a partir de granos seleccionados.<\/div>\n","protected":false},"excerpt":{"rendered":"<p>Preparaci\u00f3n De Pastel De Chocolate Fondant Nestl\u00e9 Dessert<\/p>\n<div class=\"pdp-card__header--text\"><span class=\"ds-body-text ds-body-text--weight-bold ds-body-text--size-m ds-body-text--color-standard-2\">Bolsita de 317g<\/span><\/div>\n","protected":false},"featured_media":19303,"comment_status":"open","ping_status":"closed","template":"","meta":[],"pwb-brand":[4025],"product_brand":[],"product_cat":[1948],"product_tag":[],"class_list":{"0":"post-19296","1":"product","2":"type-product","3":"status-publish","4":"has-post-thumbnail","6":"pwb-brand-nestle-es","7":"product_cat-panaderia","8":"product_shipping_class-expedicion-mundial","10":"first","11":"outofstock","12":"taxable","13":"shipping-taxable","14":"purchasable","15":"product-type-simple"},"brands":[{"id":4025,"name":"Nestl\u00e9","slug":"nestle-es"}],"_links":{"self":[{"href":"https:\/\/my-french-grocery.com\/es\/wp-json\/wp\/v2\/product\/19296","targetHints":{"allow":["GET"]}}],"collection":[{"href":"https:\/\/my-french-grocery.com\/es\/wp-json\/wp\/v2\/product"}],"about":[{"href":"https:\/\/my-french-grocery.com\/es\/wp-json\/wp\/v2\/types\/product"}],"replies":[{"embeddable":true,"href":"https:\/\/my-french-grocery.com\/es\/wp-json\/wp\/v2\/comments?post=19296"}],"wp:featuredmedia":[{"embeddable":true,"href":"https:\/\/my-french-grocery.com\/es\/wp-json\/wp\/v2\/media\/19303"}],"wp:attachment":[{"href":"https:\/\/my-french-grocery.com\/es\/wp-json\/wp\/v2\/media?parent=19296"}],"wp:term":[{"taxonomy":"pwb-brand","embeddable":true,"href":"https:\/\/my-french-grocery.com\/es\/wp-json\/wp\/v2\/pwb-brand?post=19296"},{"taxonomy":"product_brand","embeddable":true,"href":"https:\/\/my-french-grocery.com\/es\/wp-json\/wp\/v2\/product_brand?post=19296"},{"taxonomy":"product_cat","embeddable":true,"href":"https:\/\/my-french-grocery.com\/es\/wp-json\/wp\/v2\/product_cat?post=19296"},{"taxonomy":"product_tag","embeddable":true,"href":"https:\/\/my-french-grocery.com\/es\/wp-json\/wp\/v2\/product_tag?post=19296"}],"curies":[{"name":"wp","href":"https:\/\/api.w.org\/{rel}","templated":true}]}}