{"id":19498,"date":"2021-10-23T15:32:10","date_gmt":"2021-10-23T13:32:10","guid":{"rendered":"https:\/\/my-french-grocery.com\/?post_type=product&#038;p=19498"},"modified":"2025-10-14T12:05:53","modified_gmt":"2025-10-14T10:05:53","slug":"bombones-de-licor-de-cereza-ferrero-mon-cheri","status":"publish","type":"product","link":"https:\/\/my-french-grocery.com\/es\/producto\/bombones-de-licor-de-cereza-ferrero-mon-cheri\/","title":{"rendered":"Bombones De Licor De Cereza Ferrero Mon Cheri"},"content":{"rendered":"<p>Bombones De Licor De Cereza Ferrero Mon Cheri<\/p>\n<p>Caja de 30 &#8211; 315 g<\/p>\n<p><span>30 bombones Mon Ch\u00e9ri en una elegante caja para compartir.\u00a0<\/span><span>Mon Ch\u00e9ri, es una explosi\u00f3n de sabores para sensaciones intensas: el crujido de su chocolate negro, la calidez de su coraz\u00f3n intenso y la ternura de su cereza.<\/span><\/p>\n","protected":false},"excerpt":{"rendered":"<p>Bombones De Licor De Cereza Ferrero Mon Cheri<\/p>\n<p>Caja de 30 &#8211; 315 g<\/p>\n","protected":false},"featured_media":37400,"comment_status":"open","ping_status":"closed","template":"","meta":[],"pwb-brand":[1958],"product_brand":[],"product_cat":[1654,1740,2477],"product_tag":[2462,1805],"class_list":{"0":"post-19498","1":"product","2":"type-product","3":"status-publish","4":"has-post-thumbnail","6":"pwb-brand-ferrero-es","7":"product_cat-caramelos","8":"product_cat-chocolate-es","9":"product_cat-productos-navidenos","10":"product_tag-bombones-de-licor-de-cereza-ferrero-mon-cheri-caja-de-30-315-g-mon-cheri-es-una-explosion-de-sabores-para-sensaciones-intensas","11":"product_tag-chocolate-es","12":"product_shipping_class-expedicion-mundial","14":"first","15":"instock","16":"taxable","17":"shipping-taxable","18":"purchasable","19":"product-type-simple"},"yoast_head":"<!-- This site is optimized with the Yoast SEO plugin v27.3 - https:\/\/yoast.com\/product\/yoast-seo-wordpress\/ -->\n<title>Bombones De Licor De Cereza Ferrero Mon Cheri | Comprar En Linea | My French Grocery<\/title>\n<meta name=\"description\" content=\"Chocolate De Pascua Con Leche Ardilla Ferrero - 90 g - Descubre la Ardilla Ferrero Rocher: una deliciosa especialidad de chocolate con leche fino con sabrosos trozos de avellanas ... \u00a1para darte un capricho o para compartir en Semana Santa!\u00a0\" \/>\n<meta name=\"robots\" content=\"index, follow, max-snippet:-1, max-image-preview:large, max-video-preview:-1\" \/>\n<link rel=\"canonical\" href=\"https:\/\/my-french-grocery.com\/es\/producto\/bombones-de-licor-de-cereza-ferrero-mon-cheri\/\" \/>\n<meta property=\"og:locale\" content=\"es_ES\" \/>\n<meta property=\"og:type\" content=\"article\" \/>\n<meta property=\"og:title\" content=\"Bombones De Licor De Cereza Ferrero Mon Cheri | Comprar En Linea | My French Grocery\" \/>\n<meta property=\"og:description\" content=\"Chocolate De Pascua Con Leche Ardilla Ferrero - 90 g - Descubre la Ardilla Ferrero Rocher: una deliciosa especialidad de chocolate con leche fino con sabrosos trozos de avellanas ... \u00a1para darte un capricho o para compartir en Semana Santa!\u00a0\" \/>\n<meta property=\"og:url\" content=\"https:\/\/my-french-grocery.com\/es\/producto\/bombones-de-licor-de-cereza-ferrero-mon-cheri\/\" \/>\n<meta property=\"og:site_name\" content=\"My French Grocery\" \/>\n<meta property=\"article:publisher\" content=\"https:\/\/www.facebook.com\/myfrenchgrocery\/\" \/>\n<meta property=\"article:modified_time\" content=\"2025-10-14T10:05:53+00:00\" \/>\n<meta property=\"og:image\" content=\"https:\/\/my-french-grocery.com\/wp-content\/uploads\/2021\/10\/MON-CHERI.png\" \/>\n\t<meta property=\"og:image:width\" content=\"250\" \/>\n\t<meta property=\"og:image:height\" content=\"250\" \/>\n\t<meta property=\"og:image:type\" content=\"image\/png\" \/>\n<meta name=\"twitter:card\" content=\"summary_large_image\" \/>\n<script type=\"application\/ld+json\" class=\"yoast-schema-graph\">{\"@context\":\"https:\\\/\\\/schema.org\",\"@graph\":[{\"@type\":\"WebPage\",\"@id\":\"https:\\\/\\\/my-french-grocery.com\\\/es\\\/producto\\\/bombones-de-licor-de-cereza-ferrero-mon-cheri\\\/\",\"url\":\"https:\\\/\\\/my-french-grocery.com\\\/es\\\/producto\\\/bombones-de-licor-de-cereza-ferrero-mon-cheri\\\/\",\"name\":\"Bombones De Licor De Cereza Ferrero Mon Cheri | Comprar En Linea | My French Grocery\",\"isPartOf\":{\"@id\":\"https:\\\/\\\/my-french-grocery.com\\\/es\\\/#website\"},\"primaryImageOfPage\":{\"@id\":\"https:\\\/\\\/my-french-grocery.com\\\/es\\\/producto\\\/bombones-de-licor-de-cereza-ferrero-mon-cheri\\\/#primaryimage\"},\"image\":{\"@id\":\"https:\\\/\\\/my-french-grocery.com\\\/es\\\/producto\\\/bombones-de-licor-de-cereza-ferrero-mon-cheri\\\/#primaryimage\"},\"thumbnailUrl\":\"https:\\\/\\\/my-french-grocery.com\\\/wp-content\\\/uploads\\\/2021\\\/10\\\/MON-CHERI-Fine-chocolates-filled-with-cherry-and-liqueur.jpeg\",\"datePublished\":\"2021-10-23T13:32:10+00:00\",\"dateModified\":\"2025-10-14T10:05:53+00:00\",\"description\":\"Chocolate De Pascua Con Leche Ardilla Ferrero - 90 g - Descubre la Ardilla Ferrero Rocher: una deliciosa especialidad de chocolate con leche fino con sabrosos trozos de avellanas ... \u00a1para darte un capricho o para compartir en Semana Santa!\u00a0\",\"breadcrumb\":{\"@id\":\"https:\\\/\\\/my-french-grocery.com\\\/es\\\/producto\\\/bombones-de-licor-de-cereza-ferrero-mon-cheri\\\/#breadcrumb\"},\"inLanguage\":\"es-ES\",\"potentialAction\":[{\"@type\":\"ReadAction\",\"target\":[\"https:\\\/\\\/my-french-grocery.com\\\/es\\\/producto\\\/bombones-de-licor-de-cereza-ferrero-mon-cheri\\\/\"]}]},{\"@type\":\"ImageObject\",\"inLanguage\":\"es-ES\",\"@id\":\"https:\\\/\\\/my-french-grocery.com\\\/es\\\/producto\\\/bombones-de-licor-de-cereza-ferrero-mon-cheri\\\/#primaryimage\",\"url\":\"https:\\\/\\\/my-french-grocery.com\\\/wp-content\\\/uploads\\\/2021\\\/10\\\/MON-CHERI-Fine-chocolates-filled-with-cherry-and-liqueur.jpeg\",\"contentUrl\":\"https:\\\/\\\/my-french-grocery.com\\\/wp-content\\\/uploads\\\/2021\\\/10\\\/MON-CHERI-Fine-chocolates-filled-with-cherry-and-liqueur.jpeg\",\"width\":1200,\"height\":1200},{\"@type\":\"BreadcrumbList\",\"@id\":\"https:\\\/\\\/my-french-grocery.com\\\/es\\\/producto\\\/bombones-de-licor-de-cereza-ferrero-mon-cheri\\\/#breadcrumb\",\"itemListElement\":[{\"@type\":\"ListItem\",\"position\":1,\"name\":\"Home\",\"item\":\"https:\\\/\\\/my-french-grocery.com\\\/es\\\/tienda-2\\\/\"},{\"@type\":\"ListItem\",\"position\":2,\"name\":\"Shop\",\"item\":\"https:\\\/\\\/my-french-grocery.com\\\/shop\\\/\"},{\"@type\":\"ListItem\",\"position\":3,\"name\":\"Comida\",\"item\":\"https:\\\/\\\/my-french-grocery.com\\\/es\\\/categoria-producto\\\/comida\\\/\"},{\"@type\":\"ListItem\",\"position\":4,\"name\":\"Dulces - Chocolates\",\"item\":\"https:\\\/\\\/my-french-grocery.com\\\/es\\\/categoria-producto\\\/comida\\\/dulces-chocolates\\\/\"},{\"@type\":\"ListItem\",\"position\":5,\"name\":\"Caramelos\",\"item\":\"https:\\\/\\\/my-french-grocery.com\\\/es\\\/categoria-producto\\\/comida\\\/dulces-chocolates\\\/caramelos\\\/\"},{\"@type\":\"ListItem\",\"position\":6,\"name\":\"Bombones De Licor De Cereza Ferrero Mon Cheri\"}]},{\"@type\":\"WebSite\",\"@id\":\"https:\\\/\\\/my-french-grocery.com\\\/es\\\/#website\",\"url\":\"https:\\\/\\\/my-french-grocery.com\\\/es\\\/\",\"name\":\"My French Grocery\",\"description\":\"Your Online French Grocery  !\",\"publisher\":{\"@id\":\"https:\\\/\\\/my-french-grocery.com\\\/es\\\/#organization\"},\"potentialAction\":[{\"@type\":\"SearchAction\",\"target\":{\"@type\":\"EntryPoint\",\"urlTemplate\":\"https:\\\/\\\/my-french-grocery.com\\\/es\\\/?s={search_term_string}\"},\"query-input\":{\"@type\":\"PropertyValueSpecification\",\"valueRequired\":true,\"valueName\":\"search_term_string\"}}],\"inLanguage\":\"es-ES\"},{\"@type\":\"Organization\",\"@id\":\"https:\\\/\\\/my-french-grocery.com\\\/es\\\/#organization\",\"name\":\"MY FRENCH GROCERY\",\"url\":\"https:\\\/\\\/my-french-grocery.com\\\/es\\\/\",\"logo\":{\"@type\":\"ImageObject\",\"inLanguage\":\"es-ES\",\"@id\":\"https:\\\/\\\/my-french-grocery.com\\\/es\\\/#\\\/schema\\\/logo\\\/image\\\/\",\"url\":\"https:\\\/\\\/my-french-grocery.com\\\/wp-content\\\/uploads\\\/2021\\\/11\\\/My-French-Grocery-Online-French-Grocery.png\",\"contentUrl\":\"https:\\\/\\\/my-french-grocery.com\\\/wp-content\\\/uploads\\\/2021\\\/11\\\/My-French-Grocery-Online-French-Grocery.png\",\"width\":100,\"height\":100,\"caption\":\"MY FRENCH GROCERY\"},\"image\":{\"@id\":\"https:\\\/\\\/my-french-grocery.com\\\/es\\\/#\\\/schema\\\/logo\\\/image\\\/\"},\"sameAs\":[\"https:\\\/\\\/www.facebook.com\\\/myfrenchgrocery\\\/\"]}]}<\/script>\n<!-- \/ Yoast SEO plugin. -->","yoast_head_json":{"title":"Bombones De Licor De Cereza Ferrero Mon Cheri | Comprar En Linea | My French Grocery","description":"Chocolate De Pascua Con Leche Ardilla Ferrero - 90 g - Descubre la Ardilla Ferrero Rocher: una deliciosa especialidad de chocolate con leche fino con sabrosos trozos de avellanas ... \u00a1para darte un capricho o para compartir en Semana Santa!\u00a0","robots":{"index":"index","follow":"follow","max-snippet":"max-snippet:-1","max-image-preview":"max-image-preview:large","max-video-preview":"max-video-preview:-1"},"canonical":"https:\/\/my-french-grocery.com\/es\/producto\/bombones-de-licor-de-cereza-ferrero-mon-cheri\/","og_locale":"es_ES","og_type":"article","og_title":"Bombones De Licor De Cereza Ferrero Mon Cheri | Comprar En Linea | My French Grocery","og_description":"Chocolate De Pascua Con Leche Ardilla Ferrero - 90 g - Descubre la Ardilla Ferrero Rocher: una deliciosa especialidad de chocolate con leche fino con sabrosos trozos de avellanas ... \u00a1para darte un capricho o para compartir en Semana Santa!\u00a0","og_url":"https:\/\/my-french-grocery.com\/es\/producto\/bombones-de-licor-de-cereza-ferrero-mon-cheri\/","og_site_name":"My French Grocery","article_publisher":"https:\/\/www.facebook.com\/myfrenchgrocery\/","article_modified_time":"2025-10-14T10:05:53+00:00","og_image":[{"width":250,"height":250,"url":"https:\/\/my-french-grocery.com\/wp-content\/uploads\/2021\/10\/MON-CHERI.png","type":"image\/png"}],"twitter_card":"summary_large_image","schema":{"@context":"https:\/\/schema.org","@graph":[{"@type":"WebPage","@id":"https:\/\/my-french-grocery.com\/es\/producto\/bombones-de-licor-de-cereza-ferrero-mon-cheri\/","url":"https:\/\/my-french-grocery.com\/es\/producto\/bombones-de-licor-de-cereza-ferrero-mon-cheri\/","name":"Bombones De Licor De Cereza Ferrero Mon Cheri | Comprar En Linea | My French Grocery","isPartOf":{"@id":"https:\/\/my-french-grocery.com\/es\/#website"},"primaryImageOfPage":{"@id":"https:\/\/my-french-grocery.com\/es\/producto\/bombones-de-licor-de-cereza-ferrero-mon-cheri\/#primaryimage"},"image":{"@id":"https:\/\/my-french-grocery.com\/es\/producto\/bombones-de-licor-de-cereza-ferrero-mon-cheri\/#primaryimage"},"thumbnailUrl":"https:\/\/my-french-grocery.com\/wp-content\/uploads\/2021\/10\/MON-CHERI-Fine-chocolates-filled-with-cherry-and-liqueur.jpeg","datePublished":"2021-10-23T13:32:10+00:00","dateModified":"2025-10-14T10:05:53+00:00","description":"Chocolate De Pascua Con Leche Ardilla Ferrero - 90 g - Descubre la Ardilla Ferrero Rocher: una deliciosa especialidad de chocolate con leche fino con sabrosos trozos de avellanas ... \u00a1para darte un capricho o para compartir en Semana Santa!\u00a0","breadcrumb":{"@id":"https:\/\/my-french-grocery.com\/es\/producto\/bombones-de-licor-de-cereza-ferrero-mon-cheri\/#breadcrumb"},"inLanguage":"es-ES","potentialAction":[{"@type":"ReadAction","target":["https:\/\/my-french-grocery.com\/es\/producto\/bombones-de-licor-de-cereza-ferrero-mon-cheri\/"]}]},{"@type":"ImageObject","inLanguage":"es-ES","@id":"https:\/\/my-french-grocery.com\/es\/producto\/bombones-de-licor-de-cereza-ferrero-mon-cheri\/#primaryimage","url":"https:\/\/my-french-grocery.com\/wp-content\/uploads\/2021\/10\/MON-CHERI-Fine-chocolates-filled-with-cherry-and-liqueur.jpeg","contentUrl":"https:\/\/my-french-grocery.com\/wp-content\/uploads\/2021\/10\/MON-CHERI-Fine-chocolates-filled-with-cherry-and-liqueur.jpeg","width":1200,"height":1200},{"@type":"BreadcrumbList","@id":"https:\/\/my-french-grocery.com\/es\/producto\/bombones-de-licor-de-cereza-ferrero-mon-cheri\/#breadcrumb","itemListElement":[{"@type":"ListItem","position":1,"name":"Home","item":"https:\/\/my-french-grocery.com\/es\/tienda-2\/"},{"@type":"ListItem","position":2,"name":"Shop","item":"https:\/\/my-french-grocery.com\/shop\/"},{"@type":"ListItem","position":3,"name":"Comida","item":"https:\/\/my-french-grocery.com\/es\/categoria-producto\/comida\/"},{"@type":"ListItem","position":4,"name":"Dulces - Chocolates","item":"https:\/\/my-french-grocery.com\/es\/categoria-producto\/comida\/dulces-chocolates\/"},{"@type":"ListItem","position":5,"name":"Caramelos","item":"https:\/\/my-french-grocery.com\/es\/categoria-producto\/comida\/dulces-chocolates\/caramelos\/"},{"@type":"ListItem","position":6,"name":"Bombones De Licor De Cereza Ferrero Mon Cheri"}]},{"@type":"WebSite","@id":"https:\/\/my-french-grocery.com\/es\/#website","url":"https:\/\/my-french-grocery.com\/es\/","name":"My French Grocery","description":"Your Online French Grocery  !","publisher":{"@id":"https:\/\/my-french-grocery.com\/es\/#organization"},"potentialAction":[{"@type":"SearchAction","target":{"@type":"EntryPoint","urlTemplate":"https:\/\/my-french-grocery.com\/es\/?s={search_term_string}"},"query-input":{"@type":"PropertyValueSpecification","valueRequired":true,"valueName":"search_term_string"}}],"inLanguage":"es-ES"},{"@type":"Organization","@id":"https:\/\/my-french-grocery.com\/es\/#organization","name":"MY FRENCH GROCERY","url":"https:\/\/my-french-grocery.com\/es\/","logo":{"@type":"ImageObject","inLanguage":"es-ES","@id":"https:\/\/my-french-grocery.com\/es\/#\/schema\/logo\/image\/","url":"https:\/\/my-french-grocery.com\/wp-content\/uploads\/2021\/11\/My-French-Grocery-Online-French-Grocery.png","contentUrl":"https:\/\/my-french-grocery.com\/wp-content\/uploads\/2021\/11\/My-French-Grocery-Online-French-Grocery.png","width":100,"height":100,"caption":"MY FRENCH GROCERY"},"image":{"@id":"https:\/\/my-french-grocery.com\/es\/#\/schema\/logo\/image\/"},"sameAs":["https:\/\/www.facebook.com\/myfrenchgrocery\/"]}]}},"brands":[{"id":1958,"name":"Ferrero","slug":"ferrero-es"}],"_links":{"self":[{"href":"https:\/\/my-french-grocery.com\/es\/wp-json\/wp\/v2\/product\/19498","targetHints":{"allow":["GET"]}}],"collection":[{"href":"https:\/\/my-french-grocery.com\/es\/wp-json\/wp\/v2\/product"}],"about":[{"href":"https:\/\/my-french-grocery.com\/es\/wp-json\/wp\/v2\/types\/product"}],"replies":[{"embeddable":true,"href":"https:\/\/my-french-grocery.com\/es\/wp-json\/wp\/v2\/comments?post=19498"}],"wp:featuredmedia":[{"embeddable":true,"href":"https:\/\/my-french-grocery.com\/es\/wp-json\/wp\/v2\/media\/37400"}],"wp:attachment":[{"href":"https:\/\/my-french-grocery.com\/es\/wp-json\/wp\/v2\/media?parent=19498"}],"wp:term":[{"taxonomy":"pwb-brand","embeddable":true,"href":"https:\/\/my-french-grocery.com\/es\/wp-json\/wp\/v2\/pwb-brand?post=19498"},{"taxonomy":"product_brand","embeddable":true,"href":"https:\/\/my-french-grocery.com\/es\/wp-json\/wp\/v2\/product_brand?post=19498"},{"taxonomy":"product_cat","embeddable":true,"href":"https:\/\/my-french-grocery.com\/es\/wp-json\/wp\/v2\/product_cat?post=19498"},{"taxonomy":"product_tag","embeddable":true,"href":"https:\/\/my-french-grocery.com\/es\/wp-json\/wp\/v2\/product_tag?post=19498"}],"curies":[{"name":"wp","href":"https:\/\/api.w.org\/{rel}","templated":true}]}}