{"id":19623,"date":"2021-10-30T11:01:24","date_gmt":"2021-10-30T09:01:24","guid":{"rendered":"https:\/\/my-french-grocery.com\/?post_type=product&#038;p=19623"},"modified":"2021-10-30T11:12:02","modified_gmt":"2021-10-30T09:12:02","slug":"bombones-de-licor-de-cereza-naranja-ferrero-mon-cheri-fusion","status":"publish","type":"product","link":"https:\/\/my-french-grocery.com\/es\/producto\/bombones-de-licor-de-cereza-naranja-ferrero-mon-cheri-fusion\/","title":{"rendered":"Bombones De Licor De Cereza &#038; Naranja Ferrero Mon Cheri Fusion"},"content":{"rendered":"<p>Bombones De Licor De Cereza &amp; Naranja Ferrero Mon Cheri Fusion<\/p>\n<p>Caja de157g<\/p>\n<p><span>Comparte el Mix de sensaciones con la intensidad de Mon ch\u00e9ri y la Sweet Cherry a\u00fan m\u00e1s afrutada y dulce.\u00a0<\/span><span>Intenso o Afrutado: \u00a1una explosi\u00f3n de nuevos sabores para sensaciones intensas!<\/span><\/p>\n","protected":false},"excerpt":{"rendered":"<p>Bombones De Licor De Cereza &amp; Naranja Ferrero Mon Cheri Fusion<\/p>\n<p>Caja de157g<\/p>\n","protected":false},"featured_media":19629,"comment_status":"open","ping_status":"closed","template":"","meta":[],"pwb-brand":[1958],"product_brand":[],"product_cat":[1654,1740,2477],"product_tag":[2462,1805],"class_list":{"0":"post-19623","1":"product","2":"type-product","3":"status-publish","4":"has-post-thumbnail","6":"pwb-brand-ferrero-es","7":"product_cat-caramelos","8":"product_cat-chocolate-es","9":"product_cat-productos-navidenos","10":"product_tag-bombones-de-licor-de-cereza-ferrero-mon-cheri-caja-de-30-315-g-mon-cheri-es-una-explosion-de-sabores-para-sensaciones-intensas","11":"product_tag-chocolate-es","12":"product_shipping_class-expedicion-mundial","14":"first","15":"outofstock","16":"taxable","17":"shipping-taxable","18":"purchasable","19":"product-type-simple"},"yoast_head":"<!-- This site is optimized with the Yoast SEO plugin v27.4 - https:\/\/yoast.com\/product\/yoast-seo-wordpress\/ -->\n<title>Bombones De Licor De Cereza &amp; Naranja Ferrero Mon Cheri Fusion | Comprar En Linea | My French Grocery<\/title>\n<meta name=\"description\" content=\"Bombones De Licor De Cereza &amp; Naranja Ferrero Mon Cheri Fusion - Caja de157g - Comparte el Mix de sensaciones con la intensidad de Mon ch\u00e9ri y la Sweet Cherry a\u00fan m\u00e1s afrutada y dulce.\" \/>\n<meta name=\"robots\" content=\"index, follow, max-snippet:-1, max-image-preview:large, max-video-preview:-1\" \/>\n<link rel=\"canonical\" href=\"https:\/\/my-french-grocery.com\/es\/producto\/bombones-de-licor-de-cereza-naranja-ferrero-mon-cheri-fusion\/\" \/>\n<meta property=\"og:locale\" content=\"es_ES\" \/>\n<meta property=\"og:type\" content=\"article\" \/>\n<meta property=\"og:title\" content=\"Bombones De Licor De Cereza &amp; Naranja Ferrero Mon Cheri Fusion | Comprar En Linea | My French Grocery\" \/>\n<meta property=\"og:description\" content=\"Bombones De Licor De Cereza &amp; Naranja Ferrero Mon Cheri Fusion - Caja de157g - Comparte el Mix de sensaciones con la intensidad de Mon ch\u00e9ri y la Sweet Cherry a\u00fan m\u00e1s afrutada y dulce.\" \/>\n<meta property=\"og:url\" content=\"https:\/\/my-french-grocery.com\/es\/producto\/bombones-de-licor-de-cereza-naranja-ferrero-mon-cheri-fusion\/\" \/>\n<meta property=\"og:site_name\" content=\"My French Grocery\" \/>\n<meta property=\"article:publisher\" content=\"https:\/\/www.facebook.com\/myfrenchgrocery\/\" \/>\n<meta property=\"article:modified_time\" content=\"2021-10-30T09:12:02+00:00\" \/>\n<meta property=\"og:image\" content=\"https:\/\/my-french-grocery.com\/wp-content\/uploads\/2021\/10\/Mon-Cheri-Fusion.jpg\" \/>\n\t<meta property=\"og:image:width\" content=\"1500\" \/>\n\t<meta property=\"og:image:height\" content=\"1500\" \/>\n\t<meta property=\"og:image:type\" content=\"image\/jpeg\" \/>\n<meta name=\"twitter:card\" content=\"summary_large_image\" \/>\n<script type=\"application\/ld+json\" class=\"yoast-schema-graph\">{\"@context\":\"https:\\\/\\\/schema.org\",\"@graph\":[{\"@type\":\"WebPage\",\"@id\":\"https:\\\/\\\/my-french-grocery.com\\\/es\\\/producto\\\/bombones-de-licor-de-cereza-naranja-ferrero-mon-cheri-fusion\\\/\",\"url\":\"https:\\\/\\\/my-french-grocery.com\\\/es\\\/producto\\\/bombones-de-licor-de-cereza-naranja-ferrero-mon-cheri-fusion\\\/\",\"name\":\"Bombones De Licor De Cereza & Naranja Ferrero Mon Cheri Fusion | Comprar En Linea | My French Grocery\",\"isPartOf\":{\"@id\":\"https:\\\/\\\/my-french-grocery.com\\\/es\\\/#website\"},\"primaryImageOfPage\":{\"@id\":\"https:\\\/\\\/my-french-grocery.com\\\/es\\\/producto\\\/bombones-de-licor-de-cereza-naranja-ferrero-mon-cheri-fusion\\\/#primaryimage\"},\"image\":{\"@id\":\"https:\\\/\\\/my-french-grocery.com\\\/es\\\/producto\\\/bombones-de-licor-de-cereza-naranja-ferrero-mon-cheri-fusion\\\/#primaryimage\"},\"thumbnailUrl\":\"https:\\\/\\\/my-french-grocery.com\\\/wp-content\\\/uploads\\\/2021\\\/10\\\/Mon-Cheri-Fusion.jpg\",\"datePublished\":\"2021-10-30T09:01:24+00:00\",\"dateModified\":\"2021-10-30T09:12:02+00:00\",\"description\":\"Bombones De Licor De Cereza & Naranja Ferrero Mon Cheri Fusion - Caja de157g - Comparte el Mix de sensaciones con la intensidad de Mon ch\u00e9ri y la Sweet Cherry a\u00fan m\u00e1s afrutada y dulce.\",\"breadcrumb\":{\"@id\":\"https:\\\/\\\/my-french-grocery.com\\\/es\\\/producto\\\/bombones-de-licor-de-cereza-naranja-ferrero-mon-cheri-fusion\\\/#breadcrumb\"},\"inLanguage\":\"es-ES\",\"potentialAction\":[{\"@type\":\"ReadAction\",\"target\":[\"https:\\\/\\\/my-french-grocery.com\\\/es\\\/producto\\\/bombones-de-licor-de-cereza-naranja-ferrero-mon-cheri-fusion\\\/\"]}]},{\"@type\":\"ImageObject\",\"inLanguage\":\"es-ES\",\"@id\":\"https:\\\/\\\/my-french-grocery.com\\\/es\\\/producto\\\/bombones-de-licor-de-cereza-naranja-ferrero-mon-cheri-fusion\\\/#primaryimage\",\"url\":\"https:\\\/\\\/my-french-grocery.com\\\/wp-content\\\/uploads\\\/2021\\\/10\\\/Mon-Cheri-Fusion.jpg\",\"contentUrl\":\"https:\\\/\\\/my-french-grocery.com\\\/wp-content\\\/uploads\\\/2021\\\/10\\\/Mon-Cheri-Fusion.jpg\",\"width\":1500,\"height\":1500,\"caption\":\"Bombones De Licor De Cereza & Naranja Ferrero Mon Cheri Fusion\"},{\"@type\":\"BreadcrumbList\",\"@id\":\"https:\\\/\\\/my-french-grocery.com\\\/es\\\/producto\\\/bombones-de-licor-de-cereza-naranja-ferrero-mon-cheri-fusion\\\/#breadcrumb\",\"itemListElement\":[{\"@type\":\"ListItem\",\"position\":1,\"name\":\"Home\",\"item\":\"https:\\\/\\\/my-french-grocery.com\\\/es\\\/tienda-2\\\/\"},{\"@type\":\"ListItem\",\"position\":2,\"name\":\"Shop\",\"item\":\"https:\\\/\\\/my-french-grocery.com\\\/shop\\\/\"},{\"@type\":\"ListItem\",\"position\":3,\"name\":\"Comida\",\"item\":\"https:\\\/\\\/my-french-grocery.com\\\/es\\\/categoria-producto\\\/comida\\\/\"},{\"@type\":\"ListItem\",\"position\":4,\"name\":\"Dulces - Chocolates\",\"item\":\"https:\\\/\\\/my-french-grocery.com\\\/es\\\/categoria-producto\\\/comida\\\/dulces-chocolates\\\/\"},{\"@type\":\"ListItem\",\"position\":5,\"name\":\"Caramelos\",\"item\":\"https:\\\/\\\/my-french-grocery.com\\\/es\\\/categoria-producto\\\/comida\\\/dulces-chocolates\\\/caramelos\\\/\"},{\"@type\":\"ListItem\",\"position\":6,\"name\":\"Bombones De Licor De Cereza &#038; Naranja Ferrero Mon Cheri Fusion\"}]},{\"@type\":\"WebSite\",\"@id\":\"https:\\\/\\\/my-french-grocery.com\\\/es\\\/#website\",\"url\":\"https:\\\/\\\/my-french-grocery.com\\\/es\\\/\",\"name\":\"My French Grocery\",\"description\":\"Your Online French Grocery  !\",\"publisher\":{\"@id\":\"https:\\\/\\\/my-french-grocery.com\\\/es\\\/#organization\"},\"potentialAction\":[{\"@type\":\"SearchAction\",\"target\":{\"@type\":\"EntryPoint\",\"urlTemplate\":\"https:\\\/\\\/my-french-grocery.com\\\/es\\\/?s={search_term_string}\"},\"query-input\":{\"@type\":\"PropertyValueSpecification\",\"valueRequired\":true,\"valueName\":\"search_term_string\"}}],\"inLanguage\":\"es-ES\"},{\"@type\":\"Organization\",\"@id\":\"https:\\\/\\\/my-french-grocery.com\\\/es\\\/#organization\",\"name\":\"MY FRENCH GROCERY\",\"url\":\"https:\\\/\\\/my-french-grocery.com\\\/es\\\/\",\"logo\":{\"@type\":\"ImageObject\",\"inLanguage\":\"es-ES\",\"@id\":\"https:\\\/\\\/my-french-grocery.com\\\/es\\\/#\\\/schema\\\/logo\\\/image\\\/\",\"url\":\"https:\\\/\\\/my-french-grocery.com\\\/wp-content\\\/uploads\\\/2021\\\/11\\\/My-French-Grocery-Online-French-Grocery.png\",\"contentUrl\":\"https:\\\/\\\/my-french-grocery.com\\\/wp-content\\\/uploads\\\/2021\\\/11\\\/My-French-Grocery-Online-French-Grocery.png\",\"width\":100,\"height\":100,\"caption\":\"MY FRENCH GROCERY\"},\"image\":{\"@id\":\"https:\\\/\\\/my-french-grocery.com\\\/es\\\/#\\\/schema\\\/logo\\\/image\\\/\"},\"sameAs\":[\"https:\\\/\\\/www.facebook.com\\\/myfrenchgrocery\\\/\"]}]}<\/script>\n<!-- \/ Yoast SEO plugin. -->","yoast_head_json":{"title":"Bombones De Licor De Cereza & Naranja Ferrero Mon Cheri Fusion | Comprar En Linea | My French Grocery","description":"Bombones De Licor De Cereza & Naranja Ferrero Mon Cheri Fusion - Caja de157g - Comparte el Mix de sensaciones con la intensidad de Mon ch\u00e9ri y la Sweet Cherry a\u00fan m\u00e1s afrutada y dulce.","robots":{"index":"index","follow":"follow","max-snippet":"max-snippet:-1","max-image-preview":"max-image-preview:large","max-video-preview":"max-video-preview:-1"},"canonical":"https:\/\/my-french-grocery.com\/es\/producto\/bombones-de-licor-de-cereza-naranja-ferrero-mon-cheri-fusion\/","og_locale":"es_ES","og_type":"article","og_title":"Bombones De Licor De Cereza & Naranja Ferrero Mon Cheri Fusion | Comprar En Linea | My French Grocery","og_description":"Bombones De Licor De Cereza & Naranja Ferrero Mon Cheri Fusion - Caja de157g - Comparte el Mix de sensaciones con la intensidad de Mon ch\u00e9ri y la Sweet Cherry a\u00fan m\u00e1s afrutada y dulce.","og_url":"https:\/\/my-french-grocery.com\/es\/producto\/bombones-de-licor-de-cereza-naranja-ferrero-mon-cheri-fusion\/","og_site_name":"My French Grocery","article_publisher":"https:\/\/www.facebook.com\/myfrenchgrocery\/","article_modified_time":"2021-10-30T09:12:02+00:00","og_image":[{"width":1500,"height":1500,"url":"https:\/\/my-french-grocery.com\/wp-content\/uploads\/2021\/10\/Mon-Cheri-Fusion.jpg","type":"image\/jpeg"}],"twitter_card":"summary_large_image","schema":{"@context":"https:\/\/schema.org","@graph":[{"@type":"WebPage","@id":"https:\/\/my-french-grocery.com\/es\/producto\/bombones-de-licor-de-cereza-naranja-ferrero-mon-cheri-fusion\/","url":"https:\/\/my-french-grocery.com\/es\/producto\/bombones-de-licor-de-cereza-naranja-ferrero-mon-cheri-fusion\/","name":"Bombones De Licor De Cereza & Naranja Ferrero Mon Cheri Fusion | Comprar En Linea | My French Grocery","isPartOf":{"@id":"https:\/\/my-french-grocery.com\/es\/#website"},"primaryImageOfPage":{"@id":"https:\/\/my-french-grocery.com\/es\/producto\/bombones-de-licor-de-cereza-naranja-ferrero-mon-cheri-fusion\/#primaryimage"},"image":{"@id":"https:\/\/my-french-grocery.com\/es\/producto\/bombones-de-licor-de-cereza-naranja-ferrero-mon-cheri-fusion\/#primaryimage"},"thumbnailUrl":"https:\/\/my-french-grocery.com\/wp-content\/uploads\/2021\/10\/Mon-Cheri-Fusion.jpg","datePublished":"2021-10-30T09:01:24+00:00","dateModified":"2021-10-30T09:12:02+00:00","description":"Bombones De Licor De Cereza & Naranja Ferrero Mon Cheri Fusion - Caja de157g - Comparte el Mix de sensaciones con la intensidad de Mon ch\u00e9ri y la Sweet Cherry a\u00fan m\u00e1s afrutada y dulce.","breadcrumb":{"@id":"https:\/\/my-french-grocery.com\/es\/producto\/bombones-de-licor-de-cereza-naranja-ferrero-mon-cheri-fusion\/#breadcrumb"},"inLanguage":"es-ES","potentialAction":[{"@type":"ReadAction","target":["https:\/\/my-french-grocery.com\/es\/producto\/bombones-de-licor-de-cereza-naranja-ferrero-mon-cheri-fusion\/"]}]},{"@type":"ImageObject","inLanguage":"es-ES","@id":"https:\/\/my-french-grocery.com\/es\/producto\/bombones-de-licor-de-cereza-naranja-ferrero-mon-cheri-fusion\/#primaryimage","url":"https:\/\/my-french-grocery.com\/wp-content\/uploads\/2021\/10\/Mon-Cheri-Fusion.jpg","contentUrl":"https:\/\/my-french-grocery.com\/wp-content\/uploads\/2021\/10\/Mon-Cheri-Fusion.jpg","width":1500,"height":1500,"caption":"Bombones De Licor De Cereza & Naranja Ferrero Mon Cheri Fusion"},{"@type":"BreadcrumbList","@id":"https:\/\/my-french-grocery.com\/es\/producto\/bombones-de-licor-de-cereza-naranja-ferrero-mon-cheri-fusion\/#breadcrumb","itemListElement":[{"@type":"ListItem","position":1,"name":"Home","item":"https:\/\/my-french-grocery.com\/es\/tienda-2\/"},{"@type":"ListItem","position":2,"name":"Shop","item":"https:\/\/my-french-grocery.com\/shop\/"},{"@type":"ListItem","position":3,"name":"Comida","item":"https:\/\/my-french-grocery.com\/es\/categoria-producto\/comida\/"},{"@type":"ListItem","position":4,"name":"Dulces - Chocolates","item":"https:\/\/my-french-grocery.com\/es\/categoria-producto\/comida\/dulces-chocolates\/"},{"@type":"ListItem","position":5,"name":"Caramelos","item":"https:\/\/my-french-grocery.com\/es\/categoria-producto\/comida\/dulces-chocolates\/caramelos\/"},{"@type":"ListItem","position":6,"name":"Bombones De Licor De Cereza &#038; Naranja Ferrero Mon Cheri Fusion"}]},{"@type":"WebSite","@id":"https:\/\/my-french-grocery.com\/es\/#website","url":"https:\/\/my-french-grocery.com\/es\/","name":"My French Grocery","description":"Your Online French Grocery  !","publisher":{"@id":"https:\/\/my-french-grocery.com\/es\/#organization"},"potentialAction":[{"@type":"SearchAction","target":{"@type":"EntryPoint","urlTemplate":"https:\/\/my-french-grocery.com\/es\/?s={search_term_string}"},"query-input":{"@type":"PropertyValueSpecification","valueRequired":true,"valueName":"search_term_string"}}],"inLanguage":"es-ES"},{"@type":"Organization","@id":"https:\/\/my-french-grocery.com\/es\/#organization","name":"MY FRENCH GROCERY","url":"https:\/\/my-french-grocery.com\/es\/","logo":{"@type":"ImageObject","inLanguage":"es-ES","@id":"https:\/\/my-french-grocery.com\/es\/#\/schema\/logo\/image\/","url":"https:\/\/my-french-grocery.com\/wp-content\/uploads\/2021\/11\/My-French-Grocery-Online-French-Grocery.png","contentUrl":"https:\/\/my-french-grocery.com\/wp-content\/uploads\/2021\/11\/My-French-Grocery-Online-French-Grocery.png","width":100,"height":100,"caption":"MY FRENCH GROCERY"},"image":{"@id":"https:\/\/my-french-grocery.com\/es\/#\/schema\/logo\/image\/"},"sameAs":["https:\/\/www.facebook.com\/myfrenchgrocery\/"]}]}},"brands":[{"id":1958,"name":"Ferrero","slug":"ferrero-es"}],"_links":{"self":[{"href":"https:\/\/my-french-grocery.com\/es\/wp-json\/wp\/v2\/product\/19623","targetHints":{"allow":["GET"]}}],"collection":[{"href":"https:\/\/my-french-grocery.com\/es\/wp-json\/wp\/v2\/product"}],"about":[{"href":"https:\/\/my-french-grocery.com\/es\/wp-json\/wp\/v2\/types\/product"}],"replies":[{"embeddable":true,"href":"https:\/\/my-french-grocery.com\/es\/wp-json\/wp\/v2\/comments?post=19623"}],"wp:featuredmedia":[{"embeddable":true,"href":"https:\/\/my-french-grocery.com\/es\/wp-json\/wp\/v2\/media\/19629"}],"wp:attachment":[{"href":"https:\/\/my-french-grocery.com\/es\/wp-json\/wp\/v2\/media?parent=19623"}],"wp:term":[{"taxonomy":"pwb-brand","embeddable":true,"href":"https:\/\/my-french-grocery.com\/es\/wp-json\/wp\/v2\/pwb-brand?post=19623"},{"taxonomy":"product_brand","embeddable":true,"href":"https:\/\/my-french-grocery.com\/es\/wp-json\/wp\/v2\/product_brand?post=19623"},{"taxonomy":"product_cat","embeddable":true,"href":"https:\/\/my-french-grocery.com\/es\/wp-json\/wp\/v2\/product_cat?post=19623"},{"taxonomy":"product_tag","embeddable":true,"href":"https:\/\/my-french-grocery.com\/es\/wp-json\/wp\/v2\/product_tag?post=19623"}],"curies":[{"name":"wp","href":"https:\/\/api.w.org\/{rel}","templated":true}]}}