{"id":21441,"date":"2022-03-15T17:09:55","date_gmt":"2022-03-15T15:09:57","guid":{"rendered":"https:\/\/my-french-grocery.com\/?post_type=product&#038;p=21441"},"modified":"2022-03-16T14:51:08","modified_gmt":"2022-03-16T12:51:08","slug":"huevo-de-pascua-chocolate-leche-cacao","status":"publish","type":"product","link":"https:\/\/my-french-grocery.com\/es\/producto\/huevo-de-pascua-chocolate-leche-cacao\/","title":{"rendered":"Huevo de Pascua Chocolate Leche &#038; Cacao"},"content":{"rendered":"<p>Huevo de Pascua Chocolate Leche & Cacao<\/p>\n<div class=\"pdp-card__header--text\"><span class=\"ds-body-text ds-body-text--weight-bold ds-body-text--size-m ds-body-text--color-standard-2\"><span>Bolsa de 120g<\/span><\/span><\/div>\n<div class=\"main-details--food__shoppinglist\"><\/div>\n<p><span>Gracias a su tr\u00edo de sensaciones, estos huevitos seducir\u00e1n a los m\u00e1s sibaritas: un delicioso relleno de leche y cacao que se funde a la perfecci\u00f3n, recubiertos de una oblea crujiente recubierta de una fina capa de tierno chocolate con leche.\u00a0<\/span><span>\u00a1Una mezcla de sabor y textura para una explosi\u00f3n de gula en la boca!<\/span><\/p>\n","protected":false},"excerpt":{"rendered":"<p>Huevo de Pascua Chocolate Leche &amp; Cacao<\/p>\n<div class=\"pdp-card__header--text\"><span class=\"ds-body-text ds-body-text--weight-bold ds-body-text--size-m ds-body-text--color-standard-2\">Bolsa de 120g<\/span><\/div>\n","protected":false},"featured_media":21448,"comment_status":"open","ping_status":"closed","template":"","meta":[],"pwb-brand":[1958],"product_brand":[],"product_cat":[1654,1740,2637],"product_tag":[1805,2018,2639],"class_list":{"0":"post-21441","1":"product","2":"type-product","3":"status-publish","4":"has-post-thumbnail","6":"pwb-brand-ferrero-es","7":"product_cat-caramelos","8":"product_cat-chocolate-es","9":"product_cat-productos-de-pascua","10":"product_tag-chocolate-es","11":"product_tag-kinder-es","12":"product_tag-pascua","13":"product_shipping_class-expedicion-mundial","15":"first","16":"outofstock","17":"taxable","18":"shipping-taxable","19":"purchasable","20":"product-type-simple"},"brands":[{"id":1958,"name":"Ferrero","slug":"ferrero-es"}],"_links":{"self":[{"href":"https:\/\/my-french-grocery.com\/es\/wp-json\/wp\/v2\/product\/21441","targetHints":{"allow":["GET"]}}],"collection":[{"href":"https:\/\/my-french-grocery.com\/es\/wp-json\/wp\/v2\/product"}],"about":[{"href":"https:\/\/my-french-grocery.com\/es\/wp-json\/wp\/v2\/types\/product"}],"replies":[{"embeddable":true,"href":"https:\/\/my-french-grocery.com\/es\/wp-json\/wp\/v2\/comments?post=21441"}],"wp:featuredmedia":[{"embeddable":true,"href":"https:\/\/my-french-grocery.com\/es\/wp-json\/wp\/v2\/media\/21448"}],"wp:attachment":[{"href":"https:\/\/my-french-grocery.com\/es\/wp-json\/wp\/v2\/media?parent=21441"}],"wp:term":[{"taxonomy":"pwb-brand","embeddable":true,"href":"https:\/\/my-french-grocery.com\/es\/wp-json\/wp\/v2\/pwb-brand?post=21441"},{"taxonomy":"product_brand","embeddable":true,"href":"https:\/\/my-french-grocery.com\/es\/wp-json\/wp\/v2\/product_brand?post=21441"},{"taxonomy":"product_cat","embeddable":true,"href":"https:\/\/my-french-grocery.com\/es\/wp-json\/wp\/v2\/product_cat?post=21441"},{"taxonomy":"product_tag","embeddable":true,"href":"https:\/\/my-french-grocery.com\/es\/wp-json\/wp\/v2\/product_tag?post=21441"}],"curies":[{"name":"wp","href":"https:\/\/api.w.org\/{rel}","templated":true}]}}