{"id":31249,"date":"2023-01-19T19:06:03","date_gmt":"2023-01-19T17:06:04","guid":{"rendered":"https:\/\/my-french-grocery.com\/?post_type=product&#038;p=31249"},"modified":"2023-01-19T19:19:20","modified_gmt":"2023-01-19T17:19:20","slug":"crema-de-untar-cacao-avellana-lucien-georgelin-copy","status":"publish","type":"product","link":"https:\/\/my-french-grocery.com\/es\/producto\/crema-de-untar-cacao-avellana-lucien-georgelin-copy\/","title":{"rendered":"Cebolla Confitada Lucien Georgelin"},"content":{"rendered":"<p>Cebolla Confitada Lucien Georgelin<\/p>\n<p>Tarro de 150g<\/p>\n<p><span>Nuestra cebolla confitada es un acompa\u00f1amiento culinario imprescindible para tus platos de foie gras.<\/span><br \/>\n<span>A\u00f1adido a tus salsas, aportar\u00e1 una agradable nota agridulce y revelar\u00e1 los aromas de tu plato.<\/span><\/p>\n","protected":false},"excerpt":{"rendered":"<p>Cebolla Confitada Lucien Georgelin<\/p>\n<p>Tarro de 150g<\/p>\n","protected":false},"featured_media":31257,"comment_status":"open","ping_status":"closed","template":"","meta":[],"pwb-brand":[768],"product_brand":[],"product_cat":[1878],"product_tag":[1877],"class_list":{"0":"post-31249","1":"product","2":"type-product","3":"status-publish","4":"has-post-thumbnail","6":"pwb-brand-lucien-georgelin-es","7":"product_cat-crema-de-untar","8":"product_tag-crema-de-untar","9":"product_shipping_class-expedicion-mundial","11":"first","12":"instock","13":"taxable","14":"shipping-taxable","15":"purchasable","16":"product-type-simple"},"yoast_head":"<!-- This site is optimized with the Yoast SEO plugin v27.4 - https:\/\/yoast.com\/product\/yoast-seo-wordpress\/ -->\n<title>Cebolla Confitada Lucien Georgelin | Comprar En Linea | My French Grocery<\/title>\n<meta name=\"description\" content=\"Cebolla Confitada Lucien Georgelin - Tarro de 150g - Nuestra cebolla confitada es un acompa\u00f1amiento culinario imprescindible para tus platos de foie gras.\" \/>\n<meta name=\"robots\" content=\"index, follow, max-snippet:-1, max-image-preview:large, max-video-preview:-1\" \/>\n<link rel=\"canonical\" href=\"https:\/\/my-french-grocery.com\/es\/producto\/crema-de-untar-cacao-avellana-lucien-georgelin-copy\/\" \/>\n<meta property=\"og:locale\" content=\"es_ES\" \/>\n<meta property=\"og:type\" content=\"article\" \/>\n<meta property=\"og:title\" content=\"Cebolla Confitada Lucien Georgelin | Comprar En Linea | My French Grocery\" \/>\n<meta property=\"og:description\" content=\"Cebolla Confitada Lucien Georgelin - Tarro de 150g - Nuestra cebolla confitada es un acompa\u00f1amiento culinario imprescindible para tus platos de foie gras.\" \/>\n<meta property=\"og:url\" content=\"https:\/\/my-french-grocery.com\/es\/producto\/crema-de-untar-cacao-avellana-lucien-georgelin-copy\/\" \/>\n<meta property=\"og:site_name\" content=\"My French Grocery\" \/>\n<meta property=\"article:publisher\" content=\"https:\/\/www.facebook.com\/myfrenchgrocery\/\" \/>\n<meta property=\"article:modified_time\" content=\"2023-01-19T17:19:20+00:00\" \/>\n<meta property=\"og:image\" content=\"https:\/\/my-french-grocery.com\/wp-content\/uploads\/2023\/01\/ONION-CONFIT-LUCIEN-GEORGELIN.jpg\" \/>\n\t<meta property=\"og:image:width\" content=\"540\" \/>\n\t<meta property=\"og:image:height\" content=\"540\" \/>\n\t<meta property=\"og:image:type\" content=\"image\/jpeg\" \/>\n<meta name=\"twitter:card\" content=\"summary_large_image\" \/>\n<script type=\"application\/ld+json\" class=\"yoast-schema-graph\">{\"@context\":\"https:\\\/\\\/schema.org\",\"@graph\":[{\"@type\":\"WebPage\",\"@id\":\"https:\\\/\\\/my-french-grocery.com\\\/es\\\/producto\\\/crema-de-untar-cacao-avellana-lucien-georgelin-copy\\\/\",\"url\":\"https:\\\/\\\/my-french-grocery.com\\\/es\\\/producto\\\/crema-de-untar-cacao-avellana-lucien-georgelin-copy\\\/\",\"name\":\"Cebolla Confitada Lucien Georgelin | Comprar En Linea | My French Grocery\",\"isPartOf\":{\"@id\":\"https:\\\/\\\/my-french-grocery.com\\\/es\\\/#website\"},\"primaryImageOfPage\":{\"@id\":\"https:\\\/\\\/my-french-grocery.com\\\/es\\\/producto\\\/crema-de-untar-cacao-avellana-lucien-georgelin-copy\\\/#primaryimage\"},\"image\":{\"@id\":\"https:\\\/\\\/my-french-grocery.com\\\/es\\\/producto\\\/crema-de-untar-cacao-avellana-lucien-georgelin-copy\\\/#primaryimage\"},\"thumbnailUrl\":\"https:\\\/\\\/my-french-grocery.com\\\/wp-content\\\/uploads\\\/2023\\\/01\\\/ONION-CONFIT-LUCIEN-GEORGELIN.jpg\",\"datePublished\":\"2023-01-19T17:06:04+00:00\",\"dateModified\":\"2023-01-19T17:19:20+00:00\",\"description\":\"Cebolla Confitada Lucien Georgelin - Tarro de 150g - Nuestra cebolla confitada es un acompa\u00f1amiento culinario imprescindible para tus platos de foie gras.\",\"breadcrumb\":{\"@id\":\"https:\\\/\\\/my-french-grocery.com\\\/es\\\/producto\\\/crema-de-untar-cacao-avellana-lucien-georgelin-copy\\\/#breadcrumb\"},\"inLanguage\":\"es-ES\",\"potentialAction\":[{\"@type\":\"ReadAction\",\"target\":[\"https:\\\/\\\/my-french-grocery.com\\\/es\\\/producto\\\/crema-de-untar-cacao-avellana-lucien-georgelin-copy\\\/\"]}]},{\"@type\":\"ImageObject\",\"inLanguage\":\"es-ES\",\"@id\":\"https:\\\/\\\/my-french-grocery.com\\\/es\\\/producto\\\/crema-de-untar-cacao-avellana-lucien-georgelin-copy\\\/#primaryimage\",\"url\":\"https:\\\/\\\/my-french-grocery.com\\\/wp-content\\\/uploads\\\/2023\\\/01\\\/ONION-CONFIT-LUCIEN-GEORGELIN.jpg\",\"contentUrl\":\"https:\\\/\\\/my-french-grocery.com\\\/wp-content\\\/uploads\\\/2023\\\/01\\\/ONION-CONFIT-LUCIEN-GEORGELIN.jpg\",\"width\":540,\"height\":540,\"caption\":\"Cebolla Confitada Lucien Georgelin\"},{\"@type\":\"BreadcrumbList\",\"@id\":\"https:\\\/\\\/my-french-grocery.com\\\/es\\\/producto\\\/crema-de-untar-cacao-avellana-lucien-georgelin-copy\\\/#breadcrumb\",\"itemListElement\":[{\"@type\":\"ListItem\",\"position\":1,\"name\":\"Home\",\"item\":\"https:\\\/\\\/my-french-grocery.com\\\/es\\\/tienda-2\\\/\"},{\"@type\":\"ListItem\",\"position\":2,\"name\":\"Shop\",\"item\":\"https:\\\/\\\/my-french-grocery.com\\\/shop\\\/\"},{\"@type\":\"ListItem\",\"position\":3,\"name\":\"Crema De Untar\",\"item\":\"https:\\\/\\\/my-french-grocery.com\\\/es\\\/categoria-producto\\\/crema-de-untar\\\/\"},{\"@type\":\"ListItem\",\"position\":4,\"name\":\"Cebolla Confitada Lucien Georgelin\"}]},{\"@type\":\"WebSite\",\"@id\":\"https:\\\/\\\/my-french-grocery.com\\\/es\\\/#website\",\"url\":\"https:\\\/\\\/my-french-grocery.com\\\/es\\\/\",\"name\":\"My French Grocery\",\"description\":\"Your Online French Grocery  !\",\"publisher\":{\"@id\":\"https:\\\/\\\/my-french-grocery.com\\\/es\\\/#organization\"},\"potentialAction\":[{\"@type\":\"SearchAction\",\"target\":{\"@type\":\"EntryPoint\",\"urlTemplate\":\"https:\\\/\\\/my-french-grocery.com\\\/es\\\/?s={search_term_string}\"},\"query-input\":{\"@type\":\"PropertyValueSpecification\",\"valueRequired\":true,\"valueName\":\"search_term_string\"}}],\"inLanguage\":\"es-ES\"},{\"@type\":\"Organization\",\"@id\":\"https:\\\/\\\/my-french-grocery.com\\\/es\\\/#organization\",\"name\":\"MY FRENCH GROCERY\",\"url\":\"https:\\\/\\\/my-french-grocery.com\\\/es\\\/\",\"logo\":{\"@type\":\"ImageObject\",\"inLanguage\":\"es-ES\",\"@id\":\"https:\\\/\\\/my-french-grocery.com\\\/es\\\/#\\\/schema\\\/logo\\\/image\\\/\",\"url\":\"https:\\\/\\\/my-french-grocery.com\\\/wp-content\\\/uploads\\\/2021\\\/11\\\/My-French-Grocery-Online-French-Grocery.png\",\"contentUrl\":\"https:\\\/\\\/my-french-grocery.com\\\/wp-content\\\/uploads\\\/2021\\\/11\\\/My-French-Grocery-Online-French-Grocery.png\",\"width\":100,\"height\":100,\"caption\":\"MY FRENCH GROCERY\"},\"image\":{\"@id\":\"https:\\\/\\\/my-french-grocery.com\\\/es\\\/#\\\/schema\\\/logo\\\/image\\\/\"},\"sameAs\":[\"https:\\\/\\\/www.facebook.com\\\/myfrenchgrocery\\\/\"]}]}<\/script>\n<!-- \/ Yoast SEO plugin. -->","yoast_head_json":{"title":"Cebolla Confitada Lucien Georgelin | Comprar En Linea | My French Grocery","description":"Cebolla Confitada Lucien Georgelin - Tarro de 150g - Nuestra cebolla confitada es un acompa\u00f1amiento culinario imprescindible para tus platos de foie gras.","robots":{"index":"index","follow":"follow","max-snippet":"max-snippet:-1","max-image-preview":"max-image-preview:large","max-video-preview":"max-video-preview:-1"},"canonical":"https:\/\/my-french-grocery.com\/es\/producto\/crema-de-untar-cacao-avellana-lucien-georgelin-copy\/","og_locale":"es_ES","og_type":"article","og_title":"Cebolla Confitada Lucien Georgelin | Comprar En Linea | My French Grocery","og_description":"Cebolla Confitada Lucien Georgelin - Tarro de 150g - Nuestra cebolla confitada es un acompa\u00f1amiento culinario imprescindible para tus platos de foie gras.","og_url":"https:\/\/my-french-grocery.com\/es\/producto\/crema-de-untar-cacao-avellana-lucien-georgelin-copy\/","og_site_name":"My French Grocery","article_publisher":"https:\/\/www.facebook.com\/myfrenchgrocery\/","article_modified_time":"2023-01-19T17:19:20+00:00","og_image":[{"width":540,"height":540,"url":"https:\/\/my-french-grocery.com\/wp-content\/uploads\/2023\/01\/ONION-CONFIT-LUCIEN-GEORGELIN.jpg","type":"image\/jpeg"}],"twitter_card":"summary_large_image","schema":{"@context":"https:\/\/schema.org","@graph":[{"@type":"WebPage","@id":"https:\/\/my-french-grocery.com\/es\/producto\/crema-de-untar-cacao-avellana-lucien-georgelin-copy\/","url":"https:\/\/my-french-grocery.com\/es\/producto\/crema-de-untar-cacao-avellana-lucien-georgelin-copy\/","name":"Cebolla Confitada Lucien Georgelin | Comprar En Linea | My French Grocery","isPartOf":{"@id":"https:\/\/my-french-grocery.com\/es\/#website"},"primaryImageOfPage":{"@id":"https:\/\/my-french-grocery.com\/es\/producto\/crema-de-untar-cacao-avellana-lucien-georgelin-copy\/#primaryimage"},"image":{"@id":"https:\/\/my-french-grocery.com\/es\/producto\/crema-de-untar-cacao-avellana-lucien-georgelin-copy\/#primaryimage"},"thumbnailUrl":"https:\/\/my-french-grocery.com\/wp-content\/uploads\/2023\/01\/ONION-CONFIT-LUCIEN-GEORGELIN.jpg","datePublished":"2023-01-19T17:06:04+00:00","dateModified":"2023-01-19T17:19:20+00:00","description":"Cebolla Confitada Lucien Georgelin - Tarro de 150g - Nuestra cebolla confitada es un acompa\u00f1amiento culinario imprescindible para tus platos de foie gras.","breadcrumb":{"@id":"https:\/\/my-french-grocery.com\/es\/producto\/crema-de-untar-cacao-avellana-lucien-georgelin-copy\/#breadcrumb"},"inLanguage":"es-ES","potentialAction":[{"@type":"ReadAction","target":["https:\/\/my-french-grocery.com\/es\/producto\/crema-de-untar-cacao-avellana-lucien-georgelin-copy\/"]}]},{"@type":"ImageObject","inLanguage":"es-ES","@id":"https:\/\/my-french-grocery.com\/es\/producto\/crema-de-untar-cacao-avellana-lucien-georgelin-copy\/#primaryimage","url":"https:\/\/my-french-grocery.com\/wp-content\/uploads\/2023\/01\/ONION-CONFIT-LUCIEN-GEORGELIN.jpg","contentUrl":"https:\/\/my-french-grocery.com\/wp-content\/uploads\/2023\/01\/ONION-CONFIT-LUCIEN-GEORGELIN.jpg","width":540,"height":540,"caption":"Cebolla Confitada Lucien Georgelin"},{"@type":"BreadcrumbList","@id":"https:\/\/my-french-grocery.com\/es\/producto\/crema-de-untar-cacao-avellana-lucien-georgelin-copy\/#breadcrumb","itemListElement":[{"@type":"ListItem","position":1,"name":"Home","item":"https:\/\/my-french-grocery.com\/es\/tienda-2\/"},{"@type":"ListItem","position":2,"name":"Shop","item":"https:\/\/my-french-grocery.com\/shop\/"},{"@type":"ListItem","position":3,"name":"Crema De Untar","item":"https:\/\/my-french-grocery.com\/es\/categoria-producto\/crema-de-untar\/"},{"@type":"ListItem","position":4,"name":"Cebolla Confitada Lucien Georgelin"}]},{"@type":"WebSite","@id":"https:\/\/my-french-grocery.com\/es\/#website","url":"https:\/\/my-french-grocery.com\/es\/","name":"My French Grocery","description":"Your Online French Grocery  !","publisher":{"@id":"https:\/\/my-french-grocery.com\/es\/#organization"},"potentialAction":[{"@type":"SearchAction","target":{"@type":"EntryPoint","urlTemplate":"https:\/\/my-french-grocery.com\/es\/?s={search_term_string}"},"query-input":{"@type":"PropertyValueSpecification","valueRequired":true,"valueName":"search_term_string"}}],"inLanguage":"es-ES"},{"@type":"Organization","@id":"https:\/\/my-french-grocery.com\/es\/#organization","name":"MY FRENCH GROCERY","url":"https:\/\/my-french-grocery.com\/es\/","logo":{"@type":"ImageObject","inLanguage":"es-ES","@id":"https:\/\/my-french-grocery.com\/es\/#\/schema\/logo\/image\/","url":"https:\/\/my-french-grocery.com\/wp-content\/uploads\/2021\/11\/My-French-Grocery-Online-French-Grocery.png","contentUrl":"https:\/\/my-french-grocery.com\/wp-content\/uploads\/2021\/11\/My-French-Grocery-Online-French-Grocery.png","width":100,"height":100,"caption":"MY FRENCH GROCERY"},"image":{"@id":"https:\/\/my-french-grocery.com\/es\/#\/schema\/logo\/image\/"},"sameAs":["https:\/\/www.facebook.com\/myfrenchgrocery\/"]}]}},"brands":[{"id":768,"name":"Lucien Georgelin","slug":"lucien-georgelin-es"}],"_links":{"self":[{"href":"https:\/\/my-french-grocery.com\/es\/wp-json\/wp\/v2\/product\/31249","targetHints":{"allow":["GET"]}}],"collection":[{"href":"https:\/\/my-french-grocery.com\/es\/wp-json\/wp\/v2\/product"}],"about":[{"href":"https:\/\/my-french-grocery.com\/es\/wp-json\/wp\/v2\/types\/product"}],"replies":[{"embeddable":true,"href":"https:\/\/my-french-grocery.com\/es\/wp-json\/wp\/v2\/comments?post=31249"}],"wp:featuredmedia":[{"embeddable":true,"href":"https:\/\/my-french-grocery.com\/es\/wp-json\/wp\/v2\/media\/31257"}],"wp:attachment":[{"href":"https:\/\/my-french-grocery.com\/es\/wp-json\/wp\/v2\/media?parent=31249"}],"wp:term":[{"taxonomy":"pwb-brand","embeddable":true,"href":"https:\/\/my-french-grocery.com\/es\/wp-json\/wp\/v2\/pwb-brand?post=31249"},{"taxonomy":"product_brand","embeddable":true,"href":"https:\/\/my-french-grocery.com\/es\/wp-json\/wp\/v2\/product_brand?post=31249"},{"taxonomy":"product_cat","embeddable":true,"href":"https:\/\/my-french-grocery.com\/es\/wp-json\/wp\/v2\/product_cat?post=31249"},{"taxonomy":"product_tag","embeddable":true,"href":"https:\/\/my-french-grocery.com\/es\/wp-json\/wp\/v2\/product_tag?post=31249"}],"curies":[{"name":"wp","href":"https:\/\/api.w.org\/{rel}","templated":true}]}}