{"id":31973,"date":"2023-02-25T10:43:36","date_gmt":"2023-02-25T08:43:37","guid":{"rendered":"https:\/\/my-french-grocery.com\/?post_type=product&#038;p=31973"},"modified":"2023-02-25T11:11:38","modified_gmt":"2023-02-25T09:11:38","slug":"bebida-de-te-de-melocoton-lipton-ice-tea","status":"publish","type":"product","link":"https:\/\/my-french-grocery.com\/es\/producto\/bebida-de-te-de-melocoton-lipton-ice-tea\/","title":{"rendered":"Bebida De T\u00e9 De Melocot\u00f3n Lipton Ice Tea"},"content":{"rendered":"<p>Bebida De T\u00e9 De Melocot\u00f3n Lipton Ice Tea<\/p>\n<p>Botella de 1 L<\/p>\n<p><span>Lipton Ice Tea, t\u00e9 helado rebosante de sol y deliciosamente refrescante.<\/span><\/p>\n<p><span> Nuestro delicioso t\u00e9 helado se origina a partir de hojas de t\u00e9 negro cultivadas en Sri Lanka e India. <\/span><span>Junto con nuestros productores, aseguramos el respeto por la biodiversidad, raz\u00f3n por la cual obtenemos t\u00e9 negro 100 % verificado por Rainforest Alliance<\/span><\/p>\n","protected":false},"excerpt":{"rendered":"<p>Bebida De T\u00e9 De Melocot\u00f3n Lipton Ice Tea<\/p>\n<p>Botella de 1 L<\/p>\n","protected":false},"featured_media":31982,"comment_status":"open","ping_status":"closed","template":"","meta":[],"pwb-brand":[3103],"product_brand":[],"product_cat":[1705],"product_tag":[1284],"class_list":{"0":"post-31973","1":"product","2":"type-product","3":"status-publish","4":"has-post-thumbnail","6":"pwb-brand-lipton-es","7":"product_cat-agua-jugo-de-fruta-refrescos-jarabes","8":"product_tag-lorina-es","9":"product_shipping_class-expedicion-mundial","11":"first","12":"instock","13":"taxable","14":"shipping-taxable","15":"purchasable","16":"product-type-simple"},"yoast_head":"<!-- This site is optimized with the Yoast SEO plugin v27.3 - https:\/\/yoast.com\/product\/yoast-seo-wordpress\/ -->\n<title>Bebida De T\u00e9 De Melocot\u00f3n Lipton Ice Tea | Comprar En Linea | My French Grocery<\/title>\n<meta name=\"description\" content=\"Bebida De T\u00e9 De Melocot\u00f3n Lipton Ice Tea - Botella de 1 L - Lipton Ice Tea, t\u00e9 helado rebosante de sol y deliciosamente refrescante.\" \/>\n<meta name=\"robots\" content=\"index, follow, max-snippet:-1, max-image-preview:large, max-video-preview:-1\" \/>\n<link rel=\"canonical\" href=\"https:\/\/my-french-grocery.com\/es\/producto\/bebida-de-te-de-melocoton-lipton-ice-tea\/\" \/>\n<meta property=\"og:locale\" content=\"es_ES\" \/>\n<meta property=\"og:type\" content=\"article\" \/>\n<meta property=\"og:title\" content=\"Bebida De T\u00e9 De Melocot\u00f3n Lipton Ice Tea | Comprar En Linea | My French Grocery\" \/>\n<meta property=\"og:description\" content=\"Bebida De T\u00e9 De Melocot\u00f3n Lipton Ice Tea - Botella de 1 L - Lipton Ice Tea, t\u00e9 helado rebosante de sol y deliciosamente refrescante.\" \/>\n<meta property=\"og:url\" content=\"https:\/\/my-french-grocery.com\/es\/producto\/bebida-de-te-de-melocoton-lipton-ice-tea\/\" \/>\n<meta property=\"og:site_name\" content=\"My French Grocery\" \/>\n<meta property=\"article:publisher\" content=\"https:\/\/www.facebook.com\/myfrenchgrocery\/\" \/>\n<meta property=\"article:modified_time\" content=\"2023-02-25T09:11:38+00:00\" \/>\n<meta property=\"og:image\" content=\"https:\/\/my-french-grocery.com\/wp-content\/uploads\/2023\/02\/Lipton-Ice-Tea-1L.jpg\" \/>\n\t<meta property=\"og:image:width\" content=\"540\" \/>\n\t<meta property=\"og:image:height\" content=\"540\" \/>\n\t<meta property=\"og:image:type\" content=\"image\/jpeg\" \/>\n<meta name=\"twitter:card\" content=\"summary_large_image\" \/>\n<script type=\"application\/ld+json\" class=\"yoast-schema-graph\">{\"@context\":\"https:\\\/\\\/schema.org\",\"@graph\":[{\"@type\":\"WebPage\",\"@id\":\"https:\\\/\\\/my-french-grocery.com\\\/es\\\/producto\\\/bebida-de-te-de-melocoton-lipton-ice-tea\\\/\",\"url\":\"https:\\\/\\\/my-french-grocery.com\\\/es\\\/producto\\\/bebida-de-te-de-melocoton-lipton-ice-tea\\\/\",\"name\":\"Bebida De T\u00e9 De Melocot\u00f3n Lipton Ice Tea | Comprar En Linea | My French Grocery\",\"isPartOf\":{\"@id\":\"https:\\\/\\\/my-french-grocery.com\\\/es\\\/#website\"},\"primaryImageOfPage\":{\"@id\":\"https:\\\/\\\/my-french-grocery.com\\\/es\\\/producto\\\/bebida-de-te-de-melocoton-lipton-ice-tea\\\/#primaryimage\"},\"image\":{\"@id\":\"https:\\\/\\\/my-french-grocery.com\\\/es\\\/producto\\\/bebida-de-te-de-melocoton-lipton-ice-tea\\\/#primaryimage\"},\"thumbnailUrl\":\"https:\\\/\\\/my-french-grocery.com\\\/wp-content\\\/uploads\\\/2023\\\/02\\\/Lipton-Ice-Tea-1L.jpg\",\"datePublished\":\"2023-02-25T08:43:37+00:00\",\"dateModified\":\"2023-02-25T09:11:38+00:00\",\"description\":\"Bebida De T\u00e9 De Melocot\u00f3n Lipton Ice Tea - Botella de 1 L - Lipton Ice Tea, t\u00e9 helado rebosante de sol y deliciosamente refrescante.\",\"breadcrumb\":{\"@id\":\"https:\\\/\\\/my-french-grocery.com\\\/es\\\/producto\\\/bebida-de-te-de-melocoton-lipton-ice-tea\\\/#breadcrumb\"},\"inLanguage\":\"es-ES\",\"potentialAction\":[{\"@type\":\"ReadAction\",\"target\":[\"https:\\\/\\\/my-french-grocery.com\\\/es\\\/producto\\\/bebida-de-te-de-melocoton-lipton-ice-tea\\\/\"]}]},{\"@type\":\"ImageObject\",\"inLanguage\":\"es-ES\",\"@id\":\"https:\\\/\\\/my-french-grocery.com\\\/es\\\/producto\\\/bebida-de-te-de-melocoton-lipton-ice-tea\\\/#primaryimage\",\"url\":\"https:\\\/\\\/my-french-grocery.com\\\/wp-content\\\/uploads\\\/2023\\\/02\\\/Lipton-Ice-Tea-1L.jpg\",\"contentUrl\":\"https:\\\/\\\/my-french-grocery.com\\\/wp-content\\\/uploads\\\/2023\\\/02\\\/Lipton-Ice-Tea-1L.jpg\",\"width\":540,\"height\":540,\"caption\":\"Bebida De T\u00e9 De Melocot\u00f3n Lipton Ice Tea\"},{\"@type\":\"BreadcrumbList\",\"@id\":\"https:\\\/\\\/my-french-grocery.com\\\/es\\\/producto\\\/bebida-de-te-de-melocoton-lipton-ice-tea\\\/#breadcrumb\",\"itemListElement\":[{\"@type\":\"ListItem\",\"position\":1,\"name\":\"Home\",\"item\":\"https:\\\/\\\/my-french-grocery.com\\\/es\\\/tienda-2\\\/\"},{\"@type\":\"ListItem\",\"position\":2,\"name\":\"Shop\",\"item\":\"https:\\\/\\\/my-french-grocery.com\\\/shop\\\/\"},{\"@type\":\"ListItem\",\"position\":3,\"name\":\"Bebidas - Vinos - Champa\u00f1a\",\"item\":\"https:\\\/\\\/my-french-grocery.com\\\/es\\\/categoria-producto\\\/bebidas-vinos-champana\\\/\"},{\"@type\":\"ListItem\",\"position\":4,\"name\":\"Agua, Jugo De Fruta, Refrescos, Jarabes\",\"item\":\"https:\\\/\\\/my-french-grocery.com\\\/es\\\/categoria-producto\\\/bebidas-vinos-champana\\\/agua-jugo-de-fruta-refrescos-jarabes\\\/\"},{\"@type\":\"ListItem\",\"position\":5,\"name\":\"Bebida De T\u00e9 De Melocot\u00f3n Lipton Ice Tea\"}]},{\"@type\":\"WebSite\",\"@id\":\"https:\\\/\\\/my-french-grocery.com\\\/es\\\/#website\",\"url\":\"https:\\\/\\\/my-french-grocery.com\\\/es\\\/\",\"name\":\"My French Grocery\",\"description\":\"Your Online French Grocery  !\",\"publisher\":{\"@id\":\"https:\\\/\\\/my-french-grocery.com\\\/es\\\/#organization\"},\"potentialAction\":[{\"@type\":\"SearchAction\",\"target\":{\"@type\":\"EntryPoint\",\"urlTemplate\":\"https:\\\/\\\/my-french-grocery.com\\\/es\\\/?s={search_term_string}\"},\"query-input\":{\"@type\":\"PropertyValueSpecification\",\"valueRequired\":true,\"valueName\":\"search_term_string\"}}],\"inLanguage\":\"es-ES\"},{\"@type\":\"Organization\",\"@id\":\"https:\\\/\\\/my-french-grocery.com\\\/es\\\/#organization\",\"name\":\"MY FRENCH GROCERY\",\"url\":\"https:\\\/\\\/my-french-grocery.com\\\/es\\\/\",\"logo\":{\"@type\":\"ImageObject\",\"inLanguage\":\"es-ES\",\"@id\":\"https:\\\/\\\/my-french-grocery.com\\\/es\\\/#\\\/schema\\\/logo\\\/image\\\/\",\"url\":\"https:\\\/\\\/my-french-grocery.com\\\/wp-content\\\/uploads\\\/2021\\\/11\\\/My-French-Grocery-Online-French-Grocery.png\",\"contentUrl\":\"https:\\\/\\\/my-french-grocery.com\\\/wp-content\\\/uploads\\\/2021\\\/11\\\/My-French-Grocery-Online-French-Grocery.png\",\"width\":100,\"height\":100,\"caption\":\"MY FRENCH GROCERY\"},\"image\":{\"@id\":\"https:\\\/\\\/my-french-grocery.com\\\/es\\\/#\\\/schema\\\/logo\\\/image\\\/\"},\"sameAs\":[\"https:\\\/\\\/www.facebook.com\\\/myfrenchgrocery\\\/\"]}]}<\/script>\n<!-- \/ Yoast SEO plugin. -->","yoast_head_json":{"title":"Bebida De T\u00e9 De Melocot\u00f3n Lipton Ice Tea | Comprar En Linea | My French Grocery","description":"Bebida De T\u00e9 De Melocot\u00f3n Lipton Ice Tea - Botella de 1 L - Lipton Ice Tea, t\u00e9 helado rebosante de sol y deliciosamente refrescante.","robots":{"index":"index","follow":"follow","max-snippet":"max-snippet:-1","max-image-preview":"max-image-preview:large","max-video-preview":"max-video-preview:-1"},"canonical":"https:\/\/my-french-grocery.com\/es\/producto\/bebida-de-te-de-melocoton-lipton-ice-tea\/","og_locale":"es_ES","og_type":"article","og_title":"Bebida De T\u00e9 De Melocot\u00f3n Lipton Ice Tea | Comprar En Linea | My French Grocery","og_description":"Bebida De T\u00e9 De Melocot\u00f3n Lipton Ice Tea - Botella de 1 L - Lipton Ice Tea, t\u00e9 helado rebosante de sol y deliciosamente refrescante.","og_url":"https:\/\/my-french-grocery.com\/es\/producto\/bebida-de-te-de-melocoton-lipton-ice-tea\/","og_site_name":"My French Grocery","article_publisher":"https:\/\/www.facebook.com\/myfrenchgrocery\/","article_modified_time":"2023-02-25T09:11:38+00:00","og_image":[{"width":540,"height":540,"url":"https:\/\/my-french-grocery.com\/wp-content\/uploads\/2023\/02\/Lipton-Ice-Tea-1L.jpg","type":"image\/jpeg"}],"twitter_card":"summary_large_image","schema":{"@context":"https:\/\/schema.org","@graph":[{"@type":"WebPage","@id":"https:\/\/my-french-grocery.com\/es\/producto\/bebida-de-te-de-melocoton-lipton-ice-tea\/","url":"https:\/\/my-french-grocery.com\/es\/producto\/bebida-de-te-de-melocoton-lipton-ice-tea\/","name":"Bebida De T\u00e9 De Melocot\u00f3n Lipton Ice Tea | Comprar En Linea | My French Grocery","isPartOf":{"@id":"https:\/\/my-french-grocery.com\/es\/#website"},"primaryImageOfPage":{"@id":"https:\/\/my-french-grocery.com\/es\/producto\/bebida-de-te-de-melocoton-lipton-ice-tea\/#primaryimage"},"image":{"@id":"https:\/\/my-french-grocery.com\/es\/producto\/bebida-de-te-de-melocoton-lipton-ice-tea\/#primaryimage"},"thumbnailUrl":"https:\/\/my-french-grocery.com\/wp-content\/uploads\/2023\/02\/Lipton-Ice-Tea-1L.jpg","datePublished":"2023-02-25T08:43:37+00:00","dateModified":"2023-02-25T09:11:38+00:00","description":"Bebida De T\u00e9 De Melocot\u00f3n Lipton Ice Tea - Botella de 1 L - Lipton Ice Tea, t\u00e9 helado rebosante de sol y deliciosamente refrescante.","breadcrumb":{"@id":"https:\/\/my-french-grocery.com\/es\/producto\/bebida-de-te-de-melocoton-lipton-ice-tea\/#breadcrumb"},"inLanguage":"es-ES","potentialAction":[{"@type":"ReadAction","target":["https:\/\/my-french-grocery.com\/es\/producto\/bebida-de-te-de-melocoton-lipton-ice-tea\/"]}]},{"@type":"ImageObject","inLanguage":"es-ES","@id":"https:\/\/my-french-grocery.com\/es\/producto\/bebida-de-te-de-melocoton-lipton-ice-tea\/#primaryimage","url":"https:\/\/my-french-grocery.com\/wp-content\/uploads\/2023\/02\/Lipton-Ice-Tea-1L.jpg","contentUrl":"https:\/\/my-french-grocery.com\/wp-content\/uploads\/2023\/02\/Lipton-Ice-Tea-1L.jpg","width":540,"height":540,"caption":"Bebida De T\u00e9 De Melocot\u00f3n Lipton Ice Tea"},{"@type":"BreadcrumbList","@id":"https:\/\/my-french-grocery.com\/es\/producto\/bebida-de-te-de-melocoton-lipton-ice-tea\/#breadcrumb","itemListElement":[{"@type":"ListItem","position":1,"name":"Home","item":"https:\/\/my-french-grocery.com\/es\/tienda-2\/"},{"@type":"ListItem","position":2,"name":"Shop","item":"https:\/\/my-french-grocery.com\/shop\/"},{"@type":"ListItem","position":3,"name":"Bebidas - Vinos - Champa\u00f1a","item":"https:\/\/my-french-grocery.com\/es\/categoria-producto\/bebidas-vinos-champana\/"},{"@type":"ListItem","position":4,"name":"Agua, Jugo De Fruta, Refrescos, Jarabes","item":"https:\/\/my-french-grocery.com\/es\/categoria-producto\/bebidas-vinos-champana\/agua-jugo-de-fruta-refrescos-jarabes\/"},{"@type":"ListItem","position":5,"name":"Bebida De T\u00e9 De Melocot\u00f3n Lipton Ice Tea"}]},{"@type":"WebSite","@id":"https:\/\/my-french-grocery.com\/es\/#website","url":"https:\/\/my-french-grocery.com\/es\/","name":"My French Grocery","description":"Your Online French Grocery  !","publisher":{"@id":"https:\/\/my-french-grocery.com\/es\/#organization"},"potentialAction":[{"@type":"SearchAction","target":{"@type":"EntryPoint","urlTemplate":"https:\/\/my-french-grocery.com\/es\/?s={search_term_string}"},"query-input":{"@type":"PropertyValueSpecification","valueRequired":true,"valueName":"search_term_string"}}],"inLanguage":"es-ES"},{"@type":"Organization","@id":"https:\/\/my-french-grocery.com\/es\/#organization","name":"MY FRENCH GROCERY","url":"https:\/\/my-french-grocery.com\/es\/","logo":{"@type":"ImageObject","inLanguage":"es-ES","@id":"https:\/\/my-french-grocery.com\/es\/#\/schema\/logo\/image\/","url":"https:\/\/my-french-grocery.com\/wp-content\/uploads\/2021\/11\/My-French-Grocery-Online-French-Grocery.png","contentUrl":"https:\/\/my-french-grocery.com\/wp-content\/uploads\/2021\/11\/My-French-Grocery-Online-French-Grocery.png","width":100,"height":100,"caption":"MY FRENCH GROCERY"},"image":{"@id":"https:\/\/my-french-grocery.com\/es\/#\/schema\/logo\/image\/"},"sameAs":["https:\/\/www.facebook.com\/myfrenchgrocery\/"]}]}},"brands":[{"id":3103,"name":"Lipton","slug":"lipton-es"}],"_links":{"self":[{"href":"https:\/\/my-french-grocery.com\/es\/wp-json\/wp\/v2\/product\/31973","targetHints":{"allow":["GET"]}}],"collection":[{"href":"https:\/\/my-french-grocery.com\/es\/wp-json\/wp\/v2\/product"}],"about":[{"href":"https:\/\/my-french-grocery.com\/es\/wp-json\/wp\/v2\/types\/product"}],"replies":[{"embeddable":true,"href":"https:\/\/my-french-grocery.com\/es\/wp-json\/wp\/v2\/comments?post=31973"}],"wp:featuredmedia":[{"embeddable":true,"href":"https:\/\/my-french-grocery.com\/es\/wp-json\/wp\/v2\/media\/31982"}],"wp:attachment":[{"href":"https:\/\/my-french-grocery.com\/es\/wp-json\/wp\/v2\/media?parent=31973"}],"wp:term":[{"taxonomy":"pwb-brand","embeddable":true,"href":"https:\/\/my-french-grocery.com\/es\/wp-json\/wp\/v2\/pwb-brand?post=31973"},{"taxonomy":"product_brand","embeddable":true,"href":"https:\/\/my-french-grocery.com\/es\/wp-json\/wp\/v2\/product_brand?post=31973"},{"taxonomy":"product_cat","embeddable":true,"href":"https:\/\/my-french-grocery.com\/es\/wp-json\/wp\/v2\/product_cat?post=31973"},{"taxonomy":"product_tag","embeddable":true,"href":"https:\/\/my-french-grocery.com\/es\/wp-json\/wp\/v2\/product_tag?post=31973"}],"curies":[{"name":"wp","href":"https:\/\/api.w.org\/{rel}","templated":true}]}}