{"id":31986,"date":"2023-02-25T18:02:53","date_gmt":"2023-02-25T16:02:54","guid":{"rendered":"https:\/\/my-french-grocery.com\/?post_type=product&#038;p=31986"},"modified":"2024-09-04T04:47:52","modified_gmt":"2024-09-04T02:47:52","slug":"bebida-de-te-con-sabor-a-menta-lima-lipton-ice-tea","status":"publish","type":"product","link":"https:\/\/my-french-grocery.com\/es\/producto\/bebida-de-te-con-sabor-a-menta-lima-lipton-ice-tea\/","title":{"rendered":"Bebida De T\u00e9 Con Sabor a Menta &#038; Lima Lipton Ice Tea"},"content":{"rendered":"<p>Bebida De T\u00e9 Con Sabor a Menta & Lima Lipton Ice Tea<\/p>\n<p>Botella de 1.25\u00a0 L<\/p>\n<p>Lipton Ice Tea, t\u00e9 helado rebosante de sol y deliciosamente refrescante.<\/p>\n<p>Nuestro delicioso t\u00e9 helado se origina a partir de hojas de t\u00e9 negro cultivadas en Sri Lanka e India. Junto con nuestros productores, aseguramos el respeto por la biodiversidad, raz\u00f3n por la cual obtenemos t\u00e9 negro 100 % verificado por Rainforest Alliance<\/p>\n","protected":false},"excerpt":{"rendered":"<p>Bebida De T\u00e9 Con Sabor a Menta &amp; Lima Lipton Ice Tea<\/p>\n<p>Botella de 1.25 L<\/p>\n","protected":false},"featured_media":38029,"comment_status":"open","ping_status":"closed","template":"","meta":[],"pwb-brand":[3103],"product_brand":[],"product_cat":[1705],"product_tag":[3461,3460],"class_list":{"0":"post-31986","1":"product","2":"type-product","3":"status-publish","4":"has-post-thumbnail","6":"pwb-brand-lipton-es","7":"product_cat-agua-jugo-de-fruta-refrescos-jarabes","8":"product_tag-ice-tea-es","9":"product_tag-lipton-es","10":"product_shipping_class-expedicion-mundial","12":"first","13":"instock","14":"taxable","15":"shipping-taxable","16":"purchasable","17":"product-type-simple"},"brands":[{"id":3103,"name":"Lipton","slug":"lipton-es"}],"_links":{"self":[{"href":"https:\/\/my-french-grocery.com\/es\/wp-json\/wp\/v2\/product\/31986","targetHints":{"allow":["GET"]}}],"collection":[{"href":"https:\/\/my-french-grocery.com\/es\/wp-json\/wp\/v2\/product"}],"about":[{"href":"https:\/\/my-french-grocery.com\/es\/wp-json\/wp\/v2\/types\/product"}],"replies":[{"embeddable":true,"href":"https:\/\/my-french-grocery.com\/es\/wp-json\/wp\/v2\/comments?post=31986"}],"wp:featuredmedia":[{"embeddable":true,"href":"https:\/\/my-french-grocery.com\/es\/wp-json\/wp\/v2\/media\/38029"}],"wp:attachment":[{"href":"https:\/\/my-french-grocery.com\/es\/wp-json\/wp\/v2\/media?parent=31986"}],"wp:term":[{"taxonomy":"pwb-brand","embeddable":true,"href":"https:\/\/my-french-grocery.com\/es\/wp-json\/wp\/v2\/pwb-brand?post=31986"},{"taxonomy":"product_brand","embeddable":true,"href":"https:\/\/my-french-grocery.com\/es\/wp-json\/wp\/v2\/product_brand?post=31986"},{"taxonomy":"product_cat","embeddable":true,"href":"https:\/\/my-french-grocery.com\/es\/wp-json\/wp\/v2\/product_cat?post=31986"},{"taxonomy":"product_tag","embeddable":true,"href":"https:\/\/my-french-grocery.com\/es\/wp-json\/wp\/v2\/product_tag?post=31986"}],"curies":[{"name":"wp","href":"https:\/\/api.w.org\/{rel}","templated":true}]}}