{"id":34124,"date":"2023-07-04T13:46:45","date_gmt":"2023-07-04T11:46:46","guid":{"rendered":"https:\/\/my-french-grocery.com\/?post_type=product&#038;p=34124"},"modified":"2023-07-04T14:00:09","modified_gmt":"2023-07-04T12:00:09","slug":"champu-multi-vitamin-vitality-cabello-normal-elseve-loreal","status":"publish","type":"product","link":"https:\/\/my-french-grocery.com\/es\/producto\/champu-multi-vitamin-vitality-cabello-normal-elseve-loreal\/","title":{"rendered":"Champ\u00fa Multi-Vitamin Vitality Cabello Normal Elseve &#8211; L&#8217;Or\u00e9al"},"content":{"rendered":"<p>Champ\u00fa Multi-Vitamin Vitality Cabello Normal Elseve \u2013 L\u2019Or\u00e9al<\/p>\n<p>Botella de 290 ml<\/p>\n<div class=\"secondary-details-intro\">\n<div class=\"regulated-name\">\n<div class=\"secondary-details-intro\">\n<div class=\"regulated-name\">\n<div class=\"secondary-details-intro\">\n<div class=\"regulated-name\">\n<div class=\"secondary-details-intro\">\n<div class=\"regulated-name\">\n<div class=\"secondary-details-intro\">\n<div class=\"regulated-name\">\n<p class=\"paragraph\">Revive y cuida el cabello cansado gracias a su f\u00f3rmula enriquecida con vitaminas E + PP + B5<\/p>\n<\/div>\n<\/div>\n<\/div>\n<\/div>\n<\/div>\n<\/div>\n<\/div>\n<\/div>\n<\/div>\n<\/div>\n","protected":false},"excerpt":{"rendered":"<p>Champ\u00fa Multi-Vitamin Vitality Cabello Normal Elseve &#8211; L&#8217;Or\u00e9al<\/p>\n<p>Botella de 290 ml<\/p>\n","protected":false},"featured_media":48795,"comment_status":"open","ping_status":"closed","template":"","meta":[],"pwb-brand":[3327],"product_brand":[],"product_cat":[2124,1671],"product_tag":[1987],"class_list":{"0":"post-34124","1":"product","2":"type-product","3":"status-publish","4":"has-post-thumbnail","6":"pwb-brand-loreal-es","7":"product_cat-champus","8":"product_cat-champus-acondicionadores-cuidado-del-cabello","9":"product_tag-champu","10":"product_shipping_class-expedicion-mundial","12":"first","13":"instock","14":"taxable","15":"shipping-taxable","16":"purchasable","17":"product-type-simple"},"brands":[{"id":3327,"name":"L'Or\u00e9al","slug":"loreal-es"}],"_links":{"self":[{"href":"https:\/\/my-french-grocery.com\/es\/wp-json\/wp\/v2\/product\/34124","targetHints":{"allow":["GET"]}}],"collection":[{"href":"https:\/\/my-french-grocery.com\/es\/wp-json\/wp\/v2\/product"}],"about":[{"href":"https:\/\/my-french-grocery.com\/es\/wp-json\/wp\/v2\/types\/product"}],"replies":[{"embeddable":true,"href":"https:\/\/my-french-grocery.com\/es\/wp-json\/wp\/v2\/comments?post=34124"}],"wp:featuredmedia":[{"embeddable":true,"href":"https:\/\/my-french-grocery.com\/es\/wp-json\/wp\/v2\/media\/48795"}],"wp:attachment":[{"href":"https:\/\/my-french-grocery.com\/es\/wp-json\/wp\/v2\/media?parent=34124"}],"wp:term":[{"taxonomy":"pwb-brand","embeddable":true,"href":"https:\/\/my-french-grocery.com\/es\/wp-json\/wp\/v2\/pwb-brand?post=34124"},{"taxonomy":"product_brand","embeddable":true,"href":"https:\/\/my-french-grocery.com\/es\/wp-json\/wp\/v2\/product_brand?post=34124"},{"taxonomy":"product_cat","embeddable":true,"href":"https:\/\/my-french-grocery.com\/es\/wp-json\/wp\/v2\/product_cat?post=34124"},{"taxonomy":"product_tag","embeddable":true,"href":"https:\/\/my-french-grocery.com\/es\/wp-json\/wp\/v2\/product_tag?post=34124"}],"curies":[{"name":"wp","href":"https:\/\/api.w.org\/{rel}","templated":true}]}}