{"id":34173,"date":"2020-07-04T18:23:07","date_gmt":"2023-07-04T16:23:08","guid":{"rendered":"https:\/\/my-french-grocery.com\/?post_type=product&#038;p=34173"},"modified":"2023-07-04T18:46:35","modified_gmt":"2023-07-04T16:46:35","slug":"papel-armenia-triple-juego-de-5","status":"publish","type":"product","link":"https:\/\/my-french-grocery.com\/es\/producto\/papel-armenia-triple-juego-de-5\/","title":{"rendered":"Papel De Armenia &#8211; Triple &#8211; Juego de 5"},"content":{"rendered":"<p>Papel De Armenia &#8211; Triple &#8211; Juego de 5<\/p>\n<p>Nacido hace m\u00e1s de 120 a\u00f1os, el famoso Papier d&#8217;Armenie contiene tiras desmontables de papel marr\u00f3n perfumado. Su fabricaci\u00f3n artesanal se basa estrictamente en los m\u00e9todos originales y todav\u00eda tiene lugar en el taller de Montrouge. Su f\u00f3rmula de 1885 se mantiene inalterable, pero su color ahora es blanquecino, en armon\u00eda con el de \u201cArmenia\u201d y \u201cLa Rose\u201d.<\/p>\n<p>Desprenda una tira, d\u00f3blela en forma de acorde\u00f3n, col\u00f3quela en un mechero, enci\u00e9ndala soplando levemente para evitar que se encienda porque debe arder lentamente.<\/p>\n","protected":false},"excerpt":{"rendered":"<p>Papel De Armenia &#8211; Triple &#8211; Juego de 5<\/p>\n","protected":false},"featured_media":34182,"comment_status":"open","ping_status":"closed","template":"","meta":[],"pwb-brand":[],"product_brand":[],"product_cat":[1674],"product_tag":[1755,3332],"class_list":{"0":"post-34173","1":"product","2":"type-product","3":"status-publish","4":"has-post-thumbnail","6":"product_cat-decoracion-accesorios","7":"product_tag-desodorante","8":"product_tag-papel-de-armenia","9":"product_shipping_class-expedicion-mundial","11":"first","12":"instock","13":"taxable","14":"shipping-taxable","15":"purchasable","16":"product-type-simple"},"yoast_head":"<!-- This site is optimized with the Yoast SEO plugin v27.4 - https:\/\/yoast.com\/product\/yoast-seo-wordpress\/ -->\n<title>Papel De Armenia - Triple - Juego de 5 | Comprar En Linea | My French Grocery<\/title>\n<meta name=\"description\" content=\"Papel Armenia - Triple - Juego de 5 Nacido hace m\u00e1s de 120 a\u00f1os, el famoso Papier d&#039;Armenie contiene tiras desmontables de papel marr\u00f3n perfumado.\" \/>\n<meta name=\"robots\" content=\"index, follow, max-snippet:-1, max-image-preview:large, max-video-preview:-1\" \/>\n<link rel=\"canonical\" href=\"https:\/\/my-french-grocery.com\/es\/producto\/papel-armenia-triple-juego-de-5\/\" \/>\n<meta property=\"og:locale\" content=\"es_ES\" \/>\n<meta property=\"og:type\" content=\"article\" \/>\n<meta property=\"og:title\" content=\"Papel De Armenia - Triple - Juego de 5 | Comprar En Linea | My French Grocery\" \/>\n<meta property=\"og:description\" content=\"Papel Armenia - Triple - Juego de 5 Nacido hace m\u00e1s de 120 a\u00f1os, el famoso Papier d&#039;Armenie contiene tiras desmontables de papel marr\u00f3n perfumado.\" \/>\n<meta property=\"og:url\" content=\"https:\/\/my-french-grocery.com\/es\/producto\/papel-armenia-triple-juego-de-5\/\" \/>\n<meta property=\"og:site_name\" content=\"My French Grocery\" \/>\n<meta property=\"article:publisher\" content=\"https:\/\/www.facebook.com\/myfrenchgrocery\/\" \/>\n<meta property=\"article:modified_time\" content=\"2023-07-04T16:46:35+00:00\" \/>\n<meta property=\"og:image\" content=\"https:\/\/my-french-grocery.com\/wp-content\/uploads\/2023\/07\/Papier-Armenie.jpg\" \/>\n\t<meta property=\"og:image:width\" content=\"430\" \/>\n\t<meta property=\"og:image:height\" content=\"370\" \/>\n\t<meta property=\"og:image:type\" content=\"image\/jpeg\" \/>\n<meta name=\"twitter:card\" content=\"summary_large_image\" \/>\n<meta name=\"twitter:label1\" content=\"Tiempo de lectura\" \/>\n\t<meta name=\"twitter:data1\" content=\"1 minute\" \/>\n<script type=\"application\/ld+json\" class=\"yoast-schema-graph\">{\"@context\":\"https:\\\/\\\/schema.org\",\"@graph\":[{\"@type\":\"WebPage\",\"@id\":\"https:\\\/\\\/my-french-grocery.com\\\/es\\\/producto\\\/papel-armenia-triple-juego-de-5\\\/\",\"url\":\"https:\\\/\\\/my-french-grocery.com\\\/es\\\/producto\\\/papel-armenia-triple-juego-de-5\\\/\",\"name\":\"Papel De Armenia - Triple - Juego de 5 | Comprar En Linea | My French Grocery\",\"isPartOf\":{\"@id\":\"https:\\\/\\\/my-french-grocery.com\\\/es\\\/#website\"},\"primaryImageOfPage\":{\"@id\":\"https:\\\/\\\/my-french-grocery.com\\\/es\\\/producto\\\/papel-armenia-triple-juego-de-5\\\/#primaryimage\"},\"image\":{\"@id\":\"https:\\\/\\\/my-french-grocery.com\\\/es\\\/producto\\\/papel-armenia-triple-juego-de-5\\\/#primaryimage\"},\"thumbnailUrl\":\"https:\\\/\\\/my-french-grocery.com\\\/wp-content\\\/uploads\\\/2023\\\/07\\\/Papier-Armenie.jpg\",\"datePublished\":\"2023-07-04T16:23:08+00:00\",\"dateModified\":\"2023-07-04T16:46:35+00:00\",\"description\":\"Papel Armenia - Triple - Juego de 5 Nacido hace m\u00e1s de 120 a\u00f1os, el famoso Papier d'Armenie contiene tiras desmontables de papel marr\u00f3n perfumado.\",\"breadcrumb\":{\"@id\":\"https:\\\/\\\/my-french-grocery.com\\\/es\\\/producto\\\/papel-armenia-triple-juego-de-5\\\/#breadcrumb\"},\"inLanguage\":\"es-ES\",\"potentialAction\":[{\"@type\":\"ReadAction\",\"target\":[\"https:\\\/\\\/my-french-grocery.com\\\/es\\\/producto\\\/papel-armenia-triple-juego-de-5\\\/\"]}]},{\"@type\":\"ImageObject\",\"inLanguage\":\"es-ES\",\"@id\":\"https:\\\/\\\/my-french-grocery.com\\\/es\\\/producto\\\/papel-armenia-triple-juego-de-5\\\/#primaryimage\",\"url\":\"https:\\\/\\\/my-french-grocery.com\\\/wp-content\\\/uploads\\\/2023\\\/07\\\/Papier-Armenie.jpg\",\"contentUrl\":\"https:\\\/\\\/my-french-grocery.com\\\/wp-content\\\/uploads\\\/2023\\\/07\\\/Papier-Armenie.jpg\",\"width\":430,\"height\":370,\"caption\":\"Papel Armenia - Triple - Juego de 5\"},{\"@type\":\"BreadcrumbList\",\"@id\":\"https:\\\/\\\/my-french-grocery.com\\\/es\\\/producto\\\/papel-armenia-triple-juego-de-5\\\/#breadcrumb\",\"itemListElement\":[{\"@type\":\"ListItem\",\"position\":1,\"name\":\"Home\",\"item\":\"https:\\\/\\\/my-french-grocery.com\\\/es\\\/tienda-2\\\/\"},{\"@type\":\"ListItem\",\"position\":2,\"name\":\"Shop\",\"item\":\"https:\\\/\\\/my-french-grocery.com\\\/shop\\\/\"},{\"@type\":\"ListItem\",\"position\":3,\"name\":\"Decoracion &amp; Accesorios\",\"item\":\"https:\\\/\\\/my-french-grocery.com\\\/es\\\/categoria-producto\\\/decoracion-accesorios\\\/\"},{\"@type\":\"ListItem\",\"position\":4,\"name\":\"Papel De Armenia &#8211; Triple &#8211; Juego de 5\"}]},{\"@type\":\"WebSite\",\"@id\":\"https:\\\/\\\/my-french-grocery.com\\\/es\\\/#website\",\"url\":\"https:\\\/\\\/my-french-grocery.com\\\/es\\\/\",\"name\":\"My French Grocery\",\"description\":\"Your Online French Grocery  !\",\"publisher\":{\"@id\":\"https:\\\/\\\/my-french-grocery.com\\\/es\\\/#organization\"},\"potentialAction\":[{\"@type\":\"SearchAction\",\"target\":{\"@type\":\"EntryPoint\",\"urlTemplate\":\"https:\\\/\\\/my-french-grocery.com\\\/es\\\/?s={search_term_string}\"},\"query-input\":{\"@type\":\"PropertyValueSpecification\",\"valueRequired\":true,\"valueName\":\"search_term_string\"}}],\"inLanguage\":\"es-ES\"},{\"@type\":\"Organization\",\"@id\":\"https:\\\/\\\/my-french-grocery.com\\\/es\\\/#organization\",\"name\":\"MY FRENCH GROCERY\",\"url\":\"https:\\\/\\\/my-french-grocery.com\\\/es\\\/\",\"logo\":{\"@type\":\"ImageObject\",\"inLanguage\":\"es-ES\",\"@id\":\"https:\\\/\\\/my-french-grocery.com\\\/es\\\/#\\\/schema\\\/logo\\\/image\\\/\",\"url\":\"https:\\\/\\\/my-french-grocery.com\\\/wp-content\\\/uploads\\\/2021\\\/11\\\/My-French-Grocery-Online-French-Grocery.png\",\"contentUrl\":\"https:\\\/\\\/my-french-grocery.com\\\/wp-content\\\/uploads\\\/2021\\\/11\\\/My-French-Grocery-Online-French-Grocery.png\",\"width\":100,\"height\":100,\"caption\":\"MY FRENCH GROCERY\"},\"image\":{\"@id\":\"https:\\\/\\\/my-french-grocery.com\\\/es\\\/#\\\/schema\\\/logo\\\/image\\\/\"},\"sameAs\":[\"https:\\\/\\\/www.facebook.com\\\/myfrenchgrocery\\\/\"]}]}<\/script>\n<!-- \/ Yoast SEO plugin. -->","yoast_head_json":{"title":"Papel De Armenia - Triple - Juego de 5 | Comprar En Linea | My French Grocery","description":"Papel Armenia - Triple - Juego de 5 Nacido hace m\u00e1s de 120 a\u00f1os, el famoso Papier d'Armenie contiene tiras desmontables de papel marr\u00f3n perfumado.","robots":{"index":"index","follow":"follow","max-snippet":"max-snippet:-1","max-image-preview":"max-image-preview:large","max-video-preview":"max-video-preview:-1"},"canonical":"https:\/\/my-french-grocery.com\/es\/producto\/papel-armenia-triple-juego-de-5\/","og_locale":"es_ES","og_type":"article","og_title":"Papel De Armenia - Triple - Juego de 5 | Comprar En Linea | My French Grocery","og_description":"Papel Armenia - Triple - Juego de 5 Nacido hace m\u00e1s de 120 a\u00f1os, el famoso Papier d'Armenie contiene tiras desmontables de papel marr\u00f3n perfumado.","og_url":"https:\/\/my-french-grocery.com\/es\/producto\/papel-armenia-triple-juego-de-5\/","og_site_name":"My French Grocery","article_publisher":"https:\/\/www.facebook.com\/myfrenchgrocery\/","article_modified_time":"2023-07-04T16:46:35+00:00","og_image":[{"width":430,"height":370,"url":"https:\/\/my-french-grocery.com\/wp-content\/uploads\/2023\/07\/Papier-Armenie.jpg","type":"image\/jpeg"}],"twitter_card":"summary_large_image","twitter_misc":{"Tiempo de lectura":"1 minute"},"schema":{"@context":"https:\/\/schema.org","@graph":[{"@type":"WebPage","@id":"https:\/\/my-french-grocery.com\/es\/producto\/papel-armenia-triple-juego-de-5\/","url":"https:\/\/my-french-grocery.com\/es\/producto\/papel-armenia-triple-juego-de-5\/","name":"Papel De Armenia - Triple - Juego de 5 | Comprar En Linea | My French Grocery","isPartOf":{"@id":"https:\/\/my-french-grocery.com\/es\/#website"},"primaryImageOfPage":{"@id":"https:\/\/my-french-grocery.com\/es\/producto\/papel-armenia-triple-juego-de-5\/#primaryimage"},"image":{"@id":"https:\/\/my-french-grocery.com\/es\/producto\/papel-armenia-triple-juego-de-5\/#primaryimage"},"thumbnailUrl":"https:\/\/my-french-grocery.com\/wp-content\/uploads\/2023\/07\/Papier-Armenie.jpg","datePublished":"2023-07-04T16:23:08+00:00","dateModified":"2023-07-04T16:46:35+00:00","description":"Papel Armenia - Triple - Juego de 5 Nacido hace m\u00e1s de 120 a\u00f1os, el famoso Papier d'Armenie contiene tiras desmontables de papel marr\u00f3n perfumado.","breadcrumb":{"@id":"https:\/\/my-french-grocery.com\/es\/producto\/papel-armenia-triple-juego-de-5\/#breadcrumb"},"inLanguage":"es-ES","potentialAction":[{"@type":"ReadAction","target":["https:\/\/my-french-grocery.com\/es\/producto\/papel-armenia-triple-juego-de-5\/"]}]},{"@type":"ImageObject","inLanguage":"es-ES","@id":"https:\/\/my-french-grocery.com\/es\/producto\/papel-armenia-triple-juego-de-5\/#primaryimage","url":"https:\/\/my-french-grocery.com\/wp-content\/uploads\/2023\/07\/Papier-Armenie.jpg","contentUrl":"https:\/\/my-french-grocery.com\/wp-content\/uploads\/2023\/07\/Papier-Armenie.jpg","width":430,"height":370,"caption":"Papel Armenia - Triple - Juego de 5"},{"@type":"BreadcrumbList","@id":"https:\/\/my-french-grocery.com\/es\/producto\/papel-armenia-triple-juego-de-5\/#breadcrumb","itemListElement":[{"@type":"ListItem","position":1,"name":"Home","item":"https:\/\/my-french-grocery.com\/es\/tienda-2\/"},{"@type":"ListItem","position":2,"name":"Shop","item":"https:\/\/my-french-grocery.com\/shop\/"},{"@type":"ListItem","position":3,"name":"Decoracion &amp; Accesorios","item":"https:\/\/my-french-grocery.com\/es\/categoria-producto\/decoracion-accesorios\/"},{"@type":"ListItem","position":4,"name":"Papel De Armenia &#8211; Triple &#8211; Juego de 5"}]},{"@type":"WebSite","@id":"https:\/\/my-french-grocery.com\/es\/#website","url":"https:\/\/my-french-grocery.com\/es\/","name":"My French Grocery","description":"Your Online French Grocery  !","publisher":{"@id":"https:\/\/my-french-grocery.com\/es\/#organization"},"potentialAction":[{"@type":"SearchAction","target":{"@type":"EntryPoint","urlTemplate":"https:\/\/my-french-grocery.com\/es\/?s={search_term_string}"},"query-input":{"@type":"PropertyValueSpecification","valueRequired":true,"valueName":"search_term_string"}}],"inLanguage":"es-ES"},{"@type":"Organization","@id":"https:\/\/my-french-grocery.com\/es\/#organization","name":"MY FRENCH GROCERY","url":"https:\/\/my-french-grocery.com\/es\/","logo":{"@type":"ImageObject","inLanguage":"es-ES","@id":"https:\/\/my-french-grocery.com\/es\/#\/schema\/logo\/image\/","url":"https:\/\/my-french-grocery.com\/wp-content\/uploads\/2021\/11\/My-French-Grocery-Online-French-Grocery.png","contentUrl":"https:\/\/my-french-grocery.com\/wp-content\/uploads\/2021\/11\/My-French-Grocery-Online-French-Grocery.png","width":100,"height":100,"caption":"MY FRENCH GROCERY"},"image":{"@id":"https:\/\/my-french-grocery.com\/es\/#\/schema\/logo\/image\/"},"sameAs":["https:\/\/www.facebook.com\/myfrenchgrocery\/"]}]}},"brands":[],"_links":{"self":[{"href":"https:\/\/my-french-grocery.com\/es\/wp-json\/wp\/v2\/product\/34173","targetHints":{"allow":["GET"]}}],"collection":[{"href":"https:\/\/my-french-grocery.com\/es\/wp-json\/wp\/v2\/product"}],"about":[{"href":"https:\/\/my-french-grocery.com\/es\/wp-json\/wp\/v2\/types\/product"}],"replies":[{"embeddable":true,"href":"https:\/\/my-french-grocery.com\/es\/wp-json\/wp\/v2\/comments?post=34173"}],"wp:featuredmedia":[{"embeddable":true,"href":"https:\/\/my-french-grocery.com\/es\/wp-json\/wp\/v2\/media\/34182"}],"wp:attachment":[{"href":"https:\/\/my-french-grocery.com\/es\/wp-json\/wp\/v2\/media?parent=34173"}],"wp:term":[{"taxonomy":"pwb-brand","embeddable":true,"href":"https:\/\/my-french-grocery.com\/es\/wp-json\/wp\/v2\/pwb-brand?post=34173"},{"taxonomy":"product_brand","embeddable":true,"href":"https:\/\/my-french-grocery.com\/es\/wp-json\/wp\/v2\/product_brand?post=34173"},{"taxonomy":"product_cat","embeddable":true,"href":"https:\/\/my-french-grocery.com\/es\/wp-json\/wp\/v2\/product_cat?post=34173"},{"taxonomy":"product_tag","embeddable":true,"href":"https:\/\/my-french-grocery.com\/es\/wp-json\/wp\/v2\/product_tag?post=34173"}],"curies":[{"name":"wp","href":"https:\/\/api.w.org\/{rel}","templated":true}]}}