{"id":34245,"date":"2023-07-07T11:10:28","date_gmt":"2023-07-07T09:10:29","guid":{"rendered":"https:\/\/my-french-grocery.com\/?post_type=product&#038;p=34245"},"modified":"2024-03-25T07:25:37","modified_gmt":"2024-03-25T05:25:37","slug":"fibralogy-champu-volumen-para-cabello-fino-elseve-loreal","status":"publish","type":"product","link":"https:\/\/my-french-grocery.com\/es\/producto\/fibralogy-champu-volumen-para-cabello-fino-elseve-loreal\/","title":{"rendered":"Fibralogy Champ\u00fa Volumen Para Cabello Fino Elseve &#8211; L&#8217;Or\u00e9al"},"content":{"rendered":"<p>Fibralogy Champ\u00fa Volumen Para Cabello Fino Elseve &#8211; L&#8217;Or\u00e9al<\/p>\n<p>Botella de 290 ml<\/p>\n<div class=\"secondary-details-intro\">\n<div class=\"regulated-name\">\n<div class=\"secondary-details-intro\">\n<div class=\"regulated-name\">\n<div class=\"secondary-details-intro\">\n<div class=\"regulated-name\">\n<div class=\"secondary-details-intro\">\n<div class=\"regulated-name\">\n<div class=\"secondary-details-intro\">\n<div class=\"regulated-name\">\n<p class=\"paragraph\"><span>Champ\u00fa voluminizador para cabellos finos sin volumen, enriquecido con filloxane para espesar instant\u00e1neamente el cabello.|\u2022 Botella de pl\u00e1stico 100% reciclado* y reciclable|\u2022 Fabricado en Francia|*sin tintes ni tap\u00f3n.\u00a0<\/span><span>Pelo visiblemente m\u00e1s grueso.<\/span><\/p>\n<\/div>\n<\/div>\n<\/div>\n<\/div>\n<\/div>\n<\/div>\n<\/div>\n<\/div>\n<\/div>\n<\/div>\n","protected":false},"excerpt":{"rendered":"<p>Fibralogy Champ\u00fa Volumen Para Cabello Fino Elseve &#8211; L&#8217;Or\u00e9al<\/p>\n<p>Botella de 290 ml<\/p>\n","protected":false},"featured_media":34254,"comment_status":"open","ping_status":"closed","template":"","meta":[],"pwb-brand":[3327],"product_brand":[],"product_cat":[2124,1671],"product_tag":[1987],"class_list":{"0":"post-34245","1":"product","2":"type-product","3":"status-publish","4":"has-post-thumbnail","6":"pwb-brand-loreal-es","7":"product_cat-champus","8":"product_cat-champus-acondicionadores-cuidado-del-cabello","9":"product_tag-champu","10":"product_shipping_class-expedicion-mundial","12":"first","13":"outofstock","14":"taxable","15":"shipping-taxable","16":"purchasable","17":"product-type-simple"},"yoast_head":"<!-- This site is optimized with the Yoast SEO plugin v27.3 - https:\/\/yoast.com\/product\/yoast-seo-wordpress\/ -->\n<title>Fibralogy Champ\u00fa Volumen Para Cabello Fino Elseve - L&#039;Or\u00e9al | Comprar En Linea | My French Grocery<\/title>\n<meta name=\"description\" content=\"Fibralogy Champ\u00fa Volumen Para Cabello Fino Elseve - L&#039;Or\u00e9al - Botella de 290 ml - Champ\u00fa voluminizador para cabellos finos sin volumen, enriquecido con filloxane\" \/>\n<meta name=\"robots\" content=\"index, follow, max-snippet:-1, max-image-preview:large, max-video-preview:-1\" \/>\n<link rel=\"canonical\" href=\"https:\/\/my-french-grocery.com\/es\/producto\/fibralogy-champu-volumen-para-cabello-fino-elseve-loreal\/\" \/>\n<meta property=\"og:locale\" content=\"es_ES\" \/>\n<meta property=\"og:type\" content=\"article\" \/>\n<meta property=\"og:title\" content=\"Fibralogy Champ\u00fa Volumen Para Cabello Fino Elseve - L&#039;Or\u00e9al | Comprar En Linea | My French Grocery\" \/>\n<meta property=\"og:description\" content=\"Fibralogy Champ\u00fa Volumen Para Cabello Fino Elseve - L&#039;Or\u00e9al - Botella de 290 ml - Champ\u00fa voluminizador para cabellos finos sin volumen, enriquecido con filloxane\" \/>\n<meta property=\"og:url\" content=\"https:\/\/my-french-grocery.com\/es\/producto\/fibralogy-champu-volumen-para-cabello-fino-elseve-loreal\/\" \/>\n<meta property=\"og:site_name\" content=\"My French Grocery\" \/>\n<meta property=\"article:publisher\" content=\"https:\/\/www.facebook.com\/myfrenchgrocery\/\" \/>\n<meta property=\"article:modified_time\" content=\"2024-03-25T05:25:37+00:00\" \/>\n<meta property=\"og:image\" content=\"https:\/\/my-french-grocery.com\/wp-content\/uploads\/2023\/07\/ELSEVE-Fibralogic-volume-shampoo-for-fine-hair.jpeg\" \/>\n\t<meta property=\"og:image:width\" content=\"1200\" \/>\n\t<meta property=\"og:image:height\" content=\"1200\" \/>\n\t<meta property=\"og:image:type\" content=\"image\/jpeg\" \/>\n<meta name=\"twitter:card\" content=\"summary_large_image\" \/>\n<script type=\"application\/ld+json\" class=\"yoast-schema-graph\">{\"@context\":\"https:\\\/\\\/schema.org\",\"@graph\":[{\"@type\":\"WebPage\",\"@id\":\"https:\\\/\\\/my-french-grocery.com\\\/es\\\/producto\\\/fibralogy-champu-volumen-para-cabello-fino-elseve-loreal\\\/\",\"url\":\"https:\\\/\\\/my-french-grocery.com\\\/es\\\/producto\\\/fibralogy-champu-volumen-para-cabello-fino-elseve-loreal\\\/\",\"name\":\"Fibralogy Champ\u00fa Volumen Para Cabello Fino Elseve - L'Or\u00e9al | Comprar En Linea | My French Grocery\",\"isPartOf\":{\"@id\":\"https:\\\/\\\/my-french-grocery.com\\\/#website\"},\"primaryImageOfPage\":{\"@id\":\"https:\\\/\\\/my-french-grocery.com\\\/es\\\/producto\\\/fibralogy-champu-volumen-para-cabello-fino-elseve-loreal\\\/#primaryimage\"},\"image\":{\"@id\":\"https:\\\/\\\/my-french-grocery.com\\\/es\\\/producto\\\/fibralogy-champu-volumen-para-cabello-fino-elseve-loreal\\\/#primaryimage\"},\"thumbnailUrl\":\"https:\\\/\\\/my-french-grocery.com\\\/wp-content\\\/uploads\\\/2023\\\/07\\\/ELSEVE-Fibralogic-volume-shampoo-for-fine-hair.jpeg\",\"datePublished\":\"2023-07-07T09:10:29+00:00\",\"dateModified\":\"2024-03-25T05:25:37+00:00\",\"description\":\"Fibralogy Champ\u00fa Volumen Para Cabello Fino Elseve - L'Or\u00e9al - Botella de 290 ml - Champ\u00fa voluminizador para cabellos finos sin volumen, enriquecido con filloxane\",\"breadcrumb\":{\"@id\":\"https:\\\/\\\/my-french-grocery.com\\\/es\\\/producto\\\/fibralogy-champu-volumen-para-cabello-fino-elseve-loreal\\\/#breadcrumb\"},\"inLanguage\":\"es-ES\",\"potentialAction\":[{\"@type\":\"ReadAction\",\"target\":[\"https:\\\/\\\/my-french-grocery.com\\\/es\\\/producto\\\/fibralogy-champu-volumen-para-cabello-fino-elseve-loreal\\\/\"]}]},{\"@type\":\"ImageObject\",\"inLanguage\":\"es-ES\",\"@id\":\"https:\\\/\\\/my-french-grocery.com\\\/es\\\/producto\\\/fibralogy-champu-volumen-para-cabello-fino-elseve-loreal\\\/#primaryimage\",\"url\":\"https:\\\/\\\/my-french-grocery.com\\\/wp-content\\\/uploads\\\/2023\\\/07\\\/ELSEVE-Fibralogic-volume-shampoo-for-fine-hair.jpeg\",\"contentUrl\":\"https:\\\/\\\/my-french-grocery.com\\\/wp-content\\\/uploads\\\/2023\\\/07\\\/ELSEVE-Fibralogic-volume-shampoo-for-fine-hair.jpeg\",\"width\":1200,\"height\":1200,\"caption\":\"Fibralogy Champ\u00fa Volumen Para Cabello Fino Elseve - L'Or\u00e9al\"},{\"@type\":\"BreadcrumbList\",\"@id\":\"https:\\\/\\\/my-french-grocery.com\\\/es\\\/producto\\\/fibralogy-champu-volumen-para-cabello-fino-elseve-loreal\\\/#breadcrumb\",\"itemListElement\":[{\"@type\":\"ListItem\",\"position\":1,\"name\":\"Home\",\"item\":\"https:\\\/\\\/my-french-grocery.com\\\/es\\\/tienda-2\\\/\"},{\"@type\":\"ListItem\",\"position\":2,\"name\":\"Shop\",\"item\":\"https:\\\/\\\/my-french-grocery.com\\\/shop\\\/\"},{\"@type\":\"ListItem\",\"position\":3,\"name\":\"Cosmetics\",\"item\":\"https:\\\/\\\/my-french-grocery.com\\\/product-category\\\/cosmetics\\\/\"},{\"@type\":\"ListItem\",\"position\":4,\"name\":\"Shampoo, Conditioner, Hair Care\",\"item\":\"https:\\\/\\\/my-french-grocery.com\\\/product-category\\\/cosmetics\\\/shampoo-conditioner-hair-care\\\/\"},{\"@type\":\"ListItem\",\"position\":5,\"name\":\"Fibralogy Champ\u00fa Volumen Para Cabello Fino Elseve &#8211; L&#8217;Or\u00e9al\"}]},{\"@type\":\"WebSite\",\"@id\":\"https:\\\/\\\/my-french-grocery.com\\\/#website\",\"url\":\"https:\\\/\\\/my-french-grocery.com\\\/\",\"name\":\"My French Grocery\",\"description\":\"Your Online French Grocery  !\",\"publisher\":{\"@id\":\"https:\\\/\\\/my-french-grocery.com\\\/#organization\"},\"potentialAction\":[{\"@type\":\"SearchAction\",\"target\":{\"@type\":\"EntryPoint\",\"urlTemplate\":\"https:\\\/\\\/my-french-grocery.com\\\/?s={search_term_string}\"},\"query-input\":{\"@type\":\"PropertyValueSpecification\",\"valueRequired\":true,\"valueName\":\"search_term_string\"}}],\"inLanguage\":\"es-ES\"},{\"@type\":\"Organization\",\"@id\":\"https:\\\/\\\/my-french-grocery.com\\\/#organization\",\"name\":\"MY FRENCH GROCERY\",\"url\":\"https:\\\/\\\/my-french-grocery.com\\\/\",\"logo\":{\"@type\":\"ImageObject\",\"inLanguage\":\"es-ES\",\"@id\":\"https:\\\/\\\/my-french-grocery.com\\\/#\\\/schema\\\/logo\\\/image\\\/\",\"url\":\"https:\\\/\\\/my-french-grocery.com\\\/wp-content\\\/uploads\\\/2021\\\/11\\\/My-French-Grocery-Online-French-Grocery.png\",\"contentUrl\":\"https:\\\/\\\/my-french-grocery.com\\\/wp-content\\\/uploads\\\/2021\\\/11\\\/My-French-Grocery-Online-French-Grocery.png\",\"width\":100,\"height\":100,\"caption\":\"MY FRENCH GROCERY\"},\"image\":{\"@id\":\"https:\\\/\\\/my-french-grocery.com\\\/#\\\/schema\\\/logo\\\/image\\\/\"},\"sameAs\":[\"https:\\\/\\\/www.facebook.com\\\/myfrenchgrocery\\\/\"]}]}<\/script>\n<!-- \/ Yoast SEO plugin. -->","yoast_head_json":{"title":"Fibralogy Champ\u00fa Volumen Para Cabello Fino Elseve - L'Or\u00e9al | Comprar En Linea | My French Grocery","description":"Fibralogy Champ\u00fa Volumen Para Cabello Fino Elseve - L'Or\u00e9al - Botella de 290 ml - Champ\u00fa voluminizador para cabellos finos sin volumen, enriquecido con filloxane","robots":{"index":"index","follow":"follow","max-snippet":"max-snippet:-1","max-image-preview":"max-image-preview:large","max-video-preview":"max-video-preview:-1"},"canonical":"https:\/\/my-french-grocery.com\/es\/producto\/fibralogy-champu-volumen-para-cabello-fino-elseve-loreal\/","og_locale":"es_ES","og_type":"article","og_title":"Fibralogy Champ\u00fa Volumen Para Cabello Fino Elseve - L'Or\u00e9al | Comprar En Linea | My French Grocery","og_description":"Fibralogy Champ\u00fa Volumen Para Cabello Fino Elseve - L'Or\u00e9al - Botella de 290 ml - Champ\u00fa voluminizador para cabellos finos sin volumen, enriquecido con filloxane","og_url":"https:\/\/my-french-grocery.com\/es\/producto\/fibralogy-champu-volumen-para-cabello-fino-elseve-loreal\/","og_site_name":"My French Grocery","article_publisher":"https:\/\/www.facebook.com\/myfrenchgrocery\/","article_modified_time":"2024-03-25T05:25:37+00:00","og_image":[{"width":1200,"height":1200,"url":"https:\/\/my-french-grocery.com\/wp-content\/uploads\/2023\/07\/ELSEVE-Fibralogic-volume-shampoo-for-fine-hair.jpeg","type":"image\/jpeg"}],"twitter_card":"summary_large_image","schema":{"@context":"https:\/\/schema.org","@graph":[{"@type":"WebPage","@id":"https:\/\/my-french-grocery.com\/es\/producto\/fibralogy-champu-volumen-para-cabello-fino-elseve-loreal\/","url":"https:\/\/my-french-grocery.com\/es\/producto\/fibralogy-champu-volumen-para-cabello-fino-elseve-loreal\/","name":"Fibralogy Champ\u00fa Volumen Para Cabello Fino Elseve - L'Or\u00e9al | Comprar En Linea | My French Grocery","isPartOf":{"@id":"https:\/\/my-french-grocery.com\/#website"},"primaryImageOfPage":{"@id":"https:\/\/my-french-grocery.com\/es\/producto\/fibralogy-champu-volumen-para-cabello-fino-elseve-loreal\/#primaryimage"},"image":{"@id":"https:\/\/my-french-grocery.com\/es\/producto\/fibralogy-champu-volumen-para-cabello-fino-elseve-loreal\/#primaryimage"},"thumbnailUrl":"https:\/\/my-french-grocery.com\/wp-content\/uploads\/2023\/07\/ELSEVE-Fibralogic-volume-shampoo-for-fine-hair.jpeg","datePublished":"2023-07-07T09:10:29+00:00","dateModified":"2024-03-25T05:25:37+00:00","description":"Fibralogy Champ\u00fa Volumen Para Cabello Fino Elseve - L'Or\u00e9al - Botella de 290 ml - Champ\u00fa voluminizador para cabellos finos sin volumen, enriquecido con filloxane","breadcrumb":{"@id":"https:\/\/my-french-grocery.com\/es\/producto\/fibralogy-champu-volumen-para-cabello-fino-elseve-loreal\/#breadcrumb"},"inLanguage":"es-ES","potentialAction":[{"@type":"ReadAction","target":["https:\/\/my-french-grocery.com\/es\/producto\/fibralogy-champu-volumen-para-cabello-fino-elseve-loreal\/"]}]},{"@type":"ImageObject","inLanguage":"es-ES","@id":"https:\/\/my-french-grocery.com\/es\/producto\/fibralogy-champu-volumen-para-cabello-fino-elseve-loreal\/#primaryimage","url":"https:\/\/my-french-grocery.com\/wp-content\/uploads\/2023\/07\/ELSEVE-Fibralogic-volume-shampoo-for-fine-hair.jpeg","contentUrl":"https:\/\/my-french-grocery.com\/wp-content\/uploads\/2023\/07\/ELSEVE-Fibralogic-volume-shampoo-for-fine-hair.jpeg","width":1200,"height":1200,"caption":"Fibralogy Champ\u00fa Volumen Para Cabello Fino Elseve - L'Or\u00e9al"},{"@type":"BreadcrumbList","@id":"https:\/\/my-french-grocery.com\/es\/producto\/fibralogy-champu-volumen-para-cabello-fino-elseve-loreal\/#breadcrumb","itemListElement":[{"@type":"ListItem","position":1,"name":"Home","item":"https:\/\/my-french-grocery.com\/es\/tienda-2\/"},{"@type":"ListItem","position":2,"name":"Shop","item":"https:\/\/my-french-grocery.com\/shop\/"},{"@type":"ListItem","position":3,"name":"Cosmetics","item":"https:\/\/my-french-grocery.com\/product-category\/cosmetics\/"},{"@type":"ListItem","position":4,"name":"Shampoo, Conditioner, Hair Care","item":"https:\/\/my-french-grocery.com\/product-category\/cosmetics\/shampoo-conditioner-hair-care\/"},{"@type":"ListItem","position":5,"name":"Fibralogy Champ\u00fa Volumen Para Cabello Fino Elseve &#8211; L&#8217;Or\u00e9al"}]},{"@type":"WebSite","@id":"https:\/\/my-french-grocery.com\/#website","url":"https:\/\/my-french-grocery.com\/","name":"My French Grocery","description":"Your Online French Grocery  !","publisher":{"@id":"https:\/\/my-french-grocery.com\/#organization"},"potentialAction":[{"@type":"SearchAction","target":{"@type":"EntryPoint","urlTemplate":"https:\/\/my-french-grocery.com\/?s={search_term_string}"},"query-input":{"@type":"PropertyValueSpecification","valueRequired":true,"valueName":"search_term_string"}}],"inLanguage":"es-ES"},{"@type":"Organization","@id":"https:\/\/my-french-grocery.com\/#organization","name":"MY FRENCH GROCERY","url":"https:\/\/my-french-grocery.com\/","logo":{"@type":"ImageObject","inLanguage":"es-ES","@id":"https:\/\/my-french-grocery.com\/#\/schema\/logo\/image\/","url":"https:\/\/my-french-grocery.com\/wp-content\/uploads\/2021\/11\/My-French-Grocery-Online-French-Grocery.png","contentUrl":"https:\/\/my-french-grocery.com\/wp-content\/uploads\/2021\/11\/My-French-Grocery-Online-French-Grocery.png","width":100,"height":100,"caption":"MY FRENCH GROCERY"},"image":{"@id":"https:\/\/my-french-grocery.com\/#\/schema\/logo\/image\/"},"sameAs":["https:\/\/www.facebook.com\/myfrenchgrocery\/"]}]}},"brands":[{"id":3327,"name":"L'Or\u00e9al","slug":"loreal-es"}],"_links":{"self":[{"href":"https:\/\/my-french-grocery.com\/es\/wp-json\/wp\/v2\/product\/34245","targetHints":{"allow":["GET"]}}],"collection":[{"href":"https:\/\/my-french-grocery.com\/es\/wp-json\/wp\/v2\/product"}],"about":[{"href":"https:\/\/my-french-grocery.com\/es\/wp-json\/wp\/v2\/types\/product"}],"replies":[{"embeddable":true,"href":"https:\/\/my-french-grocery.com\/es\/wp-json\/wp\/v2\/comments?post=34245"}],"wp:featuredmedia":[{"embeddable":true,"href":"https:\/\/my-french-grocery.com\/es\/wp-json\/wp\/v2\/media\/34254"}],"wp:attachment":[{"href":"https:\/\/my-french-grocery.com\/es\/wp-json\/wp\/v2\/media?parent=34245"}],"wp:term":[{"taxonomy":"pwb-brand","embeddable":true,"href":"https:\/\/my-french-grocery.com\/es\/wp-json\/wp\/v2\/pwb-brand?post=34245"},{"taxonomy":"product_brand","embeddable":true,"href":"https:\/\/my-french-grocery.com\/es\/wp-json\/wp\/v2\/product_brand?post=34245"},{"taxonomy":"product_cat","embeddable":true,"href":"https:\/\/my-french-grocery.com\/es\/wp-json\/wp\/v2\/product_cat?post=34245"},{"taxonomy":"product_tag","embeddable":true,"href":"https:\/\/my-french-grocery.com\/es\/wp-json\/wp\/v2\/product_tag?post=34245"}],"curies":[{"name":"wp","href":"https:\/\/api.w.org\/{rel}","templated":true}]}}