{"id":34437,"date":"2023-07-17T15:02:38","date_gmt":"2023-07-17T13:02:38","guid":{"rendered":"https:\/\/my-french-grocery.com\/?post_type=product&#038;p=34437"},"modified":"2023-07-17T15:17:29","modified_gmt":"2023-07-17T13:17:29","slug":"locion-corporal-nutritiva-aceite-de-albaricoque-karite-efecto-solar-para-pieles-oscuras-mixa","status":"publish","type":"product","link":"https:\/\/my-french-grocery.com\/es\/producto\/locion-corporal-nutritiva-aceite-de-albaricoque-karite-efecto-solar-para-pieles-oscuras-mixa\/","title":{"rendered":"Loci\u00f3n Corporal Nutritiva Aceite De Albaricoque &#038; Karit\u00e9 Efecto Solar Para Pieles Oscuras Mixa"},"content":{"rendered":"<p>Loci\u00f3n Corporal Nutritiva Aceite De Albaricoque &amp; Karit\u00e9 Efecto Solar Para Pieles Oscuras Mixa<\/p>\n<div class=\"pdp-card__header--text\">\n<div class=\"pdp-card__header--text\">\n<p id=\"tw-target-text\" class=\"tw-data-text tw-text-large tw-ta\" dir=\"ltr\" data-placeholder=\"Traduction\"><span class=\"Y2IQFc\" lang=\"es\">botella de 25<\/span><span class=\"ds-body-text ds-body-text--weight-bold ds-body-text--size-m ds-body-text--color-standard-2\">0ml<\/span><\/p>\n<div class=\"saz_next_widget\" data-referer=\"carrefour_widget\" data-ean=\"3600550199291\" data-type=\"RatingsCRF\"><span>Descubre la Leche Corporal Nutritiva Efecto Sol, formulada con un activo autobronceador de origen vegetal.\u00a0<\/span><span>Ilumina la piel desde la primera aplicaci\u00f3n y le aporta un bronceado ligero, natural y uniforme.\u00a0<\/span><span>La piel queda iluminada, nutrida y sublimada.<\/span><\/div>\n<\/div>\n<\/div>\n","protected":false},"excerpt":{"rendered":"<p>Loci\u00f3n Corporal Nutritiva Aceite De Albaricoque &amp; Karit\u00e9 Efecto Solar Para Pieles Oscuras Mixa<\/p>\n<div class=\"pdp-card__header--text\">\n<div class=\"pdp-card__header--text\">\n<p id=\"tw-target-text\" class=\"tw-data-text tw-text-large tw-ta\" dir=\"ltr\" data-placeholder=\"Traduction\"><span class=\"Y2IQFc\" lang=\"es\">botella de 25<\/span><span class=\"ds-body-text ds-body-text--weight-bold ds-body-text--size-m ds-body-text--color-standard-2\">0ml<\/span><\/p>\n<\/div>\n<\/div>\n","protected":false},"featured_media":34446,"comment_status":"open","ping_status":"closed","template":"","meta":[],"pwb-brand":[2760],"product_brand":[],"product_cat":[2754],"product_tag":[2765,2759],"class_list":{"0":"post-34437","1":"product","2":"type-product","3":"status-publish","4":"has-post-thumbnail","6":"pwb-brand-mixa-es","7":"product_cat-cuidado-del-cuerpo","8":"product_tag-cuidado-del-cuerpo","9":"product_tag-mixa-es","10":"product_shipping_class-expedicion-mundial","12":"first","13":"instock","14":"taxable","15":"shipping-taxable","16":"purchasable","17":"product-type-simple"},"yoast_head":"<!-- This site is optimized with the Yoast SEO plugin v27.4 - https:\/\/yoast.com\/product\/yoast-seo-wordpress\/ -->\n<title>Loci\u00f3n Corporal Nutritiva Aceite De Albaricoque &amp; Karit\u00e9 Efecto Solar Para Pieles Oscuras Mixa | Comprar En Linea | My French Grocery<\/title>\n<meta name=\"description\" content=\"Loci\u00f3n Corporal Nutritiva Aceite De Albaricoque &amp; Karit\u00e9 Efecto Solar Para Pieles Oscuras Mixa- botella de 250ml - Descubre la Leche Corporal Nutritiva Efecto Sol, formulada con un activo autobronceador\" \/>\n<meta name=\"robots\" content=\"index, follow, max-snippet:-1, max-image-preview:large, max-video-preview:-1\" \/>\n<link rel=\"canonical\" href=\"https:\/\/my-french-grocery.com\/es\/producto\/locion-corporal-nutritiva-aceite-de-albaricoque-karite-efecto-solar-para-pieles-oscuras-mixa\/\" \/>\n<meta property=\"og:locale\" content=\"es_ES\" \/>\n<meta property=\"og:type\" content=\"article\" \/>\n<meta property=\"og:title\" content=\"Loci\u00f3n Corporal Nutritiva Aceite De Albaricoque &amp; Karit\u00e9 Efecto Solar Para Pieles Oscuras Mixa | Comprar En Linea | My French Grocery\" \/>\n<meta property=\"og:description\" content=\"Loci\u00f3n Corporal Nutritiva Aceite De Albaricoque &amp; Karit\u00e9 Efecto Solar Para Pieles Oscuras Mixa- botella de 250ml - Descubre la Leche Corporal Nutritiva Efecto Sol, formulada con un activo autobronceador\" \/>\n<meta property=\"og:url\" content=\"https:\/\/my-french-grocery.com\/es\/producto\/locion-corporal-nutritiva-aceite-de-albaricoque-karite-efecto-solar-para-pieles-oscuras-mixa\/\" \/>\n<meta property=\"og:site_name\" content=\"My French Grocery\" \/>\n<meta property=\"article:publisher\" content=\"https:\/\/www.facebook.com\/myfrenchgrocery\/\" \/>\n<meta property=\"article:modified_time\" content=\"2023-07-17T13:17:29+00:00\" \/>\n<meta property=\"og:image\" content=\"https:\/\/my-french-grocery.com\/wp-content\/uploads\/2023\/07\/MIXA-Intensive-Nourishing-body-milk-with-apricot-oil-and-shea-sun-effect-for-dark-skin.jpeg\" \/>\n\t<meta property=\"og:image:width\" content=\"1200\" \/>\n\t<meta property=\"og:image:height\" content=\"1200\" \/>\n\t<meta property=\"og:image:type\" content=\"image\/jpeg\" \/>\n<meta name=\"twitter:card\" content=\"summary_large_image\" \/>\n<script type=\"application\/ld+json\" class=\"yoast-schema-graph\">{\"@context\":\"https:\\\/\\\/schema.org\",\"@graph\":[{\"@type\":\"WebPage\",\"@id\":\"https:\\\/\\\/my-french-grocery.com\\\/es\\\/producto\\\/locion-corporal-nutritiva-aceite-de-albaricoque-karite-efecto-solar-para-pieles-oscuras-mixa\\\/\",\"url\":\"https:\\\/\\\/my-french-grocery.com\\\/es\\\/producto\\\/locion-corporal-nutritiva-aceite-de-albaricoque-karite-efecto-solar-para-pieles-oscuras-mixa\\\/\",\"name\":\"Loci\u00f3n Corporal Nutritiva Aceite De Albaricoque & Karit\u00e9 Efecto Solar Para Pieles Oscuras Mixa | Comprar En Linea | My French Grocery\",\"isPartOf\":{\"@id\":\"https:\\\/\\\/my-french-grocery.com\\\/es\\\/#website\"},\"primaryImageOfPage\":{\"@id\":\"https:\\\/\\\/my-french-grocery.com\\\/es\\\/producto\\\/locion-corporal-nutritiva-aceite-de-albaricoque-karite-efecto-solar-para-pieles-oscuras-mixa\\\/#primaryimage\"},\"image\":{\"@id\":\"https:\\\/\\\/my-french-grocery.com\\\/es\\\/producto\\\/locion-corporal-nutritiva-aceite-de-albaricoque-karite-efecto-solar-para-pieles-oscuras-mixa\\\/#primaryimage\"},\"thumbnailUrl\":\"https:\\\/\\\/my-french-grocery.com\\\/wp-content\\\/uploads\\\/2023\\\/07\\\/MIXA-Intensive-Nourishing-body-milk-with-apricot-oil-and-shea-sun-effect-for-dark-skin.jpeg\",\"datePublished\":\"2023-07-17T13:02:38+00:00\",\"dateModified\":\"2023-07-17T13:17:29+00:00\",\"description\":\"Loci\u00f3n Corporal Nutritiva Aceite De Albaricoque & Karit\u00e9 Efecto Solar Para Pieles Oscuras Mixa- botella de 250ml - Descubre la Leche Corporal Nutritiva Efecto Sol, formulada con un activo autobronceador\",\"breadcrumb\":{\"@id\":\"https:\\\/\\\/my-french-grocery.com\\\/es\\\/producto\\\/locion-corporal-nutritiva-aceite-de-albaricoque-karite-efecto-solar-para-pieles-oscuras-mixa\\\/#breadcrumb\"},\"inLanguage\":\"es-ES\",\"potentialAction\":[{\"@type\":\"ReadAction\",\"target\":[\"https:\\\/\\\/my-french-grocery.com\\\/es\\\/producto\\\/locion-corporal-nutritiva-aceite-de-albaricoque-karite-efecto-solar-para-pieles-oscuras-mixa\\\/\"]}]},{\"@type\":\"ImageObject\",\"inLanguage\":\"es-ES\",\"@id\":\"https:\\\/\\\/my-french-grocery.com\\\/es\\\/producto\\\/locion-corporal-nutritiva-aceite-de-albaricoque-karite-efecto-solar-para-pieles-oscuras-mixa\\\/#primaryimage\",\"url\":\"https:\\\/\\\/my-french-grocery.com\\\/wp-content\\\/uploads\\\/2023\\\/07\\\/MIXA-Intensive-Nourishing-body-milk-with-apricot-oil-and-shea-sun-effect-for-dark-skin.jpeg\",\"contentUrl\":\"https:\\\/\\\/my-french-grocery.com\\\/wp-content\\\/uploads\\\/2023\\\/07\\\/MIXA-Intensive-Nourishing-body-milk-with-apricot-oil-and-shea-sun-effect-for-dark-skin.jpeg\",\"width\":1200,\"height\":1200,\"caption\":\"Loci\u00f3n Corporal Nutritiva Aceite De Albaricoque & Karit\u00e9 Efecto Solar Para Pieles Oscuras Mixa\"},{\"@type\":\"BreadcrumbList\",\"@id\":\"https:\\\/\\\/my-french-grocery.com\\\/es\\\/producto\\\/locion-corporal-nutritiva-aceite-de-albaricoque-karite-efecto-solar-para-pieles-oscuras-mixa\\\/#breadcrumb\",\"itemListElement\":[{\"@type\":\"ListItem\",\"position\":1,\"name\":\"Home\",\"item\":\"https:\\\/\\\/my-french-grocery.com\\\/es\\\/tienda-2\\\/\"},{\"@type\":\"ListItem\",\"position\":2,\"name\":\"Shop\",\"item\":\"https:\\\/\\\/my-french-grocery.com\\\/shop\\\/\"},{\"@type\":\"ListItem\",\"position\":3,\"name\":\"cosm\u00e9ticos\",\"item\":\"https:\\\/\\\/my-french-grocery.com\\\/es\\\/categoria-producto\\\/cosmeticos\\\/\"},{\"@type\":\"ListItem\",\"position\":4,\"name\":\"Cuidado Del Cuerpo\",\"item\":\"https:\\\/\\\/my-french-grocery.com\\\/es\\\/categoria-producto\\\/cuidado-del-cuerpo\\\/\"},{\"@type\":\"ListItem\",\"position\":5,\"name\":\"Loci\u00f3n Corporal Nutritiva Aceite De Albaricoque &#038; Karit\u00e9 Efecto Solar Para Pieles Oscuras Mixa\"}]},{\"@type\":\"WebSite\",\"@id\":\"https:\\\/\\\/my-french-grocery.com\\\/es\\\/#website\",\"url\":\"https:\\\/\\\/my-french-grocery.com\\\/es\\\/\",\"name\":\"My French Grocery\",\"description\":\"Your Online French Grocery  !\",\"publisher\":{\"@id\":\"https:\\\/\\\/my-french-grocery.com\\\/es\\\/#organization\"},\"potentialAction\":[{\"@type\":\"SearchAction\",\"target\":{\"@type\":\"EntryPoint\",\"urlTemplate\":\"https:\\\/\\\/my-french-grocery.com\\\/es\\\/?s={search_term_string}\"},\"query-input\":{\"@type\":\"PropertyValueSpecification\",\"valueRequired\":true,\"valueName\":\"search_term_string\"}}],\"inLanguage\":\"es-ES\"},{\"@type\":\"Organization\",\"@id\":\"https:\\\/\\\/my-french-grocery.com\\\/es\\\/#organization\",\"name\":\"MY FRENCH GROCERY\",\"url\":\"https:\\\/\\\/my-french-grocery.com\\\/es\\\/\",\"logo\":{\"@type\":\"ImageObject\",\"inLanguage\":\"es-ES\",\"@id\":\"https:\\\/\\\/my-french-grocery.com\\\/es\\\/#\\\/schema\\\/logo\\\/image\\\/\",\"url\":\"https:\\\/\\\/my-french-grocery.com\\\/wp-content\\\/uploads\\\/2021\\\/11\\\/My-French-Grocery-Online-French-Grocery.png\",\"contentUrl\":\"https:\\\/\\\/my-french-grocery.com\\\/wp-content\\\/uploads\\\/2021\\\/11\\\/My-French-Grocery-Online-French-Grocery.png\",\"width\":100,\"height\":100,\"caption\":\"MY FRENCH GROCERY\"},\"image\":{\"@id\":\"https:\\\/\\\/my-french-grocery.com\\\/es\\\/#\\\/schema\\\/logo\\\/image\\\/\"},\"sameAs\":[\"https:\\\/\\\/www.facebook.com\\\/myfrenchgrocery\\\/\"]}]}<\/script>\n<!-- \/ Yoast SEO plugin. -->","yoast_head_json":{"title":"Loci\u00f3n Corporal Nutritiva Aceite De Albaricoque & Karit\u00e9 Efecto Solar Para Pieles Oscuras Mixa | Comprar En Linea | My French Grocery","description":"Loci\u00f3n Corporal Nutritiva Aceite De Albaricoque & Karit\u00e9 Efecto Solar Para Pieles Oscuras Mixa- botella de 250ml - Descubre la Leche Corporal Nutritiva Efecto Sol, formulada con un activo autobronceador","robots":{"index":"index","follow":"follow","max-snippet":"max-snippet:-1","max-image-preview":"max-image-preview:large","max-video-preview":"max-video-preview:-1"},"canonical":"https:\/\/my-french-grocery.com\/es\/producto\/locion-corporal-nutritiva-aceite-de-albaricoque-karite-efecto-solar-para-pieles-oscuras-mixa\/","og_locale":"es_ES","og_type":"article","og_title":"Loci\u00f3n Corporal Nutritiva Aceite De Albaricoque & Karit\u00e9 Efecto Solar Para Pieles Oscuras Mixa | Comprar En Linea | My French Grocery","og_description":"Loci\u00f3n Corporal Nutritiva Aceite De Albaricoque & Karit\u00e9 Efecto Solar Para Pieles Oscuras Mixa- botella de 250ml - Descubre la Leche Corporal Nutritiva Efecto Sol, formulada con un activo autobronceador","og_url":"https:\/\/my-french-grocery.com\/es\/producto\/locion-corporal-nutritiva-aceite-de-albaricoque-karite-efecto-solar-para-pieles-oscuras-mixa\/","og_site_name":"My French Grocery","article_publisher":"https:\/\/www.facebook.com\/myfrenchgrocery\/","article_modified_time":"2023-07-17T13:17:29+00:00","og_image":[{"width":1200,"height":1200,"url":"https:\/\/my-french-grocery.com\/wp-content\/uploads\/2023\/07\/MIXA-Intensive-Nourishing-body-milk-with-apricot-oil-and-shea-sun-effect-for-dark-skin.jpeg","type":"image\/jpeg"}],"twitter_card":"summary_large_image","schema":{"@context":"https:\/\/schema.org","@graph":[{"@type":"WebPage","@id":"https:\/\/my-french-grocery.com\/es\/producto\/locion-corporal-nutritiva-aceite-de-albaricoque-karite-efecto-solar-para-pieles-oscuras-mixa\/","url":"https:\/\/my-french-grocery.com\/es\/producto\/locion-corporal-nutritiva-aceite-de-albaricoque-karite-efecto-solar-para-pieles-oscuras-mixa\/","name":"Loci\u00f3n Corporal Nutritiva Aceite De Albaricoque & Karit\u00e9 Efecto Solar Para Pieles Oscuras Mixa | Comprar En Linea | My French Grocery","isPartOf":{"@id":"https:\/\/my-french-grocery.com\/es\/#website"},"primaryImageOfPage":{"@id":"https:\/\/my-french-grocery.com\/es\/producto\/locion-corporal-nutritiva-aceite-de-albaricoque-karite-efecto-solar-para-pieles-oscuras-mixa\/#primaryimage"},"image":{"@id":"https:\/\/my-french-grocery.com\/es\/producto\/locion-corporal-nutritiva-aceite-de-albaricoque-karite-efecto-solar-para-pieles-oscuras-mixa\/#primaryimage"},"thumbnailUrl":"https:\/\/my-french-grocery.com\/wp-content\/uploads\/2023\/07\/MIXA-Intensive-Nourishing-body-milk-with-apricot-oil-and-shea-sun-effect-for-dark-skin.jpeg","datePublished":"2023-07-17T13:02:38+00:00","dateModified":"2023-07-17T13:17:29+00:00","description":"Loci\u00f3n Corporal Nutritiva Aceite De Albaricoque & Karit\u00e9 Efecto Solar Para Pieles Oscuras Mixa- botella de 250ml - Descubre la Leche Corporal Nutritiva Efecto Sol, formulada con un activo autobronceador","breadcrumb":{"@id":"https:\/\/my-french-grocery.com\/es\/producto\/locion-corporal-nutritiva-aceite-de-albaricoque-karite-efecto-solar-para-pieles-oscuras-mixa\/#breadcrumb"},"inLanguage":"es-ES","potentialAction":[{"@type":"ReadAction","target":["https:\/\/my-french-grocery.com\/es\/producto\/locion-corporal-nutritiva-aceite-de-albaricoque-karite-efecto-solar-para-pieles-oscuras-mixa\/"]}]},{"@type":"ImageObject","inLanguage":"es-ES","@id":"https:\/\/my-french-grocery.com\/es\/producto\/locion-corporal-nutritiva-aceite-de-albaricoque-karite-efecto-solar-para-pieles-oscuras-mixa\/#primaryimage","url":"https:\/\/my-french-grocery.com\/wp-content\/uploads\/2023\/07\/MIXA-Intensive-Nourishing-body-milk-with-apricot-oil-and-shea-sun-effect-for-dark-skin.jpeg","contentUrl":"https:\/\/my-french-grocery.com\/wp-content\/uploads\/2023\/07\/MIXA-Intensive-Nourishing-body-milk-with-apricot-oil-and-shea-sun-effect-for-dark-skin.jpeg","width":1200,"height":1200,"caption":"Loci\u00f3n Corporal Nutritiva Aceite De Albaricoque & Karit\u00e9 Efecto Solar Para Pieles Oscuras Mixa"},{"@type":"BreadcrumbList","@id":"https:\/\/my-french-grocery.com\/es\/producto\/locion-corporal-nutritiva-aceite-de-albaricoque-karite-efecto-solar-para-pieles-oscuras-mixa\/#breadcrumb","itemListElement":[{"@type":"ListItem","position":1,"name":"Home","item":"https:\/\/my-french-grocery.com\/es\/tienda-2\/"},{"@type":"ListItem","position":2,"name":"Shop","item":"https:\/\/my-french-grocery.com\/shop\/"},{"@type":"ListItem","position":3,"name":"cosm\u00e9ticos","item":"https:\/\/my-french-grocery.com\/es\/categoria-producto\/cosmeticos\/"},{"@type":"ListItem","position":4,"name":"Cuidado Del Cuerpo","item":"https:\/\/my-french-grocery.com\/es\/categoria-producto\/cuidado-del-cuerpo\/"},{"@type":"ListItem","position":5,"name":"Loci\u00f3n Corporal Nutritiva Aceite De Albaricoque &#038; Karit\u00e9 Efecto Solar Para Pieles Oscuras Mixa"}]},{"@type":"WebSite","@id":"https:\/\/my-french-grocery.com\/es\/#website","url":"https:\/\/my-french-grocery.com\/es\/","name":"My French Grocery","description":"Your Online French Grocery  !","publisher":{"@id":"https:\/\/my-french-grocery.com\/es\/#organization"},"potentialAction":[{"@type":"SearchAction","target":{"@type":"EntryPoint","urlTemplate":"https:\/\/my-french-grocery.com\/es\/?s={search_term_string}"},"query-input":{"@type":"PropertyValueSpecification","valueRequired":true,"valueName":"search_term_string"}}],"inLanguage":"es-ES"},{"@type":"Organization","@id":"https:\/\/my-french-grocery.com\/es\/#organization","name":"MY FRENCH GROCERY","url":"https:\/\/my-french-grocery.com\/es\/","logo":{"@type":"ImageObject","inLanguage":"es-ES","@id":"https:\/\/my-french-grocery.com\/es\/#\/schema\/logo\/image\/","url":"https:\/\/my-french-grocery.com\/wp-content\/uploads\/2021\/11\/My-French-Grocery-Online-French-Grocery.png","contentUrl":"https:\/\/my-french-grocery.com\/wp-content\/uploads\/2021\/11\/My-French-Grocery-Online-French-Grocery.png","width":100,"height":100,"caption":"MY FRENCH GROCERY"},"image":{"@id":"https:\/\/my-french-grocery.com\/es\/#\/schema\/logo\/image\/"},"sameAs":["https:\/\/www.facebook.com\/myfrenchgrocery\/"]}]}},"brands":[{"id":2760,"name":"Mixa","slug":"mixa-es"}],"_links":{"self":[{"href":"https:\/\/my-french-grocery.com\/es\/wp-json\/wp\/v2\/product\/34437","targetHints":{"allow":["GET"]}}],"collection":[{"href":"https:\/\/my-french-grocery.com\/es\/wp-json\/wp\/v2\/product"}],"about":[{"href":"https:\/\/my-french-grocery.com\/es\/wp-json\/wp\/v2\/types\/product"}],"replies":[{"embeddable":true,"href":"https:\/\/my-french-grocery.com\/es\/wp-json\/wp\/v2\/comments?post=34437"}],"wp:featuredmedia":[{"embeddable":true,"href":"https:\/\/my-french-grocery.com\/es\/wp-json\/wp\/v2\/media\/34446"}],"wp:attachment":[{"href":"https:\/\/my-french-grocery.com\/es\/wp-json\/wp\/v2\/media?parent=34437"}],"wp:term":[{"taxonomy":"pwb-brand","embeddable":true,"href":"https:\/\/my-french-grocery.com\/es\/wp-json\/wp\/v2\/pwb-brand?post=34437"},{"taxonomy":"product_brand","embeddable":true,"href":"https:\/\/my-french-grocery.com\/es\/wp-json\/wp\/v2\/product_brand?post=34437"},{"taxonomy":"product_cat","embeddable":true,"href":"https:\/\/my-french-grocery.com\/es\/wp-json\/wp\/v2\/product_cat?post=34437"},{"taxonomy":"product_tag","embeddable":true,"href":"https:\/\/my-french-grocery.com\/es\/wp-json\/wp\/v2\/product_tag?post=34437"}],"curies":[{"name":"wp","href":"https:\/\/api.w.org\/{rel}","templated":true}]}}