{"id":34449,"date":"2023-07-17T15:22:40","date_gmt":"2023-07-17T13:22:41","guid":{"rendered":"https:\/\/my-french-grocery.com\/?post_type=product&#038;p=34449"},"modified":"2023-07-17T15:31:09","modified_gmt":"2023-07-17T13:31:09","slug":"locion-corporal-nutritiva-aceite-de-albaricoque-karite-efecto-solar-para-piel-blanca-mixa","status":"publish","type":"product","link":"https:\/\/my-french-grocery.com\/es\/producto\/locion-corporal-nutritiva-aceite-de-albaricoque-karite-efecto-solar-para-piel-blanca-mixa\/","title":{"rendered":"Loci\u00f3n Corporal Nutritiva Aceite De Albaricoque &#038; Karit\u00e9 Efecto Solar Para Piel Blanca Mixa"},"content":{"rendered":"<p>Loci\u00f3n Corporal Nutritiva Aceite De Albaricoque & Karit\u00e9 Efecto Solar Para Piel Blanca Mixa<\/p>\n<div class=\"pdp-card__header--text\">\n<div class=\"pdp-card__header--text\">\n<p id=\"tw-target-text\" class=\"tw-data-text tw-text-large tw-ta\" dir=\"ltr\" data-placeholder=\"Traduction\"><span class=\"Y2IQFc\" lang=\"es\">botella de 25<\/span><span class=\"ds-body-text ds-body-text--weight-bold ds-body-text--size-m ds-body-text--color-standard-2\">0ml<\/span><\/p>\n<div class=\"saz_next_widget\" data-referer=\"carrefour_widget\" data-ean=\"3600550199291\" data-type=\"RatingsCRF\">Descubre la Leche Corporal Nutritiva Efecto Sol, formulada con un activo autobronceador de origen vegetal.\u00a0Ilumina la piel desde la primera aplicaci\u00f3n y le aporta un bronceado ligero, natural y uniforme.\u00a0La piel queda iluminada, nutrida y sublimada.<\/div>\n<\/div>\n<\/div>\n","protected":false},"excerpt":{"rendered":"<p>Loci\u00f3n Corporal Nutritiva Aceite De Albaricoque &amp; Karit\u00e9 Efecto Solar Para Piel Blanca Mixa<\/p>\n<div class=\"pdp-card__header--text\">\n<div class=\"pdp-card__header--text\">\n<p id=\"tw-target-text\" class=\"tw-data-text tw-text-large tw-ta\" dir=\"ltr\" data-placeholder=\"Traduction\"><span class=\"Y2IQFc\" lang=\"es\">botella de 25<\/span><span class=\"ds-body-text ds-body-text--weight-bold ds-body-text--size-m ds-body-text--color-standard-2\">0ml<\/span><\/p>\n<\/div>\n<\/div>\n","protected":false},"featured_media":34458,"comment_status":"open","ping_status":"closed","template":"","meta":[],"pwb-brand":[2760],"product_brand":[],"product_cat":[2754],"product_tag":[2765,2759],"class_list":{"0":"post-34449","1":"product","2":"type-product","3":"status-publish","4":"has-post-thumbnail","6":"pwb-brand-mixa-es","7":"product_cat-cuidado-del-cuerpo","8":"product_tag-cuidado-del-cuerpo","9":"product_tag-mixa-es","10":"product_shipping_class-expedicion-mundial","12":"first","13":"instock","14":"taxable","15":"shipping-taxable","16":"purchasable","17":"product-type-simple"},"brands":[{"id":2760,"name":"Mixa","slug":"mixa-es"}],"_links":{"self":[{"href":"https:\/\/my-french-grocery.com\/es\/wp-json\/wp\/v2\/product\/34449","targetHints":{"allow":["GET"]}}],"collection":[{"href":"https:\/\/my-french-grocery.com\/es\/wp-json\/wp\/v2\/product"}],"about":[{"href":"https:\/\/my-french-grocery.com\/es\/wp-json\/wp\/v2\/types\/product"}],"replies":[{"embeddable":true,"href":"https:\/\/my-french-grocery.com\/es\/wp-json\/wp\/v2\/comments?post=34449"}],"wp:featuredmedia":[{"embeddable":true,"href":"https:\/\/my-french-grocery.com\/es\/wp-json\/wp\/v2\/media\/34458"}],"wp:attachment":[{"href":"https:\/\/my-french-grocery.com\/es\/wp-json\/wp\/v2\/media?parent=34449"}],"wp:term":[{"taxonomy":"pwb-brand","embeddable":true,"href":"https:\/\/my-french-grocery.com\/es\/wp-json\/wp\/v2\/pwb-brand?post=34449"},{"taxonomy":"product_brand","embeddable":true,"href":"https:\/\/my-french-grocery.com\/es\/wp-json\/wp\/v2\/product_brand?post=34449"},{"taxonomy":"product_cat","embeddable":true,"href":"https:\/\/my-french-grocery.com\/es\/wp-json\/wp\/v2\/product_cat?post=34449"},{"taxonomy":"product_tag","embeddable":true,"href":"https:\/\/my-french-grocery.com\/es\/wp-json\/wp\/v2\/product_tag?post=34449"}],"curies":[{"name":"wp","href":"https:\/\/api.w.org\/{rel}","templated":true}]}}