{"id":34813,"date":"2023-08-09T14:16:52","date_gmt":"2023-08-09T12:16:52","guid":{"rendered":"https:\/\/my-french-grocery.com\/?post_type=product&#038;p=34813"},"modified":"2026-02-01T19:39:10","modified_gmt":"2026-02-01T17:39:10","slug":"desodorante-sensitive-protect-nivea-men","status":"publish","type":"product","link":"https:\/\/my-french-grocery.com\/es\/producto\/desodorante-sensitive-protect-nivea-men\/","title":{"rendered":"Desodorante Derma Control Sensitive Nivea Men"},"content":{"rendered":"<p>Desodorante Derma Control Sensitive Nivea Men<\/p>\n<p>Roll-on de 50 ml<\/p>\n<p>El desodorante antitranspirante NIVEA MEN Derma Control Sensitive ha sido desarrollado para ofrecerte una protecci\u00f3n antitranspirante fiable gracias a su f\u00f3rmula Derma 72H Active. Con su f\u00f3rmula experta con \u00e1cido hialur\u00f3nico puro y vitamina E, alivia la irritaci\u00f3n y promueve la regeneraci\u00f3n de la piel. Formulado sin alcohol, protege la piel sensible contra la irritaci\u00f3n.<\/p>\n","protected":false},"excerpt":{"rendered":"<p>Desodorante Derma Control Sensitive Nivea Men<\/p>\n<p>Roll-on de 50 ml<\/p>\n<p>&nbsp;<\/p>\n","protected":false},"featured_media":52563,"comment_status":"open","ping_status":"closed","template":"","meta":[],"pwb-brand":[2049],"product_brand":[],"product_cat":[1669],"product_tag":[1755,4203],"class_list":{"0":"post-34813","1":"product","2":"type-product","3":"status-publish","4":"has-post-thumbnail","6":"pwb-brand-nivea-es","7":"product_cat-desodorantes-antitranspirantes","8":"product_tag-desodorante","9":"product_tag-nivea","10":"product_shipping_class-expedicion-mundial","12":"first","13":"instock","14":"taxable","15":"shipping-taxable","16":"purchasable","17":"product-type-simple"},"brands":[{"id":2049,"name":"Nivea","slug":"nivea-es"}],"_links":{"self":[{"href":"https:\/\/my-french-grocery.com\/es\/wp-json\/wp\/v2\/product\/34813","targetHints":{"allow":["GET"]}}],"collection":[{"href":"https:\/\/my-french-grocery.com\/es\/wp-json\/wp\/v2\/product"}],"about":[{"href":"https:\/\/my-french-grocery.com\/es\/wp-json\/wp\/v2\/types\/product"}],"replies":[{"embeddable":true,"href":"https:\/\/my-french-grocery.com\/es\/wp-json\/wp\/v2\/comments?post=34813"}],"wp:featuredmedia":[{"embeddable":true,"href":"https:\/\/my-french-grocery.com\/es\/wp-json\/wp\/v2\/media\/52563"}],"wp:attachment":[{"href":"https:\/\/my-french-grocery.com\/es\/wp-json\/wp\/v2\/media?parent=34813"}],"wp:term":[{"taxonomy":"pwb-brand","embeddable":true,"href":"https:\/\/my-french-grocery.com\/es\/wp-json\/wp\/v2\/pwb-brand?post=34813"},{"taxonomy":"product_brand","embeddable":true,"href":"https:\/\/my-french-grocery.com\/es\/wp-json\/wp\/v2\/product_brand?post=34813"},{"taxonomy":"product_cat","embeddable":true,"href":"https:\/\/my-french-grocery.com\/es\/wp-json\/wp\/v2\/product_cat?post=34813"},{"taxonomy":"product_tag","embeddable":true,"href":"https:\/\/my-french-grocery.com\/es\/wp-json\/wp\/v2\/product_tag?post=34813"}],"curies":[{"name":"wp","href":"https:\/\/api.w.org\/{rel}","templated":true}]}}