{"id":35079,"date":"2023-08-22T15:33:25","date_gmt":"2023-08-22T13:33:25","guid":{"rendered":"https:\/\/my-french-grocery.com\/?post_type=product&#038;p=35079"},"modified":"2023-08-22T15:46:05","modified_gmt":"2023-08-22T13:46:05","slug":"capsulas-de-cafe-compatible-senseo-espresso-n8-carte-noire","status":"publish","type":"product","link":"https:\/\/my-french-grocery.com\/es\/producto\/capsulas-de-cafe-compatible-senseo-espresso-n8-carte-noire\/","title":{"rendered":"C\u00e1psulas De Caf\u00e9 Compatible Senseo Espresso n\u00b08 Carte Noire"},"content":{"rendered":"<p>C\u00e1psulas De Caf\u00e9 Compatible Senseo Espresso n\u00b08 Carte Noire<\/p>\n<div class=\"pdp-card__header--text\"><span class=\"pl-text pl-text--size-m pl-text--style-p pl-text--bold\"><span>caja de 48 c\u00e1psulas<\/span><\/span><\/p>\n<div class=\"pl-rating\">\n<div class=\"pl-rating__content\"><\/div>\n<\/div>\n<\/div>\n<div><span>Un caf\u00e9 tostado y molido en Francia.\u00a0<\/span><span>Para los Maestros Tostadores de Carte Noire, todo comienza con la calidad de los granos: desde la intensidad hasta las notas arom\u00e1ticas, desde el saber hacer hasta el compromiso, el grano est\u00e1 en el coraz\u00f3n de todo un mundo vivo.\u00a0<\/span><span>Nuestros maestros tostadores trabajan con pasi\u00f3n desde Lav\u00e9rune, en el sur de Francia, para satisfacer todos sus deseos y preservar la riqueza de los aromas de los caf\u00e9s Carte Noire.\u00a0<\/span><span>Aprovecha esta cualidad \u00fanica en c\u00e1psulas blandas compostables industrialmente<\/span><\/div>\n","protected":false},"excerpt":{"rendered":"<p>C\u00e1psulas De Caf\u00e9 Compatible Senseo Espresso n\u00b08 Carte Noire<\/p>\n<div class=\"pdp-card__header--text\"><span class=\"pl-text pl-text--size-m pl-text--style-p pl-text--bold\">caja de 48 c\u00e1psulas<\/span><\/div>\n","protected":false},"featured_media":35088,"comment_status":"open","ping_status":"closed","template":"","meta":[],"pwb-brand":[571],"product_brand":[],"product_cat":[1721],"product_tag":[],"class_list":{"0":"post-35079","1":"product","2":"type-product","3":"status-publish","4":"has-post-thumbnail","6":"pwb-brand-carte-noire-es","7":"product_cat-cafe-achicoria","8":"product_shipping_class-expedicion-mundial","10":"first","11":"instock","12":"taxable","13":"shipping-taxable","14":"purchasable","15":"product-type-simple"},"yoast_head":"<!-- This site is optimized with the Yoast SEO plugin v27.3 - https:\/\/yoast.com\/product\/yoast-seo-wordpress\/ -->\n<title>C\u00e1psulas De Caf\u00e9 Compatible Senseo Espresso n\u00b08 Carte Noire | Comprar En Linea | My French Grocery<\/title>\n<meta name=\"description\" content=\"C\u00e1psulas De Caf\u00e9 Compatible Senseo Espresso n\u00b08 Carte Noire - caja de 48 c\u00e1psulas - Un caf\u00e9 tostado y molido en Francia.\u00a0Para los Maestros Tostadores de Carte Noire, todo comienza con la calidad de los granos\" \/>\n<meta name=\"robots\" content=\"index, follow, max-snippet:-1, max-image-preview:large, max-video-preview:-1\" \/>\n<link rel=\"canonical\" href=\"https:\/\/my-french-grocery.com\/es\/producto\/capsulas-de-cafe-compatible-senseo-espresso-n8-carte-noire\/\" \/>\n<meta property=\"og:locale\" content=\"es_ES\" \/>\n<meta property=\"og:type\" content=\"article\" \/>\n<meta property=\"og:title\" content=\"C\u00e1psulas De Caf\u00e9 Compatible Senseo Espresso n\u00b08 Carte Noire | Comprar En Linea | My French Grocery\" \/>\n<meta property=\"og:description\" content=\"C\u00e1psulas De Caf\u00e9 Compatible Senseo Espresso n\u00b08 Carte Noire - caja de 48 c\u00e1psulas - Un caf\u00e9 tostado y molido en Francia.\u00a0Para los Maestros Tostadores de Carte Noire, todo comienza con la calidad de los granos\" \/>\n<meta property=\"og:url\" content=\"https:\/\/my-french-grocery.com\/es\/producto\/capsulas-de-cafe-compatible-senseo-espresso-n8-carte-noire\/\" \/>\n<meta property=\"og:site_name\" content=\"My French Grocery\" \/>\n<meta property=\"article:publisher\" content=\"https:\/\/www.facebook.com\/myfrenchgrocery\/\" \/>\n<meta property=\"article:modified_time\" content=\"2023-08-22T13:46:05+00:00\" \/>\n<meta property=\"og:image\" content=\"https:\/\/my-french-grocery.com\/wp-content\/uploads\/2023\/08\/Coffee-pods-Compatible-Senseo-Espresso-n\u00b08.jpg\" \/>\n\t<meta property=\"og:image:width\" content=\"1500\" \/>\n\t<meta property=\"og:image:height\" content=\"1500\" \/>\n\t<meta property=\"og:image:type\" content=\"image\/jpeg\" \/>\n<meta name=\"twitter:card\" content=\"summary_large_image\" \/>\n<meta name=\"twitter:label1\" content=\"Tiempo de lectura\" \/>\n\t<meta name=\"twitter:data1\" content=\"1 minute\" \/>\n<script type=\"application\/ld+json\" class=\"yoast-schema-graph\">{\"@context\":\"https:\\\/\\\/schema.org\",\"@graph\":[{\"@type\":\"WebPage\",\"@id\":\"https:\\\/\\\/my-french-grocery.com\\\/es\\\/producto\\\/capsulas-de-cafe-compatible-senseo-espresso-n8-carte-noire\\\/\",\"url\":\"https:\\\/\\\/my-french-grocery.com\\\/es\\\/producto\\\/capsulas-de-cafe-compatible-senseo-espresso-n8-carte-noire\\\/\",\"name\":\"C\u00e1psulas De Caf\u00e9 Compatible Senseo Espresso n\u00b08 Carte Noire | Comprar En Linea | My French Grocery\",\"isPartOf\":{\"@id\":\"https:\\\/\\\/my-french-grocery.com\\\/es\\\/#website\"},\"primaryImageOfPage\":{\"@id\":\"https:\\\/\\\/my-french-grocery.com\\\/es\\\/producto\\\/capsulas-de-cafe-compatible-senseo-espresso-n8-carte-noire\\\/#primaryimage\"},\"image\":{\"@id\":\"https:\\\/\\\/my-french-grocery.com\\\/es\\\/producto\\\/capsulas-de-cafe-compatible-senseo-espresso-n8-carte-noire\\\/#primaryimage\"},\"thumbnailUrl\":\"https:\\\/\\\/my-french-grocery.com\\\/wp-content\\\/uploads\\\/2023\\\/08\\\/Coffee-pods-Compatible-Senseo-Espresso-n\u00b08.jpg\",\"datePublished\":\"2023-08-22T13:33:25+00:00\",\"dateModified\":\"2023-08-22T13:46:05+00:00\",\"description\":\"C\u00e1psulas De Caf\u00e9 Compatible Senseo Espresso n\u00b08 Carte Noire - caja de 48 c\u00e1psulas - Un caf\u00e9 tostado y molido en Francia.\u00a0Para los Maestros Tostadores de Carte Noire, todo comienza con la calidad de los granos\",\"breadcrumb\":{\"@id\":\"https:\\\/\\\/my-french-grocery.com\\\/es\\\/producto\\\/capsulas-de-cafe-compatible-senseo-espresso-n8-carte-noire\\\/#breadcrumb\"},\"inLanguage\":\"es-ES\",\"potentialAction\":[{\"@type\":\"ReadAction\",\"target\":[\"https:\\\/\\\/my-french-grocery.com\\\/es\\\/producto\\\/capsulas-de-cafe-compatible-senseo-espresso-n8-carte-noire\\\/\"]}]},{\"@type\":\"ImageObject\",\"inLanguage\":\"es-ES\",\"@id\":\"https:\\\/\\\/my-french-grocery.com\\\/es\\\/producto\\\/capsulas-de-cafe-compatible-senseo-espresso-n8-carte-noire\\\/#primaryimage\",\"url\":\"https:\\\/\\\/my-french-grocery.com\\\/wp-content\\\/uploads\\\/2023\\\/08\\\/Coffee-pods-Compatible-Senseo-Espresso-n\u00b08.jpg\",\"contentUrl\":\"https:\\\/\\\/my-french-grocery.com\\\/wp-content\\\/uploads\\\/2023\\\/08\\\/Coffee-pods-Compatible-Senseo-Espresso-n\u00b08.jpg\",\"width\":1500,\"height\":1500,\"caption\":\"C\u00e1psulas De Caf\u00e9 Compatible Senseo Espresso n\u00b08 Carte Noire\"},{\"@type\":\"BreadcrumbList\",\"@id\":\"https:\\\/\\\/my-french-grocery.com\\\/es\\\/producto\\\/capsulas-de-cafe-compatible-senseo-espresso-n8-carte-noire\\\/#breadcrumb\",\"itemListElement\":[{\"@type\":\"ListItem\",\"position\":1,\"name\":\"Home\",\"item\":\"https:\\\/\\\/my-french-grocery.com\\\/es\\\/tienda-2\\\/\"},{\"@type\":\"ListItem\",\"position\":2,\"name\":\"Shop\",\"item\":\"https:\\\/\\\/my-french-grocery.com\\\/shop\\\/\"},{\"@type\":\"ListItem\",\"position\":3,\"name\":\"Comida\",\"item\":\"https:\\\/\\\/my-french-grocery.com\\\/es\\\/categoria-producto\\\/comida\\\/\"},{\"@type\":\"ListItem\",\"position\":4,\"name\":\"T\u00e9, Caf\u00e9, Chocolate En Polvo\",\"item\":\"https:\\\/\\\/my-french-grocery.com\\\/es\\\/categoria-producto\\\/comida\\\/te-cafe-chocolate-en-polvo\\\/\"},{\"@type\":\"ListItem\",\"position\":5,\"name\":\"Caf\u00e9 &amp; Achicoria\",\"item\":\"https:\\\/\\\/my-french-grocery.com\\\/es\\\/categoria-producto\\\/comida\\\/te-cafe-chocolate-en-polvo\\\/cafe-achicoria\\\/\"},{\"@type\":\"ListItem\",\"position\":6,\"name\":\"C\u00e1psulas De Caf\u00e9 Compatible Senseo Espresso n\u00b08 Carte Noire\"}]},{\"@type\":\"WebSite\",\"@id\":\"https:\\\/\\\/my-french-grocery.com\\\/es\\\/#website\",\"url\":\"https:\\\/\\\/my-french-grocery.com\\\/es\\\/\",\"name\":\"My French Grocery\",\"description\":\"Your Online French Grocery  !\",\"publisher\":{\"@id\":\"https:\\\/\\\/my-french-grocery.com\\\/es\\\/#organization\"},\"potentialAction\":[{\"@type\":\"SearchAction\",\"target\":{\"@type\":\"EntryPoint\",\"urlTemplate\":\"https:\\\/\\\/my-french-grocery.com\\\/es\\\/?s={search_term_string}\"},\"query-input\":{\"@type\":\"PropertyValueSpecification\",\"valueRequired\":true,\"valueName\":\"search_term_string\"}}],\"inLanguage\":\"es-ES\"},{\"@type\":\"Organization\",\"@id\":\"https:\\\/\\\/my-french-grocery.com\\\/es\\\/#organization\",\"name\":\"MY FRENCH GROCERY\",\"url\":\"https:\\\/\\\/my-french-grocery.com\\\/es\\\/\",\"logo\":{\"@type\":\"ImageObject\",\"inLanguage\":\"es-ES\",\"@id\":\"https:\\\/\\\/my-french-grocery.com\\\/es\\\/#\\\/schema\\\/logo\\\/image\\\/\",\"url\":\"https:\\\/\\\/my-french-grocery.com\\\/wp-content\\\/uploads\\\/2021\\\/11\\\/My-French-Grocery-Online-French-Grocery.png\",\"contentUrl\":\"https:\\\/\\\/my-french-grocery.com\\\/wp-content\\\/uploads\\\/2021\\\/11\\\/My-French-Grocery-Online-French-Grocery.png\",\"width\":100,\"height\":100,\"caption\":\"MY FRENCH GROCERY\"},\"image\":{\"@id\":\"https:\\\/\\\/my-french-grocery.com\\\/es\\\/#\\\/schema\\\/logo\\\/image\\\/\"},\"sameAs\":[\"https:\\\/\\\/www.facebook.com\\\/myfrenchgrocery\\\/\"]}]}<\/script>\n<!-- \/ Yoast SEO plugin. -->","yoast_head_json":{"title":"C\u00e1psulas De Caf\u00e9 Compatible Senseo Espresso n\u00b08 Carte Noire | Comprar En Linea | My French Grocery","description":"C\u00e1psulas De Caf\u00e9 Compatible Senseo Espresso n\u00b08 Carte Noire - caja de 48 c\u00e1psulas - Un caf\u00e9 tostado y molido en Francia.\u00a0Para los Maestros Tostadores de Carte Noire, todo comienza con la calidad de los granos","robots":{"index":"index","follow":"follow","max-snippet":"max-snippet:-1","max-image-preview":"max-image-preview:large","max-video-preview":"max-video-preview:-1"},"canonical":"https:\/\/my-french-grocery.com\/es\/producto\/capsulas-de-cafe-compatible-senseo-espresso-n8-carte-noire\/","og_locale":"es_ES","og_type":"article","og_title":"C\u00e1psulas De Caf\u00e9 Compatible Senseo Espresso n\u00b08 Carte Noire | Comprar En Linea | My French Grocery","og_description":"C\u00e1psulas De Caf\u00e9 Compatible Senseo Espresso n\u00b08 Carte Noire - caja de 48 c\u00e1psulas - Un caf\u00e9 tostado y molido en Francia.\u00a0Para los Maestros Tostadores de Carte Noire, todo comienza con la calidad de los granos","og_url":"https:\/\/my-french-grocery.com\/es\/producto\/capsulas-de-cafe-compatible-senseo-espresso-n8-carte-noire\/","og_site_name":"My French Grocery","article_publisher":"https:\/\/www.facebook.com\/myfrenchgrocery\/","article_modified_time":"2023-08-22T13:46:05+00:00","og_image":[{"width":1500,"height":1500,"url":"https:\/\/my-french-grocery.com\/wp-content\/uploads\/2023\/08\/Coffee-pods-Compatible-Senseo-Espresso-n\u00b08.jpg","type":"image\/jpeg"}],"twitter_card":"summary_large_image","twitter_misc":{"Tiempo de lectura":"1 minute"},"schema":{"@context":"https:\/\/schema.org","@graph":[{"@type":"WebPage","@id":"https:\/\/my-french-grocery.com\/es\/producto\/capsulas-de-cafe-compatible-senseo-espresso-n8-carte-noire\/","url":"https:\/\/my-french-grocery.com\/es\/producto\/capsulas-de-cafe-compatible-senseo-espresso-n8-carte-noire\/","name":"C\u00e1psulas De Caf\u00e9 Compatible Senseo Espresso n\u00b08 Carte Noire | Comprar En Linea | My French Grocery","isPartOf":{"@id":"https:\/\/my-french-grocery.com\/es\/#website"},"primaryImageOfPage":{"@id":"https:\/\/my-french-grocery.com\/es\/producto\/capsulas-de-cafe-compatible-senseo-espresso-n8-carte-noire\/#primaryimage"},"image":{"@id":"https:\/\/my-french-grocery.com\/es\/producto\/capsulas-de-cafe-compatible-senseo-espresso-n8-carte-noire\/#primaryimage"},"thumbnailUrl":"https:\/\/my-french-grocery.com\/wp-content\/uploads\/2023\/08\/Coffee-pods-Compatible-Senseo-Espresso-n\u00b08.jpg","datePublished":"2023-08-22T13:33:25+00:00","dateModified":"2023-08-22T13:46:05+00:00","description":"C\u00e1psulas De Caf\u00e9 Compatible Senseo Espresso n\u00b08 Carte Noire - caja de 48 c\u00e1psulas - Un caf\u00e9 tostado y molido en Francia.\u00a0Para los Maestros Tostadores de Carte Noire, todo comienza con la calidad de los granos","breadcrumb":{"@id":"https:\/\/my-french-grocery.com\/es\/producto\/capsulas-de-cafe-compatible-senseo-espresso-n8-carte-noire\/#breadcrumb"},"inLanguage":"es-ES","potentialAction":[{"@type":"ReadAction","target":["https:\/\/my-french-grocery.com\/es\/producto\/capsulas-de-cafe-compatible-senseo-espresso-n8-carte-noire\/"]}]},{"@type":"ImageObject","inLanguage":"es-ES","@id":"https:\/\/my-french-grocery.com\/es\/producto\/capsulas-de-cafe-compatible-senseo-espresso-n8-carte-noire\/#primaryimage","url":"https:\/\/my-french-grocery.com\/wp-content\/uploads\/2023\/08\/Coffee-pods-Compatible-Senseo-Espresso-n\u00b08.jpg","contentUrl":"https:\/\/my-french-grocery.com\/wp-content\/uploads\/2023\/08\/Coffee-pods-Compatible-Senseo-Espresso-n\u00b08.jpg","width":1500,"height":1500,"caption":"C\u00e1psulas De Caf\u00e9 Compatible Senseo Espresso n\u00b08 Carte Noire"},{"@type":"BreadcrumbList","@id":"https:\/\/my-french-grocery.com\/es\/producto\/capsulas-de-cafe-compatible-senseo-espresso-n8-carte-noire\/#breadcrumb","itemListElement":[{"@type":"ListItem","position":1,"name":"Home","item":"https:\/\/my-french-grocery.com\/es\/tienda-2\/"},{"@type":"ListItem","position":2,"name":"Shop","item":"https:\/\/my-french-grocery.com\/shop\/"},{"@type":"ListItem","position":3,"name":"Comida","item":"https:\/\/my-french-grocery.com\/es\/categoria-producto\/comida\/"},{"@type":"ListItem","position":4,"name":"T\u00e9, Caf\u00e9, Chocolate En Polvo","item":"https:\/\/my-french-grocery.com\/es\/categoria-producto\/comida\/te-cafe-chocolate-en-polvo\/"},{"@type":"ListItem","position":5,"name":"Caf\u00e9 &amp; Achicoria","item":"https:\/\/my-french-grocery.com\/es\/categoria-producto\/comida\/te-cafe-chocolate-en-polvo\/cafe-achicoria\/"},{"@type":"ListItem","position":6,"name":"C\u00e1psulas De Caf\u00e9 Compatible Senseo Espresso n\u00b08 Carte Noire"}]},{"@type":"WebSite","@id":"https:\/\/my-french-grocery.com\/es\/#website","url":"https:\/\/my-french-grocery.com\/es\/","name":"My French Grocery","description":"Your Online French Grocery  !","publisher":{"@id":"https:\/\/my-french-grocery.com\/es\/#organization"},"potentialAction":[{"@type":"SearchAction","target":{"@type":"EntryPoint","urlTemplate":"https:\/\/my-french-grocery.com\/es\/?s={search_term_string}"},"query-input":{"@type":"PropertyValueSpecification","valueRequired":true,"valueName":"search_term_string"}}],"inLanguage":"es-ES"},{"@type":"Organization","@id":"https:\/\/my-french-grocery.com\/es\/#organization","name":"MY FRENCH GROCERY","url":"https:\/\/my-french-grocery.com\/es\/","logo":{"@type":"ImageObject","inLanguage":"es-ES","@id":"https:\/\/my-french-grocery.com\/es\/#\/schema\/logo\/image\/","url":"https:\/\/my-french-grocery.com\/wp-content\/uploads\/2021\/11\/My-French-Grocery-Online-French-Grocery.png","contentUrl":"https:\/\/my-french-grocery.com\/wp-content\/uploads\/2021\/11\/My-French-Grocery-Online-French-Grocery.png","width":100,"height":100,"caption":"MY FRENCH GROCERY"},"image":{"@id":"https:\/\/my-french-grocery.com\/es\/#\/schema\/logo\/image\/"},"sameAs":["https:\/\/www.facebook.com\/myfrenchgrocery\/"]}]}},"brands":[{"id":571,"name":"Carte Noire","slug":"carte-noire-es"}],"_links":{"self":[{"href":"https:\/\/my-french-grocery.com\/es\/wp-json\/wp\/v2\/product\/35079","targetHints":{"allow":["GET"]}}],"collection":[{"href":"https:\/\/my-french-grocery.com\/es\/wp-json\/wp\/v2\/product"}],"about":[{"href":"https:\/\/my-french-grocery.com\/es\/wp-json\/wp\/v2\/types\/product"}],"replies":[{"embeddable":true,"href":"https:\/\/my-french-grocery.com\/es\/wp-json\/wp\/v2\/comments?post=35079"}],"wp:featuredmedia":[{"embeddable":true,"href":"https:\/\/my-french-grocery.com\/es\/wp-json\/wp\/v2\/media\/35088"}],"wp:attachment":[{"href":"https:\/\/my-french-grocery.com\/es\/wp-json\/wp\/v2\/media?parent=35079"}],"wp:term":[{"taxonomy":"pwb-brand","embeddable":true,"href":"https:\/\/my-french-grocery.com\/es\/wp-json\/wp\/v2\/pwb-brand?post=35079"},{"taxonomy":"product_brand","embeddable":true,"href":"https:\/\/my-french-grocery.com\/es\/wp-json\/wp\/v2\/product_brand?post=35079"},{"taxonomy":"product_cat","embeddable":true,"href":"https:\/\/my-french-grocery.com\/es\/wp-json\/wp\/v2\/product_cat?post=35079"},{"taxonomy":"product_tag","embeddable":true,"href":"https:\/\/my-french-grocery.com\/es\/wp-json\/wp\/v2\/product_tag?post=35079"}],"curies":[{"name":"wp","href":"https:\/\/api.w.org\/{rel}","templated":true}]}}