{"id":35896,"date":"2023-10-08T17:40:16","date_gmt":"2023-10-08T15:40:18","guid":{"rendered":"https:\/\/my-french-grocery.com\/?post_type=product&#038;p=35896"},"modified":"2023-10-08T17:51:33","modified_gmt":"2023-10-08T15:51:33","slug":"granos-de-cafe-selection-100-arabica-lor-absolu","status":"publish","type":"product","link":"https:\/\/my-french-grocery.com\/es\/producto\/granos-de-cafe-selection-100-arabica-lor-absolu\/","title":{"rendered":"Granos De Caf\u00e9 Selection 100% Ar\u00e1bica L&#8217;Or Absolu"},"content":{"rendered":"<p>Granos De Caf\u00e9 Selection 100% Ar\u00e1bica L&#8217;Or Absolu<\/p>\n<div class=\"pdp-card__header--text\">\n<div class=\"pdp-card__header desktop-only\">\n<div class=\"pdp-card__header--text\">paquete de 1Kg<\/div>\n<\/div>\n<div class=\"main-details__pricing\">\n<div class=\"main-details__pdp-pricing\">\n<div class=\"pdp-pricing\">\n<div class=\"pdp-pricing__promotion-description\">\n<div class=\"promotion-description-container\">\n<div class=\"promotion-description promotion-description--has-tooltip promotion-description--pdp\" tabindex=\"0\" aria-describedby=\"tooltip222\">\n<div class=\"promotion-description__labels\">\n<p class=\"promotion-label\" title=\"El 2\u00ba al -60%\"><span>Nacido de la mezcla de un gran Ar\u00e1bica y delicadamente tostado, los granos de caf\u00e9 L&#8217;OR Absolu ser\u00e1n perfectos para los amantes del caf\u00e9 arom\u00e1tico y refinado, con un sabor equilibrado y suave.\u00a0<\/span><span>Te seducir\u00e1 por un perfecto equilibrio entre sus notas de especias dulces y c\u00edtricos.\u00a0<\/span><span>El tostado \u00e1mbar de sus granos revela toda la riqueza y dulzura de sus aromas.\u00a0<\/span><\/p>\n<\/div>\n<\/div>\n<\/div>\n<\/div>\n<\/div>\n<\/div>\n<\/div>\n<\/div>\n","protected":false},"excerpt":{"rendered":"<p>Granos De Caf\u00e9 Selection 100% Ar\u00e1bica L&#8217;Or Absolu<\/p>\n<div class=\"pdp-card__header--text\">\n<div class=\"pdp-card__header desktop-only\">\n<div class=\"pdp-card__header--text\">paquete de 1Kg<\/div>\n<\/div>\n<\/div>\n","protected":false},"featured_media":35905,"comment_status":"open","ping_status":"closed","template":"","meta":[],"pwb-brand":[3368],"product_brand":[],"product_cat":[1721],"product_tag":[],"class_list":{"0":"post-35896","1":"product","2":"type-product","3":"status-publish","4":"has-post-thumbnail","6":"pwb-brand-lor-maison-du-cafe-es-2","7":"product_cat-cafe-achicoria","8":"product_shipping_class-expedicion-mundial","10":"first","11":"instock","12":"taxable","13":"shipping-taxable","14":"purchasable","15":"product-type-simple"},"yoast_head":"<!-- This site is optimized with the Yoast SEO plugin v27.3 - https:\/\/yoast.com\/product\/yoast-seo-wordpress\/ -->\n<title>Granos De Caf\u00e9 Selection 100% Ar\u00e1bica L&#039;Or Absolu | Comprar En Linea | My French Grocery<\/title>\n<meta name=\"description\" content=\"Granos De Caf\u00e9 Selection 100% Ar\u00e1bica L&#039;Or Absolu - paquete de 1Kg - Nacido de la mezcla de un gran Ar\u00e1bica y delicadamente tostado\" \/>\n<meta name=\"robots\" content=\"index, follow, max-snippet:-1, max-image-preview:large, max-video-preview:-1\" \/>\n<link rel=\"canonical\" href=\"https:\/\/my-french-grocery.com\/es\/producto\/granos-de-cafe-selection-100-arabica-lor-absolu\/\" \/>\n<meta property=\"og:locale\" content=\"es_ES\" \/>\n<meta property=\"og:type\" content=\"article\" \/>\n<meta property=\"og:title\" content=\"Granos De Caf\u00e9 Selection 100% Ar\u00e1bica L&#039;Or Absolu | Comprar En Linea | My French Grocery\" \/>\n<meta property=\"og:description\" content=\"Granos De Caf\u00e9 Selection 100% Ar\u00e1bica L&#039;Or Absolu - paquete de 1Kg - Nacido de la mezcla de un gran Ar\u00e1bica y delicadamente tostado\" \/>\n<meta property=\"og:url\" content=\"https:\/\/my-french-grocery.com\/es\/producto\/granos-de-cafe-selection-100-arabica-lor-absolu\/\" \/>\n<meta property=\"og:site_name\" content=\"My French Grocery\" \/>\n<meta property=\"article:publisher\" content=\"https:\/\/www.facebook.com\/myfrenchgrocery\/\" \/>\n<meta property=\"article:modified_time\" content=\"2023-10-08T15:51:33+00:00\" \/>\n<meta property=\"og:image\" content=\"https:\/\/my-french-grocery.com\/wp-content\/uploads\/2023\/10\/LOR-Absolu-Grand-Cru-Coffee-Beans.png\" \/>\n\t<meta property=\"og:image:width\" content=\"1200\" \/>\n\t<meta property=\"og:image:height\" content=\"1200\" \/>\n\t<meta property=\"og:image:type\" content=\"image\/png\" \/>\n<meta name=\"twitter:card\" content=\"summary_large_image\" \/>\n<meta name=\"twitter:label1\" content=\"Tiempo de lectura\" \/>\n\t<meta name=\"twitter:data1\" content=\"1 minute\" \/>\n<script type=\"application\/ld+json\" class=\"yoast-schema-graph\">{\"@context\":\"https:\\\/\\\/schema.org\",\"@graph\":[{\"@type\":\"WebPage\",\"@id\":\"https:\\\/\\\/my-french-grocery.com\\\/es\\\/producto\\\/granos-de-cafe-selection-100-arabica-lor-absolu\\\/\",\"url\":\"https:\\\/\\\/my-french-grocery.com\\\/es\\\/producto\\\/granos-de-cafe-selection-100-arabica-lor-absolu\\\/\",\"name\":\"Granos De Caf\u00e9 Selection 100% Ar\u00e1bica L'Or Absolu | Comprar En Linea | My French Grocery\",\"isPartOf\":{\"@id\":\"https:\\\/\\\/my-french-grocery.com\\\/es\\\/#website\"},\"primaryImageOfPage\":{\"@id\":\"https:\\\/\\\/my-french-grocery.com\\\/es\\\/producto\\\/granos-de-cafe-selection-100-arabica-lor-absolu\\\/#primaryimage\"},\"image\":{\"@id\":\"https:\\\/\\\/my-french-grocery.com\\\/es\\\/producto\\\/granos-de-cafe-selection-100-arabica-lor-absolu\\\/#primaryimage\"},\"thumbnailUrl\":\"https:\\\/\\\/my-french-grocery.com\\\/wp-content\\\/uploads\\\/2023\\\/10\\\/LOR-Absolu-Grand-Cru-Coffee-Beans.png\",\"datePublished\":\"2023-10-08T15:40:18+00:00\",\"dateModified\":\"2023-10-08T15:51:33+00:00\",\"description\":\"Granos De Caf\u00e9 Selection 100% Ar\u00e1bica L'Or Absolu - paquete de 1Kg - Nacido de la mezcla de un gran Ar\u00e1bica y delicadamente tostado\",\"breadcrumb\":{\"@id\":\"https:\\\/\\\/my-french-grocery.com\\\/es\\\/producto\\\/granos-de-cafe-selection-100-arabica-lor-absolu\\\/#breadcrumb\"},\"inLanguage\":\"es-ES\",\"potentialAction\":[{\"@type\":\"ReadAction\",\"target\":[\"https:\\\/\\\/my-french-grocery.com\\\/es\\\/producto\\\/granos-de-cafe-selection-100-arabica-lor-absolu\\\/\"]}]},{\"@type\":\"ImageObject\",\"inLanguage\":\"es-ES\",\"@id\":\"https:\\\/\\\/my-french-grocery.com\\\/es\\\/producto\\\/granos-de-cafe-selection-100-arabica-lor-absolu\\\/#primaryimage\",\"url\":\"https:\\\/\\\/my-french-grocery.com\\\/wp-content\\\/uploads\\\/2023\\\/10\\\/LOR-Absolu-Grand-Cru-Coffee-Beans.png\",\"contentUrl\":\"https:\\\/\\\/my-french-grocery.com\\\/wp-content\\\/uploads\\\/2023\\\/10\\\/LOR-Absolu-Grand-Cru-Coffee-Beans.png\",\"width\":1200,\"height\":1200,\"caption\":\"Granos De Caf\u00e9 Selection 100% Ar\u00e1bica L'Or Absolu\"},{\"@type\":\"BreadcrumbList\",\"@id\":\"https:\\\/\\\/my-french-grocery.com\\\/es\\\/producto\\\/granos-de-cafe-selection-100-arabica-lor-absolu\\\/#breadcrumb\",\"itemListElement\":[{\"@type\":\"ListItem\",\"position\":1,\"name\":\"Home\",\"item\":\"https:\\\/\\\/my-french-grocery.com\\\/es\\\/tienda-2\\\/\"},{\"@type\":\"ListItem\",\"position\":2,\"name\":\"Shop\",\"item\":\"https:\\\/\\\/my-french-grocery.com\\\/shop\\\/\"},{\"@type\":\"ListItem\",\"position\":3,\"name\":\"Comida\",\"item\":\"https:\\\/\\\/my-french-grocery.com\\\/es\\\/categoria-producto\\\/comida\\\/\"},{\"@type\":\"ListItem\",\"position\":4,\"name\":\"T\u00e9, Caf\u00e9, Chocolate En Polvo\",\"item\":\"https:\\\/\\\/my-french-grocery.com\\\/es\\\/categoria-producto\\\/comida\\\/te-cafe-chocolate-en-polvo\\\/\"},{\"@type\":\"ListItem\",\"position\":5,\"name\":\"Caf\u00e9 &amp; Achicoria\",\"item\":\"https:\\\/\\\/my-french-grocery.com\\\/es\\\/categoria-producto\\\/comida\\\/te-cafe-chocolate-en-polvo\\\/cafe-achicoria\\\/\"},{\"@type\":\"ListItem\",\"position\":6,\"name\":\"Granos De Caf\u00e9 Selection 100% Ar\u00e1bica L&#8217;Or Absolu\"}]},{\"@type\":\"WebSite\",\"@id\":\"https:\\\/\\\/my-french-grocery.com\\\/es\\\/#website\",\"url\":\"https:\\\/\\\/my-french-grocery.com\\\/es\\\/\",\"name\":\"My French Grocery\",\"description\":\"Your Online French Grocery  !\",\"publisher\":{\"@id\":\"https:\\\/\\\/my-french-grocery.com\\\/es\\\/#organization\"},\"potentialAction\":[{\"@type\":\"SearchAction\",\"target\":{\"@type\":\"EntryPoint\",\"urlTemplate\":\"https:\\\/\\\/my-french-grocery.com\\\/es\\\/?s={search_term_string}\"},\"query-input\":{\"@type\":\"PropertyValueSpecification\",\"valueRequired\":true,\"valueName\":\"search_term_string\"}}],\"inLanguage\":\"es-ES\"},{\"@type\":\"Organization\",\"@id\":\"https:\\\/\\\/my-french-grocery.com\\\/es\\\/#organization\",\"name\":\"MY FRENCH GROCERY\",\"url\":\"https:\\\/\\\/my-french-grocery.com\\\/es\\\/\",\"logo\":{\"@type\":\"ImageObject\",\"inLanguage\":\"es-ES\",\"@id\":\"https:\\\/\\\/my-french-grocery.com\\\/es\\\/#\\\/schema\\\/logo\\\/image\\\/\",\"url\":\"https:\\\/\\\/my-french-grocery.com\\\/wp-content\\\/uploads\\\/2021\\\/11\\\/My-French-Grocery-Online-French-Grocery.png\",\"contentUrl\":\"https:\\\/\\\/my-french-grocery.com\\\/wp-content\\\/uploads\\\/2021\\\/11\\\/My-French-Grocery-Online-French-Grocery.png\",\"width\":100,\"height\":100,\"caption\":\"MY FRENCH GROCERY\"},\"image\":{\"@id\":\"https:\\\/\\\/my-french-grocery.com\\\/es\\\/#\\\/schema\\\/logo\\\/image\\\/\"},\"sameAs\":[\"https:\\\/\\\/www.facebook.com\\\/myfrenchgrocery\\\/\"]}]}<\/script>\n<!-- \/ Yoast SEO plugin. -->","yoast_head_json":{"title":"Granos De Caf\u00e9 Selection 100% Ar\u00e1bica L'Or Absolu | Comprar En Linea | My French Grocery","description":"Granos De Caf\u00e9 Selection 100% Ar\u00e1bica L'Or Absolu - paquete de 1Kg - Nacido de la mezcla de un gran Ar\u00e1bica y delicadamente tostado","robots":{"index":"index","follow":"follow","max-snippet":"max-snippet:-1","max-image-preview":"max-image-preview:large","max-video-preview":"max-video-preview:-1"},"canonical":"https:\/\/my-french-grocery.com\/es\/producto\/granos-de-cafe-selection-100-arabica-lor-absolu\/","og_locale":"es_ES","og_type":"article","og_title":"Granos De Caf\u00e9 Selection 100% Ar\u00e1bica L'Or Absolu | Comprar En Linea | My French Grocery","og_description":"Granos De Caf\u00e9 Selection 100% Ar\u00e1bica L'Or Absolu - paquete de 1Kg - Nacido de la mezcla de un gran Ar\u00e1bica y delicadamente tostado","og_url":"https:\/\/my-french-grocery.com\/es\/producto\/granos-de-cafe-selection-100-arabica-lor-absolu\/","og_site_name":"My French Grocery","article_publisher":"https:\/\/www.facebook.com\/myfrenchgrocery\/","article_modified_time":"2023-10-08T15:51:33+00:00","og_image":[{"width":1200,"height":1200,"url":"https:\/\/my-french-grocery.com\/wp-content\/uploads\/2023\/10\/LOR-Absolu-Grand-Cru-Coffee-Beans.png","type":"image\/png"}],"twitter_card":"summary_large_image","twitter_misc":{"Tiempo de lectura":"1 minute"},"schema":{"@context":"https:\/\/schema.org","@graph":[{"@type":"WebPage","@id":"https:\/\/my-french-grocery.com\/es\/producto\/granos-de-cafe-selection-100-arabica-lor-absolu\/","url":"https:\/\/my-french-grocery.com\/es\/producto\/granos-de-cafe-selection-100-arabica-lor-absolu\/","name":"Granos De Caf\u00e9 Selection 100% Ar\u00e1bica L'Or Absolu | Comprar En Linea | My French Grocery","isPartOf":{"@id":"https:\/\/my-french-grocery.com\/es\/#website"},"primaryImageOfPage":{"@id":"https:\/\/my-french-grocery.com\/es\/producto\/granos-de-cafe-selection-100-arabica-lor-absolu\/#primaryimage"},"image":{"@id":"https:\/\/my-french-grocery.com\/es\/producto\/granos-de-cafe-selection-100-arabica-lor-absolu\/#primaryimage"},"thumbnailUrl":"https:\/\/my-french-grocery.com\/wp-content\/uploads\/2023\/10\/LOR-Absolu-Grand-Cru-Coffee-Beans.png","datePublished":"2023-10-08T15:40:18+00:00","dateModified":"2023-10-08T15:51:33+00:00","description":"Granos De Caf\u00e9 Selection 100% Ar\u00e1bica L'Or Absolu - paquete de 1Kg - Nacido de la mezcla de un gran Ar\u00e1bica y delicadamente tostado","breadcrumb":{"@id":"https:\/\/my-french-grocery.com\/es\/producto\/granos-de-cafe-selection-100-arabica-lor-absolu\/#breadcrumb"},"inLanguage":"es-ES","potentialAction":[{"@type":"ReadAction","target":["https:\/\/my-french-grocery.com\/es\/producto\/granos-de-cafe-selection-100-arabica-lor-absolu\/"]}]},{"@type":"ImageObject","inLanguage":"es-ES","@id":"https:\/\/my-french-grocery.com\/es\/producto\/granos-de-cafe-selection-100-arabica-lor-absolu\/#primaryimage","url":"https:\/\/my-french-grocery.com\/wp-content\/uploads\/2023\/10\/LOR-Absolu-Grand-Cru-Coffee-Beans.png","contentUrl":"https:\/\/my-french-grocery.com\/wp-content\/uploads\/2023\/10\/LOR-Absolu-Grand-Cru-Coffee-Beans.png","width":1200,"height":1200,"caption":"Granos De Caf\u00e9 Selection 100% Ar\u00e1bica L'Or Absolu"},{"@type":"BreadcrumbList","@id":"https:\/\/my-french-grocery.com\/es\/producto\/granos-de-cafe-selection-100-arabica-lor-absolu\/#breadcrumb","itemListElement":[{"@type":"ListItem","position":1,"name":"Home","item":"https:\/\/my-french-grocery.com\/es\/tienda-2\/"},{"@type":"ListItem","position":2,"name":"Shop","item":"https:\/\/my-french-grocery.com\/shop\/"},{"@type":"ListItem","position":3,"name":"Comida","item":"https:\/\/my-french-grocery.com\/es\/categoria-producto\/comida\/"},{"@type":"ListItem","position":4,"name":"T\u00e9, Caf\u00e9, Chocolate En Polvo","item":"https:\/\/my-french-grocery.com\/es\/categoria-producto\/comida\/te-cafe-chocolate-en-polvo\/"},{"@type":"ListItem","position":5,"name":"Caf\u00e9 &amp; Achicoria","item":"https:\/\/my-french-grocery.com\/es\/categoria-producto\/comida\/te-cafe-chocolate-en-polvo\/cafe-achicoria\/"},{"@type":"ListItem","position":6,"name":"Granos De Caf\u00e9 Selection 100% Ar\u00e1bica L&#8217;Or Absolu"}]},{"@type":"WebSite","@id":"https:\/\/my-french-grocery.com\/es\/#website","url":"https:\/\/my-french-grocery.com\/es\/","name":"My French Grocery","description":"Your Online French Grocery  !","publisher":{"@id":"https:\/\/my-french-grocery.com\/es\/#organization"},"potentialAction":[{"@type":"SearchAction","target":{"@type":"EntryPoint","urlTemplate":"https:\/\/my-french-grocery.com\/es\/?s={search_term_string}"},"query-input":{"@type":"PropertyValueSpecification","valueRequired":true,"valueName":"search_term_string"}}],"inLanguage":"es-ES"},{"@type":"Organization","@id":"https:\/\/my-french-grocery.com\/es\/#organization","name":"MY FRENCH GROCERY","url":"https:\/\/my-french-grocery.com\/es\/","logo":{"@type":"ImageObject","inLanguage":"es-ES","@id":"https:\/\/my-french-grocery.com\/es\/#\/schema\/logo\/image\/","url":"https:\/\/my-french-grocery.com\/wp-content\/uploads\/2021\/11\/My-French-Grocery-Online-French-Grocery.png","contentUrl":"https:\/\/my-french-grocery.com\/wp-content\/uploads\/2021\/11\/My-French-Grocery-Online-French-Grocery.png","width":100,"height":100,"caption":"MY FRENCH GROCERY"},"image":{"@id":"https:\/\/my-french-grocery.com\/es\/#\/schema\/logo\/image\/"},"sameAs":["https:\/\/www.facebook.com\/myfrenchgrocery\/"]}]}},"brands":[{"id":3368,"name":"L'Or - Maison Du Caf\u00e9","slug":"lor-maison-du-cafe-es-2"}],"_links":{"self":[{"href":"https:\/\/my-french-grocery.com\/es\/wp-json\/wp\/v2\/product\/35896","targetHints":{"allow":["GET"]}}],"collection":[{"href":"https:\/\/my-french-grocery.com\/es\/wp-json\/wp\/v2\/product"}],"about":[{"href":"https:\/\/my-french-grocery.com\/es\/wp-json\/wp\/v2\/types\/product"}],"replies":[{"embeddable":true,"href":"https:\/\/my-french-grocery.com\/es\/wp-json\/wp\/v2\/comments?post=35896"}],"wp:featuredmedia":[{"embeddable":true,"href":"https:\/\/my-french-grocery.com\/es\/wp-json\/wp\/v2\/media\/35905"}],"wp:attachment":[{"href":"https:\/\/my-french-grocery.com\/es\/wp-json\/wp\/v2\/media?parent=35896"}],"wp:term":[{"taxonomy":"pwb-brand","embeddable":true,"href":"https:\/\/my-french-grocery.com\/es\/wp-json\/wp\/v2\/pwb-brand?post=35896"},{"taxonomy":"product_brand","embeddable":true,"href":"https:\/\/my-french-grocery.com\/es\/wp-json\/wp\/v2\/product_brand?post=35896"},{"taxonomy":"product_cat","embeddable":true,"href":"https:\/\/my-french-grocery.com\/es\/wp-json\/wp\/v2\/product_cat?post=35896"},{"taxonomy":"product_tag","embeddable":true,"href":"https:\/\/my-french-grocery.com\/es\/wp-json\/wp\/v2\/product_tag?post=35896"}],"curies":[{"name":"wp","href":"https:\/\/api.w.org\/{rel}","templated":true}]}}