{"id":35906,"date":"2023-10-08T18:00:43","date_gmt":"2023-10-08T16:00:42","guid":{"rendered":"https:\/\/my-french-grocery.com\/?post_type=product&#038;p=35906"},"modified":"2023-10-08T18:16:49","modified_gmt":"2023-10-08T16:16:49","slug":"tartas-rellenas-de-fresas-la-coqueline-lu","status":"publish","type":"product","link":"https:\/\/my-french-grocery.com\/es\/producto\/tartas-rellenas-de-fresas-la-coqueline-lu\/","title":{"rendered":"Tartas Rellenas De Fresas La Coqueline Lu"},"content":{"rendered":"<p>Tartas Rellenas De Fresas La Coqueline Lu<\/p>\n<div class=\"pdp-card__header--text\"><span class=\"pl-text pl-text--size-m pl-text--style-p pl-text--bold\"><span>Caja de 6 sobres &#8211; 165 g<\/span><\/span><\/div>\n<p><span>Lulu La Coqueline con fresa de LU, un delicioso bollito relleno de fresa.\u00a0<\/span><span>Bolsas de frescura para un transporte m\u00e1s f\u00e1cil y un almacenamiento m\u00e1s prolongado.<\/span><\/p>\n","protected":false},"excerpt":{"rendered":"<p>Tartas Rellenas De Fresas La Coqueline Lu<\/p>\n<div class=\"pdp-card__header--text\"><span class=\"pl-text pl-text--size-m pl-text--style-p pl-text--bold\">Caja de 6 sobres &#8211; 165 g<\/span><\/div>\n","protected":false},"featured_media":35918,"comment_status":"open","ping_status":"closed","template":"","meta":[],"pwb-brand":[761],"product_brand":[],"product_cat":[1658],"product_tag":[],"class_list":{"0":"post-35906","1":"product","2":"type-product","3":"status-publish","4":"has-post-thumbnail","6":"pwb-brand-lu-es","7":"product_cat-pasteles-galletas","9":"first","10":"instock","11":"taxable","12":"shipping-taxable","13":"purchasable","14":"product-type-simple"},"yoast_head":"<!-- This site is optimized with the Yoast SEO plugin v27.4 - https:\/\/yoast.com\/product\/yoast-seo-wordpress\/ -->\n<title>Tartas Rellenas De Fresas La Coqueline Lu | Comprar En Linea | My French Grocery<\/title>\n<meta name=\"description\" content=\"Tartas Rellenas De Fresas La Coqueline Lu - Caja de 6 sobres - 165 g Lulu La Coqueline con fresa de LU, un delicioso bollito relleno de fresa.\" \/>\n<meta name=\"robots\" content=\"index, follow, max-snippet:-1, max-image-preview:large, max-video-preview:-1\" \/>\n<link rel=\"canonical\" href=\"https:\/\/my-french-grocery.com\/es\/producto\/tartas-rellenas-de-fresas-la-coqueline-lu\/\" \/>\n<meta property=\"og:locale\" content=\"es_ES\" \/>\n<meta property=\"og:type\" content=\"article\" \/>\n<meta property=\"og:title\" content=\"Tartas Rellenas De Fresas La Coqueline Lu | Comprar En Linea | My French Grocery\" \/>\n<meta property=\"og:description\" content=\"Tartas Rellenas De Fresas La Coqueline Lu - Caja de 6 sobres - 165 g Lulu La Coqueline con fresa de LU, un delicioso bollito relleno de fresa.\" \/>\n<meta property=\"og:url\" content=\"https:\/\/my-french-grocery.com\/es\/producto\/tartas-rellenas-de-fresas-la-coqueline-lu\/\" \/>\n<meta property=\"og:site_name\" content=\"My French Grocery\" \/>\n<meta property=\"article:publisher\" content=\"https:\/\/www.facebook.com\/myfrenchgrocery\/\" \/>\n<meta property=\"article:modified_time\" content=\"2023-10-08T16:16:49+00:00\" \/>\n<meta property=\"og:image\" content=\"https:\/\/my-french-grocery.com\/wp-content\/uploads\/2023\/10\/LU-Lulu-La-Coqueline-cakes-filled-with-strawberry.jpeg\" \/>\n\t<meta property=\"og:image:width\" content=\"1200\" \/>\n\t<meta property=\"og:image:height\" content=\"1200\" \/>\n\t<meta property=\"og:image:type\" content=\"image\/jpeg\" \/>\n<meta name=\"twitter:card\" content=\"summary_large_image\" \/>\n<script type=\"application\/ld+json\" class=\"yoast-schema-graph\">{\"@context\":\"https:\\\/\\\/schema.org\",\"@graph\":[{\"@type\":\"WebPage\",\"@id\":\"https:\\\/\\\/my-french-grocery.com\\\/es\\\/producto\\\/tartas-rellenas-de-fresas-la-coqueline-lu\\\/\",\"url\":\"https:\\\/\\\/my-french-grocery.com\\\/es\\\/producto\\\/tartas-rellenas-de-fresas-la-coqueline-lu\\\/\",\"name\":\"Tartas Rellenas De Fresas La Coqueline Lu | Comprar En Linea | My French Grocery\",\"isPartOf\":{\"@id\":\"https:\\\/\\\/my-french-grocery.com\\\/es\\\/#website\"},\"primaryImageOfPage\":{\"@id\":\"https:\\\/\\\/my-french-grocery.com\\\/es\\\/producto\\\/tartas-rellenas-de-fresas-la-coqueline-lu\\\/#primaryimage\"},\"image\":{\"@id\":\"https:\\\/\\\/my-french-grocery.com\\\/es\\\/producto\\\/tartas-rellenas-de-fresas-la-coqueline-lu\\\/#primaryimage\"},\"thumbnailUrl\":\"https:\\\/\\\/my-french-grocery.com\\\/wp-content\\\/uploads\\\/2023\\\/10\\\/LU-Lulu-La-Coqueline-cakes-filled-with-strawberry.jpeg\",\"datePublished\":\"2023-10-08T16:00:42+00:00\",\"dateModified\":\"2023-10-08T16:16:49+00:00\",\"description\":\"Tartas Rellenas De Fresas La Coqueline Lu - Caja de 6 sobres - 165 g Lulu La Coqueline con fresa de LU, un delicioso bollito relleno de fresa.\",\"breadcrumb\":{\"@id\":\"https:\\\/\\\/my-french-grocery.com\\\/es\\\/producto\\\/tartas-rellenas-de-fresas-la-coqueline-lu\\\/#breadcrumb\"},\"inLanguage\":\"es-ES\",\"potentialAction\":[{\"@type\":\"ReadAction\",\"target\":[\"https:\\\/\\\/my-french-grocery.com\\\/es\\\/producto\\\/tartas-rellenas-de-fresas-la-coqueline-lu\\\/\"]}]},{\"@type\":\"ImageObject\",\"inLanguage\":\"es-ES\",\"@id\":\"https:\\\/\\\/my-french-grocery.com\\\/es\\\/producto\\\/tartas-rellenas-de-fresas-la-coqueline-lu\\\/#primaryimage\",\"url\":\"https:\\\/\\\/my-french-grocery.com\\\/wp-content\\\/uploads\\\/2023\\\/10\\\/LU-Lulu-La-Coqueline-cakes-filled-with-strawberry.jpeg\",\"contentUrl\":\"https:\\\/\\\/my-french-grocery.com\\\/wp-content\\\/uploads\\\/2023\\\/10\\\/LU-Lulu-La-Coqueline-cakes-filled-with-strawberry.jpeg\",\"width\":1200,\"height\":1200,\"caption\":\"Tartas Rellenas De Fresas La Coqueline Lu\"},{\"@type\":\"BreadcrumbList\",\"@id\":\"https:\\\/\\\/my-french-grocery.com\\\/es\\\/producto\\\/tartas-rellenas-de-fresas-la-coqueline-lu\\\/#breadcrumb\",\"itemListElement\":[{\"@type\":\"ListItem\",\"position\":1,\"name\":\"Home\",\"item\":\"https:\\\/\\\/my-french-grocery.com\\\/es\\\/tienda-2\\\/\"},{\"@type\":\"ListItem\",\"position\":2,\"name\":\"Shop\",\"item\":\"https:\\\/\\\/my-french-grocery.com\\\/shop\\\/\"},{\"@type\":\"ListItem\",\"position\":3,\"name\":\"Comida\",\"item\":\"https:\\\/\\\/my-french-grocery.com\\\/es\\\/categoria-producto\\\/comida\\\/\"},{\"@type\":\"ListItem\",\"position\":4,\"name\":\"Pasteles &amp; Galletas\",\"item\":\"https:\\\/\\\/my-french-grocery.com\\\/es\\\/categoria-producto\\\/comida\\\/pasteles-galletas\\\/\"},{\"@type\":\"ListItem\",\"position\":5,\"name\":\"Tartas Rellenas De Fresas La Coqueline Lu\"}]},{\"@type\":\"WebSite\",\"@id\":\"https:\\\/\\\/my-french-grocery.com\\\/es\\\/#website\",\"url\":\"https:\\\/\\\/my-french-grocery.com\\\/es\\\/\",\"name\":\"My French Grocery\",\"description\":\"Your Online French Grocery  !\",\"publisher\":{\"@id\":\"https:\\\/\\\/my-french-grocery.com\\\/es\\\/#organization\"},\"potentialAction\":[{\"@type\":\"SearchAction\",\"target\":{\"@type\":\"EntryPoint\",\"urlTemplate\":\"https:\\\/\\\/my-french-grocery.com\\\/es\\\/?s={search_term_string}\"},\"query-input\":{\"@type\":\"PropertyValueSpecification\",\"valueRequired\":true,\"valueName\":\"search_term_string\"}}],\"inLanguage\":\"es-ES\"},{\"@type\":\"Organization\",\"@id\":\"https:\\\/\\\/my-french-grocery.com\\\/es\\\/#organization\",\"name\":\"MY FRENCH GROCERY\",\"url\":\"https:\\\/\\\/my-french-grocery.com\\\/es\\\/\",\"logo\":{\"@type\":\"ImageObject\",\"inLanguage\":\"es-ES\",\"@id\":\"https:\\\/\\\/my-french-grocery.com\\\/es\\\/#\\\/schema\\\/logo\\\/image\\\/\",\"url\":\"https:\\\/\\\/my-french-grocery.com\\\/wp-content\\\/uploads\\\/2021\\\/11\\\/My-French-Grocery-Online-French-Grocery.png\",\"contentUrl\":\"https:\\\/\\\/my-french-grocery.com\\\/wp-content\\\/uploads\\\/2021\\\/11\\\/My-French-Grocery-Online-French-Grocery.png\",\"width\":100,\"height\":100,\"caption\":\"MY FRENCH GROCERY\"},\"image\":{\"@id\":\"https:\\\/\\\/my-french-grocery.com\\\/es\\\/#\\\/schema\\\/logo\\\/image\\\/\"},\"sameAs\":[\"https:\\\/\\\/www.facebook.com\\\/myfrenchgrocery\\\/\"]}]}<\/script>\n<!-- \/ Yoast SEO plugin. -->","yoast_head_json":{"title":"Tartas Rellenas De Fresas La Coqueline Lu | Comprar En Linea | My French Grocery","description":"Tartas Rellenas De Fresas La Coqueline Lu - Caja de 6 sobres - 165 g Lulu La Coqueline con fresa de LU, un delicioso bollito relleno de fresa.","robots":{"index":"index","follow":"follow","max-snippet":"max-snippet:-1","max-image-preview":"max-image-preview:large","max-video-preview":"max-video-preview:-1"},"canonical":"https:\/\/my-french-grocery.com\/es\/producto\/tartas-rellenas-de-fresas-la-coqueline-lu\/","og_locale":"es_ES","og_type":"article","og_title":"Tartas Rellenas De Fresas La Coqueline Lu | Comprar En Linea | My French Grocery","og_description":"Tartas Rellenas De Fresas La Coqueline Lu - Caja de 6 sobres - 165 g Lulu La Coqueline con fresa de LU, un delicioso bollito relleno de fresa.","og_url":"https:\/\/my-french-grocery.com\/es\/producto\/tartas-rellenas-de-fresas-la-coqueline-lu\/","og_site_name":"My French Grocery","article_publisher":"https:\/\/www.facebook.com\/myfrenchgrocery\/","article_modified_time":"2023-10-08T16:16:49+00:00","og_image":[{"width":1200,"height":1200,"url":"https:\/\/my-french-grocery.com\/wp-content\/uploads\/2023\/10\/LU-Lulu-La-Coqueline-cakes-filled-with-strawberry.jpeg","type":"image\/jpeg"}],"twitter_card":"summary_large_image","schema":{"@context":"https:\/\/schema.org","@graph":[{"@type":"WebPage","@id":"https:\/\/my-french-grocery.com\/es\/producto\/tartas-rellenas-de-fresas-la-coqueline-lu\/","url":"https:\/\/my-french-grocery.com\/es\/producto\/tartas-rellenas-de-fresas-la-coqueline-lu\/","name":"Tartas Rellenas De Fresas La Coqueline Lu | Comprar En Linea | My French Grocery","isPartOf":{"@id":"https:\/\/my-french-grocery.com\/es\/#website"},"primaryImageOfPage":{"@id":"https:\/\/my-french-grocery.com\/es\/producto\/tartas-rellenas-de-fresas-la-coqueline-lu\/#primaryimage"},"image":{"@id":"https:\/\/my-french-grocery.com\/es\/producto\/tartas-rellenas-de-fresas-la-coqueline-lu\/#primaryimage"},"thumbnailUrl":"https:\/\/my-french-grocery.com\/wp-content\/uploads\/2023\/10\/LU-Lulu-La-Coqueline-cakes-filled-with-strawberry.jpeg","datePublished":"2023-10-08T16:00:42+00:00","dateModified":"2023-10-08T16:16:49+00:00","description":"Tartas Rellenas De Fresas La Coqueline Lu - Caja de 6 sobres - 165 g Lulu La Coqueline con fresa de LU, un delicioso bollito relleno de fresa.","breadcrumb":{"@id":"https:\/\/my-french-grocery.com\/es\/producto\/tartas-rellenas-de-fresas-la-coqueline-lu\/#breadcrumb"},"inLanguage":"es-ES","potentialAction":[{"@type":"ReadAction","target":["https:\/\/my-french-grocery.com\/es\/producto\/tartas-rellenas-de-fresas-la-coqueline-lu\/"]}]},{"@type":"ImageObject","inLanguage":"es-ES","@id":"https:\/\/my-french-grocery.com\/es\/producto\/tartas-rellenas-de-fresas-la-coqueline-lu\/#primaryimage","url":"https:\/\/my-french-grocery.com\/wp-content\/uploads\/2023\/10\/LU-Lulu-La-Coqueline-cakes-filled-with-strawberry.jpeg","contentUrl":"https:\/\/my-french-grocery.com\/wp-content\/uploads\/2023\/10\/LU-Lulu-La-Coqueline-cakes-filled-with-strawberry.jpeg","width":1200,"height":1200,"caption":"Tartas Rellenas De Fresas La Coqueline Lu"},{"@type":"BreadcrumbList","@id":"https:\/\/my-french-grocery.com\/es\/producto\/tartas-rellenas-de-fresas-la-coqueline-lu\/#breadcrumb","itemListElement":[{"@type":"ListItem","position":1,"name":"Home","item":"https:\/\/my-french-grocery.com\/es\/tienda-2\/"},{"@type":"ListItem","position":2,"name":"Shop","item":"https:\/\/my-french-grocery.com\/shop\/"},{"@type":"ListItem","position":3,"name":"Comida","item":"https:\/\/my-french-grocery.com\/es\/categoria-producto\/comida\/"},{"@type":"ListItem","position":4,"name":"Pasteles &amp; Galletas","item":"https:\/\/my-french-grocery.com\/es\/categoria-producto\/comida\/pasteles-galletas\/"},{"@type":"ListItem","position":5,"name":"Tartas Rellenas De Fresas La Coqueline Lu"}]},{"@type":"WebSite","@id":"https:\/\/my-french-grocery.com\/es\/#website","url":"https:\/\/my-french-grocery.com\/es\/","name":"My French Grocery","description":"Your Online French Grocery  !","publisher":{"@id":"https:\/\/my-french-grocery.com\/es\/#organization"},"potentialAction":[{"@type":"SearchAction","target":{"@type":"EntryPoint","urlTemplate":"https:\/\/my-french-grocery.com\/es\/?s={search_term_string}"},"query-input":{"@type":"PropertyValueSpecification","valueRequired":true,"valueName":"search_term_string"}}],"inLanguage":"es-ES"},{"@type":"Organization","@id":"https:\/\/my-french-grocery.com\/es\/#organization","name":"MY FRENCH GROCERY","url":"https:\/\/my-french-grocery.com\/es\/","logo":{"@type":"ImageObject","inLanguage":"es-ES","@id":"https:\/\/my-french-grocery.com\/es\/#\/schema\/logo\/image\/","url":"https:\/\/my-french-grocery.com\/wp-content\/uploads\/2021\/11\/My-French-Grocery-Online-French-Grocery.png","contentUrl":"https:\/\/my-french-grocery.com\/wp-content\/uploads\/2021\/11\/My-French-Grocery-Online-French-Grocery.png","width":100,"height":100,"caption":"MY FRENCH GROCERY"},"image":{"@id":"https:\/\/my-french-grocery.com\/es\/#\/schema\/logo\/image\/"},"sameAs":["https:\/\/www.facebook.com\/myfrenchgrocery\/"]}]}},"brands":[{"id":761,"name":"Lu","slug":"lu-es"}],"_links":{"self":[{"href":"https:\/\/my-french-grocery.com\/es\/wp-json\/wp\/v2\/product\/35906","targetHints":{"allow":["GET"]}}],"collection":[{"href":"https:\/\/my-french-grocery.com\/es\/wp-json\/wp\/v2\/product"}],"about":[{"href":"https:\/\/my-french-grocery.com\/es\/wp-json\/wp\/v2\/types\/product"}],"replies":[{"embeddable":true,"href":"https:\/\/my-french-grocery.com\/es\/wp-json\/wp\/v2\/comments?post=35906"}],"wp:featuredmedia":[{"embeddable":true,"href":"https:\/\/my-french-grocery.com\/es\/wp-json\/wp\/v2\/media\/35918"}],"wp:attachment":[{"href":"https:\/\/my-french-grocery.com\/es\/wp-json\/wp\/v2\/media?parent=35906"}],"wp:term":[{"taxonomy":"pwb-brand","embeddable":true,"href":"https:\/\/my-french-grocery.com\/es\/wp-json\/wp\/v2\/pwb-brand?post=35906"},{"taxonomy":"product_brand","embeddable":true,"href":"https:\/\/my-french-grocery.com\/es\/wp-json\/wp\/v2\/product_brand?post=35906"},{"taxonomy":"product_cat","embeddable":true,"href":"https:\/\/my-french-grocery.com\/es\/wp-json\/wp\/v2\/product_cat?post=35906"},{"taxonomy":"product_tag","embeddable":true,"href":"https:\/\/my-french-grocery.com\/es\/wp-json\/wp\/v2\/product_tag?post=35906"}],"curies":[{"name":"wp","href":"https:\/\/api.w.org\/{rel}","templated":true}]}}