{"id":35948,"date":"2023-10-10T10:31:39","date_gmt":"2023-10-10T08:31:39","guid":{"rendered":"https:\/\/my-french-grocery.com\/?post_type=product&#038;p=35948"},"modified":"2023-10-10T10:46:15","modified_gmt":"2023-10-10T08:46:15","slug":"cafe-molido-100-arabica-intense-lor","status":"publish","type":"product","link":"https:\/\/my-french-grocery.com\/es\/producto\/cafe-molido-100-arabica-intense-lor\/","title":{"rendered":"Caf\u00e9 Molido 100% Ar\u00e1bica &#8220;Intense&#8221; L&#8217;Or"},"content":{"rendered":"<p>Caf\u00e9 Molido 100% Ar\u00e1bica &#8220;Intense&#8221; L&#8217;Or<\/p>\n<div class=\"pdp-card__header--text\">\n<div class=\"pdp-card__header desktop-only\">\n<div class=\"pdp-card__header--text\">\n<div class=\"pdp-card__header desktop-only\">\n<div class=\"pdp-card__header--text\"><span class=\"pl-text pl-text--size-m pl-text--style-p pl-text--bold\"><span>2 paquetes de 250g<\/span><\/span><\/div>\n<\/div>\n<div class=\"main-details__pricing\">\n<div class=\"main-details__pdp-pricing\">\n<div class=\"pdp-pricing\">\n<div class=\"pdp-pricing__group\">\n<div class=\"pdp-pricing__block-left\">\n<div class=\"product-price product-price--size-xl product-price--inline-amounts\">\n<div class=\"product-price__amounts\">\n<div data-testid=\"product-price__amount--main\"><\/div>\n<div class=\"product-price__amount product-price__amount--main\" data-testid=\"product-price__amount--main\"><span>Un caf\u00e9 molido 100% Ar\u00e1bica de sabor intenso.\u00a0<\/span><span>Es gracias a la selecci\u00f3n y mezcla de los mejores granos de Ar\u00e1bica que L&#8217;OR intenso revela toda su riqueza arom\u00e1tica.\u00a0<\/span><span>Paquete de 500 gramos de caf\u00e9 molido.\u00a0<\/span><span>Nivel de intensidad 7. 100% tostado en Francia, este caf\u00e9 se embolsa directamente despu\u00e9s del tostado.<\/span><\/div>\n<\/div>\n<\/div>\n<\/div>\n<\/div>\n<\/div>\n<\/div>\n<\/div>\n<\/div>\n<\/div>\n<\/div>\n","protected":false},"excerpt":{"rendered":"<p>Caf\u00e9 Molido 100% Ar\u00e1bica &#8220;Intense&#8221; L&#8217;Or<\/p>\n<div class=\"pdp-card__header--text\">\n<div class=\"pdp-card__header desktop-only\">\n<div class=\"pdp-card__header--text\">\n<div class=\"pdp-card__header desktop-only\">\n<div class=\"pdp-card__header--text\"><span class=\"pl-text pl-text--size-m pl-text--style-p pl-text--bold\">2 paquetes de 250g<\/span><\/div>\n<\/div>\n<\/div>\n<\/div>\n<\/div>\n","protected":false},"featured_media":35957,"comment_status":"open","ping_status":"closed","template":"","meta":[],"pwb-brand":[3368],"product_brand":[],"product_cat":[1721],"product_tag":[],"class_list":{"0":"post-35948","1":"product","2":"type-product","3":"status-publish","4":"has-post-thumbnail","6":"pwb-brand-lor-maison-du-cafe-es-2","7":"product_cat-cafe-achicoria","8":"product_shipping_class-expedicion-mundial","10":"first","11":"instock","12":"taxable","13":"shipping-taxable","14":"purchasable","15":"product-type-simple"},"yoast_head":"<!-- This site is optimized with the Yoast SEO plugin v27.3 - https:\/\/yoast.com\/product\/yoast-seo-wordpress\/ -->\n<title>Caf\u00e9 Molido 100% Ar\u00e1bica &quot;Intense&quot; L&#039;Or | Comprar En Linea | My French Grocery<\/title>\n<meta name=\"description\" content=\"Caf\u00e9 Molido 100% Ar\u00e1bica &quot;Intense&quot; L&#039;Or - 2 paquetes de 250g - Un caf\u00e9 molido 100% Ar\u00e1bica de sabor intenso.\" \/>\n<meta name=\"robots\" content=\"index, follow, max-snippet:-1, max-image-preview:large, max-video-preview:-1\" \/>\n<link rel=\"canonical\" href=\"https:\/\/my-french-grocery.com\/es\/producto\/cafe-molido-100-arabica-intense-lor\/\" \/>\n<meta property=\"og:locale\" content=\"es_ES\" \/>\n<meta property=\"og:type\" content=\"article\" \/>\n<meta property=\"og:title\" content=\"Caf\u00e9 Molido 100% Ar\u00e1bica &quot;Intense&quot; L&#039;Or | Comprar En Linea | My French Grocery\" \/>\n<meta property=\"og:description\" content=\"Caf\u00e9 Molido 100% Ar\u00e1bica &quot;Intense&quot; L&#039;Or - 2 paquetes de 250g - Un caf\u00e9 molido 100% Ar\u00e1bica de sabor intenso.\" \/>\n<meta property=\"og:url\" content=\"https:\/\/my-french-grocery.com\/es\/producto\/cafe-molido-100-arabica-intense-lor\/\" \/>\n<meta property=\"og:site_name\" content=\"My French Grocery\" \/>\n<meta property=\"article:publisher\" content=\"https:\/\/www.facebook.com\/myfrenchgrocery\/\" \/>\n<meta property=\"article:modified_time\" content=\"2023-10-10T08:46:15+00:00\" \/>\n<meta property=\"og:image\" content=\"https:\/\/my-french-grocery.com\/wp-content\/uploads\/2023\/10\/LOR-Intense-ground-coffee-100-arabica-intensity.jpeg\" \/>\n\t<meta property=\"og:image:width\" content=\"1200\" \/>\n\t<meta property=\"og:image:height\" content=\"1200\" \/>\n\t<meta property=\"og:image:type\" content=\"image\/jpeg\" \/>\n<meta name=\"twitter:card\" content=\"summary_large_image\" \/>\n<meta name=\"twitter:label1\" content=\"Tiempo de lectura\" \/>\n\t<meta name=\"twitter:data1\" content=\"1 minute\" \/>\n<script type=\"application\/ld+json\" class=\"yoast-schema-graph\">{\"@context\":\"https:\\\/\\\/schema.org\",\"@graph\":[{\"@type\":\"WebPage\",\"@id\":\"https:\\\/\\\/my-french-grocery.com\\\/es\\\/producto\\\/cafe-molido-100-arabica-intense-lor\\\/\",\"url\":\"https:\\\/\\\/my-french-grocery.com\\\/es\\\/producto\\\/cafe-molido-100-arabica-intense-lor\\\/\",\"name\":\"Caf\u00e9 Molido 100% Ar\u00e1bica \\\"Intense\\\" L'Or | Comprar En Linea | My French Grocery\",\"isPartOf\":{\"@id\":\"https:\\\/\\\/my-french-grocery.com\\\/es\\\/#website\"},\"primaryImageOfPage\":{\"@id\":\"https:\\\/\\\/my-french-grocery.com\\\/es\\\/producto\\\/cafe-molido-100-arabica-intense-lor\\\/#primaryimage\"},\"image\":{\"@id\":\"https:\\\/\\\/my-french-grocery.com\\\/es\\\/producto\\\/cafe-molido-100-arabica-intense-lor\\\/#primaryimage\"},\"thumbnailUrl\":\"https:\\\/\\\/my-french-grocery.com\\\/wp-content\\\/uploads\\\/2023\\\/10\\\/LOR-Intense-ground-coffee-100-arabica-intensity.jpeg\",\"datePublished\":\"2023-10-10T08:31:39+00:00\",\"dateModified\":\"2023-10-10T08:46:15+00:00\",\"description\":\"Caf\u00e9 Molido 100% Ar\u00e1bica \\\"Intense\\\" L'Or - 2 paquetes de 250g - Un caf\u00e9 molido 100% Ar\u00e1bica de sabor intenso.\",\"breadcrumb\":{\"@id\":\"https:\\\/\\\/my-french-grocery.com\\\/es\\\/producto\\\/cafe-molido-100-arabica-intense-lor\\\/#breadcrumb\"},\"inLanguage\":\"es-ES\",\"potentialAction\":[{\"@type\":\"ReadAction\",\"target\":[\"https:\\\/\\\/my-french-grocery.com\\\/es\\\/producto\\\/cafe-molido-100-arabica-intense-lor\\\/\"]}]},{\"@type\":\"ImageObject\",\"inLanguage\":\"es-ES\",\"@id\":\"https:\\\/\\\/my-french-grocery.com\\\/es\\\/producto\\\/cafe-molido-100-arabica-intense-lor\\\/#primaryimage\",\"url\":\"https:\\\/\\\/my-french-grocery.com\\\/wp-content\\\/uploads\\\/2023\\\/10\\\/LOR-Intense-ground-coffee-100-arabica-intensity.jpeg\",\"contentUrl\":\"https:\\\/\\\/my-french-grocery.com\\\/wp-content\\\/uploads\\\/2023\\\/10\\\/LOR-Intense-ground-coffee-100-arabica-intensity.jpeg\",\"width\":1200,\"height\":1200,\"caption\":\"Caf\u00e9 Molido 100% Ar\u00e1bica \\\"Intense\\\" L'Or\"},{\"@type\":\"BreadcrumbList\",\"@id\":\"https:\\\/\\\/my-french-grocery.com\\\/es\\\/producto\\\/cafe-molido-100-arabica-intense-lor\\\/#breadcrumb\",\"itemListElement\":[{\"@type\":\"ListItem\",\"position\":1,\"name\":\"Home\",\"item\":\"https:\\\/\\\/my-french-grocery.com\\\/es\\\/tienda-2\\\/\"},{\"@type\":\"ListItem\",\"position\":2,\"name\":\"Shop\",\"item\":\"https:\\\/\\\/my-french-grocery.com\\\/shop\\\/\"},{\"@type\":\"ListItem\",\"position\":3,\"name\":\"Comida\",\"item\":\"https:\\\/\\\/my-french-grocery.com\\\/es\\\/categoria-producto\\\/comida\\\/\"},{\"@type\":\"ListItem\",\"position\":4,\"name\":\"T\u00e9, Caf\u00e9, Chocolate En Polvo\",\"item\":\"https:\\\/\\\/my-french-grocery.com\\\/es\\\/categoria-producto\\\/comida\\\/te-cafe-chocolate-en-polvo\\\/\"},{\"@type\":\"ListItem\",\"position\":5,\"name\":\"Caf\u00e9 &amp; Achicoria\",\"item\":\"https:\\\/\\\/my-french-grocery.com\\\/es\\\/categoria-producto\\\/comida\\\/te-cafe-chocolate-en-polvo\\\/cafe-achicoria\\\/\"},{\"@type\":\"ListItem\",\"position\":6,\"name\":\"Caf\u00e9 Molido 100% Ar\u00e1bica &#8220;Intense&#8221; L&#8217;Or\"}]},{\"@type\":\"WebSite\",\"@id\":\"https:\\\/\\\/my-french-grocery.com\\\/es\\\/#website\",\"url\":\"https:\\\/\\\/my-french-grocery.com\\\/es\\\/\",\"name\":\"My French Grocery\",\"description\":\"Your Online French Grocery  !\",\"publisher\":{\"@id\":\"https:\\\/\\\/my-french-grocery.com\\\/es\\\/#organization\"},\"potentialAction\":[{\"@type\":\"SearchAction\",\"target\":{\"@type\":\"EntryPoint\",\"urlTemplate\":\"https:\\\/\\\/my-french-grocery.com\\\/es\\\/?s={search_term_string}\"},\"query-input\":{\"@type\":\"PropertyValueSpecification\",\"valueRequired\":true,\"valueName\":\"search_term_string\"}}],\"inLanguage\":\"es-ES\"},{\"@type\":\"Organization\",\"@id\":\"https:\\\/\\\/my-french-grocery.com\\\/es\\\/#organization\",\"name\":\"MY FRENCH GROCERY\",\"url\":\"https:\\\/\\\/my-french-grocery.com\\\/es\\\/\",\"logo\":{\"@type\":\"ImageObject\",\"inLanguage\":\"es-ES\",\"@id\":\"https:\\\/\\\/my-french-grocery.com\\\/es\\\/#\\\/schema\\\/logo\\\/image\\\/\",\"url\":\"https:\\\/\\\/my-french-grocery.com\\\/wp-content\\\/uploads\\\/2021\\\/11\\\/My-French-Grocery-Online-French-Grocery.png\",\"contentUrl\":\"https:\\\/\\\/my-french-grocery.com\\\/wp-content\\\/uploads\\\/2021\\\/11\\\/My-French-Grocery-Online-French-Grocery.png\",\"width\":100,\"height\":100,\"caption\":\"MY FRENCH GROCERY\"},\"image\":{\"@id\":\"https:\\\/\\\/my-french-grocery.com\\\/es\\\/#\\\/schema\\\/logo\\\/image\\\/\"},\"sameAs\":[\"https:\\\/\\\/www.facebook.com\\\/myfrenchgrocery\\\/\"]}]}<\/script>\n<!-- \/ Yoast SEO plugin. -->","yoast_head_json":{"title":"Caf\u00e9 Molido 100% Ar\u00e1bica \"Intense\" L'Or | Comprar En Linea | My French Grocery","description":"Caf\u00e9 Molido 100% Ar\u00e1bica \"Intense\" L'Or - 2 paquetes de 250g - Un caf\u00e9 molido 100% Ar\u00e1bica de sabor intenso.","robots":{"index":"index","follow":"follow","max-snippet":"max-snippet:-1","max-image-preview":"max-image-preview:large","max-video-preview":"max-video-preview:-1"},"canonical":"https:\/\/my-french-grocery.com\/es\/producto\/cafe-molido-100-arabica-intense-lor\/","og_locale":"es_ES","og_type":"article","og_title":"Caf\u00e9 Molido 100% Ar\u00e1bica \"Intense\" L'Or | Comprar En Linea | My French Grocery","og_description":"Caf\u00e9 Molido 100% Ar\u00e1bica \"Intense\" L'Or - 2 paquetes de 250g - Un caf\u00e9 molido 100% Ar\u00e1bica de sabor intenso.","og_url":"https:\/\/my-french-grocery.com\/es\/producto\/cafe-molido-100-arabica-intense-lor\/","og_site_name":"My French Grocery","article_publisher":"https:\/\/www.facebook.com\/myfrenchgrocery\/","article_modified_time":"2023-10-10T08:46:15+00:00","og_image":[{"width":1200,"height":1200,"url":"https:\/\/my-french-grocery.com\/wp-content\/uploads\/2023\/10\/LOR-Intense-ground-coffee-100-arabica-intensity.jpeg","type":"image\/jpeg"}],"twitter_card":"summary_large_image","twitter_misc":{"Tiempo de lectura":"1 minute"},"schema":{"@context":"https:\/\/schema.org","@graph":[{"@type":"WebPage","@id":"https:\/\/my-french-grocery.com\/es\/producto\/cafe-molido-100-arabica-intense-lor\/","url":"https:\/\/my-french-grocery.com\/es\/producto\/cafe-molido-100-arabica-intense-lor\/","name":"Caf\u00e9 Molido 100% Ar\u00e1bica \"Intense\" L'Or | Comprar En Linea | My French Grocery","isPartOf":{"@id":"https:\/\/my-french-grocery.com\/es\/#website"},"primaryImageOfPage":{"@id":"https:\/\/my-french-grocery.com\/es\/producto\/cafe-molido-100-arabica-intense-lor\/#primaryimage"},"image":{"@id":"https:\/\/my-french-grocery.com\/es\/producto\/cafe-molido-100-arabica-intense-lor\/#primaryimage"},"thumbnailUrl":"https:\/\/my-french-grocery.com\/wp-content\/uploads\/2023\/10\/LOR-Intense-ground-coffee-100-arabica-intensity.jpeg","datePublished":"2023-10-10T08:31:39+00:00","dateModified":"2023-10-10T08:46:15+00:00","description":"Caf\u00e9 Molido 100% Ar\u00e1bica \"Intense\" L'Or - 2 paquetes de 250g - Un caf\u00e9 molido 100% Ar\u00e1bica de sabor intenso.","breadcrumb":{"@id":"https:\/\/my-french-grocery.com\/es\/producto\/cafe-molido-100-arabica-intense-lor\/#breadcrumb"},"inLanguage":"es-ES","potentialAction":[{"@type":"ReadAction","target":["https:\/\/my-french-grocery.com\/es\/producto\/cafe-molido-100-arabica-intense-lor\/"]}]},{"@type":"ImageObject","inLanguage":"es-ES","@id":"https:\/\/my-french-grocery.com\/es\/producto\/cafe-molido-100-arabica-intense-lor\/#primaryimage","url":"https:\/\/my-french-grocery.com\/wp-content\/uploads\/2023\/10\/LOR-Intense-ground-coffee-100-arabica-intensity.jpeg","contentUrl":"https:\/\/my-french-grocery.com\/wp-content\/uploads\/2023\/10\/LOR-Intense-ground-coffee-100-arabica-intensity.jpeg","width":1200,"height":1200,"caption":"Caf\u00e9 Molido 100% Ar\u00e1bica \"Intense\" L'Or"},{"@type":"BreadcrumbList","@id":"https:\/\/my-french-grocery.com\/es\/producto\/cafe-molido-100-arabica-intense-lor\/#breadcrumb","itemListElement":[{"@type":"ListItem","position":1,"name":"Home","item":"https:\/\/my-french-grocery.com\/es\/tienda-2\/"},{"@type":"ListItem","position":2,"name":"Shop","item":"https:\/\/my-french-grocery.com\/shop\/"},{"@type":"ListItem","position":3,"name":"Comida","item":"https:\/\/my-french-grocery.com\/es\/categoria-producto\/comida\/"},{"@type":"ListItem","position":4,"name":"T\u00e9, Caf\u00e9, Chocolate En Polvo","item":"https:\/\/my-french-grocery.com\/es\/categoria-producto\/comida\/te-cafe-chocolate-en-polvo\/"},{"@type":"ListItem","position":5,"name":"Caf\u00e9 &amp; Achicoria","item":"https:\/\/my-french-grocery.com\/es\/categoria-producto\/comida\/te-cafe-chocolate-en-polvo\/cafe-achicoria\/"},{"@type":"ListItem","position":6,"name":"Caf\u00e9 Molido 100% Ar\u00e1bica &#8220;Intense&#8221; L&#8217;Or"}]},{"@type":"WebSite","@id":"https:\/\/my-french-grocery.com\/es\/#website","url":"https:\/\/my-french-grocery.com\/es\/","name":"My French Grocery","description":"Your Online French Grocery  !","publisher":{"@id":"https:\/\/my-french-grocery.com\/es\/#organization"},"potentialAction":[{"@type":"SearchAction","target":{"@type":"EntryPoint","urlTemplate":"https:\/\/my-french-grocery.com\/es\/?s={search_term_string}"},"query-input":{"@type":"PropertyValueSpecification","valueRequired":true,"valueName":"search_term_string"}}],"inLanguage":"es-ES"},{"@type":"Organization","@id":"https:\/\/my-french-grocery.com\/es\/#organization","name":"MY FRENCH GROCERY","url":"https:\/\/my-french-grocery.com\/es\/","logo":{"@type":"ImageObject","inLanguage":"es-ES","@id":"https:\/\/my-french-grocery.com\/es\/#\/schema\/logo\/image\/","url":"https:\/\/my-french-grocery.com\/wp-content\/uploads\/2021\/11\/My-French-Grocery-Online-French-Grocery.png","contentUrl":"https:\/\/my-french-grocery.com\/wp-content\/uploads\/2021\/11\/My-French-Grocery-Online-French-Grocery.png","width":100,"height":100,"caption":"MY FRENCH GROCERY"},"image":{"@id":"https:\/\/my-french-grocery.com\/es\/#\/schema\/logo\/image\/"},"sameAs":["https:\/\/www.facebook.com\/myfrenchgrocery\/"]}]}},"brands":[{"id":3368,"name":"L'Or - Maison Du Caf\u00e9","slug":"lor-maison-du-cafe-es-2"}],"_links":{"self":[{"href":"https:\/\/my-french-grocery.com\/es\/wp-json\/wp\/v2\/product\/35948","targetHints":{"allow":["GET"]}}],"collection":[{"href":"https:\/\/my-french-grocery.com\/es\/wp-json\/wp\/v2\/product"}],"about":[{"href":"https:\/\/my-french-grocery.com\/es\/wp-json\/wp\/v2\/types\/product"}],"replies":[{"embeddable":true,"href":"https:\/\/my-french-grocery.com\/es\/wp-json\/wp\/v2\/comments?post=35948"}],"wp:featuredmedia":[{"embeddable":true,"href":"https:\/\/my-french-grocery.com\/es\/wp-json\/wp\/v2\/media\/35957"}],"wp:attachment":[{"href":"https:\/\/my-french-grocery.com\/es\/wp-json\/wp\/v2\/media?parent=35948"}],"wp:term":[{"taxonomy":"pwb-brand","embeddable":true,"href":"https:\/\/my-french-grocery.com\/es\/wp-json\/wp\/v2\/pwb-brand?post=35948"},{"taxonomy":"product_brand","embeddable":true,"href":"https:\/\/my-french-grocery.com\/es\/wp-json\/wp\/v2\/product_brand?post=35948"},{"taxonomy":"product_cat","embeddable":true,"href":"https:\/\/my-french-grocery.com\/es\/wp-json\/wp\/v2\/product_cat?post=35948"},{"taxonomy":"product_tag","embeddable":true,"href":"https:\/\/my-french-grocery.com\/es\/wp-json\/wp\/v2\/product_tag?post=35948"}],"curies":[{"name":"wp","href":"https:\/\/api.w.org\/{rel}","templated":true}]}}