{"id":35964,"date":"2023-10-10T11:26:02","date_gmt":"2023-10-10T09:26:03","guid":{"rendered":"https:\/\/my-french-grocery.com\/?post_type=product&#038;p=35964"},"modified":"2023-10-10T11:37:39","modified_gmt":"2023-10-10T09:37:39","slug":"cafe-molido-suave-100-arabica-doux-lor","status":"publish","type":"product","link":"https:\/\/my-french-grocery.com\/es\/producto\/cafe-molido-suave-100-arabica-doux-lor\/","title":{"rendered":"Caf\u00e9 Molido Suave 100% Ar\u00e1bica &#8220;Doux&#8221; L&#8217;Or"},"content":{"rendered":"<p>Caf\u00e9 Molido Suave 100% Ar\u00e1bica \u201cDoux\u201d L\u2019Or<\/p>\n<div class=\"pdp-card__header--text\">\n<div class=\"pdp-card__header desktop-only\">\n<div class=\"pdp-card__header--text\">\n<div class=\"pdp-card__header desktop-only\">\n<div class=\"pdp-card__header--text\"><span class=\"pl-text pl-text--size-m pl-text--style-p pl-text--bold\">2 paquetes de 250g<\/span><\/div>\n<\/div>\n<div class=\"main-details__pricing\">\n<div class=\"main-details__pdp-pricing\">\n<div class=\"pdp-pricing\">\n<div class=\"pdp-pricing__group\">\n<div class=\"pdp-pricing__block-left\">\n<div class=\"product-price product-price--size-xl product-price--inline-amounts\">\n<div class=\"product-price__amounts\">\n<div data-testid=\"product-price__amount--main\"><\/div>\n<div class=\"product-price__amount product-price__amount--main\" data-testid=\"product-price__amount--main\"><span>L\u2019OR Doux es un caf\u00e9 molido 100% Ar\u00e1bica, con un sabor ligeramente afrutado.\u00a0<\/span><span>Es gracias al lento tostado de sus granos que L\u2019OR Doux revela aromas deliciosos y delicados.\u00a0<\/span><span>Paquete de 500 gramos de caf\u00e9 molido.\u00a0<\/span><span>Nivel de intensidad 5 100% tostado en Francia, este caf\u00e9 se embolsa directamente despu\u00e9s del tostado.\u00a0<\/span><\/div>\n<\/div>\n<\/div>\n<\/div>\n<\/div>\n<\/div>\n<\/div>\n<\/div>\n<\/div>\n<\/div>\n<\/div>\n","protected":false},"excerpt":{"rendered":"<p>Caf\u00e9 Molido Suave 100% Ar\u00e1bica &#8220;Doux&#8221; L&#8217;Or<\/p>\n<div class=\"pdp-card__header--text\">\n<div class=\"pdp-card__header desktop-only\">\n<div class=\"pdp-card__header--text\">\n<div class=\"pdp-card__header desktop-only\">\n<div class=\"pdp-card__header--text\"><span class=\"pl-text pl-text--size-m pl-text--style-p pl-text--bold\">2 paquetes de 250g<\/span><\/div>\n<\/div>\n<\/div>\n<\/div>\n<\/div>\n","protected":false},"featured_media":35973,"comment_status":"open","ping_status":"closed","template":"","meta":[],"pwb-brand":[3368],"product_brand":[],"product_cat":[1721],"product_tag":[],"class_list":{"0":"post-35964","1":"product","2":"type-product","3":"status-publish","4":"has-post-thumbnail","6":"pwb-brand-lor-maison-du-cafe-es-2","7":"product_cat-cafe-achicoria","8":"product_shipping_class-expedicion-mundial","10":"first","11":"instock","12":"taxable","13":"shipping-taxable","14":"purchasable","15":"product-type-simple"},"brands":[{"id":3368,"name":"L'Or - Maison Du Caf\u00e9","slug":"lor-maison-du-cafe-es-2"}],"_links":{"self":[{"href":"https:\/\/my-french-grocery.com\/es\/wp-json\/wp\/v2\/product\/35964","targetHints":{"allow":["GET"]}}],"collection":[{"href":"https:\/\/my-french-grocery.com\/es\/wp-json\/wp\/v2\/product"}],"about":[{"href":"https:\/\/my-french-grocery.com\/es\/wp-json\/wp\/v2\/types\/product"}],"replies":[{"embeddable":true,"href":"https:\/\/my-french-grocery.com\/es\/wp-json\/wp\/v2\/comments?post=35964"}],"wp:featuredmedia":[{"embeddable":true,"href":"https:\/\/my-french-grocery.com\/es\/wp-json\/wp\/v2\/media\/35973"}],"wp:attachment":[{"href":"https:\/\/my-french-grocery.com\/es\/wp-json\/wp\/v2\/media?parent=35964"}],"wp:term":[{"taxonomy":"pwb-brand","embeddable":true,"href":"https:\/\/my-french-grocery.com\/es\/wp-json\/wp\/v2\/pwb-brand?post=35964"},{"taxonomy":"product_brand","embeddable":true,"href":"https:\/\/my-french-grocery.com\/es\/wp-json\/wp\/v2\/product_brand?post=35964"},{"taxonomy":"product_cat","embeddable":true,"href":"https:\/\/my-french-grocery.com\/es\/wp-json\/wp\/v2\/product_cat?post=35964"},{"taxonomy":"product_tag","embeddable":true,"href":"https:\/\/my-french-grocery.com\/es\/wp-json\/wp\/v2\/product_tag?post=35964"}],"curies":[{"name":"wp","href":"https:\/\/api.w.org\/{rel}","templated":true}]}}