{"id":36168,"date":"2023-07-01T17:00:57","date_gmt":"2023-10-21T15:59:59","guid":{"rendered":"https:\/\/my-french-grocery.com\/?post_type=product&#038;p=36168"},"modified":"2023-10-21T18:13:12","modified_gmt":"2023-10-21T16:13:12","slug":"agente-gelificante-para-mermeladas-vitpris-alsa","status":"publish","type":"product","link":"https:\/\/my-french-grocery.com\/es\/producto\/agente-gelificante-para-mermeladas-vitpris-alsa\/","title":{"rendered":"Agente Gelificante Para Mermeladas Vitpris Alsa"},"content":{"rendered":"<p>Agente Gelificante Para Mermeladas Vitpris Alsa<\/p>\n<div class=\"pdp-card__header desktop-only\">\n<div class=\"pdp-card__header--text\">caja de 188 g<\/div>\n<\/div>\n<div class=\"main-details__pricing\">\n<div class=\"main-details__pdp-pricing\">\n<div class=\"pdp-pricing\">\n<div class=\"pdp-pricing__group\">\n<div class=\"pdp-pricing__block-left\">\n<div class=\"product-price product-price--size-xl product-price--inline-amounts\">\n<div class=\"product-price__amounts\">\n<div data-testid=\"product-price__amount--main\"><\/div>\n<div class=\"product-price__amount product-price__amount--main\" data-testid=\"product-price__amount--main\"><span>Preparaci\u00f3n para mermelada f\u00e1cil y r\u00e1pida Un gelificante para que todas tus mermeladas y jaleas sean un \u00e9xito.\u00a0<\/span><span>Simplemente agregue az\u00facar y fruta y luego cocine a fuego lento para deleitar a todos los golosos.\u00a0<\/span><span>\u2022 Una mermelada incre\u00edblemente sabrosa;\u00a0<\/span><span>\u2022 Buen sabor afrutado;\u00a0<\/span><span>\u2022 Una mermelada f\u00e1cil, r\u00e1pida de preparar e infaltable;\u00a0<\/span><span>\u2022 Contiene 5 sobres, aproximadamente 40 frascos de 350g;\u00a0<\/span><span>\u2022 Pectina de frutas de origen natural<\/span><\/div>\n<\/div>\n<\/div>\n<\/div>\n<\/div>\n<\/div>\n<\/div>\n<\/div>\n","protected":false},"excerpt":{"rendered":"<p>Agente Gelificante Para Mermeladas Vitpris Alsa<\/p>\n<div class=\"pdp-card__header desktop-only\">\n<div class=\"pdp-card__header--text\">caja de 188 g<\/div>\n<\/div>\n","protected":false},"featured_media":36177,"comment_status":"open","ping_status":"closed","template":"","meta":[],"pwb-brand":[1947],"product_brand":[],"product_cat":[1948],"product_tag":[1949],"class_list":{"0":"post-36168","1":"product","2":"type-product","3":"status-publish","4":"has-post-thumbnail","6":"pwb-brand-alsa-es","7":"product_cat-panaderia","8":"product_tag-alsa-es","9":"product_shipping_class-expedicion-mundial","11":"first","12":"instock","13":"taxable","14":"shipping-taxable","15":"purchasable","16":"product-type-simple"},"yoast_head":"<!-- This site is optimized with the Yoast SEO plugin v27.3 - https:\/\/yoast.com\/product\/yoast-seo-wordpress\/ -->\n<title>Agente Gelificante Para Mermeladas Vitpris Alsa | Comprar En Linea | My French Grocery<\/title>\n<meta name=\"description\" content=\"Agente Gelificante Para Mermeladas Vitpris Alsa - caja de 188 g - Preparaci\u00f3n para mermelada f\u00e1cil y r\u00e1pida Un gelificante para que todas tus mermeladas y jaleas sean un \u00e9xito.\" \/>\n<meta name=\"robots\" content=\"index, follow, max-snippet:-1, max-image-preview:large, max-video-preview:-1\" \/>\n<link rel=\"canonical\" href=\"https:\/\/my-french-grocery.com\/es\/producto\/agente-gelificante-para-mermeladas-vitpris-alsa\/\" \/>\n<meta property=\"og:locale\" content=\"es_ES\" \/>\n<meta property=\"og:type\" content=\"article\" \/>\n<meta property=\"og:title\" content=\"Agente Gelificante Para Mermeladas Vitpris Alsa | Comprar En Linea | My French Grocery\" \/>\n<meta property=\"og:description\" content=\"Agente Gelificante Para Mermeladas Vitpris Alsa - caja de 188 g - Preparaci\u00f3n para mermelada f\u00e1cil y r\u00e1pida Un gelificante para que todas tus mermeladas y jaleas sean un \u00e9xito.\" \/>\n<meta property=\"og:url\" content=\"https:\/\/my-french-grocery.com\/es\/producto\/agente-gelificante-para-mermeladas-vitpris-alsa\/\" \/>\n<meta property=\"og:site_name\" content=\"My French Grocery\" \/>\n<meta property=\"article:publisher\" content=\"https:\/\/www.facebook.com\/myfrenchgrocery\/\" \/>\n<meta property=\"article:modified_time\" content=\"2023-10-21T16:13:12+00:00\" \/>\n<meta property=\"og:image\" content=\"https:\/\/my-french-grocery.com\/wp-content\/uploads\/2023\/10\/ALSA-Vitpris-gelling-agent-for-jam.jpeg\" \/>\n\t<meta property=\"og:image:width\" content=\"1200\" \/>\n\t<meta property=\"og:image:height\" content=\"1200\" \/>\n\t<meta property=\"og:image:type\" content=\"image\/jpeg\" \/>\n<meta name=\"twitter:card\" content=\"summary_large_image\" \/>\n<script type=\"application\/ld+json\" class=\"yoast-schema-graph\">{\"@context\":\"https:\\\/\\\/schema.org\",\"@graph\":[{\"@type\":\"WebPage\",\"@id\":\"https:\\\/\\\/my-french-grocery.com\\\/es\\\/producto\\\/agente-gelificante-para-mermeladas-vitpris-alsa\\\/\",\"url\":\"https:\\\/\\\/my-french-grocery.com\\\/es\\\/producto\\\/agente-gelificante-para-mermeladas-vitpris-alsa\\\/\",\"name\":\"Agente Gelificante Para Mermeladas Vitpris Alsa | Comprar En Linea | My French Grocery\",\"isPartOf\":{\"@id\":\"https:\\\/\\\/my-french-grocery.com\\\/es\\\/#website\"},\"primaryImageOfPage\":{\"@id\":\"https:\\\/\\\/my-french-grocery.com\\\/es\\\/producto\\\/agente-gelificante-para-mermeladas-vitpris-alsa\\\/#primaryimage\"},\"image\":{\"@id\":\"https:\\\/\\\/my-french-grocery.com\\\/es\\\/producto\\\/agente-gelificante-para-mermeladas-vitpris-alsa\\\/#primaryimage\"},\"thumbnailUrl\":\"https:\\\/\\\/my-french-grocery.com\\\/wp-content\\\/uploads\\\/2023\\\/10\\\/ALSA-Vitpris-gelling-agent-for-jam.jpeg\",\"datePublished\":\"2023-10-21T15:59:59+00:00\",\"dateModified\":\"2023-10-21T16:13:12+00:00\",\"description\":\"Agente Gelificante Para Mermeladas Vitpris Alsa - caja de 188 g - Preparaci\u00f3n para mermelada f\u00e1cil y r\u00e1pida Un gelificante para que todas tus mermeladas y jaleas sean un \u00e9xito.\",\"breadcrumb\":{\"@id\":\"https:\\\/\\\/my-french-grocery.com\\\/es\\\/producto\\\/agente-gelificante-para-mermeladas-vitpris-alsa\\\/#breadcrumb\"},\"inLanguage\":\"es-ES\",\"potentialAction\":[{\"@type\":\"ReadAction\",\"target\":[\"https:\\\/\\\/my-french-grocery.com\\\/es\\\/producto\\\/agente-gelificante-para-mermeladas-vitpris-alsa\\\/\"]}]},{\"@type\":\"ImageObject\",\"inLanguage\":\"es-ES\",\"@id\":\"https:\\\/\\\/my-french-grocery.com\\\/es\\\/producto\\\/agente-gelificante-para-mermeladas-vitpris-alsa\\\/#primaryimage\",\"url\":\"https:\\\/\\\/my-french-grocery.com\\\/wp-content\\\/uploads\\\/2023\\\/10\\\/ALSA-Vitpris-gelling-agent-for-jam.jpeg\",\"contentUrl\":\"https:\\\/\\\/my-french-grocery.com\\\/wp-content\\\/uploads\\\/2023\\\/10\\\/ALSA-Vitpris-gelling-agent-for-jam.jpeg\",\"width\":1200,\"height\":1200,\"caption\":\"Agente Gelificante Para Mermeladas Vitpris Alsa\"},{\"@type\":\"BreadcrumbList\",\"@id\":\"https:\\\/\\\/my-french-grocery.com\\\/es\\\/producto\\\/agente-gelificante-para-mermeladas-vitpris-alsa\\\/#breadcrumb\",\"itemListElement\":[{\"@type\":\"ListItem\",\"position\":1,\"name\":\"Home\",\"item\":\"https:\\\/\\\/my-french-grocery.com\\\/es\\\/tienda-2\\\/\"},{\"@type\":\"ListItem\",\"position\":2,\"name\":\"Shop\",\"item\":\"https:\\\/\\\/my-french-grocery.com\\\/shop\\\/\"},{\"@type\":\"ListItem\",\"position\":3,\"name\":\"Panader\u00eda\",\"item\":\"https:\\\/\\\/my-french-grocery.com\\\/es\\\/categoria-producto\\\/panaderia\\\/\"},{\"@type\":\"ListItem\",\"position\":4,\"name\":\"Agente Gelificante Para Mermeladas Vitpris Alsa\"}]},{\"@type\":\"WebSite\",\"@id\":\"https:\\\/\\\/my-french-grocery.com\\\/es\\\/#website\",\"url\":\"https:\\\/\\\/my-french-grocery.com\\\/es\\\/\",\"name\":\"My French Grocery\",\"description\":\"Your Online French Grocery  !\",\"publisher\":{\"@id\":\"https:\\\/\\\/my-french-grocery.com\\\/es\\\/#organization\"},\"potentialAction\":[{\"@type\":\"SearchAction\",\"target\":{\"@type\":\"EntryPoint\",\"urlTemplate\":\"https:\\\/\\\/my-french-grocery.com\\\/es\\\/?s={search_term_string}\"},\"query-input\":{\"@type\":\"PropertyValueSpecification\",\"valueRequired\":true,\"valueName\":\"search_term_string\"}}],\"inLanguage\":\"es-ES\"},{\"@type\":\"Organization\",\"@id\":\"https:\\\/\\\/my-french-grocery.com\\\/es\\\/#organization\",\"name\":\"MY FRENCH GROCERY\",\"url\":\"https:\\\/\\\/my-french-grocery.com\\\/es\\\/\",\"logo\":{\"@type\":\"ImageObject\",\"inLanguage\":\"es-ES\",\"@id\":\"https:\\\/\\\/my-french-grocery.com\\\/es\\\/#\\\/schema\\\/logo\\\/image\\\/\",\"url\":\"https:\\\/\\\/my-french-grocery.com\\\/wp-content\\\/uploads\\\/2021\\\/11\\\/My-French-Grocery-Online-French-Grocery.png\",\"contentUrl\":\"https:\\\/\\\/my-french-grocery.com\\\/wp-content\\\/uploads\\\/2021\\\/11\\\/My-French-Grocery-Online-French-Grocery.png\",\"width\":100,\"height\":100,\"caption\":\"MY FRENCH GROCERY\"},\"image\":{\"@id\":\"https:\\\/\\\/my-french-grocery.com\\\/es\\\/#\\\/schema\\\/logo\\\/image\\\/\"},\"sameAs\":[\"https:\\\/\\\/www.facebook.com\\\/myfrenchgrocery\\\/\"]}]}<\/script>\n<!-- \/ Yoast SEO plugin. -->","yoast_head_json":{"title":"Agente Gelificante Para Mermeladas Vitpris Alsa | Comprar En Linea | My French Grocery","description":"Agente Gelificante Para Mermeladas Vitpris Alsa - caja de 188 g - Preparaci\u00f3n para mermelada f\u00e1cil y r\u00e1pida Un gelificante para que todas tus mermeladas y jaleas sean un \u00e9xito.","robots":{"index":"index","follow":"follow","max-snippet":"max-snippet:-1","max-image-preview":"max-image-preview:large","max-video-preview":"max-video-preview:-1"},"canonical":"https:\/\/my-french-grocery.com\/es\/producto\/agente-gelificante-para-mermeladas-vitpris-alsa\/","og_locale":"es_ES","og_type":"article","og_title":"Agente Gelificante Para Mermeladas Vitpris Alsa | Comprar En Linea | My French Grocery","og_description":"Agente Gelificante Para Mermeladas Vitpris Alsa - caja de 188 g - Preparaci\u00f3n para mermelada f\u00e1cil y r\u00e1pida Un gelificante para que todas tus mermeladas y jaleas sean un \u00e9xito.","og_url":"https:\/\/my-french-grocery.com\/es\/producto\/agente-gelificante-para-mermeladas-vitpris-alsa\/","og_site_name":"My French Grocery","article_publisher":"https:\/\/www.facebook.com\/myfrenchgrocery\/","article_modified_time":"2023-10-21T16:13:12+00:00","og_image":[{"width":1200,"height":1200,"url":"https:\/\/my-french-grocery.com\/wp-content\/uploads\/2023\/10\/ALSA-Vitpris-gelling-agent-for-jam.jpeg","type":"image\/jpeg"}],"twitter_card":"summary_large_image","schema":{"@context":"https:\/\/schema.org","@graph":[{"@type":"WebPage","@id":"https:\/\/my-french-grocery.com\/es\/producto\/agente-gelificante-para-mermeladas-vitpris-alsa\/","url":"https:\/\/my-french-grocery.com\/es\/producto\/agente-gelificante-para-mermeladas-vitpris-alsa\/","name":"Agente Gelificante Para Mermeladas Vitpris Alsa | Comprar En Linea | My French Grocery","isPartOf":{"@id":"https:\/\/my-french-grocery.com\/es\/#website"},"primaryImageOfPage":{"@id":"https:\/\/my-french-grocery.com\/es\/producto\/agente-gelificante-para-mermeladas-vitpris-alsa\/#primaryimage"},"image":{"@id":"https:\/\/my-french-grocery.com\/es\/producto\/agente-gelificante-para-mermeladas-vitpris-alsa\/#primaryimage"},"thumbnailUrl":"https:\/\/my-french-grocery.com\/wp-content\/uploads\/2023\/10\/ALSA-Vitpris-gelling-agent-for-jam.jpeg","datePublished":"2023-10-21T15:59:59+00:00","dateModified":"2023-10-21T16:13:12+00:00","description":"Agente Gelificante Para Mermeladas Vitpris Alsa - caja de 188 g - Preparaci\u00f3n para mermelada f\u00e1cil y r\u00e1pida Un gelificante para que todas tus mermeladas y jaleas sean un \u00e9xito.","breadcrumb":{"@id":"https:\/\/my-french-grocery.com\/es\/producto\/agente-gelificante-para-mermeladas-vitpris-alsa\/#breadcrumb"},"inLanguage":"es-ES","potentialAction":[{"@type":"ReadAction","target":["https:\/\/my-french-grocery.com\/es\/producto\/agente-gelificante-para-mermeladas-vitpris-alsa\/"]}]},{"@type":"ImageObject","inLanguage":"es-ES","@id":"https:\/\/my-french-grocery.com\/es\/producto\/agente-gelificante-para-mermeladas-vitpris-alsa\/#primaryimage","url":"https:\/\/my-french-grocery.com\/wp-content\/uploads\/2023\/10\/ALSA-Vitpris-gelling-agent-for-jam.jpeg","contentUrl":"https:\/\/my-french-grocery.com\/wp-content\/uploads\/2023\/10\/ALSA-Vitpris-gelling-agent-for-jam.jpeg","width":1200,"height":1200,"caption":"Agente Gelificante Para Mermeladas Vitpris Alsa"},{"@type":"BreadcrumbList","@id":"https:\/\/my-french-grocery.com\/es\/producto\/agente-gelificante-para-mermeladas-vitpris-alsa\/#breadcrumb","itemListElement":[{"@type":"ListItem","position":1,"name":"Home","item":"https:\/\/my-french-grocery.com\/es\/tienda-2\/"},{"@type":"ListItem","position":2,"name":"Shop","item":"https:\/\/my-french-grocery.com\/shop\/"},{"@type":"ListItem","position":3,"name":"Panader\u00eda","item":"https:\/\/my-french-grocery.com\/es\/categoria-producto\/panaderia\/"},{"@type":"ListItem","position":4,"name":"Agente Gelificante Para Mermeladas Vitpris Alsa"}]},{"@type":"WebSite","@id":"https:\/\/my-french-grocery.com\/es\/#website","url":"https:\/\/my-french-grocery.com\/es\/","name":"My French Grocery","description":"Your Online French Grocery  !","publisher":{"@id":"https:\/\/my-french-grocery.com\/es\/#organization"},"potentialAction":[{"@type":"SearchAction","target":{"@type":"EntryPoint","urlTemplate":"https:\/\/my-french-grocery.com\/es\/?s={search_term_string}"},"query-input":{"@type":"PropertyValueSpecification","valueRequired":true,"valueName":"search_term_string"}}],"inLanguage":"es-ES"},{"@type":"Organization","@id":"https:\/\/my-french-grocery.com\/es\/#organization","name":"MY FRENCH GROCERY","url":"https:\/\/my-french-grocery.com\/es\/","logo":{"@type":"ImageObject","inLanguage":"es-ES","@id":"https:\/\/my-french-grocery.com\/es\/#\/schema\/logo\/image\/","url":"https:\/\/my-french-grocery.com\/wp-content\/uploads\/2021\/11\/My-French-Grocery-Online-French-Grocery.png","contentUrl":"https:\/\/my-french-grocery.com\/wp-content\/uploads\/2021\/11\/My-French-Grocery-Online-French-Grocery.png","width":100,"height":100,"caption":"MY FRENCH GROCERY"},"image":{"@id":"https:\/\/my-french-grocery.com\/es\/#\/schema\/logo\/image\/"},"sameAs":["https:\/\/www.facebook.com\/myfrenchgrocery\/"]}]}},"brands":[{"id":1947,"name":"Alsa","slug":"alsa-es"}],"_links":{"self":[{"href":"https:\/\/my-french-grocery.com\/es\/wp-json\/wp\/v2\/product\/36168","targetHints":{"allow":["GET"]}}],"collection":[{"href":"https:\/\/my-french-grocery.com\/es\/wp-json\/wp\/v2\/product"}],"about":[{"href":"https:\/\/my-french-grocery.com\/es\/wp-json\/wp\/v2\/types\/product"}],"replies":[{"embeddable":true,"href":"https:\/\/my-french-grocery.com\/es\/wp-json\/wp\/v2\/comments?post=36168"}],"wp:featuredmedia":[{"embeddable":true,"href":"https:\/\/my-french-grocery.com\/es\/wp-json\/wp\/v2\/media\/36177"}],"wp:attachment":[{"href":"https:\/\/my-french-grocery.com\/es\/wp-json\/wp\/v2\/media?parent=36168"}],"wp:term":[{"taxonomy":"pwb-brand","embeddable":true,"href":"https:\/\/my-french-grocery.com\/es\/wp-json\/wp\/v2\/pwb-brand?post=36168"},{"taxonomy":"product_brand","embeddable":true,"href":"https:\/\/my-french-grocery.com\/es\/wp-json\/wp\/v2\/product_brand?post=36168"},{"taxonomy":"product_cat","embeddable":true,"href":"https:\/\/my-french-grocery.com\/es\/wp-json\/wp\/v2\/product_cat?post=36168"},{"taxonomy":"product_tag","embeddable":true,"href":"https:\/\/my-french-grocery.com\/es\/wp-json\/wp\/v2\/product_tag?post=36168"}],"curies":[{"name":"wp","href":"https:\/\/api.w.org\/{rel}","templated":true}]}}