{"id":36248,"date":"2023-10-23T15:15:31","date_gmt":"2023-10-23T13:15:32","guid":{"rendered":"https:\/\/my-french-grocery.com\/?post_type=product&#038;p=36248"},"modified":"2023-10-23T15:32:18","modified_gmt":"2023-10-23T13:32:18","slug":"gofres-de-corcho-con-chocolate-belga-lotus","status":"publish","type":"product","link":"https:\/\/my-french-grocery.com\/es\/producto\/gofres-de-corcho-con-chocolate-belga-lotus\/","title":{"rendered":"Gofres De Corcho Con Chocolate Belga Lotus"},"content":{"rendered":"<p>Gofres De Corcho Con Chocolate Belga Lotus<\/p>\n<div class=\"pdp-card__header--text\">\n<div class=\"pdp-card__header--text\">\n<p><span class=\"ds-body-text ds-body-text--weight-bold ds-body-text--size-m ds-body-text--color-standard-2\">Paquete de 336 g<\/span><\/p>\n<div class=\"saz_next_widget\" data-referer=\"carrefour_widget\" data-ean=\"7622201800420\" data-type=\"RatingsCRF\" data-status=\"LOADING_DATA\">\n<div>\u201cA menudo imitado, nunca igualado\u2026 \u00a1nuestro exquisito gofre de Lieja con aut\u00e9nticas perlas de az\u00facar caramelizada! Perfectamente conservado en su bolsita fresca, solo o cubierto con aut\u00e9ntico chocolate belga, es sencillamente irresistible. El consejo de Lotus: recalienta tu gofre durante unos instantes en el horno quedar\u00e1 mejor.\u201d<\/div>\n<\/div>\n<\/div>\n<\/div>\n","protected":false},"excerpt":{"rendered":"<p>Gofres De Corcho Con Chocolate Belga Lotus<\/p>\n<div class=\"pdp-card__header--text\">\n<div class=\"pdp-card__header--text\">\n<p><span class=\"ds-body-text ds-body-text--weight-bold ds-body-text--size-m ds-body-text--color-standard-2\">Paquete de 336 g<\/span><\/p>\n<\/div>\n<\/div>\n","protected":false},"featured_media":36257,"comment_status":"open","ping_status":"closed","template":"","meta":[],"pwb-brand":[3378],"product_brand":[],"product_cat":[1658],"product_tag":[2778],"class_list":{"0":"post-36248","1":"product","2":"type-product","3":"status-publish","4":"has-post-thumbnail","6":"pwb-brand-lotus-es","7":"product_cat-pasteles-galletas","8":"product_tag-gofre","9":"product_shipping_class-expedicion-mundial","11":"first","12":"instock","13":"taxable","14":"shipping-taxable","15":"purchasable","16":"product-type-simple"},"brands":[{"id":3378,"name":"Lotus","slug":"lotus-es"}],"_links":{"self":[{"href":"https:\/\/my-french-grocery.com\/es\/wp-json\/wp\/v2\/product\/36248","targetHints":{"allow":["GET"]}}],"collection":[{"href":"https:\/\/my-french-grocery.com\/es\/wp-json\/wp\/v2\/product"}],"about":[{"href":"https:\/\/my-french-grocery.com\/es\/wp-json\/wp\/v2\/types\/product"}],"replies":[{"embeddable":true,"href":"https:\/\/my-french-grocery.com\/es\/wp-json\/wp\/v2\/comments?post=36248"}],"wp:featuredmedia":[{"embeddable":true,"href":"https:\/\/my-french-grocery.com\/es\/wp-json\/wp\/v2\/media\/36257"}],"wp:attachment":[{"href":"https:\/\/my-french-grocery.com\/es\/wp-json\/wp\/v2\/media?parent=36248"}],"wp:term":[{"taxonomy":"pwb-brand","embeddable":true,"href":"https:\/\/my-french-grocery.com\/es\/wp-json\/wp\/v2\/pwb-brand?post=36248"},{"taxonomy":"product_brand","embeddable":true,"href":"https:\/\/my-french-grocery.com\/es\/wp-json\/wp\/v2\/product_brand?post=36248"},{"taxonomy":"product_cat","embeddable":true,"href":"https:\/\/my-french-grocery.com\/es\/wp-json\/wp\/v2\/product_cat?post=36248"},{"taxonomy":"product_tag","embeddable":true,"href":"https:\/\/my-french-grocery.com\/es\/wp-json\/wp\/v2\/product_tag?post=36248"}],"curies":[{"name":"wp","href":"https:\/\/api.w.org\/{rel}","templated":true}]}}