{"id":36260,"date":"2023-10-23T15:42:57","date_gmt":"2023-10-23T13:42:59","guid":{"rendered":"https:\/\/my-french-grocery.com\/?post_type=product&#038;p=36260"},"modified":"2023-10-23T15:54:38","modified_gmt":"2023-10-23T13:54:38","slug":"gofres-de-liege-con-chocolate-con-leche-lotus","status":"publish","type":"product","link":"https:\/\/my-french-grocery.com\/es\/producto\/gofres-de-liege-con-chocolate-con-leche-lotus\/","title":{"rendered":"Gofres De Li\u00e8ge Con Chocolate Con Leche Lotus"},"content":{"rendered":"<p>Gofres De Li\u00e8ge Con Chocolate Con Leche Lotus<\/p>\n<div class=\"pdp-card__header--text\">\n<div class=\"pdp-card__header--text\">\n<p><span class=\"ds-body-text ds-body-text--weight-bold ds-body-text--size-m ds-body-text--color-standard-2\">Paquete de 336 g<\/span><\/p>\n<div class=\"saz_next_widget\" data-referer=\"carrefour_widget\" data-ean=\"7622201800420\" data-type=\"RatingsCRF\" data-status=\"LOADING_DATA\">\n<div>&#8220;A menudo imitado, nunca igualado&#8230; \u00a1nuestro exquisito gofre de Lieja con aut\u00e9nticas perlas de az\u00facar caramelizada! Perfectamente conservado en su bolsita fresca, solo o cubierto con aut\u00e9ntico chocolate belga, es sencillamente irresistible. El consejo de Lotus: recalienta tu gofre durante unos instantes en el horno quedar\u00e1 mejor.&#8221;<\/div>\n<\/div>\n<\/div>\n<\/div>\n","protected":false},"excerpt":{"rendered":"<p>Gofres De Li\u00e8ge Con Chocolate Con Leche Lotus<\/p>\n<div class=\"pdp-card__header--text\">\n<div class=\"pdp-card__header--text\">\n<p><span class=\"ds-body-text ds-body-text--weight-bold ds-body-text--size-m ds-body-text--color-standard-2\">Paquete de 336 g<\/span><\/p>\n<\/div>\n<\/div>\n","protected":false},"featured_media":36269,"comment_status":"open","ping_status":"closed","template":"","meta":[],"pwb-brand":[3378],"product_brand":[],"product_cat":[1658],"product_tag":[2778],"class_list":{"0":"post-36260","1":"product","2":"type-product","3":"status-publish","4":"has-post-thumbnail","6":"pwb-brand-lotus-es","7":"product_cat-pasteles-galletas","8":"product_tag-gofre","9":"product_shipping_class-expedicion-mundial","11":"first","12":"instock","13":"taxable","14":"shipping-taxable","15":"purchasable","16":"product-type-simple"},"yoast_head":"<!-- This site is optimized with the Yoast SEO plugin v27.3 - https:\/\/yoast.com\/product\/yoast-seo-wordpress\/ -->\n<title>Gofres De Li\u00e8ge Con Chocolate Con Leche Lotus | Comprar En Linea | My French Grocery<\/title>\n<meta name=\"description\" content=\"Gofres De Li\u00e8ge Con Chocolate Con Leche Lotus - Paquete de 336 g - &quot;A menudo imitado, nunca igualado... \u00a1nuestro exquisito gofre de Lieja con aut\u00e9nticas perlas de az\u00facar caramelizada!\" \/>\n<meta name=\"robots\" content=\"index, follow, max-snippet:-1, max-image-preview:large, max-video-preview:-1\" \/>\n<link rel=\"canonical\" href=\"https:\/\/my-french-grocery.com\/es\/producto\/gofres-de-liege-con-chocolate-con-leche-lotus\/\" \/>\n<meta property=\"og:locale\" content=\"es_ES\" \/>\n<meta property=\"og:type\" content=\"article\" \/>\n<meta property=\"og:title\" content=\"Gofres De Li\u00e8ge Con Chocolate Con Leche Lotus | Comprar En Linea | My French Grocery\" \/>\n<meta property=\"og:description\" content=\"Gofres De Li\u00e8ge Con Chocolate Con Leche Lotus - Paquete de 336 g - &quot;A menudo imitado, nunca igualado... \u00a1nuestro exquisito gofre de Lieja con aut\u00e9nticas perlas de az\u00facar caramelizada!\" \/>\n<meta property=\"og:url\" content=\"https:\/\/my-french-grocery.com\/es\/producto\/gofres-de-liege-con-chocolate-con-leche-lotus\/\" \/>\n<meta property=\"og:site_name\" content=\"My French Grocery\" \/>\n<meta property=\"article:publisher\" content=\"https:\/\/www.facebook.com\/myfrenchgrocery\/\" \/>\n<meta property=\"article:modified_time\" content=\"2023-10-23T13:54:38+00:00\" \/>\n<meta property=\"og:image\" content=\"https:\/\/my-french-grocery.com\/wp-content\/uploads\/2023\/10\/LOTUS-Liege-waffles-topped-with-milk-chocolate.jpeg\" \/>\n\t<meta property=\"og:image:width\" content=\"1200\" \/>\n\t<meta property=\"og:image:height\" content=\"1200\" \/>\n\t<meta property=\"og:image:type\" content=\"image\/jpeg\" \/>\n<meta name=\"twitter:card\" content=\"summary_large_image\" \/>\n<script type=\"application\/ld+json\" class=\"yoast-schema-graph\">{\"@context\":\"https:\\\/\\\/schema.org\",\"@graph\":[{\"@type\":\"WebPage\",\"@id\":\"https:\\\/\\\/my-french-grocery.com\\\/es\\\/producto\\\/gofres-de-liege-con-chocolate-con-leche-lotus\\\/\",\"url\":\"https:\\\/\\\/my-french-grocery.com\\\/es\\\/producto\\\/gofres-de-liege-con-chocolate-con-leche-lotus\\\/\",\"name\":\"Gofres De Li\u00e8ge Con Chocolate Con Leche Lotus | Comprar En Linea | My French Grocery\",\"isPartOf\":{\"@id\":\"https:\\\/\\\/my-french-grocery.com\\\/es\\\/#website\"},\"primaryImageOfPage\":{\"@id\":\"https:\\\/\\\/my-french-grocery.com\\\/es\\\/producto\\\/gofres-de-liege-con-chocolate-con-leche-lotus\\\/#primaryimage\"},\"image\":{\"@id\":\"https:\\\/\\\/my-french-grocery.com\\\/es\\\/producto\\\/gofres-de-liege-con-chocolate-con-leche-lotus\\\/#primaryimage\"},\"thumbnailUrl\":\"https:\\\/\\\/my-french-grocery.com\\\/wp-content\\\/uploads\\\/2023\\\/10\\\/LOTUS-Liege-waffles-topped-with-milk-chocolate.jpeg\",\"datePublished\":\"2023-10-23T13:42:59+00:00\",\"dateModified\":\"2023-10-23T13:54:38+00:00\",\"description\":\"Gofres De Li\u00e8ge Con Chocolate Con Leche Lotus - Paquete de 336 g - \\\"A menudo imitado, nunca igualado... \u00a1nuestro exquisito gofre de Lieja con aut\u00e9nticas perlas de az\u00facar caramelizada!\",\"breadcrumb\":{\"@id\":\"https:\\\/\\\/my-french-grocery.com\\\/es\\\/producto\\\/gofres-de-liege-con-chocolate-con-leche-lotus\\\/#breadcrumb\"},\"inLanguage\":\"es-ES\",\"potentialAction\":[{\"@type\":\"ReadAction\",\"target\":[\"https:\\\/\\\/my-french-grocery.com\\\/es\\\/producto\\\/gofres-de-liege-con-chocolate-con-leche-lotus\\\/\"]}]},{\"@type\":\"ImageObject\",\"inLanguage\":\"es-ES\",\"@id\":\"https:\\\/\\\/my-french-grocery.com\\\/es\\\/producto\\\/gofres-de-liege-con-chocolate-con-leche-lotus\\\/#primaryimage\",\"url\":\"https:\\\/\\\/my-french-grocery.com\\\/wp-content\\\/uploads\\\/2023\\\/10\\\/LOTUS-Liege-waffles-topped-with-milk-chocolate.jpeg\",\"contentUrl\":\"https:\\\/\\\/my-french-grocery.com\\\/wp-content\\\/uploads\\\/2023\\\/10\\\/LOTUS-Liege-waffles-topped-with-milk-chocolate.jpeg\",\"width\":1200,\"height\":1200,\"caption\":\"Gofres De Li\u00e8ge Con Chocolate Con Leche Lotus\"},{\"@type\":\"BreadcrumbList\",\"@id\":\"https:\\\/\\\/my-french-grocery.com\\\/es\\\/producto\\\/gofres-de-liege-con-chocolate-con-leche-lotus\\\/#breadcrumb\",\"itemListElement\":[{\"@type\":\"ListItem\",\"position\":1,\"name\":\"Home\",\"item\":\"https:\\\/\\\/my-french-grocery.com\\\/es\\\/tienda-2\\\/\"},{\"@type\":\"ListItem\",\"position\":2,\"name\":\"Shop\",\"item\":\"https:\\\/\\\/my-french-grocery.com\\\/shop\\\/\"},{\"@type\":\"ListItem\",\"position\":3,\"name\":\"Comida\",\"item\":\"https:\\\/\\\/my-french-grocery.com\\\/es\\\/categoria-producto\\\/comida\\\/\"},{\"@type\":\"ListItem\",\"position\":4,\"name\":\"Pasteles &amp; Galletas\",\"item\":\"https:\\\/\\\/my-french-grocery.com\\\/es\\\/categoria-producto\\\/comida\\\/pasteles-galletas\\\/\"},{\"@type\":\"ListItem\",\"position\":5,\"name\":\"Gofres De Li\u00e8ge Con Chocolate Con Leche Lotus\"}]},{\"@type\":\"WebSite\",\"@id\":\"https:\\\/\\\/my-french-grocery.com\\\/es\\\/#website\",\"url\":\"https:\\\/\\\/my-french-grocery.com\\\/es\\\/\",\"name\":\"My French Grocery\",\"description\":\"Your Online French Grocery  !\",\"publisher\":{\"@id\":\"https:\\\/\\\/my-french-grocery.com\\\/es\\\/#organization\"},\"potentialAction\":[{\"@type\":\"SearchAction\",\"target\":{\"@type\":\"EntryPoint\",\"urlTemplate\":\"https:\\\/\\\/my-french-grocery.com\\\/es\\\/?s={search_term_string}\"},\"query-input\":{\"@type\":\"PropertyValueSpecification\",\"valueRequired\":true,\"valueName\":\"search_term_string\"}}],\"inLanguage\":\"es-ES\"},{\"@type\":\"Organization\",\"@id\":\"https:\\\/\\\/my-french-grocery.com\\\/es\\\/#organization\",\"name\":\"MY FRENCH GROCERY\",\"url\":\"https:\\\/\\\/my-french-grocery.com\\\/es\\\/\",\"logo\":{\"@type\":\"ImageObject\",\"inLanguage\":\"es-ES\",\"@id\":\"https:\\\/\\\/my-french-grocery.com\\\/es\\\/#\\\/schema\\\/logo\\\/image\\\/\",\"url\":\"https:\\\/\\\/my-french-grocery.com\\\/wp-content\\\/uploads\\\/2021\\\/11\\\/My-French-Grocery-Online-French-Grocery.png\",\"contentUrl\":\"https:\\\/\\\/my-french-grocery.com\\\/wp-content\\\/uploads\\\/2021\\\/11\\\/My-French-Grocery-Online-French-Grocery.png\",\"width\":100,\"height\":100,\"caption\":\"MY FRENCH GROCERY\"},\"image\":{\"@id\":\"https:\\\/\\\/my-french-grocery.com\\\/es\\\/#\\\/schema\\\/logo\\\/image\\\/\"},\"sameAs\":[\"https:\\\/\\\/www.facebook.com\\\/myfrenchgrocery\\\/\"]}]}<\/script>\n<!-- \/ Yoast SEO plugin. -->","yoast_head_json":{"title":"Gofres De Li\u00e8ge Con Chocolate Con Leche Lotus | Comprar En Linea | My French Grocery","description":"Gofres De Li\u00e8ge Con Chocolate Con Leche Lotus - Paquete de 336 g - \"A menudo imitado, nunca igualado... \u00a1nuestro exquisito gofre de Lieja con aut\u00e9nticas perlas de az\u00facar caramelizada!","robots":{"index":"index","follow":"follow","max-snippet":"max-snippet:-1","max-image-preview":"max-image-preview:large","max-video-preview":"max-video-preview:-1"},"canonical":"https:\/\/my-french-grocery.com\/es\/producto\/gofres-de-liege-con-chocolate-con-leche-lotus\/","og_locale":"es_ES","og_type":"article","og_title":"Gofres De Li\u00e8ge Con Chocolate Con Leche Lotus | Comprar En Linea | My French Grocery","og_description":"Gofres De Li\u00e8ge Con Chocolate Con Leche Lotus - Paquete de 336 g - \"A menudo imitado, nunca igualado... \u00a1nuestro exquisito gofre de Lieja con aut\u00e9nticas perlas de az\u00facar caramelizada!","og_url":"https:\/\/my-french-grocery.com\/es\/producto\/gofres-de-liege-con-chocolate-con-leche-lotus\/","og_site_name":"My French Grocery","article_publisher":"https:\/\/www.facebook.com\/myfrenchgrocery\/","article_modified_time":"2023-10-23T13:54:38+00:00","og_image":[{"width":1200,"height":1200,"url":"https:\/\/my-french-grocery.com\/wp-content\/uploads\/2023\/10\/LOTUS-Liege-waffles-topped-with-milk-chocolate.jpeg","type":"image\/jpeg"}],"twitter_card":"summary_large_image","schema":{"@context":"https:\/\/schema.org","@graph":[{"@type":"WebPage","@id":"https:\/\/my-french-grocery.com\/es\/producto\/gofres-de-liege-con-chocolate-con-leche-lotus\/","url":"https:\/\/my-french-grocery.com\/es\/producto\/gofres-de-liege-con-chocolate-con-leche-lotus\/","name":"Gofres De Li\u00e8ge Con Chocolate Con Leche Lotus | Comprar En Linea | My French Grocery","isPartOf":{"@id":"https:\/\/my-french-grocery.com\/es\/#website"},"primaryImageOfPage":{"@id":"https:\/\/my-french-grocery.com\/es\/producto\/gofres-de-liege-con-chocolate-con-leche-lotus\/#primaryimage"},"image":{"@id":"https:\/\/my-french-grocery.com\/es\/producto\/gofres-de-liege-con-chocolate-con-leche-lotus\/#primaryimage"},"thumbnailUrl":"https:\/\/my-french-grocery.com\/wp-content\/uploads\/2023\/10\/LOTUS-Liege-waffles-topped-with-milk-chocolate.jpeg","datePublished":"2023-10-23T13:42:59+00:00","dateModified":"2023-10-23T13:54:38+00:00","description":"Gofres De Li\u00e8ge Con Chocolate Con Leche Lotus - Paquete de 336 g - \"A menudo imitado, nunca igualado... \u00a1nuestro exquisito gofre de Lieja con aut\u00e9nticas perlas de az\u00facar caramelizada!","breadcrumb":{"@id":"https:\/\/my-french-grocery.com\/es\/producto\/gofres-de-liege-con-chocolate-con-leche-lotus\/#breadcrumb"},"inLanguage":"es-ES","potentialAction":[{"@type":"ReadAction","target":["https:\/\/my-french-grocery.com\/es\/producto\/gofres-de-liege-con-chocolate-con-leche-lotus\/"]}]},{"@type":"ImageObject","inLanguage":"es-ES","@id":"https:\/\/my-french-grocery.com\/es\/producto\/gofres-de-liege-con-chocolate-con-leche-lotus\/#primaryimage","url":"https:\/\/my-french-grocery.com\/wp-content\/uploads\/2023\/10\/LOTUS-Liege-waffles-topped-with-milk-chocolate.jpeg","contentUrl":"https:\/\/my-french-grocery.com\/wp-content\/uploads\/2023\/10\/LOTUS-Liege-waffles-topped-with-milk-chocolate.jpeg","width":1200,"height":1200,"caption":"Gofres De Li\u00e8ge Con Chocolate Con Leche Lotus"},{"@type":"BreadcrumbList","@id":"https:\/\/my-french-grocery.com\/es\/producto\/gofres-de-liege-con-chocolate-con-leche-lotus\/#breadcrumb","itemListElement":[{"@type":"ListItem","position":1,"name":"Home","item":"https:\/\/my-french-grocery.com\/es\/tienda-2\/"},{"@type":"ListItem","position":2,"name":"Shop","item":"https:\/\/my-french-grocery.com\/shop\/"},{"@type":"ListItem","position":3,"name":"Comida","item":"https:\/\/my-french-grocery.com\/es\/categoria-producto\/comida\/"},{"@type":"ListItem","position":4,"name":"Pasteles &amp; Galletas","item":"https:\/\/my-french-grocery.com\/es\/categoria-producto\/comida\/pasteles-galletas\/"},{"@type":"ListItem","position":5,"name":"Gofres De Li\u00e8ge Con Chocolate Con Leche Lotus"}]},{"@type":"WebSite","@id":"https:\/\/my-french-grocery.com\/es\/#website","url":"https:\/\/my-french-grocery.com\/es\/","name":"My French Grocery","description":"Your Online French Grocery  !","publisher":{"@id":"https:\/\/my-french-grocery.com\/es\/#organization"},"potentialAction":[{"@type":"SearchAction","target":{"@type":"EntryPoint","urlTemplate":"https:\/\/my-french-grocery.com\/es\/?s={search_term_string}"},"query-input":{"@type":"PropertyValueSpecification","valueRequired":true,"valueName":"search_term_string"}}],"inLanguage":"es-ES"},{"@type":"Organization","@id":"https:\/\/my-french-grocery.com\/es\/#organization","name":"MY FRENCH GROCERY","url":"https:\/\/my-french-grocery.com\/es\/","logo":{"@type":"ImageObject","inLanguage":"es-ES","@id":"https:\/\/my-french-grocery.com\/es\/#\/schema\/logo\/image\/","url":"https:\/\/my-french-grocery.com\/wp-content\/uploads\/2021\/11\/My-French-Grocery-Online-French-Grocery.png","contentUrl":"https:\/\/my-french-grocery.com\/wp-content\/uploads\/2021\/11\/My-French-Grocery-Online-French-Grocery.png","width":100,"height":100,"caption":"MY FRENCH GROCERY"},"image":{"@id":"https:\/\/my-french-grocery.com\/es\/#\/schema\/logo\/image\/"},"sameAs":["https:\/\/www.facebook.com\/myfrenchgrocery\/"]}]}},"brands":[{"id":3378,"name":"Lotus","slug":"lotus-es"}],"_links":{"self":[{"href":"https:\/\/my-french-grocery.com\/es\/wp-json\/wp\/v2\/product\/36260","targetHints":{"allow":["GET"]}}],"collection":[{"href":"https:\/\/my-french-grocery.com\/es\/wp-json\/wp\/v2\/product"}],"about":[{"href":"https:\/\/my-french-grocery.com\/es\/wp-json\/wp\/v2\/types\/product"}],"replies":[{"embeddable":true,"href":"https:\/\/my-french-grocery.com\/es\/wp-json\/wp\/v2\/comments?post=36260"}],"wp:featuredmedia":[{"embeddable":true,"href":"https:\/\/my-french-grocery.com\/es\/wp-json\/wp\/v2\/media\/36269"}],"wp:attachment":[{"href":"https:\/\/my-french-grocery.com\/es\/wp-json\/wp\/v2\/media?parent=36260"}],"wp:term":[{"taxonomy":"pwb-brand","embeddable":true,"href":"https:\/\/my-french-grocery.com\/es\/wp-json\/wp\/v2\/pwb-brand?post=36260"},{"taxonomy":"product_brand","embeddable":true,"href":"https:\/\/my-french-grocery.com\/es\/wp-json\/wp\/v2\/product_brand?post=36260"},{"taxonomy":"product_cat","embeddable":true,"href":"https:\/\/my-french-grocery.com\/es\/wp-json\/wp\/v2\/product_cat?post=36260"},{"taxonomy":"product_tag","embeddable":true,"href":"https:\/\/my-french-grocery.com\/es\/wp-json\/wp\/v2\/product_tag?post=36260"}],"curies":[{"name":"wp","href":"https:\/\/api.w.org\/{rel}","templated":true}]}}