{"id":36418,"date":"2023-10-28T18:06:11","date_gmt":"2023-10-28T16:06:12","guid":{"rendered":"https:\/\/my-french-grocery.com\/?post_type=product&#038;p=36418"},"modified":"2023-10-28T18:24:03","modified_gmt":"2023-10-28T16:24:03","slug":"azucar-puro-de-cana-trocitos-la-perruche","status":"publish","type":"product","link":"https:\/\/my-french-grocery.com\/es\/producto\/azucar-puro-de-cana-trocitos-la-perruche\/","title":{"rendered":"Az\u00facar Puro De Ca\u00f1a  &#8211; Trocitos La Perruche"},"content":{"rendered":"<p>Az\u00facar Puro De Ca\u00f1a &#8211; Trocitos La Perruche<\/p>\n<p id=\"tw-target-text\" class=\"tw-data-text tw-text-large tw-ta\" dir=\"ltr\" data-placeholder=\"Traduction\"><span class=\"Y2IQFc\" lang=\"es\">paquete de 252 piezas &#8211; 1 kg\u00a0<\/span><\/p>\n<div class=\"regulated-name\">\n<p class=\"pl-text pl-text--size-m pl-text--style-p\">Marca fundadora del segmento Pure Canne desde hace m\u00e1s de 130 a\u00f1os, Perruche seduce con su delicioso color \u00e1mbar y sus notas arom\u00e1ticas de vainilla Bourbon y caramelo.<\/p>\n<\/div>\n<div id=\"data-advertising-undefined\" class=\"advertising-placeholder-recommendation secondary-details__block secondary-details__recommendation secondary-details__recommendation--food\" data-zone=\"1\"><\/div>\n","protected":false},"excerpt":{"rendered":"<p>Az\u00facar Puro De Ca\u00f1a &#8211; Trocitos La Perruche<\/p>\n<p id=\"tw-target-text\" class=\"tw-data-text tw-text-large tw-ta\" dir=\"ltr\" data-placeholder=\"Traduction\"><span class=\"Y2IQFc\" lang=\"es\">paquete de 252 piezas &#8211; 1 kg\u00a0<\/span><\/p>\n","protected":false},"featured_media":36427,"comment_status":"open","ping_status":"closed","template":"","meta":[],"pwb-brand":[3393],"product_brand":[],"product_cat":[1746],"product_tag":[3398],"class_list":{"0":"post-36418","1":"product","2":"type-product","3":"status-publish","4":"has-post-thumbnail","6":"pwb-brand-la-perruche-es","7":"product_cat-mermelada-miel-untar","8":"product_tag-azucar","9":"product_shipping_class-expedicion-mundial","11":"first","12":"instock","13":"taxable","14":"shipping-taxable","15":"purchasable","16":"product-type-simple"},"yoast_head":"<!-- This site is optimized with the Yoast SEO plugin v27.3 - https:\/\/yoast.com\/product\/yoast-seo-wordpress\/ -->\n<title>Az\u00facar Puro De Ca\u00f1a - Trocitos La Perruche | Comprar En Linea | My French Grocery<\/title>\n<meta name=\"description\" content=\"Az\u00facar Puro De Ca\u00f1a - Trocitos La Perruche - paquete de 252 piezas - 1 kg\u00a0 Marca fundadora del segmento Pure Canne desde hace m\u00e1s de 130 a\u00f1os, Perruche seduce con su delicioso color \u00e1mbar y sus notas arom\u00e1ticas de vainilla Bourbon y caramelo.\" \/>\n<meta name=\"robots\" content=\"index, follow, max-snippet:-1, max-image-preview:large, max-video-preview:-1\" \/>\n<link rel=\"canonical\" href=\"https:\/\/my-french-grocery.com\/es\/producto\/azucar-puro-de-cana-trocitos-la-perruche\/\" \/>\n<meta property=\"og:locale\" content=\"es_ES\" \/>\n<meta property=\"og:type\" content=\"article\" \/>\n<meta property=\"og:title\" content=\"Az\u00facar Puro De Ca\u00f1a - Trocitos La Perruche | Comprar En Linea | My French Grocery\" \/>\n<meta property=\"og:description\" content=\"Az\u00facar Puro De Ca\u00f1a - Trocitos La Perruche - paquete de 252 piezas - 1 kg\u00a0 Marca fundadora del segmento Pure Canne desde hace m\u00e1s de 130 a\u00f1os, Perruche seduce con su delicioso color \u00e1mbar y sus notas arom\u00e1ticas de vainilla Bourbon y caramelo.\" \/>\n<meta property=\"og:url\" content=\"https:\/\/my-french-grocery.com\/es\/producto\/azucar-puro-de-cana-trocitos-la-perruche\/\" \/>\n<meta property=\"og:site_name\" content=\"My French Grocery\" \/>\n<meta property=\"article:publisher\" content=\"https:\/\/www.facebook.com\/myfrenchgrocery\/\" \/>\n<meta property=\"article:modified_time\" content=\"2023-10-28T16:24:03+00:00\" \/>\n<meta property=\"og:image\" content=\"https:\/\/my-french-grocery.com\/wp-content\/uploads\/2023\/10\/la-perruche-petits-morceaux.jpg\" \/>\n\t<meta property=\"og:image:width\" content=\"1500\" \/>\n\t<meta property=\"og:image:height\" content=\"1500\" \/>\n\t<meta property=\"og:image:type\" content=\"image\/jpeg\" \/>\n<meta name=\"twitter:card\" content=\"summary_large_image\" \/>\n<script type=\"application\/ld+json\" class=\"yoast-schema-graph\">{\"@context\":\"https:\\\/\\\/schema.org\",\"@graph\":[{\"@type\":\"WebPage\",\"@id\":\"https:\\\/\\\/my-french-grocery.com\\\/es\\\/producto\\\/azucar-puro-de-cana-trocitos-la-perruche\\\/\",\"url\":\"https:\\\/\\\/my-french-grocery.com\\\/es\\\/producto\\\/azucar-puro-de-cana-trocitos-la-perruche\\\/\",\"name\":\"Az\u00facar Puro De Ca\u00f1a - Trocitos La Perruche | Comprar En Linea | My French Grocery\",\"isPartOf\":{\"@id\":\"https:\\\/\\\/my-french-grocery.com\\\/es\\\/#website\"},\"primaryImageOfPage\":{\"@id\":\"https:\\\/\\\/my-french-grocery.com\\\/es\\\/producto\\\/azucar-puro-de-cana-trocitos-la-perruche\\\/#primaryimage\"},\"image\":{\"@id\":\"https:\\\/\\\/my-french-grocery.com\\\/es\\\/producto\\\/azucar-puro-de-cana-trocitos-la-perruche\\\/#primaryimage\"},\"thumbnailUrl\":\"https:\\\/\\\/my-french-grocery.com\\\/wp-content\\\/uploads\\\/2023\\\/10\\\/la-perruche-petits-morceaux.jpg\",\"datePublished\":\"2023-10-28T16:06:12+00:00\",\"dateModified\":\"2023-10-28T16:24:03+00:00\",\"description\":\"Az\u00facar Puro De Ca\u00f1a - Trocitos La Perruche - paquete de 252 piezas - 1 kg\u00a0 Marca fundadora del segmento Pure Canne desde hace m\u00e1s de 130 a\u00f1os, Perruche seduce con su delicioso color \u00e1mbar y sus notas arom\u00e1ticas de vainilla Bourbon y caramelo.\",\"breadcrumb\":{\"@id\":\"https:\\\/\\\/my-french-grocery.com\\\/es\\\/producto\\\/azucar-puro-de-cana-trocitos-la-perruche\\\/#breadcrumb\"},\"inLanguage\":\"es-ES\",\"potentialAction\":[{\"@type\":\"ReadAction\",\"target\":[\"https:\\\/\\\/my-french-grocery.com\\\/es\\\/producto\\\/azucar-puro-de-cana-trocitos-la-perruche\\\/\"]}]},{\"@type\":\"ImageObject\",\"inLanguage\":\"es-ES\",\"@id\":\"https:\\\/\\\/my-french-grocery.com\\\/es\\\/producto\\\/azucar-puro-de-cana-trocitos-la-perruche\\\/#primaryimage\",\"url\":\"https:\\\/\\\/my-french-grocery.com\\\/wp-content\\\/uploads\\\/2023\\\/10\\\/la-perruche-petits-morceaux.jpg\",\"contentUrl\":\"https:\\\/\\\/my-french-grocery.com\\\/wp-content\\\/uploads\\\/2023\\\/10\\\/la-perruche-petits-morceaux.jpg\",\"width\":1500,\"height\":1500,\"caption\":\"Az\u00facar Puro De Ca\u00f1a - Trocitos La Perruche\"},{\"@type\":\"BreadcrumbList\",\"@id\":\"https:\\\/\\\/my-french-grocery.com\\\/es\\\/producto\\\/azucar-puro-de-cana-trocitos-la-perruche\\\/#breadcrumb\",\"itemListElement\":[{\"@type\":\"ListItem\",\"position\":1,\"name\":\"Home\",\"item\":\"https:\\\/\\\/my-french-grocery.com\\\/es\\\/tienda-2\\\/\"},{\"@type\":\"ListItem\",\"position\":2,\"name\":\"Shop\",\"item\":\"https:\\\/\\\/my-french-grocery.com\\\/shop\\\/\"},{\"@type\":\"ListItem\",\"position\":3,\"name\":\"Comida\",\"item\":\"https:\\\/\\\/my-french-grocery.com\\\/es\\\/categoria-producto\\\/comida\\\/\"},{\"@type\":\"ListItem\",\"position\":4,\"name\":\"Mermelada - Miel - Cr\u00e9mas De Untar\",\"item\":\"https:\\\/\\\/my-french-grocery.com\\\/es\\\/categoria-producto\\\/comida\\\/mermelada-miel-untar\\\/\"},{\"@type\":\"ListItem\",\"position\":5,\"name\":\"Az\u00facar Puro De Ca\u00f1a &#8211; Trocitos La Perruche\"}]},{\"@type\":\"WebSite\",\"@id\":\"https:\\\/\\\/my-french-grocery.com\\\/es\\\/#website\",\"url\":\"https:\\\/\\\/my-french-grocery.com\\\/es\\\/\",\"name\":\"My French Grocery\",\"description\":\"Your Online French Grocery  !\",\"publisher\":{\"@id\":\"https:\\\/\\\/my-french-grocery.com\\\/es\\\/#organization\"},\"potentialAction\":[{\"@type\":\"SearchAction\",\"target\":{\"@type\":\"EntryPoint\",\"urlTemplate\":\"https:\\\/\\\/my-french-grocery.com\\\/es\\\/?s={search_term_string}\"},\"query-input\":{\"@type\":\"PropertyValueSpecification\",\"valueRequired\":true,\"valueName\":\"search_term_string\"}}],\"inLanguage\":\"es-ES\"},{\"@type\":\"Organization\",\"@id\":\"https:\\\/\\\/my-french-grocery.com\\\/es\\\/#organization\",\"name\":\"MY FRENCH GROCERY\",\"url\":\"https:\\\/\\\/my-french-grocery.com\\\/es\\\/\",\"logo\":{\"@type\":\"ImageObject\",\"inLanguage\":\"es-ES\",\"@id\":\"https:\\\/\\\/my-french-grocery.com\\\/es\\\/#\\\/schema\\\/logo\\\/image\\\/\",\"url\":\"https:\\\/\\\/my-french-grocery.com\\\/wp-content\\\/uploads\\\/2021\\\/11\\\/My-French-Grocery-Online-French-Grocery.png\",\"contentUrl\":\"https:\\\/\\\/my-french-grocery.com\\\/wp-content\\\/uploads\\\/2021\\\/11\\\/My-French-Grocery-Online-French-Grocery.png\",\"width\":100,\"height\":100,\"caption\":\"MY FRENCH GROCERY\"},\"image\":{\"@id\":\"https:\\\/\\\/my-french-grocery.com\\\/es\\\/#\\\/schema\\\/logo\\\/image\\\/\"},\"sameAs\":[\"https:\\\/\\\/www.facebook.com\\\/myfrenchgrocery\\\/\"]}]}<\/script>\n<!-- \/ Yoast SEO plugin. -->","yoast_head_json":{"title":"Az\u00facar Puro De Ca\u00f1a - Trocitos La Perruche | Comprar En Linea | My French Grocery","description":"Az\u00facar Puro De Ca\u00f1a - Trocitos La Perruche - paquete de 252 piezas - 1 kg\u00a0 Marca fundadora del segmento Pure Canne desde hace m\u00e1s de 130 a\u00f1os, Perruche seduce con su delicioso color \u00e1mbar y sus notas arom\u00e1ticas de vainilla Bourbon y caramelo.","robots":{"index":"index","follow":"follow","max-snippet":"max-snippet:-1","max-image-preview":"max-image-preview:large","max-video-preview":"max-video-preview:-1"},"canonical":"https:\/\/my-french-grocery.com\/es\/producto\/azucar-puro-de-cana-trocitos-la-perruche\/","og_locale":"es_ES","og_type":"article","og_title":"Az\u00facar Puro De Ca\u00f1a - Trocitos La Perruche | Comprar En Linea | My French Grocery","og_description":"Az\u00facar Puro De Ca\u00f1a - Trocitos La Perruche - paquete de 252 piezas - 1 kg\u00a0 Marca fundadora del segmento Pure Canne desde hace m\u00e1s de 130 a\u00f1os, Perruche seduce con su delicioso color \u00e1mbar y sus notas arom\u00e1ticas de vainilla Bourbon y caramelo.","og_url":"https:\/\/my-french-grocery.com\/es\/producto\/azucar-puro-de-cana-trocitos-la-perruche\/","og_site_name":"My French Grocery","article_publisher":"https:\/\/www.facebook.com\/myfrenchgrocery\/","article_modified_time":"2023-10-28T16:24:03+00:00","og_image":[{"width":1500,"height":1500,"url":"https:\/\/my-french-grocery.com\/wp-content\/uploads\/2023\/10\/la-perruche-petits-morceaux.jpg","type":"image\/jpeg"}],"twitter_card":"summary_large_image","schema":{"@context":"https:\/\/schema.org","@graph":[{"@type":"WebPage","@id":"https:\/\/my-french-grocery.com\/es\/producto\/azucar-puro-de-cana-trocitos-la-perruche\/","url":"https:\/\/my-french-grocery.com\/es\/producto\/azucar-puro-de-cana-trocitos-la-perruche\/","name":"Az\u00facar Puro De Ca\u00f1a - Trocitos La Perruche | Comprar En Linea | My French Grocery","isPartOf":{"@id":"https:\/\/my-french-grocery.com\/es\/#website"},"primaryImageOfPage":{"@id":"https:\/\/my-french-grocery.com\/es\/producto\/azucar-puro-de-cana-trocitos-la-perruche\/#primaryimage"},"image":{"@id":"https:\/\/my-french-grocery.com\/es\/producto\/azucar-puro-de-cana-trocitos-la-perruche\/#primaryimage"},"thumbnailUrl":"https:\/\/my-french-grocery.com\/wp-content\/uploads\/2023\/10\/la-perruche-petits-morceaux.jpg","datePublished":"2023-10-28T16:06:12+00:00","dateModified":"2023-10-28T16:24:03+00:00","description":"Az\u00facar Puro De Ca\u00f1a - Trocitos La Perruche - paquete de 252 piezas - 1 kg\u00a0 Marca fundadora del segmento Pure Canne desde hace m\u00e1s de 130 a\u00f1os, Perruche seduce con su delicioso color \u00e1mbar y sus notas arom\u00e1ticas de vainilla Bourbon y caramelo.","breadcrumb":{"@id":"https:\/\/my-french-grocery.com\/es\/producto\/azucar-puro-de-cana-trocitos-la-perruche\/#breadcrumb"},"inLanguage":"es-ES","potentialAction":[{"@type":"ReadAction","target":["https:\/\/my-french-grocery.com\/es\/producto\/azucar-puro-de-cana-trocitos-la-perruche\/"]}]},{"@type":"ImageObject","inLanguage":"es-ES","@id":"https:\/\/my-french-grocery.com\/es\/producto\/azucar-puro-de-cana-trocitos-la-perruche\/#primaryimage","url":"https:\/\/my-french-grocery.com\/wp-content\/uploads\/2023\/10\/la-perruche-petits-morceaux.jpg","contentUrl":"https:\/\/my-french-grocery.com\/wp-content\/uploads\/2023\/10\/la-perruche-petits-morceaux.jpg","width":1500,"height":1500,"caption":"Az\u00facar Puro De Ca\u00f1a - Trocitos La Perruche"},{"@type":"BreadcrumbList","@id":"https:\/\/my-french-grocery.com\/es\/producto\/azucar-puro-de-cana-trocitos-la-perruche\/#breadcrumb","itemListElement":[{"@type":"ListItem","position":1,"name":"Home","item":"https:\/\/my-french-grocery.com\/es\/tienda-2\/"},{"@type":"ListItem","position":2,"name":"Shop","item":"https:\/\/my-french-grocery.com\/shop\/"},{"@type":"ListItem","position":3,"name":"Comida","item":"https:\/\/my-french-grocery.com\/es\/categoria-producto\/comida\/"},{"@type":"ListItem","position":4,"name":"Mermelada - Miel - Cr\u00e9mas De Untar","item":"https:\/\/my-french-grocery.com\/es\/categoria-producto\/comida\/mermelada-miel-untar\/"},{"@type":"ListItem","position":5,"name":"Az\u00facar Puro De Ca\u00f1a &#8211; Trocitos La Perruche"}]},{"@type":"WebSite","@id":"https:\/\/my-french-grocery.com\/es\/#website","url":"https:\/\/my-french-grocery.com\/es\/","name":"My French Grocery","description":"Your Online French Grocery  !","publisher":{"@id":"https:\/\/my-french-grocery.com\/es\/#organization"},"potentialAction":[{"@type":"SearchAction","target":{"@type":"EntryPoint","urlTemplate":"https:\/\/my-french-grocery.com\/es\/?s={search_term_string}"},"query-input":{"@type":"PropertyValueSpecification","valueRequired":true,"valueName":"search_term_string"}}],"inLanguage":"es-ES"},{"@type":"Organization","@id":"https:\/\/my-french-grocery.com\/es\/#organization","name":"MY FRENCH GROCERY","url":"https:\/\/my-french-grocery.com\/es\/","logo":{"@type":"ImageObject","inLanguage":"es-ES","@id":"https:\/\/my-french-grocery.com\/es\/#\/schema\/logo\/image\/","url":"https:\/\/my-french-grocery.com\/wp-content\/uploads\/2021\/11\/My-French-Grocery-Online-French-Grocery.png","contentUrl":"https:\/\/my-french-grocery.com\/wp-content\/uploads\/2021\/11\/My-French-Grocery-Online-French-Grocery.png","width":100,"height":100,"caption":"MY FRENCH GROCERY"},"image":{"@id":"https:\/\/my-french-grocery.com\/es\/#\/schema\/logo\/image\/"},"sameAs":["https:\/\/www.facebook.com\/myfrenchgrocery\/"]}]}},"brands":[{"id":3393,"name":"La Perruche","slug":"la-perruche-es"}],"_links":{"self":[{"href":"https:\/\/my-french-grocery.com\/es\/wp-json\/wp\/v2\/product\/36418","targetHints":{"allow":["GET"]}}],"collection":[{"href":"https:\/\/my-french-grocery.com\/es\/wp-json\/wp\/v2\/product"}],"about":[{"href":"https:\/\/my-french-grocery.com\/es\/wp-json\/wp\/v2\/types\/product"}],"replies":[{"embeddable":true,"href":"https:\/\/my-french-grocery.com\/es\/wp-json\/wp\/v2\/comments?post=36418"}],"wp:featuredmedia":[{"embeddable":true,"href":"https:\/\/my-french-grocery.com\/es\/wp-json\/wp\/v2\/media\/36427"}],"wp:attachment":[{"href":"https:\/\/my-french-grocery.com\/es\/wp-json\/wp\/v2\/media?parent=36418"}],"wp:term":[{"taxonomy":"pwb-brand","embeddable":true,"href":"https:\/\/my-french-grocery.com\/es\/wp-json\/wp\/v2\/pwb-brand?post=36418"},{"taxonomy":"product_brand","embeddable":true,"href":"https:\/\/my-french-grocery.com\/es\/wp-json\/wp\/v2\/product_brand?post=36418"},{"taxonomy":"product_cat","embeddable":true,"href":"https:\/\/my-french-grocery.com\/es\/wp-json\/wp\/v2\/product_cat?post=36418"},{"taxonomy":"product_tag","embeddable":true,"href":"https:\/\/my-french-grocery.com\/es\/wp-json\/wp\/v2\/product_tag?post=36418"}],"curies":[{"name":"wp","href":"https:\/\/api.w.org\/{rel}","templated":true}]}}