{"id":36785,"date":"2023-11-14T11:58:33","date_gmt":"2023-11-14T09:58:33","guid":{"rendered":"https:\/\/my-french-grocery.com\/?post_type=product&#038;p=36785"},"modified":"2023-11-14T12:10:59","modified_gmt":"2023-11-14T10:10:59","slug":"pasta-de-almendras-papillottes-revillon","status":"publish","type":"product","link":"https:\/\/my-french-grocery.com\/es\/producto\/pasta-de-almendras-papillottes-revillon\/","title":{"rendered":"Pasta De Almendras Papillottes Revillon"},"content":{"rendered":"<p>Pasta De Almendras Papillottes Revillon<\/p>\n<p>Paquete de 370 g<\/p>\n<p>Perpet\u00faa los rituales navide\u00f1os en familia gracias a nuestras ic\u00f3nicas recetas de pasta de almendras imaginadas por nuestros chocolateros cuyo saber hacer \u00fanico se transmite desde 1898: pasta de almendras con chocolate negro, pasta de almendras\u2026<\/p>\n","protected":false},"excerpt":{"rendered":"<p>Pasta De Almendras Papillottes Revillon<\/p>\n<p>Paquete de 370 g<\/p>\n","protected":false},"featured_media":36794,"comment_status":"open","ping_status":"closed","template":"","meta":[],"pwb-brand":[],"product_brand":[],"product_cat":[1654,1740,2477],"product_tag":[1805],"class_list":{"0":"post-36785","1":"product","2":"type-product","3":"status-publish","4":"has-post-thumbnail","6":"product_cat-caramelos","7":"product_cat-chocolate-es","8":"product_cat-productos-navidenos","9":"product_tag-chocolate-es","10":"product_shipping_class-expedicion-mundial","12":"first","13":"instock","14":"taxable","15":"shipping-taxable","16":"purchasable","17":"product-type-simple"},"brands":[],"_links":{"self":[{"href":"https:\/\/my-french-grocery.com\/es\/wp-json\/wp\/v2\/product\/36785","targetHints":{"allow":["GET"]}}],"collection":[{"href":"https:\/\/my-french-grocery.com\/es\/wp-json\/wp\/v2\/product"}],"about":[{"href":"https:\/\/my-french-grocery.com\/es\/wp-json\/wp\/v2\/types\/product"}],"replies":[{"embeddable":true,"href":"https:\/\/my-french-grocery.com\/es\/wp-json\/wp\/v2\/comments?post=36785"}],"wp:featuredmedia":[{"embeddable":true,"href":"https:\/\/my-french-grocery.com\/es\/wp-json\/wp\/v2\/media\/36794"}],"wp:attachment":[{"href":"https:\/\/my-french-grocery.com\/es\/wp-json\/wp\/v2\/media?parent=36785"}],"wp:term":[{"taxonomy":"pwb-brand","embeddable":true,"href":"https:\/\/my-french-grocery.com\/es\/wp-json\/wp\/v2\/pwb-brand?post=36785"},{"taxonomy":"product_brand","embeddable":true,"href":"https:\/\/my-french-grocery.com\/es\/wp-json\/wp\/v2\/product_brand?post=36785"},{"taxonomy":"product_cat","embeddable":true,"href":"https:\/\/my-french-grocery.com\/es\/wp-json\/wp\/v2\/product_cat?post=36785"},{"taxonomy":"product_tag","embeddable":true,"href":"https:\/\/my-french-grocery.com\/es\/wp-json\/wp\/v2\/product_tag?post=36785"}],"curies":[{"name":"wp","href":"https:\/\/api.w.org\/{rel}","templated":true}]}}