{"id":36806,"date":"2023-11-14T12:38:56","date_gmt":"2023-11-14T10:38:56","guid":{"rendered":"https:\/\/my-french-grocery.com\/?post_type=product&#038;p=36806"},"modified":"2023-11-14T12:51:37","modified_gmt":"2023-11-14T10:51:37","slug":"papillotes-de-turron-leche-negro-revillon","status":"publish","type":"product","link":"https:\/\/my-french-grocery.com\/es\/producto\/papillotes-de-turron-leche-negro-revillon\/","title":{"rendered":"Papillotes De Turr\u00f3n  Leche &#038; Negro Revillon"},"content":{"rendered":"<p>Papillotes De Turr\u00f3n Leche &amp; Negro Revillon<\/p>\n<p>Paquete de 300\u00a0 g<\/p>\n<p><span>R\u00e9villon Chocolatier le invita a redescubrir los aut\u00e9nticos sabores de la Navidad a trav\u00e9s de sus papillotes.\u00a0<\/span><span>Este d\u00fao de tiernos turrones de Mont\u00e9limar recubiertos de chocolate con leche o negro al 70%, acompa\u00f1ados de un mensaje festivo, te permitir\u00e1n compartir peque\u00f1os momentos de felicidad gourmet con tus seres queridos durante las vacaciones.<\/span><\/p>\n","protected":false},"excerpt":{"rendered":"<p>Papillotes De Turr\u00f3n Leche &amp; Negro Revillon<\/p>\n<p>Paquete de 300\u00a0 g<\/p>\n","protected":false},"featured_media":36815,"comment_status":"open","ping_status":"closed","template":"","meta":[],"pwb-brand":[],"product_brand":[],"product_cat":[1654,1740,2477],"product_tag":[1805,2006],"class_list":{"0":"post-36806","1":"product","2":"type-product","3":"status-publish","4":"has-post-thumbnail","6":"product_cat-caramelos","7":"product_cat-chocolate-es","8":"product_cat-productos-navidenos","9":"product_tag-chocolate-es","10":"product_tag-turron","11":"product_shipping_class-expedicion-mundial","13":"first","14":"outofstock","15":"taxable","16":"shipping-taxable","17":"purchasable","18":"product-type-simple"},"yoast_head":"<!-- This site is optimized with the Yoast SEO plugin v27.4 - https:\/\/yoast.com\/product\/yoast-seo-wordpress\/ -->\n<title>Papillotes De Turr\u00f3n Leche &amp; Negro Revillon | Comprar En Linea | My French Grocery<\/title>\n<meta name=\"description\" content=\"Papillotes De Turr\u00f3n Leche &amp; Negro Revillon - Paquete de 300\u00a0 g - R\u00e9villon Chocolatier le invita a redescubrir los aut\u00e9nticos sabores de la Navidad a trav\u00e9s de sus papillotes.\u00a0\" \/>\n<meta name=\"robots\" content=\"index, follow, max-snippet:-1, max-image-preview:large, max-video-preview:-1\" \/>\n<link rel=\"canonical\" href=\"https:\/\/my-french-grocery.com\/es\/producto\/papillotes-de-turron-leche-negro-revillon\/\" \/>\n<meta property=\"og:locale\" content=\"es_ES\" \/>\n<meta property=\"og:type\" content=\"article\" \/>\n<meta property=\"og:title\" content=\"Papillotes De Turr\u00f3n Leche &amp; Negro Revillon | Comprar En Linea | My French Grocery\" \/>\n<meta property=\"og:description\" content=\"Papillotes De Turr\u00f3n Leche &amp; Negro Revillon - Paquete de 300\u00a0 g - R\u00e9villon Chocolatier le invita a redescubrir los aut\u00e9nticos sabores de la Navidad a trav\u00e9s de sus papillotes.\u00a0\" \/>\n<meta property=\"og:url\" content=\"https:\/\/my-french-grocery.com\/es\/producto\/papillotes-de-turron-leche-negro-revillon\/\" \/>\n<meta property=\"og:site_name\" content=\"My French Grocery\" \/>\n<meta property=\"article:publisher\" content=\"https:\/\/www.facebook.com\/myfrenchgrocery\/\" \/>\n<meta property=\"article:modified_time\" content=\"2023-11-14T10:51:37+00:00\" \/>\n<meta property=\"og:image\" content=\"https:\/\/my-french-grocery.com\/wp-content\/uploads\/2023\/11\/nougats-revillon.jpg\" \/>\n\t<meta property=\"og:image:width\" content=\"1500\" \/>\n\t<meta property=\"og:image:height\" content=\"1500\" \/>\n\t<meta property=\"og:image:type\" content=\"image\/jpeg\" \/>\n<meta name=\"twitter:card\" content=\"summary_large_image\" \/>\n<script type=\"application\/ld+json\" class=\"yoast-schema-graph\">{\"@context\":\"https:\\\/\\\/schema.org\",\"@graph\":[{\"@type\":\"WebPage\",\"@id\":\"https:\\\/\\\/my-french-grocery.com\\\/es\\\/producto\\\/papillotes-de-turron-leche-negro-revillon\\\/\",\"url\":\"https:\\\/\\\/my-french-grocery.com\\\/es\\\/producto\\\/papillotes-de-turron-leche-negro-revillon\\\/\",\"name\":\"Papillotes De Turr\u00f3n Leche & Negro Revillon | Comprar En Linea | My French Grocery\",\"isPartOf\":{\"@id\":\"https:\\\/\\\/my-french-grocery.com\\\/es\\\/#website\"},\"primaryImageOfPage\":{\"@id\":\"https:\\\/\\\/my-french-grocery.com\\\/es\\\/producto\\\/papillotes-de-turron-leche-negro-revillon\\\/#primaryimage\"},\"image\":{\"@id\":\"https:\\\/\\\/my-french-grocery.com\\\/es\\\/producto\\\/papillotes-de-turron-leche-negro-revillon\\\/#primaryimage\"},\"thumbnailUrl\":\"https:\\\/\\\/my-french-grocery.com\\\/wp-content\\\/uploads\\\/2023\\\/11\\\/nougats-revillon.jpg\",\"datePublished\":\"2023-11-14T10:38:56+00:00\",\"dateModified\":\"2023-11-14T10:51:37+00:00\",\"description\":\"Papillotes De Turr\u00f3n Leche & Negro Revillon - Paquete de 300\u00a0 g - R\u00e9villon Chocolatier le invita a redescubrir los aut\u00e9nticos sabores de la Navidad a trav\u00e9s de sus papillotes.\u00a0\",\"breadcrumb\":{\"@id\":\"https:\\\/\\\/my-french-grocery.com\\\/es\\\/producto\\\/papillotes-de-turron-leche-negro-revillon\\\/#breadcrumb\"},\"inLanguage\":\"es-ES\",\"potentialAction\":[{\"@type\":\"ReadAction\",\"target\":[\"https:\\\/\\\/my-french-grocery.com\\\/es\\\/producto\\\/papillotes-de-turron-leche-negro-revillon\\\/\"]}]},{\"@type\":\"ImageObject\",\"inLanguage\":\"es-ES\",\"@id\":\"https:\\\/\\\/my-french-grocery.com\\\/es\\\/producto\\\/papillotes-de-turron-leche-negro-revillon\\\/#primaryimage\",\"url\":\"https:\\\/\\\/my-french-grocery.com\\\/wp-content\\\/uploads\\\/2023\\\/11\\\/nougats-revillon.jpg\",\"contentUrl\":\"https:\\\/\\\/my-french-grocery.com\\\/wp-content\\\/uploads\\\/2023\\\/11\\\/nougats-revillon.jpg\",\"width\":1500,\"height\":1500,\"caption\":\"Papillotes De Turr\u00f3n Leche & Negro Revillon\"},{\"@type\":\"BreadcrumbList\",\"@id\":\"https:\\\/\\\/my-french-grocery.com\\\/es\\\/producto\\\/papillotes-de-turron-leche-negro-revillon\\\/#breadcrumb\",\"itemListElement\":[{\"@type\":\"ListItem\",\"position\":1,\"name\":\"Home\",\"item\":\"https:\\\/\\\/my-french-grocery.com\\\/es\\\/tienda-2\\\/\"},{\"@type\":\"ListItem\",\"position\":2,\"name\":\"Shop\",\"item\":\"https:\\\/\\\/my-french-grocery.com\\\/shop\\\/\"},{\"@type\":\"ListItem\",\"position\":3,\"name\":\"Comida\",\"item\":\"https:\\\/\\\/my-french-grocery.com\\\/es\\\/categoria-producto\\\/comida\\\/\"},{\"@type\":\"ListItem\",\"position\":4,\"name\":\"Dulces - Chocolates\",\"item\":\"https:\\\/\\\/my-french-grocery.com\\\/es\\\/categoria-producto\\\/comida\\\/dulces-chocolates\\\/\"},{\"@type\":\"ListItem\",\"position\":5,\"name\":\"Caramelos\",\"item\":\"https:\\\/\\\/my-french-grocery.com\\\/es\\\/categoria-producto\\\/comida\\\/dulces-chocolates\\\/caramelos\\\/\"},{\"@type\":\"ListItem\",\"position\":6,\"name\":\"Papillotes De Turr\u00f3n Leche &#038; Negro Revillon\"}]},{\"@type\":\"WebSite\",\"@id\":\"https:\\\/\\\/my-french-grocery.com\\\/es\\\/#website\",\"url\":\"https:\\\/\\\/my-french-grocery.com\\\/es\\\/\",\"name\":\"My French Grocery\",\"description\":\"Your Online French Grocery  !\",\"publisher\":{\"@id\":\"https:\\\/\\\/my-french-grocery.com\\\/es\\\/#organization\"},\"potentialAction\":[{\"@type\":\"SearchAction\",\"target\":{\"@type\":\"EntryPoint\",\"urlTemplate\":\"https:\\\/\\\/my-french-grocery.com\\\/es\\\/?s={search_term_string}\"},\"query-input\":{\"@type\":\"PropertyValueSpecification\",\"valueRequired\":true,\"valueName\":\"search_term_string\"}}],\"inLanguage\":\"es-ES\"},{\"@type\":\"Organization\",\"@id\":\"https:\\\/\\\/my-french-grocery.com\\\/es\\\/#organization\",\"name\":\"MY FRENCH GROCERY\",\"url\":\"https:\\\/\\\/my-french-grocery.com\\\/es\\\/\",\"logo\":{\"@type\":\"ImageObject\",\"inLanguage\":\"es-ES\",\"@id\":\"https:\\\/\\\/my-french-grocery.com\\\/es\\\/#\\\/schema\\\/logo\\\/image\\\/\",\"url\":\"https:\\\/\\\/my-french-grocery.com\\\/wp-content\\\/uploads\\\/2021\\\/11\\\/My-French-Grocery-Online-French-Grocery.png\",\"contentUrl\":\"https:\\\/\\\/my-french-grocery.com\\\/wp-content\\\/uploads\\\/2021\\\/11\\\/My-French-Grocery-Online-French-Grocery.png\",\"width\":100,\"height\":100,\"caption\":\"MY FRENCH GROCERY\"},\"image\":{\"@id\":\"https:\\\/\\\/my-french-grocery.com\\\/es\\\/#\\\/schema\\\/logo\\\/image\\\/\"},\"sameAs\":[\"https:\\\/\\\/www.facebook.com\\\/myfrenchgrocery\\\/\"]}]}<\/script>\n<!-- \/ Yoast SEO plugin. -->","yoast_head_json":{"title":"Papillotes De Turr\u00f3n Leche & Negro Revillon | Comprar En Linea | My French Grocery","description":"Papillotes De Turr\u00f3n Leche & Negro Revillon - Paquete de 300\u00a0 g - R\u00e9villon Chocolatier le invita a redescubrir los aut\u00e9nticos sabores de la Navidad a trav\u00e9s de sus papillotes.\u00a0","robots":{"index":"index","follow":"follow","max-snippet":"max-snippet:-1","max-image-preview":"max-image-preview:large","max-video-preview":"max-video-preview:-1"},"canonical":"https:\/\/my-french-grocery.com\/es\/producto\/papillotes-de-turron-leche-negro-revillon\/","og_locale":"es_ES","og_type":"article","og_title":"Papillotes De Turr\u00f3n Leche & Negro Revillon | Comprar En Linea | My French Grocery","og_description":"Papillotes De Turr\u00f3n Leche & Negro Revillon - Paquete de 300\u00a0 g - R\u00e9villon Chocolatier le invita a redescubrir los aut\u00e9nticos sabores de la Navidad a trav\u00e9s de sus papillotes.\u00a0","og_url":"https:\/\/my-french-grocery.com\/es\/producto\/papillotes-de-turron-leche-negro-revillon\/","og_site_name":"My French Grocery","article_publisher":"https:\/\/www.facebook.com\/myfrenchgrocery\/","article_modified_time":"2023-11-14T10:51:37+00:00","og_image":[{"width":1500,"height":1500,"url":"https:\/\/my-french-grocery.com\/wp-content\/uploads\/2023\/11\/nougats-revillon.jpg","type":"image\/jpeg"}],"twitter_card":"summary_large_image","schema":{"@context":"https:\/\/schema.org","@graph":[{"@type":"WebPage","@id":"https:\/\/my-french-grocery.com\/es\/producto\/papillotes-de-turron-leche-negro-revillon\/","url":"https:\/\/my-french-grocery.com\/es\/producto\/papillotes-de-turron-leche-negro-revillon\/","name":"Papillotes De Turr\u00f3n Leche & Negro Revillon | Comprar En Linea | My French Grocery","isPartOf":{"@id":"https:\/\/my-french-grocery.com\/es\/#website"},"primaryImageOfPage":{"@id":"https:\/\/my-french-grocery.com\/es\/producto\/papillotes-de-turron-leche-negro-revillon\/#primaryimage"},"image":{"@id":"https:\/\/my-french-grocery.com\/es\/producto\/papillotes-de-turron-leche-negro-revillon\/#primaryimage"},"thumbnailUrl":"https:\/\/my-french-grocery.com\/wp-content\/uploads\/2023\/11\/nougats-revillon.jpg","datePublished":"2023-11-14T10:38:56+00:00","dateModified":"2023-11-14T10:51:37+00:00","description":"Papillotes De Turr\u00f3n Leche & Negro Revillon - Paquete de 300\u00a0 g - R\u00e9villon Chocolatier le invita a redescubrir los aut\u00e9nticos sabores de la Navidad a trav\u00e9s de sus papillotes.\u00a0","breadcrumb":{"@id":"https:\/\/my-french-grocery.com\/es\/producto\/papillotes-de-turron-leche-negro-revillon\/#breadcrumb"},"inLanguage":"es-ES","potentialAction":[{"@type":"ReadAction","target":["https:\/\/my-french-grocery.com\/es\/producto\/papillotes-de-turron-leche-negro-revillon\/"]}]},{"@type":"ImageObject","inLanguage":"es-ES","@id":"https:\/\/my-french-grocery.com\/es\/producto\/papillotes-de-turron-leche-negro-revillon\/#primaryimage","url":"https:\/\/my-french-grocery.com\/wp-content\/uploads\/2023\/11\/nougats-revillon.jpg","contentUrl":"https:\/\/my-french-grocery.com\/wp-content\/uploads\/2023\/11\/nougats-revillon.jpg","width":1500,"height":1500,"caption":"Papillotes De Turr\u00f3n Leche & Negro Revillon"},{"@type":"BreadcrumbList","@id":"https:\/\/my-french-grocery.com\/es\/producto\/papillotes-de-turron-leche-negro-revillon\/#breadcrumb","itemListElement":[{"@type":"ListItem","position":1,"name":"Home","item":"https:\/\/my-french-grocery.com\/es\/tienda-2\/"},{"@type":"ListItem","position":2,"name":"Shop","item":"https:\/\/my-french-grocery.com\/shop\/"},{"@type":"ListItem","position":3,"name":"Comida","item":"https:\/\/my-french-grocery.com\/es\/categoria-producto\/comida\/"},{"@type":"ListItem","position":4,"name":"Dulces - Chocolates","item":"https:\/\/my-french-grocery.com\/es\/categoria-producto\/comida\/dulces-chocolates\/"},{"@type":"ListItem","position":5,"name":"Caramelos","item":"https:\/\/my-french-grocery.com\/es\/categoria-producto\/comida\/dulces-chocolates\/caramelos\/"},{"@type":"ListItem","position":6,"name":"Papillotes De Turr\u00f3n Leche &#038; Negro Revillon"}]},{"@type":"WebSite","@id":"https:\/\/my-french-grocery.com\/es\/#website","url":"https:\/\/my-french-grocery.com\/es\/","name":"My French Grocery","description":"Your Online French Grocery  !","publisher":{"@id":"https:\/\/my-french-grocery.com\/es\/#organization"},"potentialAction":[{"@type":"SearchAction","target":{"@type":"EntryPoint","urlTemplate":"https:\/\/my-french-grocery.com\/es\/?s={search_term_string}"},"query-input":{"@type":"PropertyValueSpecification","valueRequired":true,"valueName":"search_term_string"}}],"inLanguage":"es-ES"},{"@type":"Organization","@id":"https:\/\/my-french-grocery.com\/es\/#organization","name":"MY FRENCH GROCERY","url":"https:\/\/my-french-grocery.com\/es\/","logo":{"@type":"ImageObject","inLanguage":"es-ES","@id":"https:\/\/my-french-grocery.com\/es\/#\/schema\/logo\/image\/","url":"https:\/\/my-french-grocery.com\/wp-content\/uploads\/2021\/11\/My-French-Grocery-Online-French-Grocery.png","contentUrl":"https:\/\/my-french-grocery.com\/wp-content\/uploads\/2021\/11\/My-French-Grocery-Online-French-Grocery.png","width":100,"height":100,"caption":"MY FRENCH GROCERY"},"image":{"@id":"https:\/\/my-french-grocery.com\/es\/#\/schema\/logo\/image\/"},"sameAs":["https:\/\/www.facebook.com\/myfrenchgrocery\/"]}]}},"brands":[],"_links":{"self":[{"href":"https:\/\/my-french-grocery.com\/es\/wp-json\/wp\/v2\/product\/36806","targetHints":{"allow":["GET"]}}],"collection":[{"href":"https:\/\/my-french-grocery.com\/es\/wp-json\/wp\/v2\/product"}],"about":[{"href":"https:\/\/my-french-grocery.com\/es\/wp-json\/wp\/v2\/types\/product"}],"replies":[{"embeddable":true,"href":"https:\/\/my-french-grocery.com\/es\/wp-json\/wp\/v2\/comments?post=36806"}],"wp:featuredmedia":[{"embeddable":true,"href":"https:\/\/my-french-grocery.com\/es\/wp-json\/wp\/v2\/media\/36815"}],"wp:attachment":[{"href":"https:\/\/my-french-grocery.com\/es\/wp-json\/wp\/v2\/media?parent=36806"}],"wp:term":[{"taxonomy":"pwb-brand","embeddable":true,"href":"https:\/\/my-french-grocery.com\/es\/wp-json\/wp\/v2\/pwb-brand?post=36806"},{"taxonomy":"product_brand","embeddable":true,"href":"https:\/\/my-french-grocery.com\/es\/wp-json\/wp\/v2\/product_brand?post=36806"},{"taxonomy":"product_cat","embeddable":true,"href":"https:\/\/my-french-grocery.com\/es\/wp-json\/wp\/v2\/product_cat?post=36806"},{"taxonomy":"product_tag","embeddable":true,"href":"https:\/\/my-french-grocery.com\/es\/wp-json\/wp\/v2\/product_tag?post=36806"}],"curies":[{"name":"wp","href":"https:\/\/api.w.org\/{rel}","templated":true}]}}