{"id":36843,"date":"2023-11-16T18:05:23","date_gmt":"2023-11-16T16:05:23","guid":{"rendered":"https:\/\/my-french-grocery.com\/?post_type=product&#038;p=36843"},"modified":"2024-03-12T18:45:49","modified_gmt":"2024-03-12T16:45:49","slug":"papillotes-pasta-de-frutas-revillon","status":"publish","type":"product","link":"https:\/\/my-french-grocery.com\/es\/producto\/papillotes-pasta-de-frutas-revillon\/","title":{"rendered":"Papillotes Pasta De Frutas Revillon"},"content":{"rendered":"<p>Papillotes Pasta De Frutas Revillon<\/p>\n<p>Paquete de 370\u00a0 g<\/p>\n<p><span>Perpet\u00faa los rituales navide\u00f1os en familia gracias a nuestras ic\u00f3nicas recetas de jaleas de frutas elaboradas con frutas francesas cuidadosamente seleccionadas: frambuesas de Nouvelle-Aquitaine, albaricoques de Occitania y peras de la regi\u00f3n PACA.\u00a0<\/span><span>En R\u00e9villon ponemos todo nuestro coraz\u00f3n en crear nuestros papillotes para que puedas compartir momentos \u00fanicos con tus seres queridos.<\/span><\/p>\n","protected":false},"excerpt":{"rendered":"<p>Papillotes Pasta De Frutas Revillon<\/p>\n<p>Paquete de 370\u00a0 g<\/p>\n","protected":false},"featured_media":36854,"comment_status":"open","ping_status":"closed","template":"","meta":[],"pwb-brand":[],"product_brand":[],"product_cat":[1654,1740,2477],"product_tag":[1805,2006],"class_list":{"0":"post-36843","1":"product","2":"type-product","3":"status-publish","4":"has-post-thumbnail","6":"product_cat-caramelos","7":"product_cat-chocolate-es","8":"product_cat-productos-navidenos","9":"product_tag-chocolate-es","10":"product_tag-turron","12":"first","13":"instock","14":"taxable","15":"shipping-taxable","16":"purchasable","17":"product-type-simple"},"yoast_head":"<!-- This site is optimized with the Yoast SEO plugin v27.4 - https:\/\/yoast.com\/product\/yoast-seo-wordpress\/ -->\n<title>Papillotes Pasta De Frutas Revillon | Comprar En Linea | My French Grocery<\/title>\n<meta name=\"description\" content=\"Papillotes Pasta De Frutas Revillon - Paquete de 370\u00a0g - Perpet\u00faa los rituales navide\u00f1os en familia gracias a nuestras ic\u00f3nicas recetas de jaleas de frutas elaboradas con frutas francesas\" \/>\n<meta name=\"robots\" content=\"index, follow, max-snippet:-1, max-image-preview:large, max-video-preview:-1\" \/>\n<link rel=\"canonical\" href=\"https:\/\/my-french-grocery.com\/es\/producto\/papillotes-pasta-de-frutas-revillon\/\" \/>\n<meta property=\"og:locale\" content=\"es_ES\" \/>\n<meta property=\"og:type\" content=\"article\" \/>\n<meta property=\"og:title\" content=\"Papillotes Pasta De Frutas Revillon | Comprar En Linea | My French Grocery\" \/>\n<meta property=\"og:description\" content=\"Papillotes Pasta De Frutas Revillon - Paquete de 370\u00a0g - Perpet\u00faa los rituales navide\u00f1os en familia gracias a nuestras ic\u00f3nicas recetas de jaleas de frutas elaboradas con frutas francesas\" \/>\n<meta property=\"og:url\" content=\"https:\/\/my-french-grocery.com\/es\/producto\/papillotes-pasta-de-frutas-revillon\/\" \/>\n<meta property=\"og:site_name\" content=\"My French Grocery\" \/>\n<meta property=\"article:publisher\" content=\"https:\/\/www.facebook.com\/myfrenchgrocery\/\" \/>\n<meta property=\"article:modified_time\" content=\"2024-03-12T16:45:49+00:00\" \/>\n<meta property=\"og:image\" content=\"https:\/\/my-french-grocery.com\/wp-content\/uploads\/2023\/11\/REVILLON-CHOCOLATIER-Les-Papillotes-fruit-pastes.jpeg\" \/>\n\t<meta property=\"og:image:width\" content=\"1200\" \/>\n\t<meta property=\"og:image:height\" content=\"1200\" \/>\n\t<meta property=\"og:image:type\" content=\"image\/jpeg\" \/>\n<meta name=\"twitter:card\" content=\"summary_large_image\" \/>\n<script type=\"application\/ld+json\" class=\"yoast-schema-graph\">{\"@context\":\"https:\\\/\\\/schema.org\",\"@graph\":[{\"@type\":\"WebPage\",\"@id\":\"https:\\\/\\\/my-french-grocery.com\\\/es\\\/producto\\\/papillotes-pasta-de-frutas-revillon\\\/\",\"url\":\"https:\\\/\\\/my-french-grocery.com\\\/es\\\/producto\\\/papillotes-pasta-de-frutas-revillon\\\/\",\"name\":\"Papillotes Pasta De Frutas Revillon | Comprar En Linea | My French Grocery\",\"isPartOf\":{\"@id\":\"https:\\\/\\\/my-french-grocery.com\\\/es\\\/#website\"},\"primaryImageOfPage\":{\"@id\":\"https:\\\/\\\/my-french-grocery.com\\\/es\\\/producto\\\/papillotes-pasta-de-frutas-revillon\\\/#primaryimage\"},\"image\":{\"@id\":\"https:\\\/\\\/my-french-grocery.com\\\/es\\\/producto\\\/papillotes-pasta-de-frutas-revillon\\\/#primaryimage\"},\"thumbnailUrl\":\"https:\\\/\\\/my-french-grocery.com\\\/wp-content\\\/uploads\\\/2023\\\/11\\\/REVILLON-CHOCOLATIER-Les-Papillotes-fruit-pastes.jpeg\",\"datePublished\":\"2023-11-16T16:05:23+00:00\",\"dateModified\":\"2024-03-12T16:45:49+00:00\",\"description\":\"Papillotes Pasta De Frutas Revillon - Paquete de 370\u00a0g - Perpet\u00faa los rituales navide\u00f1os en familia gracias a nuestras ic\u00f3nicas recetas de jaleas de frutas elaboradas con frutas francesas\",\"breadcrumb\":{\"@id\":\"https:\\\/\\\/my-french-grocery.com\\\/es\\\/producto\\\/papillotes-pasta-de-frutas-revillon\\\/#breadcrumb\"},\"inLanguage\":\"es-ES\",\"potentialAction\":[{\"@type\":\"ReadAction\",\"target\":[\"https:\\\/\\\/my-french-grocery.com\\\/es\\\/producto\\\/papillotes-pasta-de-frutas-revillon\\\/\"]}]},{\"@type\":\"ImageObject\",\"inLanguage\":\"es-ES\",\"@id\":\"https:\\\/\\\/my-french-grocery.com\\\/es\\\/producto\\\/papillotes-pasta-de-frutas-revillon\\\/#primaryimage\",\"url\":\"https:\\\/\\\/my-french-grocery.com\\\/wp-content\\\/uploads\\\/2023\\\/11\\\/REVILLON-CHOCOLATIER-Les-Papillotes-fruit-pastes.jpeg\",\"contentUrl\":\"https:\\\/\\\/my-french-grocery.com\\\/wp-content\\\/uploads\\\/2023\\\/11\\\/REVILLON-CHOCOLATIER-Les-Papillotes-fruit-pastes.jpeg\",\"width\":1200,\"height\":1200,\"caption\":\"Papillotes Pasta De Frutas Revillon\"},{\"@type\":\"BreadcrumbList\",\"@id\":\"https:\\\/\\\/my-french-grocery.com\\\/es\\\/producto\\\/papillotes-pasta-de-frutas-revillon\\\/#breadcrumb\",\"itemListElement\":[{\"@type\":\"ListItem\",\"position\":1,\"name\":\"Home\",\"item\":\"https:\\\/\\\/my-french-grocery.com\\\/es\\\/tienda-2\\\/\"},{\"@type\":\"ListItem\",\"position\":2,\"name\":\"Shop\",\"item\":\"https:\\\/\\\/my-french-grocery.com\\\/shop\\\/\"},{\"@type\":\"ListItem\",\"position\":3,\"name\":\"Comida\",\"item\":\"https:\\\/\\\/my-french-grocery.com\\\/es\\\/categoria-producto\\\/comida\\\/\"},{\"@type\":\"ListItem\",\"position\":4,\"name\":\"Dulces - Chocolates\",\"item\":\"https:\\\/\\\/my-french-grocery.com\\\/es\\\/categoria-producto\\\/comida\\\/dulces-chocolates\\\/\"},{\"@type\":\"ListItem\",\"position\":5,\"name\":\"Caramelos\",\"item\":\"https:\\\/\\\/my-french-grocery.com\\\/es\\\/categoria-producto\\\/comida\\\/dulces-chocolates\\\/caramelos\\\/\"},{\"@type\":\"ListItem\",\"position\":6,\"name\":\"Papillotes Pasta De Frutas Revillon\"}]},{\"@type\":\"WebSite\",\"@id\":\"https:\\\/\\\/my-french-grocery.com\\\/es\\\/#website\",\"url\":\"https:\\\/\\\/my-french-grocery.com\\\/es\\\/\",\"name\":\"My French Grocery\",\"description\":\"Your Online French Grocery  !\",\"publisher\":{\"@id\":\"https:\\\/\\\/my-french-grocery.com\\\/es\\\/#organization\"},\"potentialAction\":[{\"@type\":\"SearchAction\",\"target\":{\"@type\":\"EntryPoint\",\"urlTemplate\":\"https:\\\/\\\/my-french-grocery.com\\\/es\\\/?s={search_term_string}\"},\"query-input\":{\"@type\":\"PropertyValueSpecification\",\"valueRequired\":true,\"valueName\":\"search_term_string\"}}],\"inLanguage\":\"es-ES\"},{\"@type\":\"Organization\",\"@id\":\"https:\\\/\\\/my-french-grocery.com\\\/es\\\/#organization\",\"name\":\"MY FRENCH GROCERY\",\"url\":\"https:\\\/\\\/my-french-grocery.com\\\/es\\\/\",\"logo\":{\"@type\":\"ImageObject\",\"inLanguage\":\"es-ES\",\"@id\":\"https:\\\/\\\/my-french-grocery.com\\\/es\\\/#\\\/schema\\\/logo\\\/image\\\/\",\"url\":\"https:\\\/\\\/my-french-grocery.com\\\/wp-content\\\/uploads\\\/2021\\\/11\\\/My-French-Grocery-Online-French-Grocery.png\",\"contentUrl\":\"https:\\\/\\\/my-french-grocery.com\\\/wp-content\\\/uploads\\\/2021\\\/11\\\/My-French-Grocery-Online-French-Grocery.png\",\"width\":100,\"height\":100,\"caption\":\"MY FRENCH GROCERY\"},\"image\":{\"@id\":\"https:\\\/\\\/my-french-grocery.com\\\/es\\\/#\\\/schema\\\/logo\\\/image\\\/\"},\"sameAs\":[\"https:\\\/\\\/www.facebook.com\\\/myfrenchgrocery\\\/\"]}]}<\/script>\n<!-- \/ Yoast SEO plugin. -->","yoast_head_json":{"title":"Papillotes Pasta De Frutas Revillon | Comprar En Linea | My French Grocery","description":"Papillotes Pasta De Frutas Revillon - Paquete de 370\u00a0g - Perpet\u00faa los rituales navide\u00f1os en familia gracias a nuestras ic\u00f3nicas recetas de jaleas de frutas elaboradas con frutas francesas","robots":{"index":"index","follow":"follow","max-snippet":"max-snippet:-1","max-image-preview":"max-image-preview:large","max-video-preview":"max-video-preview:-1"},"canonical":"https:\/\/my-french-grocery.com\/es\/producto\/papillotes-pasta-de-frutas-revillon\/","og_locale":"es_ES","og_type":"article","og_title":"Papillotes Pasta De Frutas Revillon | Comprar En Linea | My French Grocery","og_description":"Papillotes Pasta De Frutas Revillon - Paquete de 370\u00a0g - Perpet\u00faa los rituales navide\u00f1os en familia gracias a nuestras ic\u00f3nicas recetas de jaleas de frutas elaboradas con frutas francesas","og_url":"https:\/\/my-french-grocery.com\/es\/producto\/papillotes-pasta-de-frutas-revillon\/","og_site_name":"My French Grocery","article_publisher":"https:\/\/www.facebook.com\/myfrenchgrocery\/","article_modified_time":"2024-03-12T16:45:49+00:00","og_image":[{"width":1200,"height":1200,"url":"https:\/\/my-french-grocery.com\/wp-content\/uploads\/2023\/11\/REVILLON-CHOCOLATIER-Les-Papillotes-fruit-pastes.jpeg","type":"image\/jpeg"}],"twitter_card":"summary_large_image","schema":{"@context":"https:\/\/schema.org","@graph":[{"@type":"WebPage","@id":"https:\/\/my-french-grocery.com\/es\/producto\/papillotes-pasta-de-frutas-revillon\/","url":"https:\/\/my-french-grocery.com\/es\/producto\/papillotes-pasta-de-frutas-revillon\/","name":"Papillotes Pasta De Frutas Revillon | Comprar En Linea | My French Grocery","isPartOf":{"@id":"https:\/\/my-french-grocery.com\/es\/#website"},"primaryImageOfPage":{"@id":"https:\/\/my-french-grocery.com\/es\/producto\/papillotes-pasta-de-frutas-revillon\/#primaryimage"},"image":{"@id":"https:\/\/my-french-grocery.com\/es\/producto\/papillotes-pasta-de-frutas-revillon\/#primaryimage"},"thumbnailUrl":"https:\/\/my-french-grocery.com\/wp-content\/uploads\/2023\/11\/REVILLON-CHOCOLATIER-Les-Papillotes-fruit-pastes.jpeg","datePublished":"2023-11-16T16:05:23+00:00","dateModified":"2024-03-12T16:45:49+00:00","description":"Papillotes Pasta De Frutas Revillon - Paquete de 370\u00a0g - Perpet\u00faa los rituales navide\u00f1os en familia gracias a nuestras ic\u00f3nicas recetas de jaleas de frutas elaboradas con frutas francesas","breadcrumb":{"@id":"https:\/\/my-french-grocery.com\/es\/producto\/papillotes-pasta-de-frutas-revillon\/#breadcrumb"},"inLanguage":"es-ES","potentialAction":[{"@type":"ReadAction","target":["https:\/\/my-french-grocery.com\/es\/producto\/papillotes-pasta-de-frutas-revillon\/"]}]},{"@type":"ImageObject","inLanguage":"es-ES","@id":"https:\/\/my-french-grocery.com\/es\/producto\/papillotes-pasta-de-frutas-revillon\/#primaryimage","url":"https:\/\/my-french-grocery.com\/wp-content\/uploads\/2023\/11\/REVILLON-CHOCOLATIER-Les-Papillotes-fruit-pastes.jpeg","contentUrl":"https:\/\/my-french-grocery.com\/wp-content\/uploads\/2023\/11\/REVILLON-CHOCOLATIER-Les-Papillotes-fruit-pastes.jpeg","width":1200,"height":1200,"caption":"Papillotes Pasta De Frutas Revillon"},{"@type":"BreadcrumbList","@id":"https:\/\/my-french-grocery.com\/es\/producto\/papillotes-pasta-de-frutas-revillon\/#breadcrumb","itemListElement":[{"@type":"ListItem","position":1,"name":"Home","item":"https:\/\/my-french-grocery.com\/es\/tienda-2\/"},{"@type":"ListItem","position":2,"name":"Shop","item":"https:\/\/my-french-grocery.com\/shop\/"},{"@type":"ListItem","position":3,"name":"Comida","item":"https:\/\/my-french-grocery.com\/es\/categoria-producto\/comida\/"},{"@type":"ListItem","position":4,"name":"Dulces - Chocolates","item":"https:\/\/my-french-grocery.com\/es\/categoria-producto\/comida\/dulces-chocolates\/"},{"@type":"ListItem","position":5,"name":"Caramelos","item":"https:\/\/my-french-grocery.com\/es\/categoria-producto\/comida\/dulces-chocolates\/caramelos\/"},{"@type":"ListItem","position":6,"name":"Papillotes Pasta De Frutas Revillon"}]},{"@type":"WebSite","@id":"https:\/\/my-french-grocery.com\/es\/#website","url":"https:\/\/my-french-grocery.com\/es\/","name":"My French Grocery","description":"Your Online French Grocery  !","publisher":{"@id":"https:\/\/my-french-grocery.com\/es\/#organization"},"potentialAction":[{"@type":"SearchAction","target":{"@type":"EntryPoint","urlTemplate":"https:\/\/my-french-grocery.com\/es\/?s={search_term_string}"},"query-input":{"@type":"PropertyValueSpecification","valueRequired":true,"valueName":"search_term_string"}}],"inLanguage":"es-ES"},{"@type":"Organization","@id":"https:\/\/my-french-grocery.com\/es\/#organization","name":"MY FRENCH GROCERY","url":"https:\/\/my-french-grocery.com\/es\/","logo":{"@type":"ImageObject","inLanguage":"es-ES","@id":"https:\/\/my-french-grocery.com\/es\/#\/schema\/logo\/image\/","url":"https:\/\/my-french-grocery.com\/wp-content\/uploads\/2021\/11\/My-French-Grocery-Online-French-Grocery.png","contentUrl":"https:\/\/my-french-grocery.com\/wp-content\/uploads\/2021\/11\/My-French-Grocery-Online-French-Grocery.png","width":100,"height":100,"caption":"MY FRENCH GROCERY"},"image":{"@id":"https:\/\/my-french-grocery.com\/es\/#\/schema\/logo\/image\/"},"sameAs":["https:\/\/www.facebook.com\/myfrenchgrocery\/"]}]}},"brands":[],"_links":{"self":[{"href":"https:\/\/my-french-grocery.com\/es\/wp-json\/wp\/v2\/product\/36843","targetHints":{"allow":["GET"]}}],"collection":[{"href":"https:\/\/my-french-grocery.com\/es\/wp-json\/wp\/v2\/product"}],"about":[{"href":"https:\/\/my-french-grocery.com\/es\/wp-json\/wp\/v2\/types\/product"}],"replies":[{"embeddable":true,"href":"https:\/\/my-french-grocery.com\/es\/wp-json\/wp\/v2\/comments?post=36843"}],"wp:featuredmedia":[{"embeddable":true,"href":"https:\/\/my-french-grocery.com\/es\/wp-json\/wp\/v2\/media\/36854"}],"wp:attachment":[{"href":"https:\/\/my-french-grocery.com\/es\/wp-json\/wp\/v2\/media?parent=36843"}],"wp:term":[{"taxonomy":"pwb-brand","embeddable":true,"href":"https:\/\/my-french-grocery.com\/es\/wp-json\/wp\/v2\/pwb-brand?post=36843"},{"taxonomy":"product_brand","embeddable":true,"href":"https:\/\/my-french-grocery.com\/es\/wp-json\/wp\/v2\/product_brand?post=36843"},{"taxonomy":"product_cat","embeddable":true,"href":"https:\/\/my-french-grocery.com\/es\/wp-json\/wp\/v2\/product_cat?post=36843"},{"taxonomy":"product_tag","embeddable":true,"href":"https:\/\/my-french-grocery.com\/es\/wp-json\/wp\/v2\/product_tag?post=36843"}],"curies":[{"name":"wp","href":"https:\/\/api.w.org\/{rel}","templated":true}]}}