{"id":38302,"date":"2024-02-05T11:59:44","date_gmt":"2024-02-05T09:59:45","guid":{"rendered":"https:\/\/my-french-grocery.com\/?post_type=product&#038;p=38302"},"modified":"2024-02-21T18:22:07","modified_gmt":"2024-02-21T16:22:07","slug":"monodosis-de-cafe-descafeinado-tassimo-lor","status":"publish","type":"product","link":"https:\/\/my-french-grocery.com\/es\/producto\/monodosis-de-cafe-descafeinado-tassimo-lor\/","title":{"rendered":"Monodosis De Caf\u00e9 Descafeinado Tassimo L&#8217;or"},"content":{"rendered":"<p>Monodosis De Caf\u00e9 Descafeinado Tassimo L&#8217;or<\/p>\n<div class=\"pdp-card__header--text\">\n<div class=\"pdp-card__header desktop-only\">\n<div class=\"pdp-card__header--text\">\n<div class=\"pdp-card__header desktop-only\">\n<div class=\"pdp-card__header--text\">\n<p class=\"product-title__packaging c-text c-text--size-m c-text--style-p\">paquete de 16 vainas<\/p>\n<\/div>\n<\/div>\n<div class=\"main-details__pricing\">\n<div class=\"main-details__pdp-pricing\">\n<div class=\"pdp-pricing\">\n<div class=\"pdp-pricing__group\">\n<div class=\"pdp-pricing__block-left\">\n<div class=\"product-price product-price--size-xl product-price--inline-amounts\">\n<div class=\"product-price__amounts\">\n<div class=\"product-price__amount product-price__amount--main\" data-testid=\"product-price__amount--main\">Descubre el Espresso Descafeinado TASSIMO L\u2019OR.\u00a0La riqueza de sus aromas es s\u00f3lo el aperitivo de este cautivador espresso descafeinado, salpicado de notas picantes.\u00a0Para una experiencia sin cafe\u00edna en cualquier momento del d\u00eda.\u00a0Fuerza 4. Nuestros caf\u00e9s TASSIMO consisten en mezclas \u00fanicas de granos de caf\u00e9 Ar\u00e1bica y Robusta.<\/div>\n<\/div>\n<\/div>\n<\/div>\n<\/div>\n<\/div>\n<\/div>\n<\/div>\n<\/div>\n<\/div>\n<\/div>\n","protected":false},"excerpt":{"rendered":"<p>Monodosis De Caf\u00e9 Descafeinado Tassimo L&#8217;or<\/p>\n<div class=\"pdp-card__header--text\">\n<div class=\"pdp-card__header desktop-only\">\n<div class=\"pdp-card__header--text\">\n<div class=\"pdp-card__header desktop-only\">\n<div class=\"pdp-card__header--text\">\n<p class=\"product-title__packaging c-text c-text--size-m c-text--style-p\">paquete de 16 vainas<\/p>\n<\/div>\n<\/div>\n<\/div>\n<\/div>\n<\/div>\n<div class=\"pdp-card__header--text\">\n<div class=\"pdp-card__header desktop-only\">\n<div class=\"pdp-card__header--text\">\n<div class=\"main-details__pricing\">\n<div class=\"main-details__pdp-pricing\">\n<div class=\"pdp-pricing\">\n<div class=\"pdp-pricing__group\">\n<div class=\"pdp-pricing__block-left\">\n<div class=\"product-price product-price--size-xl product-price--inline-amounts\">\n<div class=\"product-price__amounts\">\n<div class=\"product-price__amount product-price__amount--main\" data-testid=\"product-price__amount--main\"><\/div>\n<\/div>\n<\/div>\n<\/div>\n<\/div>\n<\/div>\n<\/div>\n<\/div>\n<\/div>\n<\/div>\n<\/div>\n","protected":false},"featured_media":38311,"comment_status":"open","ping_status":"closed","template":"","meta":[],"pwb-brand":[3368],"product_brand":[],"product_cat":[1721],"product_tag":[3490,3476],"class_list":{"0":"post-38302","1":"product","2":"type-product","3":"status-publish","4":"has-post-thumbnail","6":"pwb-brand-lor-maison-du-cafe-es-2","7":"product_cat-cafe-achicoria","8":"product_tag-lor-es","9":"product_tag-tassimo-es","10":"product_shipping_class-expedicion-mundial","12":"first","13":"instock","14":"taxable","15":"shipping-taxable","16":"purchasable","17":"product-type-simple"},"yoast_head":"<!-- This site is optimized with the Yoast SEO plugin v27.3 - https:\/\/yoast.com\/product\/yoast-seo-wordpress\/ -->\n<title>Monodosis De Caf\u00e9 Descafeinado Tassimo L&#039;or | Comprar En Linea | My French Grocery<\/title>\n<meta name=\"description\" content=\"Monodosis De Caf\u00e9 Descafeinado Tassimo L&#039;or - paquete de 16 vainas - Descubre el Espresso Descafeinado TASSIMO L\u2019OR.\u00a0La riqueza de sus aromas es s\u00f3lo el aperitivo de este cautivador espresso descafeinado\" \/>\n<meta name=\"robots\" content=\"index, follow, max-snippet:-1, max-image-preview:large, max-video-preview:-1\" \/>\n<link rel=\"canonical\" href=\"https:\/\/my-french-grocery.com\/es\/producto\/monodosis-de-cafe-descafeinado-tassimo-lor\/\" \/>\n<meta property=\"og:locale\" content=\"es_ES\" \/>\n<meta property=\"og:type\" content=\"article\" \/>\n<meta property=\"og:title\" content=\"Monodosis De Caf\u00e9 Descafeinado Tassimo L&#039;or | Comprar En Linea | My French Grocery\" \/>\n<meta property=\"og:description\" content=\"Monodosis De Caf\u00e9 Descafeinado Tassimo L&#039;or - paquete de 16 vainas - Descubre el Espresso Descafeinado TASSIMO L\u2019OR.\u00a0La riqueza de sus aromas es s\u00f3lo el aperitivo de este cautivador espresso descafeinado\" \/>\n<meta property=\"og:url\" content=\"https:\/\/my-french-grocery.com\/es\/producto\/monodosis-de-cafe-descafeinado-tassimo-lor\/\" \/>\n<meta property=\"og:site_name\" content=\"My French Grocery\" \/>\n<meta property=\"article:publisher\" content=\"https:\/\/www.facebook.com\/myfrenchgrocery\/\" \/>\n<meta property=\"article:modified_time\" content=\"2024-02-21T16:22:07+00:00\" \/>\n<meta property=\"og:image\" content=\"https:\/\/my-french-grocery.com\/wp-content\/uploads\/2024\/02\/Tassimo-compatible-decaffeinato-coffee-pods.webp\" \/>\n\t<meta property=\"og:image:width\" content=\"1500\" \/>\n\t<meta property=\"og:image:height\" content=\"1500\" \/>\n\t<meta property=\"og:image:type\" content=\"image\/webp\" \/>\n<meta name=\"twitter:card\" content=\"summary_large_image\" \/>\n<meta name=\"twitter:label1\" content=\"Tiempo de lectura\" \/>\n\t<meta name=\"twitter:data1\" content=\"1 minute\" \/>\n<script type=\"application\/ld+json\" class=\"yoast-schema-graph\">{\"@context\":\"https:\\\/\\\/schema.org\",\"@graph\":[{\"@type\":\"WebPage\",\"@id\":\"https:\\\/\\\/my-french-grocery.com\\\/es\\\/producto\\\/monodosis-de-cafe-descafeinado-tassimo-lor\\\/\",\"url\":\"https:\\\/\\\/my-french-grocery.com\\\/es\\\/producto\\\/monodosis-de-cafe-descafeinado-tassimo-lor\\\/\",\"name\":\"Monodosis De Caf\u00e9 Descafeinado Tassimo L'or | Comprar En Linea | My French Grocery\",\"isPartOf\":{\"@id\":\"https:\\\/\\\/my-french-grocery.com\\\/es\\\/#website\"},\"primaryImageOfPage\":{\"@id\":\"https:\\\/\\\/my-french-grocery.com\\\/es\\\/producto\\\/monodosis-de-cafe-descafeinado-tassimo-lor\\\/#primaryimage\"},\"image\":{\"@id\":\"https:\\\/\\\/my-french-grocery.com\\\/es\\\/producto\\\/monodosis-de-cafe-descafeinado-tassimo-lor\\\/#primaryimage\"},\"thumbnailUrl\":\"https:\\\/\\\/my-french-grocery.com\\\/wp-content\\\/uploads\\\/2024\\\/02\\\/Tassimo-compatible-decaffeinato-coffee-pods.webp\",\"datePublished\":\"2024-02-05T09:59:45+00:00\",\"dateModified\":\"2024-02-21T16:22:07+00:00\",\"description\":\"Monodosis De Caf\u00e9 Descafeinado Tassimo L'or - paquete de 16 vainas - Descubre el Espresso Descafeinado TASSIMO L\u2019OR.\u00a0La riqueza de sus aromas es s\u00f3lo el aperitivo de este cautivador espresso descafeinado\",\"breadcrumb\":{\"@id\":\"https:\\\/\\\/my-french-grocery.com\\\/es\\\/producto\\\/monodosis-de-cafe-descafeinado-tassimo-lor\\\/#breadcrumb\"},\"inLanguage\":\"es-ES\",\"potentialAction\":[{\"@type\":\"ReadAction\",\"target\":[\"https:\\\/\\\/my-french-grocery.com\\\/es\\\/producto\\\/monodosis-de-cafe-descafeinado-tassimo-lor\\\/\"]}]},{\"@type\":\"ImageObject\",\"inLanguage\":\"es-ES\",\"@id\":\"https:\\\/\\\/my-french-grocery.com\\\/es\\\/producto\\\/monodosis-de-cafe-descafeinado-tassimo-lor\\\/#primaryimage\",\"url\":\"https:\\\/\\\/my-french-grocery.com\\\/wp-content\\\/uploads\\\/2024\\\/02\\\/Tassimo-compatible-decaffeinato-coffee-pods.webp\",\"contentUrl\":\"https:\\\/\\\/my-french-grocery.com\\\/wp-content\\\/uploads\\\/2024\\\/02\\\/Tassimo-compatible-decaffeinato-coffee-pods.webp\",\"width\":1500,\"height\":1500,\"caption\":\"Monodosis De Caf\u00e9 Descafeinado Tassimo L'or\"},{\"@type\":\"BreadcrumbList\",\"@id\":\"https:\\\/\\\/my-french-grocery.com\\\/es\\\/producto\\\/monodosis-de-cafe-descafeinado-tassimo-lor\\\/#breadcrumb\",\"itemListElement\":[{\"@type\":\"ListItem\",\"position\":1,\"name\":\"Home\",\"item\":\"https:\\\/\\\/my-french-grocery.com\\\/es\\\/tienda-2\\\/\"},{\"@type\":\"ListItem\",\"position\":2,\"name\":\"Shop\",\"item\":\"https:\\\/\\\/my-french-grocery.com\\\/shop\\\/\"},{\"@type\":\"ListItem\",\"position\":3,\"name\":\"Comida\",\"item\":\"https:\\\/\\\/my-french-grocery.com\\\/es\\\/categoria-producto\\\/comida\\\/\"},{\"@type\":\"ListItem\",\"position\":4,\"name\":\"T\u00e9, Caf\u00e9, Chocolate En Polvo\",\"item\":\"https:\\\/\\\/my-french-grocery.com\\\/es\\\/categoria-producto\\\/comida\\\/te-cafe-chocolate-en-polvo\\\/\"},{\"@type\":\"ListItem\",\"position\":5,\"name\":\"Caf\u00e9 &amp; Achicoria\",\"item\":\"https:\\\/\\\/my-french-grocery.com\\\/es\\\/categoria-producto\\\/comida\\\/te-cafe-chocolate-en-polvo\\\/cafe-achicoria\\\/\"},{\"@type\":\"ListItem\",\"position\":6,\"name\":\"Monodosis De Caf\u00e9 Descafeinado Tassimo L&#8217;or\"}]},{\"@type\":\"WebSite\",\"@id\":\"https:\\\/\\\/my-french-grocery.com\\\/es\\\/#website\",\"url\":\"https:\\\/\\\/my-french-grocery.com\\\/es\\\/\",\"name\":\"My French Grocery\",\"description\":\"Your Online French Grocery  !\",\"publisher\":{\"@id\":\"https:\\\/\\\/my-french-grocery.com\\\/es\\\/#organization\"},\"potentialAction\":[{\"@type\":\"SearchAction\",\"target\":{\"@type\":\"EntryPoint\",\"urlTemplate\":\"https:\\\/\\\/my-french-grocery.com\\\/es\\\/?s={search_term_string}\"},\"query-input\":{\"@type\":\"PropertyValueSpecification\",\"valueRequired\":true,\"valueName\":\"search_term_string\"}}],\"inLanguage\":\"es-ES\"},{\"@type\":\"Organization\",\"@id\":\"https:\\\/\\\/my-french-grocery.com\\\/es\\\/#organization\",\"name\":\"MY FRENCH GROCERY\",\"url\":\"https:\\\/\\\/my-french-grocery.com\\\/es\\\/\",\"logo\":{\"@type\":\"ImageObject\",\"inLanguage\":\"es-ES\",\"@id\":\"https:\\\/\\\/my-french-grocery.com\\\/es\\\/#\\\/schema\\\/logo\\\/image\\\/\",\"url\":\"https:\\\/\\\/my-french-grocery.com\\\/wp-content\\\/uploads\\\/2021\\\/11\\\/My-French-Grocery-Online-French-Grocery.png\",\"contentUrl\":\"https:\\\/\\\/my-french-grocery.com\\\/wp-content\\\/uploads\\\/2021\\\/11\\\/My-French-Grocery-Online-French-Grocery.png\",\"width\":100,\"height\":100,\"caption\":\"MY FRENCH GROCERY\"},\"image\":{\"@id\":\"https:\\\/\\\/my-french-grocery.com\\\/es\\\/#\\\/schema\\\/logo\\\/image\\\/\"},\"sameAs\":[\"https:\\\/\\\/www.facebook.com\\\/myfrenchgrocery\\\/\"]}]}<\/script>\n<!-- \/ Yoast SEO plugin. -->","yoast_head_json":{"title":"Monodosis De Caf\u00e9 Descafeinado Tassimo L'or | Comprar En Linea | My French Grocery","description":"Monodosis De Caf\u00e9 Descafeinado Tassimo L'or - paquete de 16 vainas - Descubre el Espresso Descafeinado TASSIMO L\u2019OR.\u00a0La riqueza de sus aromas es s\u00f3lo el aperitivo de este cautivador espresso descafeinado","robots":{"index":"index","follow":"follow","max-snippet":"max-snippet:-1","max-image-preview":"max-image-preview:large","max-video-preview":"max-video-preview:-1"},"canonical":"https:\/\/my-french-grocery.com\/es\/producto\/monodosis-de-cafe-descafeinado-tassimo-lor\/","og_locale":"es_ES","og_type":"article","og_title":"Monodosis De Caf\u00e9 Descafeinado Tassimo L'or | Comprar En Linea | My French Grocery","og_description":"Monodosis De Caf\u00e9 Descafeinado Tassimo L'or - paquete de 16 vainas - Descubre el Espresso Descafeinado TASSIMO L\u2019OR.\u00a0La riqueza de sus aromas es s\u00f3lo el aperitivo de este cautivador espresso descafeinado","og_url":"https:\/\/my-french-grocery.com\/es\/producto\/monodosis-de-cafe-descafeinado-tassimo-lor\/","og_site_name":"My French Grocery","article_publisher":"https:\/\/www.facebook.com\/myfrenchgrocery\/","article_modified_time":"2024-02-21T16:22:07+00:00","og_image":[{"width":1500,"height":1500,"url":"https:\/\/my-french-grocery.com\/wp-content\/uploads\/2024\/02\/Tassimo-compatible-decaffeinato-coffee-pods.webp","type":"image\/webp"}],"twitter_card":"summary_large_image","twitter_misc":{"Tiempo de lectura":"1 minute"},"schema":{"@context":"https:\/\/schema.org","@graph":[{"@type":"WebPage","@id":"https:\/\/my-french-grocery.com\/es\/producto\/monodosis-de-cafe-descafeinado-tassimo-lor\/","url":"https:\/\/my-french-grocery.com\/es\/producto\/monodosis-de-cafe-descafeinado-tassimo-lor\/","name":"Monodosis De Caf\u00e9 Descafeinado Tassimo L'or | Comprar En Linea | My French Grocery","isPartOf":{"@id":"https:\/\/my-french-grocery.com\/es\/#website"},"primaryImageOfPage":{"@id":"https:\/\/my-french-grocery.com\/es\/producto\/monodosis-de-cafe-descafeinado-tassimo-lor\/#primaryimage"},"image":{"@id":"https:\/\/my-french-grocery.com\/es\/producto\/monodosis-de-cafe-descafeinado-tassimo-lor\/#primaryimage"},"thumbnailUrl":"https:\/\/my-french-grocery.com\/wp-content\/uploads\/2024\/02\/Tassimo-compatible-decaffeinato-coffee-pods.webp","datePublished":"2024-02-05T09:59:45+00:00","dateModified":"2024-02-21T16:22:07+00:00","description":"Monodosis De Caf\u00e9 Descafeinado Tassimo L'or - paquete de 16 vainas - Descubre el Espresso Descafeinado TASSIMO L\u2019OR.\u00a0La riqueza de sus aromas es s\u00f3lo el aperitivo de este cautivador espresso descafeinado","breadcrumb":{"@id":"https:\/\/my-french-grocery.com\/es\/producto\/monodosis-de-cafe-descafeinado-tassimo-lor\/#breadcrumb"},"inLanguage":"es-ES","potentialAction":[{"@type":"ReadAction","target":["https:\/\/my-french-grocery.com\/es\/producto\/monodosis-de-cafe-descafeinado-tassimo-lor\/"]}]},{"@type":"ImageObject","inLanguage":"es-ES","@id":"https:\/\/my-french-grocery.com\/es\/producto\/monodosis-de-cafe-descafeinado-tassimo-lor\/#primaryimage","url":"https:\/\/my-french-grocery.com\/wp-content\/uploads\/2024\/02\/Tassimo-compatible-decaffeinato-coffee-pods.webp","contentUrl":"https:\/\/my-french-grocery.com\/wp-content\/uploads\/2024\/02\/Tassimo-compatible-decaffeinato-coffee-pods.webp","width":1500,"height":1500,"caption":"Monodosis De Caf\u00e9 Descafeinado Tassimo L'or"},{"@type":"BreadcrumbList","@id":"https:\/\/my-french-grocery.com\/es\/producto\/monodosis-de-cafe-descafeinado-tassimo-lor\/#breadcrumb","itemListElement":[{"@type":"ListItem","position":1,"name":"Home","item":"https:\/\/my-french-grocery.com\/es\/tienda-2\/"},{"@type":"ListItem","position":2,"name":"Shop","item":"https:\/\/my-french-grocery.com\/shop\/"},{"@type":"ListItem","position":3,"name":"Comida","item":"https:\/\/my-french-grocery.com\/es\/categoria-producto\/comida\/"},{"@type":"ListItem","position":4,"name":"T\u00e9, Caf\u00e9, Chocolate En Polvo","item":"https:\/\/my-french-grocery.com\/es\/categoria-producto\/comida\/te-cafe-chocolate-en-polvo\/"},{"@type":"ListItem","position":5,"name":"Caf\u00e9 &amp; Achicoria","item":"https:\/\/my-french-grocery.com\/es\/categoria-producto\/comida\/te-cafe-chocolate-en-polvo\/cafe-achicoria\/"},{"@type":"ListItem","position":6,"name":"Monodosis De Caf\u00e9 Descafeinado Tassimo L&#8217;or"}]},{"@type":"WebSite","@id":"https:\/\/my-french-grocery.com\/es\/#website","url":"https:\/\/my-french-grocery.com\/es\/","name":"My French Grocery","description":"Your Online French Grocery  !","publisher":{"@id":"https:\/\/my-french-grocery.com\/es\/#organization"},"potentialAction":[{"@type":"SearchAction","target":{"@type":"EntryPoint","urlTemplate":"https:\/\/my-french-grocery.com\/es\/?s={search_term_string}"},"query-input":{"@type":"PropertyValueSpecification","valueRequired":true,"valueName":"search_term_string"}}],"inLanguage":"es-ES"},{"@type":"Organization","@id":"https:\/\/my-french-grocery.com\/es\/#organization","name":"MY FRENCH GROCERY","url":"https:\/\/my-french-grocery.com\/es\/","logo":{"@type":"ImageObject","inLanguage":"es-ES","@id":"https:\/\/my-french-grocery.com\/es\/#\/schema\/logo\/image\/","url":"https:\/\/my-french-grocery.com\/wp-content\/uploads\/2021\/11\/My-French-Grocery-Online-French-Grocery.png","contentUrl":"https:\/\/my-french-grocery.com\/wp-content\/uploads\/2021\/11\/My-French-Grocery-Online-French-Grocery.png","width":100,"height":100,"caption":"MY FRENCH GROCERY"},"image":{"@id":"https:\/\/my-french-grocery.com\/es\/#\/schema\/logo\/image\/"},"sameAs":["https:\/\/www.facebook.com\/myfrenchgrocery\/"]}]}},"brands":[{"id":3368,"name":"L'Or - Maison Du Caf\u00e9","slug":"lor-maison-du-cafe-es-2"}],"_links":{"self":[{"href":"https:\/\/my-french-grocery.com\/es\/wp-json\/wp\/v2\/product\/38302","targetHints":{"allow":["GET"]}}],"collection":[{"href":"https:\/\/my-french-grocery.com\/es\/wp-json\/wp\/v2\/product"}],"about":[{"href":"https:\/\/my-french-grocery.com\/es\/wp-json\/wp\/v2\/types\/product"}],"replies":[{"embeddable":true,"href":"https:\/\/my-french-grocery.com\/es\/wp-json\/wp\/v2\/comments?post=38302"}],"wp:featuredmedia":[{"embeddable":true,"href":"https:\/\/my-french-grocery.com\/es\/wp-json\/wp\/v2\/media\/38311"}],"wp:attachment":[{"href":"https:\/\/my-french-grocery.com\/es\/wp-json\/wp\/v2\/media?parent=38302"}],"wp:term":[{"taxonomy":"pwb-brand","embeddable":true,"href":"https:\/\/my-french-grocery.com\/es\/wp-json\/wp\/v2\/pwb-brand?post=38302"},{"taxonomy":"product_brand","embeddable":true,"href":"https:\/\/my-french-grocery.com\/es\/wp-json\/wp\/v2\/product_brand?post=38302"},{"taxonomy":"product_cat","embeddable":true,"href":"https:\/\/my-french-grocery.com\/es\/wp-json\/wp\/v2\/product_cat?post=38302"},{"taxonomy":"product_tag","embeddable":true,"href":"https:\/\/my-french-grocery.com\/es\/wp-json\/wp\/v2\/product_tag?post=38302"}],"curies":[{"name":"wp","href":"https:\/\/api.w.org\/{rel}","templated":true}]}}