{"id":38414,"date":"2024-02-06T15:57:32","date_gmt":"2024-02-06T13:57:33","guid":{"rendered":"https:\/\/my-french-grocery.com\/?post_type=product&#038;p=38414"},"modified":"2024-02-21T18:30:39","modified_gmt":"2024-02-21T16:30:39","slug":"te-negro-etiqueta-amarilla-lipton","status":"publish","type":"product","link":"https:\/\/my-french-grocery.com\/es\/producto\/te-negro-etiqueta-amarilla-lipton\/","title":{"rendered":"T\u00e9 Negro Etiqueta Amarilla Lipton"},"content":{"rendered":"<p>T\u00e9 Negro Etiqueta Amarilla Lipton<\/p>\n<p class=\"product-title__packaging c-text c-text--size-m c-text--style-p\">caja de 30 sobres<\/p>\n<p>\u00a1Las 30 bolsitas de T\u00e9 Negro Lipton Yellow Label son tus mejores aliados para empezar el d\u00eda con buen pie!\u00a0El t\u00e9 Yellow Label s\u00f3lo contiene t\u00e9 negro, por lo que est\u00e1 elaborado con ingredientes 100% naturales.\u00a0Este t\u00e9 procede 100% de las 3 plantaciones de Lipton de Kericho, Bomet y Limuru en Kenia.<\/p>\n<p>\u00a0<\/p>\n","protected":false},"excerpt":{"rendered":"<p>T\u00e9 Negro Etiqueta Amarilla Lipton<\/p>\n<p class=\"product-title__packaging c-text c-text--size-m c-text--style-p\">caja de 30 sobres<\/p>\n","protected":false},"featured_media":38423,"comment_status":"open","ping_status":"closed","template":"","meta":[],"pwb-brand":[3103],"product_brand":[],"product_cat":[1722,1736],"product_tag":[1820],"class_list":{"0":"post-38414","1":"product","2":"type-product","3":"status-publish","4":"has-post-thumbnail","6":"pwb-brand-lipton-es","7":"product_cat-te","8":"product_cat-tes-organicos","9":"product_tag-te-organico","10":"product_shipping_class-expedicion-mundial","12":"first","13":"instock","14":"taxable","15":"shipping-taxable","16":"purchasable","17":"product-type-simple"},"brands":[{"id":3103,"name":"Lipton","slug":"lipton-es"}],"_links":{"self":[{"href":"https:\/\/my-french-grocery.com\/es\/wp-json\/wp\/v2\/product\/38414","targetHints":{"allow":["GET"]}}],"collection":[{"href":"https:\/\/my-french-grocery.com\/es\/wp-json\/wp\/v2\/product"}],"about":[{"href":"https:\/\/my-french-grocery.com\/es\/wp-json\/wp\/v2\/types\/product"}],"replies":[{"embeddable":true,"href":"https:\/\/my-french-grocery.com\/es\/wp-json\/wp\/v2\/comments?post=38414"}],"wp:featuredmedia":[{"embeddable":true,"href":"https:\/\/my-french-grocery.com\/es\/wp-json\/wp\/v2\/media\/38423"}],"wp:attachment":[{"href":"https:\/\/my-french-grocery.com\/es\/wp-json\/wp\/v2\/media?parent=38414"}],"wp:term":[{"taxonomy":"pwb-brand","embeddable":true,"href":"https:\/\/my-french-grocery.com\/es\/wp-json\/wp\/v2\/pwb-brand?post=38414"},{"taxonomy":"product_brand","embeddable":true,"href":"https:\/\/my-french-grocery.com\/es\/wp-json\/wp\/v2\/product_brand?post=38414"},{"taxonomy":"product_cat","embeddable":true,"href":"https:\/\/my-french-grocery.com\/es\/wp-json\/wp\/v2\/product_cat?post=38414"},{"taxonomy":"product_tag","embeddable":true,"href":"https:\/\/my-french-grocery.com\/es\/wp-json\/wp\/v2\/product_tag?post=38414"}],"curies":[{"name":"wp","href":"https:\/\/api.w.org\/{rel}","templated":true}]}}