{"id":38438,"date":"2024-02-06T17:12:09","date_gmt":"2024-02-06T15:12:10","guid":{"rendered":"https:\/\/my-french-grocery.com\/?post_type=product&#038;p=38438"},"modified":"2024-02-21T18:31:39","modified_gmt":"2024-02-21T16:31:39","slug":"te-verde-clasico-lipton","status":"publish","type":"product","link":"https:\/\/my-french-grocery.com\/es\/producto\/te-verde-clasico-lipton\/","title":{"rendered":"T\u00e9 Verde Cl\u00e1sico Lipton"},"content":{"rendered":"<p>T\u00e9 Verde Cl\u00e1sico Lipton<\/p>\n<p class=\"product-title__packaging c-text c-text--size-m c-text--style-p\">caja de 30 sobres<\/p>\n<p>Descubre nuestras 30 bolsitas de T\u00e9 Verde Lipton Classic, una combinaci\u00f3n de t\u00e9 verde de Asia y aroma natural.\u00a0Un t\u00e9 verde delicadamente perfumado para un delicioso momento de relajaci\u00f3n.\u00a0Con este T\u00e9 Verde Cl\u00e1sico, descubra toda la fragancia sutil y ligera del t\u00e9 verde combinada con las notas ligeramente alimonadas y especiadas del aroma natural para una receta con un sabor fragante y equilibrado.<\/p>\n<p>\u00a0<\/p>\n","protected":false},"excerpt":{"rendered":"<p>T\u00e9 Verde Cl\u00e1sico Lipton<\/p>\n<p class=\"product-title__packaging c-text c-text--size-m c-text--style-p\">caja de 30 sobres<\/p>\n","protected":false},"featured_media":38447,"comment_status":"open","ping_status":"closed","template":"","meta":[],"pwb-brand":[3103],"product_brand":[],"product_cat":[1722,1736],"product_tag":[3460,3500],"class_list":{"0":"post-38438","1":"product","2":"type-product","3":"status-publish","4":"has-post-thumbnail","6":"pwb-brand-lipton-es","7":"product_cat-te","8":"product_cat-tes-organicos","9":"product_tag-lipton-es","10":"product_tag-te-es","11":"product_shipping_class-expedicion-mundial","13":"first","14":"instock","15":"taxable","16":"shipping-taxable","17":"purchasable","18":"product-type-simple"},"brands":[{"id":3103,"name":"Lipton","slug":"lipton-es"}],"_links":{"self":[{"href":"https:\/\/my-french-grocery.com\/es\/wp-json\/wp\/v2\/product\/38438","targetHints":{"allow":["GET"]}}],"collection":[{"href":"https:\/\/my-french-grocery.com\/es\/wp-json\/wp\/v2\/product"}],"about":[{"href":"https:\/\/my-french-grocery.com\/es\/wp-json\/wp\/v2\/types\/product"}],"replies":[{"embeddable":true,"href":"https:\/\/my-french-grocery.com\/es\/wp-json\/wp\/v2\/comments?post=38438"}],"wp:featuredmedia":[{"embeddable":true,"href":"https:\/\/my-french-grocery.com\/es\/wp-json\/wp\/v2\/media\/38447"}],"wp:attachment":[{"href":"https:\/\/my-french-grocery.com\/es\/wp-json\/wp\/v2\/media?parent=38438"}],"wp:term":[{"taxonomy":"pwb-brand","embeddable":true,"href":"https:\/\/my-french-grocery.com\/es\/wp-json\/wp\/v2\/pwb-brand?post=38438"},{"taxonomy":"product_brand","embeddable":true,"href":"https:\/\/my-french-grocery.com\/es\/wp-json\/wp\/v2\/product_brand?post=38438"},{"taxonomy":"product_cat","embeddable":true,"href":"https:\/\/my-french-grocery.com\/es\/wp-json\/wp\/v2\/product_cat?post=38438"},{"taxonomy":"product_tag","embeddable":true,"href":"https:\/\/my-french-grocery.com\/es\/wp-json\/wp\/v2\/product_tag?post=38438"}],"curies":[{"name":"wp","href":"https:\/\/api.w.org\/{rel}","templated":true}]}}