{"id":38487,"date":"2024-02-06T19:28:40","date_gmt":"2024-02-06T17:28:41","guid":{"rendered":"https:\/\/my-french-grocery.com\/?post_type=product&#038;p=38487"},"modified":"2024-06-29T18:12:35","modified_gmt":"2024-06-29T16:12:35","slug":"te-negro-rich-earl-grey-lipton","status":"publish","type":"product","link":"https:\/\/my-french-grocery.com\/es\/producto\/te-negro-rich-earl-grey-lipton\/","title":{"rendered":"T\u00e9 Negro Earl Grey Con Bergamota Italiana Lipton"},"content":{"rendered":"<p>T\u00e9 Negro Earl Grey Con Bergamota Italiana Lipton<\/p>\n<p class=\"product-title__packaging c-text c-text--size-m c-text--style-p\">caja de 20 sobres<\/p>\n<p>Descubra las 20 bolsitas de Lipton Earl Grey Black Tea, un t\u00e9 de sabor delicado para una pausa gourmet durante el d\u00eda. Con este Earl Grey, encuentra una receta con un rico sabor frutal, que combina la intensidad del t\u00e9 negro con el frescor de la bergamota.<\/p>\n<p>&nbsp;<\/p>\n","protected":false},"excerpt":{"rendered":"<p>T\u00e9 Negro Earl Grey Con Bergamota Italiana Lipton<\/p>\n<p class=\"product-title__packaging c-text c-text--size-m c-text--style-p\">caja de 20 sobres<\/p>\n","protected":false},"featured_media":40996,"comment_status":"open","ping_status":"closed","template":"","meta":[],"pwb-brand":[3103],"product_brand":[],"product_cat":[1722,1736],"product_tag":[3460,3500],"class_list":{"0":"post-38487","1":"product","2":"type-product","3":"status-publish","4":"has-post-thumbnail","6":"pwb-brand-lipton-es","7":"product_cat-te","8":"product_cat-tes-organicos","9":"product_tag-lipton-es","10":"product_tag-te-es","11":"product_shipping_class-expedicion-mundial","13":"first","14":"instock","15":"taxable","16":"shipping-taxable","17":"purchasable","18":"product-type-simple"},"yoast_head":"<!-- This site is optimized with the Yoast SEO plugin v27.4 - https:\/\/yoast.com\/product\/yoast-seo-wordpress\/ -->\n<title>T\u00e9 Negro Earl Grey Con Bergamota Italiana Lipton | Comprar En Linea | My French Grocery<\/title>\n<meta name=\"description\" content=\"T\u00e9 Negro Earl Grey Con Bergamota Italiana Lipton - caja de 20 sobres - Descubra las 20 bolsitas de Lipton Earl Grey Black Tea, un t\u00e9 de sabor delicado para una pausa gourmet durante el d\u00eda.\" \/>\n<meta name=\"robots\" content=\"index, follow, max-snippet:-1, max-image-preview:large, max-video-preview:-1\" \/>\n<link rel=\"canonical\" href=\"https:\/\/my-french-grocery.com\/es\/producto\/te-negro-rich-earl-grey-lipton\/\" \/>\n<meta property=\"og:locale\" content=\"es_ES\" \/>\n<meta property=\"og:type\" content=\"article\" \/>\n<meta property=\"og:title\" content=\"T\u00e9 Negro Earl Grey Con Bergamota Italiana Lipton | Comprar En Linea | My French Grocery\" \/>\n<meta property=\"og:description\" content=\"T\u00e9 Negro Earl Grey Con Bergamota Italiana Lipton - caja de 20 sobres - Descubra las 20 bolsitas de Lipton Earl Grey Black Tea, un t\u00e9 de sabor delicado para una pausa gourmet durante el d\u00eda.\" \/>\n<meta property=\"og:url\" content=\"https:\/\/my-french-grocery.com\/es\/producto\/te-negro-rich-earl-grey-lipton\/\" \/>\n<meta property=\"og:site_name\" content=\"My French Grocery\" \/>\n<meta property=\"article:publisher\" content=\"https:\/\/www.facebook.com\/myfrenchgrocery\/\" \/>\n<meta property=\"article:modified_time\" content=\"2024-06-29T16:12:35+00:00\" \/>\n<meta property=\"og:image\" content=\"https:\/\/my-french-grocery.com\/wp-content\/uploads\/2024\/02\/Lipton-bergamote-Rich-Earl-Gray-black-tea.jpg\" \/>\n\t<meta property=\"og:image:width\" content=\"1500\" \/>\n\t<meta property=\"og:image:height\" content=\"1500\" \/>\n\t<meta property=\"og:image:type\" content=\"image\/jpeg\" \/>\n<meta name=\"twitter:card\" content=\"summary_large_image\" \/>\n<meta name=\"twitter:label1\" content=\"Tiempo de lectura\" \/>\n\t<meta name=\"twitter:data1\" content=\"1 minute\" \/>\n<script type=\"application\/ld+json\" class=\"yoast-schema-graph\">{\"@context\":\"https:\\\/\\\/schema.org\",\"@graph\":[{\"@type\":\"WebPage\",\"@id\":\"https:\\\/\\\/my-french-grocery.com\\\/es\\\/producto\\\/te-negro-rich-earl-grey-lipton\\\/\",\"url\":\"https:\\\/\\\/my-french-grocery.com\\\/es\\\/producto\\\/te-negro-rich-earl-grey-lipton\\\/\",\"name\":\"T\u00e9 Negro Earl Grey Con Bergamota Italiana Lipton | Comprar En Linea | My French Grocery\",\"isPartOf\":{\"@id\":\"https:\\\/\\\/my-french-grocery.com\\\/es\\\/#website\"},\"primaryImageOfPage\":{\"@id\":\"https:\\\/\\\/my-french-grocery.com\\\/es\\\/producto\\\/te-negro-rich-earl-grey-lipton\\\/#primaryimage\"},\"image\":{\"@id\":\"https:\\\/\\\/my-french-grocery.com\\\/es\\\/producto\\\/te-negro-rich-earl-grey-lipton\\\/#primaryimage\"},\"thumbnailUrl\":\"https:\\\/\\\/my-french-grocery.com\\\/wp-content\\\/uploads\\\/2024\\\/02\\\/Lipton-bergamote-Rich-Earl-Gray-black-tea.jpg\",\"datePublished\":\"2024-02-06T17:28:41+00:00\",\"dateModified\":\"2024-06-29T16:12:35+00:00\",\"description\":\"T\u00e9 Negro Earl Grey Con Bergamota Italiana Lipton - caja de 20 sobres - Descubra las 20 bolsitas de Lipton Earl Grey Black Tea, un t\u00e9 de sabor delicado para una pausa gourmet durante el d\u00eda.\",\"breadcrumb\":{\"@id\":\"https:\\\/\\\/my-french-grocery.com\\\/es\\\/producto\\\/te-negro-rich-earl-grey-lipton\\\/#breadcrumb\"},\"inLanguage\":\"es-ES\",\"potentialAction\":[{\"@type\":\"ReadAction\",\"target\":[\"https:\\\/\\\/my-french-grocery.com\\\/es\\\/producto\\\/te-negro-rich-earl-grey-lipton\\\/\"]}]},{\"@type\":\"ImageObject\",\"inLanguage\":\"es-ES\",\"@id\":\"https:\\\/\\\/my-french-grocery.com\\\/es\\\/producto\\\/te-negro-rich-earl-grey-lipton\\\/#primaryimage\",\"url\":\"https:\\\/\\\/my-french-grocery.com\\\/wp-content\\\/uploads\\\/2024\\\/02\\\/Lipton-bergamote-Rich-Earl-Gray-black-tea.jpg\",\"contentUrl\":\"https:\\\/\\\/my-french-grocery.com\\\/wp-content\\\/uploads\\\/2024\\\/02\\\/Lipton-bergamote-Rich-Earl-Gray-black-tea.jpg\",\"width\":1500,\"height\":1500},{\"@type\":\"BreadcrumbList\",\"@id\":\"https:\\\/\\\/my-french-grocery.com\\\/es\\\/producto\\\/te-negro-rich-earl-grey-lipton\\\/#breadcrumb\",\"itemListElement\":[{\"@type\":\"ListItem\",\"position\":1,\"name\":\"Home\",\"item\":\"https:\\\/\\\/my-french-grocery.com\\\/es\\\/tienda-2\\\/\"},{\"@type\":\"ListItem\",\"position\":2,\"name\":\"Shop\",\"item\":\"https:\\\/\\\/my-french-grocery.com\\\/shop\\\/\"},{\"@type\":\"ListItem\",\"position\":3,\"name\":\"Comida\",\"item\":\"https:\\\/\\\/my-french-grocery.com\\\/es\\\/categoria-producto\\\/comida\\\/\"},{\"@type\":\"ListItem\",\"position\":4,\"name\":\"T\u00e9, Caf\u00e9, Chocolate En Polvo\",\"item\":\"https:\\\/\\\/my-french-grocery.com\\\/es\\\/categoria-producto\\\/comida\\\/te-cafe-chocolate-en-polvo\\\/\"},{\"@type\":\"ListItem\",\"position\":5,\"name\":\"T\u00e9\",\"item\":\"https:\\\/\\\/my-french-grocery.com\\\/es\\\/categoria-producto\\\/comida\\\/te-cafe-chocolate-en-polvo\\\/te\\\/\"},{\"@type\":\"ListItem\",\"position\":6,\"name\":\"T\u00e9 Negro Earl Grey Con Bergamota Italiana Lipton\"}]},{\"@type\":\"WebSite\",\"@id\":\"https:\\\/\\\/my-french-grocery.com\\\/es\\\/#website\",\"url\":\"https:\\\/\\\/my-french-grocery.com\\\/es\\\/\",\"name\":\"My French Grocery\",\"description\":\"Your Online French Grocery  !\",\"publisher\":{\"@id\":\"https:\\\/\\\/my-french-grocery.com\\\/es\\\/#organization\"},\"potentialAction\":[{\"@type\":\"SearchAction\",\"target\":{\"@type\":\"EntryPoint\",\"urlTemplate\":\"https:\\\/\\\/my-french-grocery.com\\\/es\\\/?s={search_term_string}\"},\"query-input\":{\"@type\":\"PropertyValueSpecification\",\"valueRequired\":true,\"valueName\":\"search_term_string\"}}],\"inLanguage\":\"es-ES\"},{\"@type\":\"Organization\",\"@id\":\"https:\\\/\\\/my-french-grocery.com\\\/es\\\/#organization\",\"name\":\"MY FRENCH GROCERY\",\"url\":\"https:\\\/\\\/my-french-grocery.com\\\/es\\\/\",\"logo\":{\"@type\":\"ImageObject\",\"inLanguage\":\"es-ES\",\"@id\":\"https:\\\/\\\/my-french-grocery.com\\\/es\\\/#\\\/schema\\\/logo\\\/image\\\/\",\"url\":\"https:\\\/\\\/my-french-grocery.com\\\/wp-content\\\/uploads\\\/2021\\\/11\\\/My-French-Grocery-Online-French-Grocery.png\",\"contentUrl\":\"https:\\\/\\\/my-french-grocery.com\\\/wp-content\\\/uploads\\\/2021\\\/11\\\/My-French-Grocery-Online-French-Grocery.png\",\"width\":100,\"height\":100,\"caption\":\"MY FRENCH GROCERY\"},\"image\":{\"@id\":\"https:\\\/\\\/my-french-grocery.com\\\/es\\\/#\\\/schema\\\/logo\\\/image\\\/\"},\"sameAs\":[\"https:\\\/\\\/www.facebook.com\\\/myfrenchgrocery\\\/\"]}]}<\/script>\n<!-- \/ Yoast SEO plugin. -->","yoast_head_json":{"title":"T\u00e9 Negro Earl Grey Con Bergamota Italiana Lipton | Comprar En Linea | My French Grocery","description":"T\u00e9 Negro Earl Grey Con Bergamota Italiana Lipton - caja de 20 sobres - Descubra las 20 bolsitas de Lipton Earl Grey Black Tea, un t\u00e9 de sabor delicado para una pausa gourmet durante el d\u00eda.","robots":{"index":"index","follow":"follow","max-snippet":"max-snippet:-1","max-image-preview":"max-image-preview:large","max-video-preview":"max-video-preview:-1"},"canonical":"https:\/\/my-french-grocery.com\/es\/producto\/te-negro-rich-earl-grey-lipton\/","og_locale":"es_ES","og_type":"article","og_title":"T\u00e9 Negro Earl Grey Con Bergamota Italiana Lipton | Comprar En Linea | My French Grocery","og_description":"T\u00e9 Negro Earl Grey Con Bergamota Italiana Lipton - caja de 20 sobres - Descubra las 20 bolsitas de Lipton Earl Grey Black Tea, un t\u00e9 de sabor delicado para una pausa gourmet durante el d\u00eda.","og_url":"https:\/\/my-french-grocery.com\/es\/producto\/te-negro-rich-earl-grey-lipton\/","og_site_name":"My French Grocery","article_publisher":"https:\/\/www.facebook.com\/myfrenchgrocery\/","article_modified_time":"2024-06-29T16:12:35+00:00","og_image":[{"width":1500,"height":1500,"url":"https:\/\/my-french-grocery.com\/wp-content\/uploads\/2024\/02\/Lipton-bergamote-Rich-Earl-Gray-black-tea.jpg","type":"image\/jpeg"}],"twitter_card":"summary_large_image","twitter_misc":{"Tiempo de lectura":"1 minute"},"schema":{"@context":"https:\/\/schema.org","@graph":[{"@type":"WebPage","@id":"https:\/\/my-french-grocery.com\/es\/producto\/te-negro-rich-earl-grey-lipton\/","url":"https:\/\/my-french-grocery.com\/es\/producto\/te-negro-rich-earl-grey-lipton\/","name":"T\u00e9 Negro Earl Grey Con Bergamota Italiana Lipton | Comprar En Linea | My French Grocery","isPartOf":{"@id":"https:\/\/my-french-grocery.com\/es\/#website"},"primaryImageOfPage":{"@id":"https:\/\/my-french-grocery.com\/es\/producto\/te-negro-rich-earl-grey-lipton\/#primaryimage"},"image":{"@id":"https:\/\/my-french-grocery.com\/es\/producto\/te-negro-rich-earl-grey-lipton\/#primaryimage"},"thumbnailUrl":"https:\/\/my-french-grocery.com\/wp-content\/uploads\/2024\/02\/Lipton-bergamote-Rich-Earl-Gray-black-tea.jpg","datePublished":"2024-02-06T17:28:41+00:00","dateModified":"2024-06-29T16:12:35+00:00","description":"T\u00e9 Negro Earl Grey Con Bergamota Italiana Lipton - caja de 20 sobres - Descubra las 20 bolsitas de Lipton Earl Grey Black Tea, un t\u00e9 de sabor delicado para una pausa gourmet durante el d\u00eda.","breadcrumb":{"@id":"https:\/\/my-french-grocery.com\/es\/producto\/te-negro-rich-earl-grey-lipton\/#breadcrumb"},"inLanguage":"es-ES","potentialAction":[{"@type":"ReadAction","target":["https:\/\/my-french-grocery.com\/es\/producto\/te-negro-rich-earl-grey-lipton\/"]}]},{"@type":"ImageObject","inLanguage":"es-ES","@id":"https:\/\/my-french-grocery.com\/es\/producto\/te-negro-rich-earl-grey-lipton\/#primaryimage","url":"https:\/\/my-french-grocery.com\/wp-content\/uploads\/2024\/02\/Lipton-bergamote-Rich-Earl-Gray-black-tea.jpg","contentUrl":"https:\/\/my-french-grocery.com\/wp-content\/uploads\/2024\/02\/Lipton-bergamote-Rich-Earl-Gray-black-tea.jpg","width":1500,"height":1500},{"@type":"BreadcrumbList","@id":"https:\/\/my-french-grocery.com\/es\/producto\/te-negro-rich-earl-grey-lipton\/#breadcrumb","itemListElement":[{"@type":"ListItem","position":1,"name":"Home","item":"https:\/\/my-french-grocery.com\/es\/tienda-2\/"},{"@type":"ListItem","position":2,"name":"Shop","item":"https:\/\/my-french-grocery.com\/shop\/"},{"@type":"ListItem","position":3,"name":"Comida","item":"https:\/\/my-french-grocery.com\/es\/categoria-producto\/comida\/"},{"@type":"ListItem","position":4,"name":"T\u00e9, Caf\u00e9, Chocolate En Polvo","item":"https:\/\/my-french-grocery.com\/es\/categoria-producto\/comida\/te-cafe-chocolate-en-polvo\/"},{"@type":"ListItem","position":5,"name":"T\u00e9","item":"https:\/\/my-french-grocery.com\/es\/categoria-producto\/comida\/te-cafe-chocolate-en-polvo\/te\/"},{"@type":"ListItem","position":6,"name":"T\u00e9 Negro Earl Grey Con Bergamota Italiana Lipton"}]},{"@type":"WebSite","@id":"https:\/\/my-french-grocery.com\/es\/#website","url":"https:\/\/my-french-grocery.com\/es\/","name":"My French Grocery","description":"Your Online French Grocery  !","publisher":{"@id":"https:\/\/my-french-grocery.com\/es\/#organization"},"potentialAction":[{"@type":"SearchAction","target":{"@type":"EntryPoint","urlTemplate":"https:\/\/my-french-grocery.com\/es\/?s={search_term_string}"},"query-input":{"@type":"PropertyValueSpecification","valueRequired":true,"valueName":"search_term_string"}}],"inLanguage":"es-ES"},{"@type":"Organization","@id":"https:\/\/my-french-grocery.com\/es\/#organization","name":"MY FRENCH GROCERY","url":"https:\/\/my-french-grocery.com\/es\/","logo":{"@type":"ImageObject","inLanguage":"es-ES","@id":"https:\/\/my-french-grocery.com\/es\/#\/schema\/logo\/image\/","url":"https:\/\/my-french-grocery.com\/wp-content\/uploads\/2021\/11\/My-French-Grocery-Online-French-Grocery.png","contentUrl":"https:\/\/my-french-grocery.com\/wp-content\/uploads\/2021\/11\/My-French-Grocery-Online-French-Grocery.png","width":100,"height":100,"caption":"MY FRENCH GROCERY"},"image":{"@id":"https:\/\/my-french-grocery.com\/es\/#\/schema\/logo\/image\/"},"sameAs":["https:\/\/www.facebook.com\/myfrenchgrocery\/"]}]}},"brands":[{"id":3103,"name":"Lipton","slug":"lipton-es"}],"_links":{"self":[{"href":"https:\/\/my-french-grocery.com\/es\/wp-json\/wp\/v2\/product\/38487","targetHints":{"allow":["GET"]}}],"collection":[{"href":"https:\/\/my-french-grocery.com\/es\/wp-json\/wp\/v2\/product"}],"about":[{"href":"https:\/\/my-french-grocery.com\/es\/wp-json\/wp\/v2\/types\/product"}],"replies":[{"embeddable":true,"href":"https:\/\/my-french-grocery.com\/es\/wp-json\/wp\/v2\/comments?post=38487"}],"wp:featuredmedia":[{"embeddable":true,"href":"https:\/\/my-french-grocery.com\/es\/wp-json\/wp\/v2\/media\/40996"}],"wp:attachment":[{"href":"https:\/\/my-french-grocery.com\/es\/wp-json\/wp\/v2\/media?parent=38487"}],"wp:term":[{"taxonomy":"pwb-brand","embeddable":true,"href":"https:\/\/my-french-grocery.com\/es\/wp-json\/wp\/v2\/pwb-brand?post=38487"},{"taxonomy":"product_brand","embeddable":true,"href":"https:\/\/my-french-grocery.com\/es\/wp-json\/wp\/v2\/product_brand?post=38487"},{"taxonomy":"product_cat","embeddable":true,"href":"https:\/\/my-french-grocery.com\/es\/wp-json\/wp\/v2\/product_cat?post=38487"},{"taxonomy":"product_tag","embeddable":true,"href":"https:\/\/my-french-grocery.com\/es\/wp-json\/wp\/v2\/product_tag?post=38487"}],"curies":[{"name":"wp","href":"https:\/\/api.w.org\/{rel}","templated":true}]}}