{"id":38710,"date":"2024-02-19T12:35:30","date_gmt":"2024-02-19T10:35:31","guid":{"rendered":"https:\/\/my-french-grocery.com\/?post_type=product&#038;p=38710"},"modified":"2024-04-01T00:00:04","modified_gmt":"2024-03-31T22:00:04","slug":"te-verde-hibisco-frambuesa-lipton","status":"publish","type":"product","link":"https:\/\/my-french-grocery.com\/es\/producto\/te-verde-hibisco-frambuesa-lipton\/","title":{"rendered":"T\u00e9 Verde Hibisco &#038; Frambuesa Lipton"},"content":{"rendered":"<p>T\u00e9 Verde Hibisco & Frambuesa Lipton<\/p>\n<p class=\"product-title__packaging c-text c-text--size-m c-text--style-p\">caja de 20 sobres<\/p>\n<p>Deleita tus sentidos con un sabroso descanso, gracias a la frescura y naturalidad del T\u00e9 Verde Flor de Hibisco y Frambuesa Lipton\u00ae.\u00a0Una creaci\u00f3n \u00fanica y deliciosa, que combina el sutil sabor del t\u00e9 verde con toques florales y picantes de la flor de hibisco y notas dulces de frambuesa.\u00a0Este t\u00e9 verde contiene 100% ingredientes de origen natural.<\/p>\n<p>\u00a0<\/p>\n","protected":false},"excerpt":{"rendered":"<p>T\u00e9 Verde Hibisco &amp; Frambuesa Lipton<\/p>\n<p class=\"product-title__packaging c-text c-text--size-m c-text--style-p\">caja de 20 sobres<\/p>\n","protected":false},"featured_media":38719,"comment_status":"open","ping_status":"closed","template":"","meta":[],"pwb-brand":[3103],"product_brand":[],"product_cat":[1722],"product_tag":[3460,3500],"class_list":{"0":"post-38710","1":"product","2":"type-product","3":"status-publish","4":"has-post-thumbnail","6":"pwb-brand-lipton-es","7":"product_cat-te","8":"product_tag-lipton-es","9":"product_tag-te-es","10":"product_shipping_class-expedicion-mundial","12":"first","13":"instock","14":"taxable","15":"shipping-taxable","16":"purchasable","17":"product-type-simple"},"brands":[{"id":3103,"name":"Lipton","slug":"lipton-es"}],"_links":{"self":[{"href":"https:\/\/my-french-grocery.com\/es\/wp-json\/wp\/v2\/product\/38710","targetHints":{"allow":["GET"]}}],"collection":[{"href":"https:\/\/my-french-grocery.com\/es\/wp-json\/wp\/v2\/product"}],"about":[{"href":"https:\/\/my-french-grocery.com\/es\/wp-json\/wp\/v2\/types\/product"}],"replies":[{"embeddable":true,"href":"https:\/\/my-french-grocery.com\/es\/wp-json\/wp\/v2\/comments?post=38710"}],"wp:featuredmedia":[{"embeddable":true,"href":"https:\/\/my-french-grocery.com\/es\/wp-json\/wp\/v2\/media\/38719"}],"wp:attachment":[{"href":"https:\/\/my-french-grocery.com\/es\/wp-json\/wp\/v2\/media?parent=38710"}],"wp:term":[{"taxonomy":"pwb-brand","embeddable":true,"href":"https:\/\/my-french-grocery.com\/es\/wp-json\/wp\/v2\/pwb-brand?post=38710"},{"taxonomy":"product_brand","embeddable":true,"href":"https:\/\/my-french-grocery.com\/es\/wp-json\/wp\/v2\/product_brand?post=38710"},{"taxonomy":"product_cat","embeddable":true,"href":"https:\/\/my-french-grocery.com\/es\/wp-json\/wp\/v2\/product_cat?post=38710"},{"taxonomy":"product_tag","embeddable":true,"href":"https:\/\/my-french-grocery.com\/es\/wp-json\/wp\/v2\/product_tag?post=38710"}],"curies":[{"name":"wp","href":"https:\/\/api.w.org\/{rel}","templated":true}]}}