{"id":38827,"date":"2024-02-23T19:39:34","date_gmt":"2024-02-23T17:39:35","guid":{"rendered":"https:\/\/my-french-grocery.com\/?post_type=product&#038;p=38827"},"modified":"2024-02-23T19:55:10","modified_gmt":"2024-02-23T17:55:10","slug":"jabon-liquido-de-hierbaluisa-le-petit-olivier","status":"publish","type":"product","link":"https:\/\/my-french-grocery.com\/es\/producto\/jabon-liquido-de-hierbaluisa-le-petit-olivier\/","title":{"rendered":"Jab\u00f3n L\u00edquido De Hierbaluisa Le Petit Olivier"},"content":{"rendered":"<p>Jab\u00f3n L\u00edquido De Hierbaluisa Le Petit Olivier<\/p>\n<p>Botella de 300 ml<\/p>\n<div class=\"product-content main-details__block\">\n<p class=\"c-text c-text--size-m c-text--style-p\" data-v-66cc25a1=\"\">Encuentre toda la autenticidad del Petit Olivier en este jab\u00f3n l\u00edquido Puro de Marsella.\u00a0Elaborado seg\u00fan el saber hacer de los maestros jaboneros, est\u00e1 glicerinado de forma natural y limpia suavemente la piel.<\/p>\n<\/div>\n<div class=\"product-content main-details__block\">\n<div class=\"product-content__title\"><\/div>\n<\/div>\n","protected":false},"excerpt":{"rendered":"<p>Jab\u00f3n L\u00edquido De Hierbaluisa Le Petit Olivier<\/p>\n<p>Botella de 300 ml<\/p>\n","protected":false},"featured_media":38836,"comment_status":"open","ping_status":"closed","template":"","meta":[],"pwb-brand":[3438],"product_brand":[],"product_cat":[1673],"product_tag":[1803,3436],"class_list":{"0":"post-38827","1":"product","2":"type-product","3":"status-publish","4":"has-post-thumbnail","6":"pwb-brand-le-petit-olivier-es","7":"product_cat-jabon","8":"product_tag-jabon","9":"product_tag-petit-olivier-es","10":"product_shipping_class-expedicion-mundial","12":"first","13":"instock","14":"taxable","15":"shipping-taxable","16":"purchasable","17":"product-type-simple"},"yoast_head":"<!-- This site is optimized with the Yoast SEO plugin v27.4 - https:\/\/yoast.com\/product\/yoast-seo-wordpress\/ -->\n<title>Jab\u00f3n L\u00edquido De Hierbaluisa Le Petit Olivier | Comprar En Linea | My French Grocery<\/title>\n<meta name=\"description\" content=\"Jab\u00f3n L\u00edquido De Hierbaluisa Le Petit Olivier - Botella de 300 ml - Encuentre toda la autenticidad del Petit Olivier en este jab\u00f3n l\u00edquido Puro de Marsella.\" \/>\n<meta name=\"robots\" content=\"index, follow, max-snippet:-1, max-image-preview:large, max-video-preview:-1\" \/>\n<link rel=\"canonical\" href=\"https:\/\/my-french-grocery.com\/es\/producto\/jabon-liquido-de-hierbaluisa-le-petit-olivier\/\" \/>\n<meta property=\"og:locale\" content=\"es_ES\" \/>\n<meta property=\"og:type\" content=\"article\" \/>\n<meta property=\"og:title\" content=\"Jab\u00f3n L\u00edquido De Hierbaluisa Le Petit Olivier | Comprar En Linea | My French Grocery\" \/>\n<meta property=\"og:description\" content=\"Jab\u00f3n L\u00edquido De Hierbaluisa Le Petit Olivier - Botella de 300 ml - Encuentre toda la autenticidad del Petit Olivier en este jab\u00f3n l\u00edquido Puro de Marsella.\" \/>\n<meta property=\"og:url\" content=\"https:\/\/my-french-grocery.com\/es\/producto\/jabon-liquido-de-hierbaluisa-le-petit-olivier\/\" \/>\n<meta property=\"og:site_name\" content=\"My French Grocery\" \/>\n<meta property=\"article:publisher\" content=\"https:\/\/www.facebook.com\/myfrenchgrocery\/\" \/>\n<meta property=\"article:modified_time\" content=\"2024-02-23T17:55:10+00:00\" \/>\n<meta property=\"og:image\" content=\"https:\/\/my-french-grocery.com\/wp-content\/uploads\/2024\/02\/Lemon-verbena-liquid-soap-LE-PETIT-OLIVIER.webp\" \/>\n\t<meta property=\"og:image:width\" content=\"1200\" \/>\n\t<meta property=\"og:image:height\" content=\"1200\" \/>\n\t<meta property=\"og:image:type\" content=\"image\/webp\" \/>\n<meta name=\"twitter:card\" content=\"summary_large_image\" \/>\n<meta name=\"twitter:label1\" content=\"Tiempo de lectura\" \/>\n\t<meta name=\"twitter:data1\" content=\"1 minute\" \/>\n<script type=\"application\/ld+json\" class=\"yoast-schema-graph\">{\"@context\":\"https:\\\/\\\/schema.org\",\"@graph\":[{\"@type\":\"WebPage\",\"@id\":\"https:\\\/\\\/my-french-grocery.com\\\/es\\\/producto\\\/jabon-liquido-de-hierbaluisa-le-petit-olivier\\\/\",\"url\":\"https:\\\/\\\/my-french-grocery.com\\\/es\\\/producto\\\/jabon-liquido-de-hierbaluisa-le-petit-olivier\\\/\",\"name\":\"Jab\u00f3n L\u00edquido De Hierbaluisa Le Petit Olivier | Comprar En Linea | My French Grocery\",\"isPartOf\":{\"@id\":\"https:\\\/\\\/my-french-grocery.com\\\/es\\\/#website\"},\"primaryImageOfPage\":{\"@id\":\"https:\\\/\\\/my-french-grocery.com\\\/es\\\/producto\\\/jabon-liquido-de-hierbaluisa-le-petit-olivier\\\/#primaryimage\"},\"image\":{\"@id\":\"https:\\\/\\\/my-french-grocery.com\\\/es\\\/producto\\\/jabon-liquido-de-hierbaluisa-le-petit-olivier\\\/#primaryimage\"},\"thumbnailUrl\":\"https:\\\/\\\/my-french-grocery.com\\\/wp-content\\\/uploads\\\/2024\\\/02\\\/Lemon-verbena-liquid-soap-LE-PETIT-OLIVIER.webp\",\"datePublished\":\"2024-02-23T17:39:35+00:00\",\"dateModified\":\"2024-02-23T17:55:10+00:00\",\"description\":\"Jab\u00f3n L\u00edquido De Hierbaluisa Le Petit Olivier - Botella de 300 ml - Encuentre toda la autenticidad del Petit Olivier en este jab\u00f3n l\u00edquido Puro de Marsella.\",\"breadcrumb\":{\"@id\":\"https:\\\/\\\/my-french-grocery.com\\\/es\\\/producto\\\/jabon-liquido-de-hierbaluisa-le-petit-olivier\\\/#breadcrumb\"},\"inLanguage\":\"es-ES\",\"potentialAction\":[{\"@type\":\"ReadAction\",\"target\":[\"https:\\\/\\\/my-french-grocery.com\\\/es\\\/producto\\\/jabon-liquido-de-hierbaluisa-le-petit-olivier\\\/\"]}]},{\"@type\":\"ImageObject\",\"inLanguage\":\"es-ES\",\"@id\":\"https:\\\/\\\/my-french-grocery.com\\\/es\\\/producto\\\/jabon-liquido-de-hierbaluisa-le-petit-olivier\\\/#primaryimage\",\"url\":\"https:\\\/\\\/my-french-grocery.com\\\/wp-content\\\/uploads\\\/2024\\\/02\\\/Lemon-verbena-liquid-soap-LE-PETIT-OLIVIER.webp\",\"contentUrl\":\"https:\\\/\\\/my-french-grocery.com\\\/wp-content\\\/uploads\\\/2024\\\/02\\\/Lemon-verbena-liquid-soap-LE-PETIT-OLIVIER.webp\",\"width\":1200,\"height\":1200,\"caption\":\"Jab\u00f3n L\u00edquido De Hierbaluisa Le Petit Olivier\"},{\"@type\":\"BreadcrumbList\",\"@id\":\"https:\\\/\\\/my-french-grocery.com\\\/es\\\/producto\\\/jabon-liquido-de-hierbaluisa-le-petit-olivier\\\/#breadcrumb\",\"itemListElement\":[{\"@type\":\"ListItem\",\"position\":1,\"name\":\"Home\",\"item\":\"https:\\\/\\\/my-french-grocery.com\\\/es\\\/tienda-2\\\/\"},{\"@type\":\"ListItem\",\"position\":2,\"name\":\"Shop\",\"item\":\"https:\\\/\\\/my-french-grocery.com\\\/shop\\\/\"},{\"@type\":\"ListItem\",\"position\":3,\"name\":\"cosm\u00e9ticos\",\"item\":\"https:\\\/\\\/my-french-grocery.com\\\/es\\\/categoria-producto\\\/cosmeticos\\\/\"},{\"@type\":\"ListItem\",\"position\":4,\"name\":\"Jab\u00f3n &amp; Gel De Ducha\",\"item\":\"https:\\\/\\\/my-french-grocery.com\\\/es\\\/categoria-producto\\\/cosmeticos\\\/jabon-gel-de-ducha\\\/\"},{\"@type\":\"ListItem\",\"position\":5,\"name\":\"Jab\u00f3n\",\"item\":\"https:\\\/\\\/my-french-grocery.com\\\/es\\\/categoria-producto\\\/cosmeticos\\\/jabon-gel-de-ducha\\\/jabon\\\/\"},{\"@type\":\"ListItem\",\"position\":6,\"name\":\"Jab\u00f3n L\u00edquido De Hierbaluisa Le Petit Olivier\"}]},{\"@type\":\"WebSite\",\"@id\":\"https:\\\/\\\/my-french-grocery.com\\\/es\\\/#website\",\"url\":\"https:\\\/\\\/my-french-grocery.com\\\/es\\\/\",\"name\":\"My French Grocery\",\"description\":\"Your Online French Grocery  !\",\"publisher\":{\"@id\":\"https:\\\/\\\/my-french-grocery.com\\\/es\\\/#organization\"},\"potentialAction\":[{\"@type\":\"SearchAction\",\"target\":{\"@type\":\"EntryPoint\",\"urlTemplate\":\"https:\\\/\\\/my-french-grocery.com\\\/es\\\/?s={search_term_string}\"},\"query-input\":{\"@type\":\"PropertyValueSpecification\",\"valueRequired\":true,\"valueName\":\"search_term_string\"}}],\"inLanguage\":\"es-ES\"},{\"@type\":\"Organization\",\"@id\":\"https:\\\/\\\/my-french-grocery.com\\\/es\\\/#organization\",\"name\":\"MY FRENCH GROCERY\",\"url\":\"https:\\\/\\\/my-french-grocery.com\\\/es\\\/\",\"logo\":{\"@type\":\"ImageObject\",\"inLanguage\":\"es-ES\",\"@id\":\"https:\\\/\\\/my-french-grocery.com\\\/es\\\/#\\\/schema\\\/logo\\\/image\\\/\",\"url\":\"https:\\\/\\\/my-french-grocery.com\\\/wp-content\\\/uploads\\\/2021\\\/11\\\/My-French-Grocery-Online-French-Grocery.png\",\"contentUrl\":\"https:\\\/\\\/my-french-grocery.com\\\/wp-content\\\/uploads\\\/2021\\\/11\\\/My-French-Grocery-Online-French-Grocery.png\",\"width\":100,\"height\":100,\"caption\":\"MY FRENCH GROCERY\"},\"image\":{\"@id\":\"https:\\\/\\\/my-french-grocery.com\\\/es\\\/#\\\/schema\\\/logo\\\/image\\\/\"},\"sameAs\":[\"https:\\\/\\\/www.facebook.com\\\/myfrenchgrocery\\\/\"]}]}<\/script>\n<!-- \/ Yoast SEO plugin. -->","yoast_head_json":{"title":"Jab\u00f3n L\u00edquido De Hierbaluisa Le Petit Olivier | Comprar En Linea | My French Grocery","description":"Jab\u00f3n L\u00edquido De Hierbaluisa Le Petit Olivier - Botella de 300 ml - Encuentre toda la autenticidad del Petit Olivier en este jab\u00f3n l\u00edquido Puro de Marsella.","robots":{"index":"index","follow":"follow","max-snippet":"max-snippet:-1","max-image-preview":"max-image-preview:large","max-video-preview":"max-video-preview:-1"},"canonical":"https:\/\/my-french-grocery.com\/es\/producto\/jabon-liquido-de-hierbaluisa-le-petit-olivier\/","og_locale":"es_ES","og_type":"article","og_title":"Jab\u00f3n L\u00edquido De Hierbaluisa Le Petit Olivier | Comprar En Linea | My French Grocery","og_description":"Jab\u00f3n L\u00edquido De Hierbaluisa Le Petit Olivier - Botella de 300 ml - Encuentre toda la autenticidad del Petit Olivier en este jab\u00f3n l\u00edquido Puro de Marsella.","og_url":"https:\/\/my-french-grocery.com\/es\/producto\/jabon-liquido-de-hierbaluisa-le-petit-olivier\/","og_site_name":"My French Grocery","article_publisher":"https:\/\/www.facebook.com\/myfrenchgrocery\/","article_modified_time":"2024-02-23T17:55:10+00:00","og_image":[{"width":1200,"height":1200,"url":"https:\/\/my-french-grocery.com\/wp-content\/uploads\/2024\/02\/Lemon-verbena-liquid-soap-LE-PETIT-OLIVIER.webp","type":"image\/webp"}],"twitter_card":"summary_large_image","twitter_misc":{"Tiempo de lectura":"1 minute"},"schema":{"@context":"https:\/\/schema.org","@graph":[{"@type":"WebPage","@id":"https:\/\/my-french-grocery.com\/es\/producto\/jabon-liquido-de-hierbaluisa-le-petit-olivier\/","url":"https:\/\/my-french-grocery.com\/es\/producto\/jabon-liquido-de-hierbaluisa-le-petit-olivier\/","name":"Jab\u00f3n L\u00edquido De Hierbaluisa Le Petit Olivier | Comprar En Linea | My French Grocery","isPartOf":{"@id":"https:\/\/my-french-grocery.com\/es\/#website"},"primaryImageOfPage":{"@id":"https:\/\/my-french-grocery.com\/es\/producto\/jabon-liquido-de-hierbaluisa-le-petit-olivier\/#primaryimage"},"image":{"@id":"https:\/\/my-french-grocery.com\/es\/producto\/jabon-liquido-de-hierbaluisa-le-petit-olivier\/#primaryimage"},"thumbnailUrl":"https:\/\/my-french-grocery.com\/wp-content\/uploads\/2024\/02\/Lemon-verbena-liquid-soap-LE-PETIT-OLIVIER.webp","datePublished":"2024-02-23T17:39:35+00:00","dateModified":"2024-02-23T17:55:10+00:00","description":"Jab\u00f3n L\u00edquido De Hierbaluisa Le Petit Olivier - Botella de 300 ml - Encuentre toda la autenticidad del Petit Olivier en este jab\u00f3n l\u00edquido Puro de Marsella.","breadcrumb":{"@id":"https:\/\/my-french-grocery.com\/es\/producto\/jabon-liquido-de-hierbaluisa-le-petit-olivier\/#breadcrumb"},"inLanguage":"es-ES","potentialAction":[{"@type":"ReadAction","target":["https:\/\/my-french-grocery.com\/es\/producto\/jabon-liquido-de-hierbaluisa-le-petit-olivier\/"]}]},{"@type":"ImageObject","inLanguage":"es-ES","@id":"https:\/\/my-french-grocery.com\/es\/producto\/jabon-liquido-de-hierbaluisa-le-petit-olivier\/#primaryimage","url":"https:\/\/my-french-grocery.com\/wp-content\/uploads\/2024\/02\/Lemon-verbena-liquid-soap-LE-PETIT-OLIVIER.webp","contentUrl":"https:\/\/my-french-grocery.com\/wp-content\/uploads\/2024\/02\/Lemon-verbena-liquid-soap-LE-PETIT-OLIVIER.webp","width":1200,"height":1200,"caption":"Jab\u00f3n L\u00edquido De Hierbaluisa Le Petit Olivier"},{"@type":"BreadcrumbList","@id":"https:\/\/my-french-grocery.com\/es\/producto\/jabon-liquido-de-hierbaluisa-le-petit-olivier\/#breadcrumb","itemListElement":[{"@type":"ListItem","position":1,"name":"Home","item":"https:\/\/my-french-grocery.com\/es\/tienda-2\/"},{"@type":"ListItem","position":2,"name":"Shop","item":"https:\/\/my-french-grocery.com\/shop\/"},{"@type":"ListItem","position":3,"name":"cosm\u00e9ticos","item":"https:\/\/my-french-grocery.com\/es\/categoria-producto\/cosmeticos\/"},{"@type":"ListItem","position":4,"name":"Jab\u00f3n &amp; Gel De Ducha","item":"https:\/\/my-french-grocery.com\/es\/categoria-producto\/cosmeticos\/jabon-gel-de-ducha\/"},{"@type":"ListItem","position":5,"name":"Jab\u00f3n","item":"https:\/\/my-french-grocery.com\/es\/categoria-producto\/cosmeticos\/jabon-gel-de-ducha\/jabon\/"},{"@type":"ListItem","position":6,"name":"Jab\u00f3n L\u00edquido De Hierbaluisa Le Petit Olivier"}]},{"@type":"WebSite","@id":"https:\/\/my-french-grocery.com\/es\/#website","url":"https:\/\/my-french-grocery.com\/es\/","name":"My French Grocery","description":"Your Online French Grocery  !","publisher":{"@id":"https:\/\/my-french-grocery.com\/es\/#organization"},"potentialAction":[{"@type":"SearchAction","target":{"@type":"EntryPoint","urlTemplate":"https:\/\/my-french-grocery.com\/es\/?s={search_term_string}"},"query-input":{"@type":"PropertyValueSpecification","valueRequired":true,"valueName":"search_term_string"}}],"inLanguage":"es-ES"},{"@type":"Organization","@id":"https:\/\/my-french-grocery.com\/es\/#organization","name":"MY FRENCH GROCERY","url":"https:\/\/my-french-grocery.com\/es\/","logo":{"@type":"ImageObject","inLanguage":"es-ES","@id":"https:\/\/my-french-grocery.com\/es\/#\/schema\/logo\/image\/","url":"https:\/\/my-french-grocery.com\/wp-content\/uploads\/2021\/11\/My-French-Grocery-Online-French-Grocery.png","contentUrl":"https:\/\/my-french-grocery.com\/wp-content\/uploads\/2021\/11\/My-French-Grocery-Online-French-Grocery.png","width":100,"height":100,"caption":"MY FRENCH GROCERY"},"image":{"@id":"https:\/\/my-french-grocery.com\/es\/#\/schema\/logo\/image\/"},"sameAs":["https:\/\/www.facebook.com\/myfrenchgrocery\/"]}]}},"brands":[{"id":3438,"name":"Le Petit Olivier","slug":"le-petit-olivier-es"}],"_links":{"self":[{"href":"https:\/\/my-french-grocery.com\/es\/wp-json\/wp\/v2\/product\/38827","targetHints":{"allow":["GET"]}}],"collection":[{"href":"https:\/\/my-french-grocery.com\/es\/wp-json\/wp\/v2\/product"}],"about":[{"href":"https:\/\/my-french-grocery.com\/es\/wp-json\/wp\/v2\/types\/product"}],"replies":[{"embeddable":true,"href":"https:\/\/my-french-grocery.com\/es\/wp-json\/wp\/v2\/comments?post=38827"}],"wp:featuredmedia":[{"embeddable":true,"href":"https:\/\/my-french-grocery.com\/es\/wp-json\/wp\/v2\/media\/38836"}],"wp:attachment":[{"href":"https:\/\/my-french-grocery.com\/es\/wp-json\/wp\/v2\/media?parent=38827"}],"wp:term":[{"taxonomy":"pwb-brand","embeddable":true,"href":"https:\/\/my-french-grocery.com\/es\/wp-json\/wp\/v2\/pwb-brand?post=38827"},{"taxonomy":"product_brand","embeddable":true,"href":"https:\/\/my-french-grocery.com\/es\/wp-json\/wp\/v2\/product_brand?post=38827"},{"taxonomy":"product_cat","embeddable":true,"href":"https:\/\/my-french-grocery.com\/es\/wp-json\/wp\/v2\/product_cat?post=38827"},{"taxonomy":"product_tag","embeddable":true,"href":"https:\/\/my-french-grocery.com\/es\/wp-json\/wp\/v2\/product_tag?post=38827"}],"curies":[{"name":"wp","href":"https:\/\/api.w.org\/{rel}","templated":true}]}}