{"id":38928,"date":"2024-02-26T17:50:24","date_gmt":"2024-02-26T15:50:25","guid":{"rendered":"https:\/\/my-french-grocery.com\/?post_type=product&#038;p=38928"},"modified":"2024-02-26T19:06:23","modified_gmt":"2024-02-26T17:06:23","slug":"infusion-detox-et-vous-les-2-marmottes","status":"publish","type":"product","link":"https:\/\/my-french-grocery.com\/es\/producto\/infusion-detox-et-vous-les-2-marmottes\/","title":{"rendered":"Infusi\u00f3n D\u00e9tox Et Vous Les 2 Marmottes"},"content":{"rendered":"<p>Infusi\u00f3n D\u00e9tox Et Vous Les 2 Marmottes<\/p>\n<p class=\"product-title__packaging c-text c-text--size-m c-text--style-p\">caja de 30 sobres &#8211; 50 g<\/p>\n<p>Nuestra nueva infusi\u00f3n DETOX ET YOU contiene c\u00farcuma.\u00a0Esta planta se utiliza en todo el mundo por sus efectos beneficiosos para la salud.\u00a0Utilizada en la dosis adecuada, la c\u00farcuma ayuda al funcionamiento normal del h\u00edgado y contribuye al bienestar digestivo.\u00a0\u00a1Est\u00e1 cient\u00edficamente probado!<\/p>\n<p>&nbsp;<\/p>\n","protected":false},"excerpt":{"rendered":"<p>Infusi\u00f3n D\u00e9tox Et Vous Les 2 Marmottes<\/p>\n<p class=\"product-title__packaging c-text c-text--size-m c-text--style-p\">caja de 30 sobres &#8211; 50 g<\/p>\n","protected":false},"featured_media":38937,"comment_status":"open","ping_status":"closed","template":"","meta":[],"pwb-brand":[3521],"product_brand":[],"product_cat":[1722],"product_tag":[3520,3519,3500],"class_list":{"0":"post-38928","1":"product","2":"type-product","3":"status-publish","4":"has-post-thumbnail","6":"pwb-brand-les-2-marmottes-es","7":"product_cat-te","8":"product_tag-infusion-es","9":"product_tag-les-2-marmottes-es","10":"product_tag-te-es","12":"first","13":"instock","14":"taxable","15":"shipping-taxable","16":"purchasable","17":"product-type-simple"},"yoast_head":"<!-- This site is optimized with the Yoast SEO plugin v27.4 - https:\/\/yoast.com\/product\/yoast-seo-wordpress\/ -->\n<title>Infusi\u00f3n D\u00e9tox Et Vous Les 2 Marmottes | Comprar En Linea | My French Grocery<\/title>\n<meta name=\"description\" content=\"Infusi\u00f3n D\u00e9tox Et Vous Les 2 Marmottes - caja de 30 sobres - 50 g - Nuestra nueva infusi\u00f3n DETOX ET YOU contiene c\u00farcuma.\u00a0\" \/>\n<meta name=\"robots\" content=\"index, follow, max-snippet:-1, max-image-preview:large, max-video-preview:-1\" \/>\n<link rel=\"canonical\" href=\"https:\/\/my-french-grocery.com\/es\/producto\/infusion-detox-et-vous-les-2-marmottes\/\" \/>\n<meta property=\"og:locale\" content=\"es_ES\" \/>\n<meta property=\"og:type\" content=\"article\" \/>\n<meta property=\"og:title\" content=\"Infusi\u00f3n D\u00e9tox Et Vous Les 2 Marmottes | Comprar En Linea | My French Grocery\" \/>\n<meta property=\"og:description\" content=\"Infusi\u00f3n D\u00e9tox Et Vous Les 2 Marmottes - caja de 30 sobres - 50 g - Nuestra nueva infusi\u00f3n DETOX ET YOU contiene c\u00farcuma.\u00a0\" \/>\n<meta property=\"og:url\" content=\"https:\/\/my-french-grocery.com\/es\/producto\/infusion-detox-et-vous-les-2-marmottes\/\" \/>\n<meta property=\"og:site_name\" content=\"My French Grocery\" \/>\n<meta property=\"article:publisher\" content=\"https:\/\/www.facebook.com\/myfrenchgrocery\/\" \/>\n<meta property=\"article:modified_time\" content=\"2024-02-26T17:06:23+00:00\" \/>\n<meta property=\"og:image\" content=\"https:\/\/my-french-grocery.com\/wp-content\/uploads\/2024\/02\/Detox-infusion-and-You-LES-2-MARMOTTES.webp\" \/>\n\t<meta property=\"og:image:width\" content=\"1200\" \/>\n\t<meta property=\"og:image:height\" content=\"1200\" \/>\n\t<meta property=\"og:image:type\" content=\"image\/webp\" \/>\n<meta name=\"twitter:card\" content=\"summary_large_image\" \/>\n<meta name=\"twitter:label1\" content=\"Tiempo de lectura\" \/>\n\t<meta name=\"twitter:data1\" content=\"1 minute\" \/>\n<script type=\"application\/ld+json\" class=\"yoast-schema-graph\">{\"@context\":\"https:\\\/\\\/schema.org\",\"@graph\":[{\"@type\":\"WebPage\",\"@id\":\"https:\\\/\\\/my-french-grocery.com\\\/es\\\/producto\\\/infusion-detox-et-vous-les-2-marmottes\\\/\",\"url\":\"https:\\\/\\\/my-french-grocery.com\\\/es\\\/producto\\\/infusion-detox-et-vous-les-2-marmottes\\\/\",\"name\":\"Infusi\u00f3n D\u00e9tox Et Vous Les 2 Marmottes | Comprar En Linea | My French Grocery\",\"isPartOf\":{\"@id\":\"https:\\\/\\\/my-french-grocery.com\\\/es\\\/#website\"},\"primaryImageOfPage\":{\"@id\":\"https:\\\/\\\/my-french-grocery.com\\\/es\\\/producto\\\/infusion-detox-et-vous-les-2-marmottes\\\/#primaryimage\"},\"image\":{\"@id\":\"https:\\\/\\\/my-french-grocery.com\\\/es\\\/producto\\\/infusion-detox-et-vous-les-2-marmottes\\\/#primaryimage\"},\"thumbnailUrl\":\"https:\\\/\\\/my-french-grocery.com\\\/wp-content\\\/uploads\\\/2024\\\/02\\\/Detox-infusion-and-You-LES-2-MARMOTTES.webp\",\"datePublished\":\"2024-02-26T15:50:25+00:00\",\"dateModified\":\"2024-02-26T17:06:23+00:00\",\"description\":\"Infusi\u00f3n D\u00e9tox Et Vous Les 2 Marmottes - caja de 30 sobres - 50 g - Nuestra nueva infusi\u00f3n DETOX ET YOU contiene c\u00farcuma.\u00a0\",\"breadcrumb\":{\"@id\":\"https:\\\/\\\/my-french-grocery.com\\\/es\\\/producto\\\/infusion-detox-et-vous-les-2-marmottes\\\/#breadcrumb\"},\"inLanguage\":\"es-ES\",\"potentialAction\":[{\"@type\":\"ReadAction\",\"target\":[\"https:\\\/\\\/my-french-grocery.com\\\/es\\\/producto\\\/infusion-detox-et-vous-les-2-marmottes\\\/\"]}]},{\"@type\":\"ImageObject\",\"inLanguage\":\"es-ES\",\"@id\":\"https:\\\/\\\/my-french-grocery.com\\\/es\\\/producto\\\/infusion-detox-et-vous-les-2-marmottes\\\/#primaryimage\",\"url\":\"https:\\\/\\\/my-french-grocery.com\\\/wp-content\\\/uploads\\\/2024\\\/02\\\/Detox-infusion-and-You-LES-2-MARMOTTES.webp\",\"contentUrl\":\"https:\\\/\\\/my-french-grocery.com\\\/wp-content\\\/uploads\\\/2024\\\/02\\\/Detox-infusion-and-You-LES-2-MARMOTTES.webp\",\"width\":1200,\"height\":1200,\"caption\":\"Infusi\u00f3n D\u00e9tox Et Vous Les 2 Marmottes\"},{\"@type\":\"BreadcrumbList\",\"@id\":\"https:\\\/\\\/my-french-grocery.com\\\/es\\\/producto\\\/infusion-detox-et-vous-les-2-marmottes\\\/#breadcrumb\",\"itemListElement\":[{\"@type\":\"ListItem\",\"position\":1,\"name\":\"Home\",\"item\":\"https:\\\/\\\/my-french-grocery.com\\\/es\\\/tienda-2\\\/\"},{\"@type\":\"ListItem\",\"position\":2,\"name\":\"Shop\",\"item\":\"https:\\\/\\\/my-french-grocery.com\\\/shop\\\/\"},{\"@type\":\"ListItem\",\"position\":3,\"name\":\"Comida\",\"item\":\"https:\\\/\\\/my-french-grocery.com\\\/es\\\/categoria-producto\\\/comida\\\/\"},{\"@type\":\"ListItem\",\"position\":4,\"name\":\"T\u00e9, Caf\u00e9, Chocolate En Polvo\",\"item\":\"https:\\\/\\\/my-french-grocery.com\\\/es\\\/categoria-producto\\\/comida\\\/te-cafe-chocolate-en-polvo\\\/\"},{\"@type\":\"ListItem\",\"position\":5,\"name\":\"T\u00e9\",\"item\":\"https:\\\/\\\/my-french-grocery.com\\\/es\\\/categoria-producto\\\/comida\\\/te-cafe-chocolate-en-polvo\\\/te\\\/\"},{\"@type\":\"ListItem\",\"position\":6,\"name\":\"Infusi\u00f3n D\u00e9tox Et Vous Les 2 Marmottes\"}]},{\"@type\":\"WebSite\",\"@id\":\"https:\\\/\\\/my-french-grocery.com\\\/es\\\/#website\",\"url\":\"https:\\\/\\\/my-french-grocery.com\\\/es\\\/\",\"name\":\"My French Grocery\",\"description\":\"Your Online French Grocery  !\",\"publisher\":{\"@id\":\"https:\\\/\\\/my-french-grocery.com\\\/es\\\/#organization\"},\"potentialAction\":[{\"@type\":\"SearchAction\",\"target\":{\"@type\":\"EntryPoint\",\"urlTemplate\":\"https:\\\/\\\/my-french-grocery.com\\\/es\\\/?s={search_term_string}\"},\"query-input\":{\"@type\":\"PropertyValueSpecification\",\"valueRequired\":true,\"valueName\":\"search_term_string\"}}],\"inLanguage\":\"es-ES\"},{\"@type\":\"Organization\",\"@id\":\"https:\\\/\\\/my-french-grocery.com\\\/es\\\/#organization\",\"name\":\"MY FRENCH GROCERY\",\"url\":\"https:\\\/\\\/my-french-grocery.com\\\/es\\\/\",\"logo\":{\"@type\":\"ImageObject\",\"inLanguage\":\"es-ES\",\"@id\":\"https:\\\/\\\/my-french-grocery.com\\\/es\\\/#\\\/schema\\\/logo\\\/image\\\/\",\"url\":\"https:\\\/\\\/my-french-grocery.com\\\/wp-content\\\/uploads\\\/2021\\\/11\\\/My-French-Grocery-Online-French-Grocery.png\",\"contentUrl\":\"https:\\\/\\\/my-french-grocery.com\\\/wp-content\\\/uploads\\\/2021\\\/11\\\/My-French-Grocery-Online-French-Grocery.png\",\"width\":100,\"height\":100,\"caption\":\"MY FRENCH GROCERY\"},\"image\":{\"@id\":\"https:\\\/\\\/my-french-grocery.com\\\/es\\\/#\\\/schema\\\/logo\\\/image\\\/\"},\"sameAs\":[\"https:\\\/\\\/www.facebook.com\\\/myfrenchgrocery\\\/\"]}]}<\/script>\n<!-- \/ Yoast SEO plugin. -->","yoast_head_json":{"title":"Infusi\u00f3n D\u00e9tox Et Vous Les 2 Marmottes | Comprar En Linea | My French Grocery","description":"Infusi\u00f3n D\u00e9tox Et Vous Les 2 Marmottes - caja de 30 sobres - 50 g - Nuestra nueva infusi\u00f3n DETOX ET YOU contiene c\u00farcuma.\u00a0","robots":{"index":"index","follow":"follow","max-snippet":"max-snippet:-1","max-image-preview":"max-image-preview:large","max-video-preview":"max-video-preview:-1"},"canonical":"https:\/\/my-french-grocery.com\/es\/producto\/infusion-detox-et-vous-les-2-marmottes\/","og_locale":"es_ES","og_type":"article","og_title":"Infusi\u00f3n D\u00e9tox Et Vous Les 2 Marmottes | Comprar En Linea | My French Grocery","og_description":"Infusi\u00f3n D\u00e9tox Et Vous Les 2 Marmottes - caja de 30 sobres - 50 g - Nuestra nueva infusi\u00f3n DETOX ET YOU contiene c\u00farcuma.\u00a0","og_url":"https:\/\/my-french-grocery.com\/es\/producto\/infusion-detox-et-vous-les-2-marmottes\/","og_site_name":"My French Grocery","article_publisher":"https:\/\/www.facebook.com\/myfrenchgrocery\/","article_modified_time":"2024-02-26T17:06:23+00:00","og_image":[{"width":1200,"height":1200,"url":"https:\/\/my-french-grocery.com\/wp-content\/uploads\/2024\/02\/Detox-infusion-and-You-LES-2-MARMOTTES.webp","type":"image\/webp"}],"twitter_card":"summary_large_image","twitter_misc":{"Tiempo de lectura":"1 minute"},"schema":{"@context":"https:\/\/schema.org","@graph":[{"@type":"WebPage","@id":"https:\/\/my-french-grocery.com\/es\/producto\/infusion-detox-et-vous-les-2-marmottes\/","url":"https:\/\/my-french-grocery.com\/es\/producto\/infusion-detox-et-vous-les-2-marmottes\/","name":"Infusi\u00f3n D\u00e9tox Et Vous Les 2 Marmottes | Comprar En Linea | My French Grocery","isPartOf":{"@id":"https:\/\/my-french-grocery.com\/es\/#website"},"primaryImageOfPage":{"@id":"https:\/\/my-french-grocery.com\/es\/producto\/infusion-detox-et-vous-les-2-marmottes\/#primaryimage"},"image":{"@id":"https:\/\/my-french-grocery.com\/es\/producto\/infusion-detox-et-vous-les-2-marmottes\/#primaryimage"},"thumbnailUrl":"https:\/\/my-french-grocery.com\/wp-content\/uploads\/2024\/02\/Detox-infusion-and-You-LES-2-MARMOTTES.webp","datePublished":"2024-02-26T15:50:25+00:00","dateModified":"2024-02-26T17:06:23+00:00","description":"Infusi\u00f3n D\u00e9tox Et Vous Les 2 Marmottes - caja de 30 sobres - 50 g - Nuestra nueva infusi\u00f3n DETOX ET YOU contiene c\u00farcuma.\u00a0","breadcrumb":{"@id":"https:\/\/my-french-grocery.com\/es\/producto\/infusion-detox-et-vous-les-2-marmottes\/#breadcrumb"},"inLanguage":"es-ES","potentialAction":[{"@type":"ReadAction","target":["https:\/\/my-french-grocery.com\/es\/producto\/infusion-detox-et-vous-les-2-marmottes\/"]}]},{"@type":"ImageObject","inLanguage":"es-ES","@id":"https:\/\/my-french-grocery.com\/es\/producto\/infusion-detox-et-vous-les-2-marmottes\/#primaryimage","url":"https:\/\/my-french-grocery.com\/wp-content\/uploads\/2024\/02\/Detox-infusion-and-You-LES-2-MARMOTTES.webp","contentUrl":"https:\/\/my-french-grocery.com\/wp-content\/uploads\/2024\/02\/Detox-infusion-and-You-LES-2-MARMOTTES.webp","width":1200,"height":1200,"caption":"Infusi\u00f3n D\u00e9tox Et Vous Les 2 Marmottes"},{"@type":"BreadcrumbList","@id":"https:\/\/my-french-grocery.com\/es\/producto\/infusion-detox-et-vous-les-2-marmottes\/#breadcrumb","itemListElement":[{"@type":"ListItem","position":1,"name":"Home","item":"https:\/\/my-french-grocery.com\/es\/tienda-2\/"},{"@type":"ListItem","position":2,"name":"Shop","item":"https:\/\/my-french-grocery.com\/shop\/"},{"@type":"ListItem","position":3,"name":"Comida","item":"https:\/\/my-french-grocery.com\/es\/categoria-producto\/comida\/"},{"@type":"ListItem","position":4,"name":"T\u00e9, Caf\u00e9, Chocolate En Polvo","item":"https:\/\/my-french-grocery.com\/es\/categoria-producto\/comida\/te-cafe-chocolate-en-polvo\/"},{"@type":"ListItem","position":5,"name":"T\u00e9","item":"https:\/\/my-french-grocery.com\/es\/categoria-producto\/comida\/te-cafe-chocolate-en-polvo\/te\/"},{"@type":"ListItem","position":6,"name":"Infusi\u00f3n D\u00e9tox Et Vous Les 2 Marmottes"}]},{"@type":"WebSite","@id":"https:\/\/my-french-grocery.com\/es\/#website","url":"https:\/\/my-french-grocery.com\/es\/","name":"My French Grocery","description":"Your Online French Grocery  !","publisher":{"@id":"https:\/\/my-french-grocery.com\/es\/#organization"},"potentialAction":[{"@type":"SearchAction","target":{"@type":"EntryPoint","urlTemplate":"https:\/\/my-french-grocery.com\/es\/?s={search_term_string}"},"query-input":{"@type":"PropertyValueSpecification","valueRequired":true,"valueName":"search_term_string"}}],"inLanguage":"es-ES"},{"@type":"Organization","@id":"https:\/\/my-french-grocery.com\/es\/#organization","name":"MY FRENCH GROCERY","url":"https:\/\/my-french-grocery.com\/es\/","logo":{"@type":"ImageObject","inLanguage":"es-ES","@id":"https:\/\/my-french-grocery.com\/es\/#\/schema\/logo\/image\/","url":"https:\/\/my-french-grocery.com\/wp-content\/uploads\/2021\/11\/My-French-Grocery-Online-French-Grocery.png","contentUrl":"https:\/\/my-french-grocery.com\/wp-content\/uploads\/2021\/11\/My-French-Grocery-Online-French-Grocery.png","width":100,"height":100,"caption":"MY FRENCH GROCERY"},"image":{"@id":"https:\/\/my-french-grocery.com\/es\/#\/schema\/logo\/image\/"},"sameAs":["https:\/\/www.facebook.com\/myfrenchgrocery\/"]}]}},"brands":[{"id":3521,"name":"Les 2 Marmottes","slug":"les-2-marmottes-es"}],"_links":{"self":[{"href":"https:\/\/my-french-grocery.com\/es\/wp-json\/wp\/v2\/product\/38928","targetHints":{"allow":["GET"]}}],"collection":[{"href":"https:\/\/my-french-grocery.com\/es\/wp-json\/wp\/v2\/product"}],"about":[{"href":"https:\/\/my-french-grocery.com\/es\/wp-json\/wp\/v2\/types\/product"}],"replies":[{"embeddable":true,"href":"https:\/\/my-french-grocery.com\/es\/wp-json\/wp\/v2\/comments?post=38928"}],"wp:featuredmedia":[{"embeddable":true,"href":"https:\/\/my-french-grocery.com\/es\/wp-json\/wp\/v2\/media\/38937"}],"wp:attachment":[{"href":"https:\/\/my-french-grocery.com\/es\/wp-json\/wp\/v2\/media?parent=38928"}],"wp:term":[{"taxonomy":"pwb-brand","embeddable":true,"href":"https:\/\/my-french-grocery.com\/es\/wp-json\/wp\/v2\/pwb-brand?post=38928"},{"taxonomy":"product_brand","embeddable":true,"href":"https:\/\/my-french-grocery.com\/es\/wp-json\/wp\/v2\/product_brand?post=38928"},{"taxonomy":"product_cat","embeddable":true,"href":"https:\/\/my-french-grocery.com\/es\/wp-json\/wp\/v2\/product_cat?post=38928"},{"taxonomy":"product_tag","embeddable":true,"href":"https:\/\/my-french-grocery.com\/es\/wp-json\/wp\/v2\/product_tag?post=38928"}],"curies":[{"name":"wp","href":"https:\/\/api.w.org\/{rel}","templated":true}]}}