{"id":39646,"date":"2024-04-01T18:04:25","date_gmt":"2024-04-08T16:04:26","guid":{"rendered":"https:\/\/my-french-grocery.com\/?post_type=product&#038;p=39646"},"modified":"2024-05-11T16:31:30","modified_gmt":"2024-05-11T14:31:30","slug":"vinagreta-de-aceite-de-sesamo-salsa-de-soja-maille","status":"publish","type":"product","link":"https:\/\/my-french-grocery.com\/es\/producto\/vinagreta-de-aceite-de-sesamo-salsa-de-soja-maille\/","title":{"rendered":"Vinagreta De Aceite De S\u00e9samo &#038; Salsa De Soja Maille"},"content":{"rendered":"<p>Vinagreta De Aceite De S\u00e9samo &amp; Salsa De Soja Maille<\/p>\n<p>botella de 36 cl.<\/p>\n<p>Maille Light Aceite de S\u00e9samo y Salsa de Soja Vinagreta de Semillas de S\u00e9samo Tostadas 36 cl es una receta ex\u00f3tica de Maison Maille, una armoniosa combinaci\u00f3n de semillas de s\u00e9samo tostadas con un ligero sabor a nuez y una deliciosa salsa de soja, ideal para condimentar y condimentar brochetas de salm\u00f3n o pechuga de pato<\/p>\n","protected":false},"excerpt":{"rendered":"<p>Vinagreta De Aceite De S\u00e9samo &amp; Salsa De Soja Maille<\/p>\n<p>botella de 36 cl.<\/p>\n<p>&nbsp;<\/p>\n","protected":false},"featured_media":39655,"comment_status":"open","ping_status":"closed","template":"","meta":[],"pwb-brand":[785],"product_brand":[],"product_cat":[1655],"product_tag":[3547,1837,1790],"class_list":{"0":"post-39646","1":"product","2":"type-product","3":"status-publish","4":"has-post-thumbnail","6":"pwb-brand-maille-es","7":"product_cat-condimentos","8":"product_tag-maille-es","9":"product_tag-vinagre","10":"product_tag-vinagreta","11":"product_shipping_class-expedicion-mundial","13":"first","14":"instock","15":"taxable","16":"shipping-taxable","17":"purchasable","18":"product-type-simple"},"yoast_head":"<!-- This site is optimized with the Yoast SEO plugin v27.3 - https:\/\/yoast.com\/product\/yoast-seo-wordpress\/ -->\n<title>Vinagreta De Aceite De S\u00e9samo &amp; Salsa De Soja Maille | Comprar En Linea | My French Grocery<\/title>\n<meta name=\"description\" content=\"Vinagreta De Aceite De S\u00e9samo &amp; Salsa De Soja Maille - botella de 36 cl. -Maille Light Aceite de S\u00e9samo y Salsa de Soja Vinagreta de Semillas de S\u00e9samo Tostadas 36 cl es una receta ex\u00f3tica de Maison Maille\" \/>\n<meta name=\"robots\" content=\"index, follow, max-snippet:-1, max-image-preview:large, max-video-preview:-1\" \/>\n<link rel=\"canonical\" href=\"https:\/\/my-french-grocery.com\/es\/producto\/vinagreta-de-aceite-de-sesamo-salsa-de-soja-maille\/\" \/>\n<meta property=\"og:locale\" content=\"es_ES\" \/>\n<meta property=\"og:type\" content=\"article\" \/>\n<meta property=\"og:title\" content=\"Vinagreta De Aceite De S\u00e9samo &amp; Salsa De Soja Maille | Comprar En Linea | My French Grocery\" \/>\n<meta property=\"og:description\" content=\"Vinagreta De Aceite De S\u00e9samo &amp; Salsa De Soja Maille - botella de 36 cl. -Maille Light Aceite de S\u00e9samo y Salsa de Soja Vinagreta de Semillas de S\u00e9samo Tostadas 36 cl es una receta ex\u00f3tica de Maison Maille\" \/>\n<meta property=\"og:url\" content=\"https:\/\/my-french-grocery.com\/es\/producto\/vinagreta-de-aceite-de-sesamo-salsa-de-soja-maille\/\" \/>\n<meta property=\"og:site_name\" content=\"My French Grocery\" \/>\n<meta property=\"article:publisher\" content=\"https:\/\/www.facebook.com\/myfrenchgrocery\/\" \/>\n<meta property=\"article:modified_time\" content=\"2024-05-11T14:31:30+00:00\" \/>\n<meta property=\"og:image\" content=\"https:\/\/my-french-grocery.com\/wp-content\/uploads\/2024\/04\/Sesame-Oil-Soy-Vinaigrette-Maille.webp\" \/>\n\t<meta property=\"og:image:width\" content=\"1200\" \/>\n\t<meta property=\"og:image:height\" content=\"1200\" \/>\n\t<meta property=\"og:image:type\" content=\"image\/webp\" \/>\n<meta name=\"twitter:card\" content=\"summary_large_image\" \/>\n<meta name=\"twitter:label1\" content=\"Tiempo de lectura\" \/>\n\t<meta name=\"twitter:data1\" content=\"1 minute\" \/>\n<script type=\"application\/ld+json\" class=\"yoast-schema-graph\">{\"@context\":\"https:\\\/\\\/schema.org\",\"@graph\":[{\"@type\":\"WebPage\",\"@id\":\"https:\\\/\\\/my-french-grocery.com\\\/es\\\/producto\\\/vinagreta-de-aceite-de-sesamo-salsa-de-soja-maille\\\/\",\"url\":\"https:\\\/\\\/my-french-grocery.com\\\/es\\\/producto\\\/vinagreta-de-aceite-de-sesamo-salsa-de-soja-maille\\\/\",\"name\":\"Vinagreta De Aceite De S\u00e9samo & Salsa De Soja Maille | Comprar En Linea | My French Grocery\",\"isPartOf\":{\"@id\":\"https:\\\/\\\/my-french-grocery.com\\\/es\\\/#website\"},\"primaryImageOfPage\":{\"@id\":\"https:\\\/\\\/my-french-grocery.com\\\/es\\\/producto\\\/vinagreta-de-aceite-de-sesamo-salsa-de-soja-maille\\\/#primaryimage\"},\"image\":{\"@id\":\"https:\\\/\\\/my-french-grocery.com\\\/es\\\/producto\\\/vinagreta-de-aceite-de-sesamo-salsa-de-soja-maille\\\/#primaryimage\"},\"thumbnailUrl\":\"https:\\\/\\\/my-french-grocery.com\\\/wp-content\\\/uploads\\\/2024\\\/04\\\/Sesame-Oil-Soy-Vinaigrette-Maille.webp\",\"datePublished\":\"2024-04-08T16:04:26+00:00\",\"dateModified\":\"2024-05-11T14:31:30+00:00\",\"description\":\"Vinagreta De Aceite De S\u00e9samo & Salsa De Soja Maille - botella de 36 cl. -Maille Light Aceite de S\u00e9samo y Salsa de Soja Vinagreta de Semillas de S\u00e9samo Tostadas 36 cl es una receta ex\u00f3tica de Maison Maille\",\"breadcrumb\":{\"@id\":\"https:\\\/\\\/my-french-grocery.com\\\/es\\\/producto\\\/vinagreta-de-aceite-de-sesamo-salsa-de-soja-maille\\\/#breadcrumb\"},\"inLanguage\":\"es-ES\",\"potentialAction\":[{\"@type\":\"ReadAction\",\"target\":[\"https:\\\/\\\/my-french-grocery.com\\\/es\\\/producto\\\/vinagreta-de-aceite-de-sesamo-salsa-de-soja-maille\\\/\"]}]},{\"@type\":\"ImageObject\",\"inLanguage\":\"es-ES\",\"@id\":\"https:\\\/\\\/my-french-grocery.com\\\/es\\\/producto\\\/vinagreta-de-aceite-de-sesamo-salsa-de-soja-maille\\\/#primaryimage\",\"url\":\"https:\\\/\\\/my-french-grocery.com\\\/wp-content\\\/uploads\\\/2024\\\/04\\\/Sesame-Oil-Soy-Vinaigrette-Maille.webp\",\"contentUrl\":\"https:\\\/\\\/my-french-grocery.com\\\/wp-content\\\/uploads\\\/2024\\\/04\\\/Sesame-Oil-Soy-Vinaigrette-Maille.webp\",\"width\":1200,\"height\":1200,\"caption\":\"Vinagreta De Aceite De S\u00e9samo & Salsa De Soja Maille\"},{\"@type\":\"BreadcrumbList\",\"@id\":\"https:\\\/\\\/my-french-grocery.com\\\/es\\\/producto\\\/vinagreta-de-aceite-de-sesamo-salsa-de-soja-maille\\\/#breadcrumb\",\"itemListElement\":[{\"@type\":\"ListItem\",\"position\":1,\"name\":\"Home\",\"item\":\"https:\\\/\\\/my-french-grocery.com\\\/es\\\/tienda-2\\\/\"},{\"@type\":\"ListItem\",\"position\":2,\"name\":\"Shop\",\"item\":\"https:\\\/\\\/my-french-grocery.com\\\/shop\\\/\"},{\"@type\":\"ListItem\",\"position\":3,\"name\":\"Comida\",\"item\":\"https:\\\/\\\/my-french-grocery.com\\\/es\\\/categoria-producto\\\/comida\\\/\"},{\"@type\":\"ListItem\",\"position\":4,\"name\":\"Condimentos\",\"item\":\"https:\\\/\\\/my-french-grocery.com\\\/es\\\/categoria-producto\\\/comida\\\/condimentos\\\/\"},{\"@type\":\"ListItem\",\"position\":5,\"name\":\"Vinagreta De Aceite De S\u00e9samo &#038; Salsa De Soja Maille\"}]},{\"@type\":\"WebSite\",\"@id\":\"https:\\\/\\\/my-french-grocery.com\\\/es\\\/#website\",\"url\":\"https:\\\/\\\/my-french-grocery.com\\\/es\\\/\",\"name\":\"My French Grocery\",\"description\":\"Your Online French Grocery  !\",\"publisher\":{\"@id\":\"https:\\\/\\\/my-french-grocery.com\\\/es\\\/#organization\"},\"potentialAction\":[{\"@type\":\"SearchAction\",\"target\":{\"@type\":\"EntryPoint\",\"urlTemplate\":\"https:\\\/\\\/my-french-grocery.com\\\/es\\\/?s={search_term_string}\"},\"query-input\":{\"@type\":\"PropertyValueSpecification\",\"valueRequired\":true,\"valueName\":\"search_term_string\"}}],\"inLanguage\":\"es-ES\"},{\"@type\":\"Organization\",\"@id\":\"https:\\\/\\\/my-french-grocery.com\\\/es\\\/#organization\",\"name\":\"MY FRENCH GROCERY\",\"url\":\"https:\\\/\\\/my-french-grocery.com\\\/es\\\/\",\"logo\":{\"@type\":\"ImageObject\",\"inLanguage\":\"es-ES\",\"@id\":\"https:\\\/\\\/my-french-grocery.com\\\/es\\\/#\\\/schema\\\/logo\\\/image\\\/\",\"url\":\"https:\\\/\\\/my-french-grocery.com\\\/wp-content\\\/uploads\\\/2021\\\/11\\\/My-French-Grocery-Online-French-Grocery.png\",\"contentUrl\":\"https:\\\/\\\/my-french-grocery.com\\\/wp-content\\\/uploads\\\/2021\\\/11\\\/My-French-Grocery-Online-French-Grocery.png\",\"width\":100,\"height\":100,\"caption\":\"MY FRENCH GROCERY\"},\"image\":{\"@id\":\"https:\\\/\\\/my-french-grocery.com\\\/es\\\/#\\\/schema\\\/logo\\\/image\\\/\"},\"sameAs\":[\"https:\\\/\\\/www.facebook.com\\\/myfrenchgrocery\\\/\"]}]}<\/script>\n<!-- \/ Yoast SEO plugin. -->","yoast_head_json":{"title":"Vinagreta De Aceite De S\u00e9samo & Salsa De Soja Maille | Comprar En Linea | My French Grocery","description":"Vinagreta De Aceite De S\u00e9samo & Salsa De Soja Maille - botella de 36 cl. -Maille Light Aceite de S\u00e9samo y Salsa de Soja Vinagreta de Semillas de S\u00e9samo Tostadas 36 cl es una receta ex\u00f3tica de Maison Maille","robots":{"index":"index","follow":"follow","max-snippet":"max-snippet:-1","max-image-preview":"max-image-preview:large","max-video-preview":"max-video-preview:-1"},"canonical":"https:\/\/my-french-grocery.com\/es\/producto\/vinagreta-de-aceite-de-sesamo-salsa-de-soja-maille\/","og_locale":"es_ES","og_type":"article","og_title":"Vinagreta De Aceite De S\u00e9samo & Salsa De Soja Maille | Comprar En Linea | My French Grocery","og_description":"Vinagreta De Aceite De S\u00e9samo & Salsa De Soja Maille - botella de 36 cl. -Maille Light Aceite de S\u00e9samo y Salsa de Soja Vinagreta de Semillas de S\u00e9samo Tostadas 36 cl es una receta ex\u00f3tica de Maison Maille","og_url":"https:\/\/my-french-grocery.com\/es\/producto\/vinagreta-de-aceite-de-sesamo-salsa-de-soja-maille\/","og_site_name":"My French Grocery","article_publisher":"https:\/\/www.facebook.com\/myfrenchgrocery\/","article_modified_time":"2024-05-11T14:31:30+00:00","og_image":[{"width":1200,"height":1200,"url":"https:\/\/my-french-grocery.com\/wp-content\/uploads\/2024\/04\/Sesame-Oil-Soy-Vinaigrette-Maille.webp","type":"image\/webp"}],"twitter_card":"summary_large_image","twitter_misc":{"Tiempo de lectura":"1 minute"},"schema":{"@context":"https:\/\/schema.org","@graph":[{"@type":"WebPage","@id":"https:\/\/my-french-grocery.com\/es\/producto\/vinagreta-de-aceite-de-sesamo-salsa-de-soja-maille\/","url":"https:\/\/my-french-grocery.com\/es\/producto\/vinagreta-de-aceite-de-sesamo-salsa-de-soja-maille\/","name":"Vinagreta De Aceite De S\u00e9samo & Salsa De Soja Maille | Comprar En Linea | My French Grocery","isPartOf":{"@id":"https:\/\/my-french-grocery.com\/es\/#website"},"primaryImageOfPage":{"@id":"https:\/\/my-french-grocery.com\/es\/producto\/vinagreta-de-aceite-de-sesamo-salsa-de-soja-maille\/#primaryimage"},"image":{"@id":"https:\/\/my-french-grocery.com\/es\/producto\/vinagreta-de-aceite-de-sesamo-salsa-de-soja-maille\/#primaryimage"},"thumbnailUrl":"https:\/\/my-french-grocery.com\/wp-content\/uploads\/2024\/04\/Sesame-Oil-Soy-Vinaigrette-Maille.webp","datePublished":"2024-04-08T16:04:26+00:00","dateModified":"2024-05-11T14:31:30+00:00","description":"Vinagreta De Aceite De S\u00e9samo & Salsa De Soja Maille - botella de 36 cl. -Maille Light Aceite de S\u00e9samo y Salsa de Soja Vinagreta de Semillas de S\u00e9samo Tostadas 36 cl es una receta ex\u00f3tica de Maison Maille","breadcrumb":{"@id":"https:\/\/my-french-grocery.com\/es\/producto\/vinagreta-de-aceite-de-sesamo-salsa-de-soja-maille\/#breadcrumb"},"inLanguage":"es-ES","potentialAction":[{"@type":"ReadAction","target":["https:\/\/my-french-grocery.com\/es\/producto\/vinagreta-de-aceite-de-sesamo-salsa-de-soja-maille\/"]}]},{"@type":"ImageObject","inLanguage":"es-ES","@id":"https:\/\/my-french-grocery.com\/es\/producto\/vinagreta-de-aceite-de-sesamo-salsa-de-soja-maille\/#primaryimage","url":"https:\/\/my-french-grocery.com\/wp-content\/uploads\/2024\/04\/Sesame-Oil-Soy-Vinaigrette-Maille.webp","contentUrl":"https:\/\/my-french-grocery.com\/wp-content\/uploads\/2024\/04\/Sesame-Oil-Soy-Vinaigrette-Maille.webp","width":1200,"height":1200,"caption":"Vinagreta De Aceite De S\u00e9samo & Salsa De Soja Maille"},{"@type":"BreadcrumbList","@id":"https:\/\/my-french-grocery.com\/es\/producto\/vinagreta-de-aceite-de-sesamo-salsa-de-soja-maille\/#breadcrumb","itemListElement":[{"@type":"ListItem","position":1,"name":"Home","item":"https:\/\/my-french-grocery.com\/es\/tienda-2\/"},{"@type":"ListItem","position":2,"name":"Shop","item":"https:\/\/my-french-grocery.com\/shop\/"},{"@type":"ListItem","position":3,"name":"Comida","item":"https:\/\/my-french-grocery.com\/es\/categoria-producto\/comida\/"},{"@type":"ListItem","position":4,"name":"Condimentos","item":"https:\/\/my-french-grocery.com\/es\/categoria-producto\/comida\/condimentos\/"},{"@type":"ListItem","position":5,"name":"Vinagreta De Aceite De S\u00e9samo &#038; Salsa De Soja Maille"}]},{"@type":"WebSite","@id":"https:\/\/my-french-grocery.com\/es\/#website","url":"https:\/\/my-french-grocery.com\/es\/","name":"My French Grocery","description":"Your Online French Grocery  !","publisher":{"@id":"https:\/\/my-french-grocery.com\/es\/#organization"},"potentialAction":[{"@type":"SearchAction","target":{"@type":"EntryPoint","urlTemplate":"https:\/\/my-french-grocery.com\/es\/?s={search_term_string}"},"query-input":{"@type":"PropertyValueSpecification","valueRequired":true,"valueName":"search_term_string"}}],"inLanguage":"es-ES"},{"@type":"Organization","@id":"https:\/\/my-french-grocery.com\/es\/#organization","name":"MY FRENCH GROCERY","url":"https:\/\/my-french-grocery.com\/es\/","logo":{"@type":"ImageObject","inLanguage":"es-ES","@id":"https:\/\/my-french-grocery.com\/es\/#\/schema\/logo\/image\/","url":"https:\/\/my-french-grocery.com\/wp-content\/uploads\/2021\/11\/My-French-Grocery-Online-French-Grocery.png","contentUrl":"https:\/\/my-french-grocery.com\/wp-content\/uploads\/2021\/11\/My-French-Grocery-Online-French-Grocery.png","width":100,"height":100,"caption":"MY FRENCH GROCERY"},"image":{"@id":"https:\/\/my-french-grocery.com\/es\/#\/schema\/logo\/image\/"},"sameAs":["https:\/\/www.facebook.com\/myfrenchgrocery\/"]}]}},"brands":[{"id":785,"name":"Maille","slug":"maille-es"}],"_links":{"self":[{"href":"https:\/\/my-french-grocery.com\/es\/wp-json\/wp\/v2\/product\/39646","targetHints":{"allow":["GET"]}}],"collection":[{"href":"https:\/\/my-french-grocery.com\/es\/wp-json\/wp\/v2\/product"}],"about":[{"href":"https:\/\/my-french-grocery.com\/es\/wp-json\/wp\/v2\/types\/product"}],"replies":[{"embeddable":true,"href":"https:\/\/my-french-grocery.com\/es\/wp-json\/wp\/v2\/comments?post=39646"}],"wp:featuredmedia":[{"embeddable":true,"href":"https:\/\/my-french-grocery.com\/es\/wp-json\/wp\/v2\/media\/39655"}],"wp:attachment":[{"href":"https:\/\/my-french-grocery.com\/es\/wp-json\/wp\/v2\/media?parent=39646"}],"wp:term":[{"taxonomy":"pwb-brand","embeddable":true,"href":"https:\/\/my-french-grocery.com\/es\/wp-json\/wp\/v2\/pwb-brand?post=39646"},{"taxonomy":"product_brand","embeddable":true,"href":"https:\/\/my-french-grocery.com\/es\/wp-json\/wp\/v2\/product_brand?post=39646"},{"taxonomy":"product_cat","embeddable":true,"href":"https:\/\/my-french-grocery.com\/es\/wp-json\/wp\/v2\/product_cat?post=39646"},{"taxonomy":"product_tag","embeddable":true,"href":"https:\/\/my-french-grocery.com\/es\/wp-json\/wp\/v2\/product_tag?post=39646"}],"curies":[{"name":"wp","href":"https:\/\/api.w.org\/{rel}","templated":true}]}}