{"id":40173,"date":"2024-05-11T17:04:16","date_gmt":"2024-05-11T15:04:18","guid":{"rendered":"https:\/\/my-french-grocery.com\/?post_type=product&#038;p=40173"},"modified":"2024-05-11T17:17:39","modified_gmt":"2024-05-11T15:17:39","slug":"crema-de-ducha-leche-de-karite-le-petit-olivier-copy","status":"publish","type":"product","link":"https:\/\/my-french-grocery.com\/es\/producto\/crema-de-ducha-leche-de-karite-le-petit-olivier-copy\/","title":{"rendered":"Jabones De Hierbaluisa Le Petit Olivier"},"content":{"rendered":"<p>Jabones De Hierbaluisa Le Petit Olivier<\/p>\n<p class=\"product-title__packaging c-text c-text--size-m c-text--style-p\"><span>2 pastillas de jab\u00f3n de 100 g<\/span><\/p>\n<div class=\"product-content main-details__block\">\n<p class=\"c-text c-text--size-m c-text--style-p\" data-v-66cc25a1=\"\">Encuentre todo el saber hacer y la autenticidad de Petit Olivier en este Jab\u00f3n Extra Suave de Verbena de Lim\u00f3n. Enriquecido con Aceite de Oliva, limpia suavemente tu piel. Su aroma fresco y tonificante, procedente de la regi\u00f3n de Grasse, te transporta al coraz\u00f3n de Provenza.<\/p>\n<\/div>\n<div class=\"product-content main-details__block\">\n<div class=\"product-content__title\"><\/div>\n<\/div>\n","protected":false},"excerpt":{"rendered":"<p>Jabones De Hierbaluisa Le Petit Olivier<\/p>\n<p class=\"product-title__packaging c-text c-text--size-m c-text--style-p\">2 pastillas de jab\u00f3n de 100 g<\/p>\n<p>l<\/p>\n","protected":false},"featured_media":40182,"comment_status":"open","ping_status":"closed","template":"","meta":[],"pwb-brand":[3438],"product_brand":[],"product_cat":[1673],"product_tag":[1803,3617,3436,3682],"class_list":{"0":"post-40173","1":"product","2":"type-product","3":"status-publish","4":"has-post-thumbnail","6":"pwb-brand-le-petit-olivier-es","7":"product_cat-jabon","8":"product_tag-jabon","9":"product_tag-limon","10":"product_tag-petit-olivier-es","11":"product_tag-verbena-es","12":"product_shipping_class-expedicion-mundial","14":"first","15":"instock","16":"taxable","17":"shipping-taxable","18":"purchasable","19":"product-type-simple"},"yoast_head":"<!-- This site is optimized with the Yoast SEO plugin v27.3 - https:\/\/yoast.com\/product\/yoast-seo-wordpress\/ -->\n<title>Jabones De Hierbaluisa Le Petit Olivier | Comprar En Linea | My French Grocery<\/title>\n<meta name=\"description\" content=\"Jabones De Hierbaluisa Le Petit Olivier - 2 pastillas de jab\u00f3n de 100 g - Encuentre todo el saber hacer y la autenticidad de Petit Olivier en este Jab\u00f3n Extra Suave de Verbena de Lim\u00f3n.\" \/>\n<meta name=\"robots\" content=\"index, follow, max-snippet:-1, max-image-preview:large, max-video-preview:-1\" \/>\n<link rel=\"canonical\" href=\"https:\/\/my-french-grocery.com\/es\/producto\/crema-de-ducha-leche-de-karite-le-petit-olivier-copy\/\" \/>\n<meta property=\"og:locale\" content=\"es_ES\" \/>\n<meta property=\"og:type\" content=\"article\" \/>\n<meta property=\"og:title\" content=\"Jabones De Hierbaluisa Le Petit Olivier | Comprar En Linea | My French Grocery\" \/>\n<meta property=\"og:description\" content=\"Jabones De Hierbaluisa Le Petit Olivier - 2 pastillas de jab\u00f3n de 100 g - Encuentre todo el saber hacer y la autenticidad de Petit Olivier en este Jab\u00f3n Extra Suave de Verbena de Lim\u00f3n.\" \/>\n<meta property=\"og:url\" content=\"https:\/\/my-french-grocery.com\/es\/producto\/crema-de-ducha-leche-de-karite-le-petit-olivier-copy\/\" \/>\n<meta property=\"og:site_name\" content=\"My French Grocery\" \/>\n<meta property=\"article:publisher\" content=\"https:\/\/www.facebook.com\/myfrenchgrocery\/\" \/>\n<meta property=\"article:modified_time\" content=\"2024-05-11T15:17:39+00:00\" \/>\n<meta property=\"og:image\" content=\"https:\/\/my-french-grocery.com\/wp-content\/uploads\/2024\/05\/Lemon-verbena-soaps-LE-PETIT-OLIVIER.webp\" \/>\n\t<meta property=\"og:image:width\" content=\"1200\" \/>\n\t<meta property=\"og:image:height\" content=\"1200\" \/>\n\t<meta property=\"og:image:type\" content=\"image\/webp\" \/>\n<meta name=\"twitter:card\" content=\"summary_large_image\" \/>\n<meta name=\"twitter:label1\" content=\"Tiempo de lectura\" \/>\n\t<meta name=\"twitter:data1\" content=\"1 minute\" \/>\n<script type=\"application\/ld+json\" class=\"yoast-schema-graph\">{\"@context\":\"https:\\\/\\\/schema.org\",\"@graph\":[{\"@type\":\"WebPage\",\"@id\":\"https:\\\/\\\/my-french-grocery.com\\\/es\\\/producto\\\/crema-de-ducha-leche-de-karite-le-petit-olivier-copy\\\/\",\"url\":\"https:\\\/\\\/my-french-grocery.com\\\/es\\\/producto\\\/crema-de-ducha-leche-de-karite-le-petit-olivier-copy\\\/\",\"name\":\"Jabones De Hierbaluisa Le Petit Olivier | Comprar En Linea | My French Grocery\",\"isPartOf\":{\"@id\":\"https:\\\/\\\/my-french-grocery.com\\\/es\\\/#website\"},\"primaryImageOfPage\":{\"@id\":\"https:\\\/\\\/my-french-grocery.com\\\/es\\\/producto\\\/crema-de-ducha-leche-de-karite-le-petit-olivier-copy\\\/#primaryimage\"},\"image\":{\"@id\":\"https:\\\/\\\/my-french-grocery.com\\\/es\\\/producto\\\/crema-de-ducha-leche-de-karite-le-petit-olivier-copy\\\/#primaryimage\"},\"thumbnailUrl\":\"https:\\\/\\\/my-french-grocery.com\\\/wp-content\\\/uploads\\\/2024\\\/05\\\/Lemon-verbena-soaps-LE-PETIT-OLIVIER.webp\",\"datePublished\":\"2024-05-11T15:04:18+00:00\",\"dateModified\":\"2024-05-11T15:17:39+00:00\",\"description\":\"Jabones De Hierbaluisa Le Petit Olivier - 2 pastillas de jab\u00f3n de 100 g - Encuentre todo el saber hacer y la autenticidad de Petit Olivier en este Jab\u00f3n Extra Suave de Verbena de Lim\u00f3n.\",\"breadcrumb\":{\"@id\":\"https:\\\/\\\/my-french-grocery.com\\\/es\\\/producto\\\/crema-de-ducha-leche-de-karite-le-petit-olivier-copy\\\/#breadcrumb\"},\"inLanguage\":\"es-ES\",\"potentialAction\":[{\"@type\":\"ReadAction\",\"target\":[\"https:\\\/\\\/my-french-grocery.com\\\/es\\\/producto\\\/crema-de-ducha-leche-de-karite-le-petit-olivier-copy\\\/\"]}]},{\"@type\":\"ImageObject\",\"inLanguage\":\"es-ES\",\"@id\":\"https:\\\/\\\/my-french-grocery.com\\\/es\\\/producto\\\/crema-de-ducha-leche-de-karite-le-petit-olivier-copy\\\/#primaryimage\",\"url\":\"https:\\\/\\\/my-french-grocery.com\\\/wp-content\\\/uploads\\\/2024\\\/05\\\/Lemon-verbena-soaps-LE-PETIT-OLIVIER.webp\",\"contentUrl\":\"https:\\\/\\\/my-french-grocery.com\\\/wp-content\\\/uploads\\\/2024\\\/05\\\/Lemon-verbena-soaps-LE-PETIT-OLIVIER.webp\",\"width\":1200,\"height\":1200,\"caption\":\"Jabones De Hierbaluisa Le Petit Olivier\"},{\"@type\":\"BreadcrumbList\",\"@id\":\"https:\\\/\\\/my-french-grocery.com\\\/es\\\/producto\\\/crema-de-ducha-leche-de-karite-le-petit-olivier-copy\\\/#breadcrumb\",\"itemListElement\":[{\"@type\":\"ListItem\",\"position\":1,\"name\":\"Home\",\"item\":\"https:\\\/\\\/my-french-grocery.com\\\/es\\\/tienda-2\\\/\"},{\"@type\":\"ListItem\",\"position\":2,\"name\":\"Shop\",\"item\":\"https:\\\/\\\/my-french-grocery.com\\\/shop\\\/\"},{\"@type\":\"ListItem\",\"position\":3,\"name\":\"cosm\u00e9ticos\",\"item\":\"https:\\\/\\\/my-french-grocery.com\\\/es\\\/categoria-producto\\\/cosmeticos\\\/\"},{\"@type\":\"ListItem\",\"position\":4,\"name\":\"Jab\u00f3n &amp; Gel De Ducha\",\"item\":\"https:\\\/\\\/my-french-grocery.com\\\/es\\\/categoria-producto\\\/cosmeticos\\\/jabon-gel-de-ducha\\\/\"},{\"@type\":\"ListItem\",\"position\":5,\"name\":\"Jab\u00f3n\",\"item\":\"https:\\\/\\\/my-french-grocery.com\\\/es\\\/categoria-producto\\\/cosmeticos\\\/jabon-gel-de-ducha\\\/jabon\\\/\"},{\"@type\":\"ListItem\",\"position\":6,\"name\":\"Jabones De Hierbaluisa Le Petit Olivier\"}]},{\"@type\":\"WebSite\",\"@id\":\"https:\\\/\\\/my-french-grocery.com\\\/es\\\/#website\",\"url\":\"https:\\\/\\\/my-french-grocery.com\\\/es\\\/\",\"name\":\"My French Grocery\",\"description\":\"Your Online French Grocery  !\",\"publisher\":{\"@id\":\"https:\\\/\\\/my-french-grocery.com\\\/es\\\/#organization\"},\"potentialAction\":[{\"@type\":\"SearchAction\",\"target\":{\"@type\":\"EntryPoint\",\"urlTemplate\":\"https:\\\/\\\/my-french-grocery.com\\\/es\\\/?s={search_term_string}\"},\"query-input\":{\"@type\":\"PropertyValueSpecification\",\"valueRequired\":true,\"valueName\":\"search_term_string\"}}],\"inLanguage\":\"es-ES\"},{\"@type\":\"Organization\",\"@id\":\"https:\\\/\\\/my-french-grocery.com\\\/es\\\/#organization\",\"name\":\"MY FRENCH GROCERY\",\"url\":\"https:\\\/\\\/my-french-grocery.com\\\/es\\\/\",\"logo\":{\"@type\":\"ImageObject\",\"inLanguage\":\"es-ES\",\"@id\":\"https:\\\/\\\/my-french-grocery.com\\\/es\\\/#\\\/schema\\\/logo\\\/image\\\/\",\"url\":\"https:\\\/\\\/my-french-grocery.com\\\/wp-content\\\/uploads\\\/2021\\\/11\\\/My-French-Grocery-Online-French-Grocery.png\",\"contentUrl\":\"https:\\\/\\\/my-french-grocery.com\\\/wp-content\\\/uploads\\\/2021\\\/11\\\/My-French-Grocery-Online-French-Grocery.png\",\"width\":100,\"height\":100,\"caption\":\"MY FRENCH GROCERY\"},\"image\":{\"@id\":\"https:\\\/\\\/my-french-grocery.com\\\/es\\\/#\\\/schema\\\/logo\\\/image\\\/\"},\"sameAs\":[\"https:\\\/\\\/www.facebook.com\\\/myfrenchgrocery\\\/\"]}]}<\/script>\n<!-- \/ Yoast SEO plugin. -->","yoast_head_json":{"title":"Jabones De Hierbaluisa Le Petit Olivier | Comprar En Linea | My French Grocery","description":"Jabones De Hierbaluisa Le Petit Olivier - 2 pastillas de jab\u00f3n de 100 g - Encuentre todo el saber hacer y la autenticidad de Petit Olivier en este Jab\u00f3n Extra Suave de Verbena de Lim\u00f3n.","robots":{"index":"index","follow":"follow","max-snippet":"max-snippet:-1","max-image-preview":"max-image-preview:large","max-video-preview":"max-video-preview:-1"},"canonical":"https:\/\/my-french-grocery.com\/es\/producto\/crema-de-ducha-leche-de-karite-le-petit-olivier-copy\/","og_locale":"es_ES","og_type":"article","og_title":"Jabones De Hierbaluisa Le Petit Olivier | Comprar En Linea | My French Grocery","og_description":"Jabones De Hierbaluisa Le Petit Olivier - 2 pastillas de jab\u00f3n de 100 g - Encuentre todo el saber hacer y la autenticidad de Petit Olivier en este Jab\u00f3n Extra Suave de Verbena de Lim\u00f3n.","og_url":"https:\/\/my-french-grocery.com\/es\/producto\/crema-de-ducha-leche-de-karite-le-petit-olivier-copy\/","og_site_name":"My French Grocery","article_publisher":"https:\/\/www.facebook.com\/myfrenchgrocery\/","article_modified_time":"2024-05-11T15:17:39+00:00","og_image":[{"width":1200,"height":1200,"url":"https:\/\/my-french-grocery.com\/wp-content\/uploads\/2024\/05\/Lemon-verbena-soaps-LE-PETIT-OLIVIER.webp","type":"image\/webp"}],"twitter_card":"summary_large_image","twitter_misc":{"Tiempo de lectura":"1 minute"},"schema":{"@context":"https:\/\/schema.org","@graph":[{"@type":"WebPage","@id":"https:\/\/my-french-grocery.com\/es\/producto\/crema-de-ducha-leche-de-karite-le-petit-olivier-copy\/","url":"https:\/\/my-french-grocery.com\/es\/producto\/crema-de-ducha-leche-de-karite-le-petit-olivier-copy\/","name":"Jabones De Hierbaluisa Le Petit Olivier | Comprar En Linea | My French Grocery","isPartOf":{"@id":"https:\/\/my-french-grocery.com\/es\/#website"},"primaryImageOfPage":{"@id":"https:\/\/my-french-grocery.com\/es\/producto\/crema-de-ducha-leche-de-karite-le-petit-olivier-copy\/#primaryimage"},"image":{"@id":"https:\/\/my-french-grocery.com\/es\/producto\/crema-de-ducha-leche-de-karite-le-petit-olivier-copy\/#primaryimage"},"thumbnailUrl":"https:\/\/my-french-grocery.com\/wp-content\/uploads\/2024\/05\/Lemon-verbena-soaps-LE-PETIT-OLIVIER.webp","datePublished":"2024-05-11T15:04:18+00:00","dateModified":"2024-05-11T15:17:39+00:00","description":"Jabones De Hierbaluisa Le Petit Olivier - 2 pastillas de jab\u00f3n de 100 g - Encuentre todo el saber hacer y la autenticidad de Petit Olivier en este Jab\u00f3n Extra Suave de Verbena de Lim\u00f3n.","breadcrumb":{"@id":"https:\/\/my-french-grocery.com\/es\/producto\/crema-de-ducha-leche-de-karite-le-petit-olivier-copy\/#breadcrumb"},"inLanguage":"es-ES","potentialAction":[{"@type":"ReadAction","target":["https:\/\/my-french-grocery.com\/es\/producto\/crema-de-ducha-leche-de-karite-le-petit-olivier-copy\/"]}]},{"@type":"ImageObject","inLanguage":"es-ES","@id":"https:\/\/my-french-grocery.com\/es\/producto\/crema-de-ducha-leche-de-karite-le-petit-olivier-copy\/#primaryimage","url":"https:\/\/my-french-grocery.com\/wp-content\/uploads\/2024\/05\/Lemon-verbena-soaps-LE-PETIT-OLIVIER.webp","contentUrl":"https:\/\/my-french-grocery.com\/wp-content\/uploads\/2024\/05\/Lemon-verbena-soaps-LE-PETIT-OLIVIER.webp","width":1200,"height":1200,"caption":"Jabones De Hierbaluisa Le Petit Olivier"},{"@type":"BreadcrumbList","@id":"https:\/\/my-french-grocery.com\/es\/producto\/crema-de-ducha-leche-de-karite-le-petit-olivier-copy\/#breadcrumb","itemListElement":[{"@type":"ListItem","position":1,"name":"Home","item":"https:\/\/my-french-grocery.com\/es\/tienda-2\/"},{"@type":"ListItem","position":2,"name":"Shop","item":"https:\/\/my-french-grocery.com\/shop\/"},{"@type":"ListItem","position":3,"name":"cosm\u00e9ticos","item":"https:\/\/my-french-grocery.com\/es\/categoria-producto\/cosmeticos\/"},{"@type":"ListItem","position":4,"name":"Jab\u00f3n &amp; Gel De Ducha","item":"https:\/\/my-french-grocery.com\/es\/categoria-producto\/cosmeticos\/jabon-gel-de-ducha\/"},{"@type":"ListItem","position":5,"name":"Jab\u00f3n","item":"https:\/\/my-french-grocery.com\/es\/categoria-producto\/cosmeticos\/jabon-gel-de-ducha\/jabon\/"},{"@type":"ListItem","position":6,"name":"Jabones De Hierbaluisa Le Petit Olivier"}]},{"@type":"WebSite","@id":"https:\/\/my-french-grocery.com\/es\/#website","url":"https:\/\/my-french-grocery.com\/es\/","name":"My French Grocery","description":"Your Online French Grocery  !","publisher":{"@id":"https:\/\/my-french-grocery.com\/es\/#organization"},"potentialAction":[{"@type":"SearchAction","target":{"@type":"EntryPoint","urlTemplate":"https:\/\/my-french-grocery.com\/es\/?s={search_term_string}"},"query-input":{"@type":"PropertyValueSpecification","valueRequired":true,"valueName":"search_term_string"}}],"inLanguage":"es-ES"},{"@type":"Organization","@id":"https:\/\/my-french-grocery.com\/es\/#organization","name":"MY FRENCH GROCERY","url":"https:\/\/my-french-grocery.com\/es\/","logo":{"@type":"ImageObject","inLanguage":"es-ES","@id":"https:\/\/my-french-grocery.com\/es\/#\/schema\/logo\/image\/","url":"https:\/\/my-french-grocery.com\/wp-content\/uploads\/2021\/11\/My-French-Grocery-Online-French-Grocery.png","contentUrl":"https:\/\/my-french-grocery.com\/wp-content\/uploads\/2021\/11\/My-French-Grocery-Online-French-Grocery.png","width":100,"height":100,"caption":"MY FRENCH GROCERY"},"image":{"@id":"https:\/\/my-french-grocery.com\/es\/#\/schema\/logo\/image\/"},"sameAs":["https:\/\/www.facebook.com\/myfrenchgrocery\/"]}]}},"brands":[{"id":3438,"name":"Le Petit Olivier","slug":"le-petit-olivier-es"}],"_links":{"self":[{"href":"https:\/\/my-french-grocery.com\/es\/wp-json\/wp\/v2\/product\/40173","targetHints":{"allow":["GET"]}}],"collection":[{"href":"https:\/\/my-french-grocery.com\/es\/wp-json\/wp\/v2\/product"}],"about":[{"href":"https:\/\/my-french-grocery.com\/es\/wp-json\/wp\/v2\/types\/product"}],"replies":[{"embeddable":true,"href":"https:\/\/my-french-grocery.com\/es\/wp-json\/wp\/v2\/comments?post=40173"}],"wp:featuredmedia":[{"embeddable":true,"href":"https:\/\/my-french-grocery.com\/es\/wp-json\/wp\/v2\/media\/40182"}],"wp:attachment":[{"href":"https:\/\/my-french-grocery.com\/es\/wp-json\/wp\/v2\/media?parent=40173"}],"wp:term":[{"taxonomy":"pwb-brand","embeddable":true,"href":"https:\/\/my-french-grocery.com\/es\/wp-json\/wp\/v2\/pwb-brand?post=40173"},{"taxonomy":"product_brand","embeddable":true,"href":"https:\/\/my-french-grocery.com\/es\/wp-json\/wp\/v2\/product_brand?post=40173"},{"taxonomy":"product_cat","embeddable":true,"href":"https:\/\/my-french-grocery.com\/es\/wp-json\/wp\/v2\/product_cat?post=40173"},{"taxonomy":"product_tag","embeddable":true,"href":"https:\/\/my-french-grocery.com\/es\/wp-json\/wp\/v2\/product_tag?post=40173"}],"curies":[{"name":"wp","href":"https:\/\/api.w.org\/{rel}","templated":true}]}}