{"id":40355,"date":"2021-07-05T17:00:46","date_gmt":"2024-05-16T17:11:47","guid":{"rendered":"https:\/\/my-french-grocery.com\/?post_type=product&#038;p=40355"},"modified":"2024-11-09T15:10:07","modified_gmt":"2024-11-09T13:10:07","slug":"filetes-de-caballa-al-limon-y-aceitunas-saupiquet-copy","status":"publish","type":"product","link":"https:\/\/my-french-grocery.com\/es\/producto\/filetes-de-caballa-al-limon-y-aceitunas-saupiquet-copy\/","title":{"rendered":"At\u00fan Con Salsa De Mayonesa Saupiquet"},"content":{"rendered":"<p>At\u00fan Con Salsa De Mayonesa Saupiquet<\/p>\n<p>Caja de 252 g<\/p>\n<div id=\"product-description-only\">\n<div class=\"product-description__block\">\n<div class=\"product-description__content\">\n<div class=\"product-description__content-wrapper\">\n<div><span>At\u00fan en salsa La diversidad de recetas de At\u00fan en salsa Saupiquet te permite acompa\u00f1ar tus platos fr\u00edos o calientes y servir como guarnici\u00f3n de tus s\u00e1ndwiches.<\/span><\/div>\n<\/div>\n<\/div>\n<\/div>\n<\/div>\n<div id=\"product-features\">\n<div class=\"product-description__block\">\n<h2 class=\"product-description__title\"><\/h2>\n<\/div>\n<\/div>\n","protected":false},"excerpt":{"rendered":"<p>At\u00fan Con Salsa De Mayonesa Saupiquet<\/p>\n<p>Caja de 252 g<\/p>\n","protected":false},"featured_media":40364,"comment_status":"open","ping_status":"closed","template":"","meta":[],"pwb-brand":[931],"product_brand":[],"product_cat":[1717],"product_tag":[2103,3712,3711],"class_list":{"0":"post-40355","1":"product","2":"type-product","3":"status-publish","4":"has-post-thumbnail","6":"pwb-brand-saupiquet-es","7":"product_cat-productos-del-mar","8":"product_tag-atun","9":"product_tag-salsa-de-mayonesa","10":"product_tag-saupiquet-es","11":"product_shipping_class-expedicion-mundial","13":"first","14":"instock","15":"taxable","16":"shipping-taxable","17":"purchasable","18":"product-type-simple"},"yoast_head":"<!-- This site is optimized with the Yoast SEO plugin v27.4 - https:\/\/yoast.com\/product\/yoast-seo-wordpress\/ -->\n<title>At\u00fan Con Salsa De Mayonesa Saupiquet | Comprar En Linea | My French Grocery<\/title>\n<meta name=\"description\" content=\"At\u00fan Con Salsa De Mayonesa Saupiquet - Caja de 252 g - At\u00fan en salsa La diversidad de recetas de At\u00fan en salsa Saupiquet\" \/>\n<meta name=\"robots\" content=\"index, follow, max-snippet:-1, max-image-preview:large, max-video-preview:-1\" \/>\n<link rel=\"canonical\" href=\"https:\/\/my-french-grocery.com\/es\/producto\/filetes-de-caballa-al-limon-y-aceitunas-saupiquet-copy\/\" \/>\n<meta property=\"og:locale\" content=\"es_ES\" \/>\n<meta property=\"og:type\" content=\"article\" \/>\n<meta property=\"og:title\" content=\"At\u00fan Con Salsa De Mayonesa Saupiquet | Comprar En Linea | My French Grocery\" \/>\n<meta property=\"og:description\" content=\"At\u00fan Con Salsa De Mayonesa Saupiquet - Caja de 252 g - At\u00fan en salsa La diversidad de recetas de At\u00fan en salsa Saupiquet\" \/>\n<meta property=\"og:url\" content=\"https:\/\/my-french-grocery.com\/es\/producto\/filetes-de-caballa-al-limon-y-aceitunas-saupiquet-copy\/\" \/>\n<meta property=\"og:site_name\" content=\"My French Grocery\" \/>\n<meta property=\"article:publisher\" content=\"https:\/\/www.facebook.com\/myfrenchgrocery\/\" \/>\n<meta property=\"article:modified_time\" content=\"2024-11-09T13:10:07+00:00\" \/>\n<meta property=\"og:image\" content=\"https:\/\/my-french-grocery.com\/wp-content\/uploads\/2024\/05\/Tuna-with-mayonnaise-sauce.webp\" \/>\n\t<meta property=\"og:image:width\" content=\"1200\" \/>\n\t<meta property=\"og:image:height\" content=\"1200\" \/>\n\t<meta property=\"og:image:type\" content=\"image\/webp\" \/>\n<meta name=\"twitter:card\" content=\"summary_large_image\" \/>\n<script type=\"application\/ld+json\" class=\"yoast-schema-graph\">{\"@context\":\"https:\\\/\\\/schema.org\",\"@graph\":[{\"@type\":\"WebPage\",\"@id\":\"https:\\\/\\\/my-french-grocery.com\\\/es\\\/producto\\\/filetes-de-caballa-al-limon-y-aceitunas-saupiquet-copy\\\/\",\"url\":\"https:\\\/\\\/my-french-grocery.com\\\/es\\\/producto\\\/filetes-de-caballa-al-limon-y-aceitunas-saupiquet-copy\\\/\",\"name\":\"At\u00fan Con Salsa De Mayonesa Saupiquet | Comprar En Linea | My French Grocery\",\"isPartOf\":{\"@id\":\"https:\\\/\\\/my-french-grocery.com\\\/es\\\/#website\"},\"primaryImageOfPage\":{\"@id\":\"https:\\\/\\\/my-french-grocery.com\\\/es\\\/producto\\\/filetes-de-caballa-al-limon-y-aceitunas-saupiquet-copy\\\/#primaryimage\"},\"image\":{\"@id\":\"https:\\\/\\\/my-french-grocery.com\\\/es\\\/producto\\\/filetes-de-caballa-al-limon-y-aceitunas-saupiquet-copy\\\/#primaryimage\"},\"thumbnailUrl\":\"https:\\\/\\\/my-french-grocery.com\\\/wp-content\\\/uploads\\\/2024\\\/05\\\/Tuna-with-mayonnaise-sauce.webp\",\"datePublished\":\"2024-05-16T17:11:47+00:00\",\"dateModified\":\"2024-11-09T13:10:07+00:00\",\"description\":\"At\u00fan Con Salsa De Mayonesa Saupiquet - Caja de 252 g - At\u00fan en salsa La diversidad de recetas de At\u00fan en salsa Saupiquet\",\"breadcrumb\":{\"@id\":\"https:\\\/\\\/my-french-grocery.com\\\/es\\\/producto\\\/filetes-de-caballa-al-limon-y-aceitunas-saupiquet-copy\\\/#breadcrumb\"},\"inLanguage\":\"es-ES\",\"potentialAction\":[{\"@type\":\"ReadAction\",\"target\":[\"https:\\\/\\\/my-french-grocery.com\\\/es\\\/producto\\\/filetes-de-caballa-al-limon-y-aceitunas-saupiquet-copy\\\/\"]}]},{\"@type\":\"ImageObject\",\"inLanguage\":\"es-ES\",\"@id\":\"https:\\\/\\\/my-french-grocery.com\\\/es\\\/producto\\\/filetes-de-caballa-al-limon-y-aceitunas-saupiquet-copy\\\/#primaryimage\",\"url\":\"https:\\\/\\\/my-french-grocery.com\\\/wp-content\\\/uploads\\\/2024\\\/05\\\/Tuna-with-mayonnaise-sauce.webp\",\"contentUrl\":\"https:\\\/\\\/my-french-grocery.com\\\/wp-content\\\/uploads\\\/2024\\\/05\\\/Tuna-with-mayonnaise-sauce.webp\",\"width\":1200,\"height\":1200,\"caption\":\"At\u00fan Con Salsa De Mayonesa Saupiquet\"},{\"@type\":\"BreadcrumbList\",\"@id\":\"https:\\\/\\\/my-french-grocery.com\\\/es\\\/producto\\\/filetes-de-caballa-al-limon-y-aceitunas-saupiquet-copy\\\/#breadcrumb\",\"itemListElement\":[{\"@type\":\"ListItem\",\"position\":1,\"name\":\"Home\",\"item\":\"https:\\\/\\\/my-french-grocery.com\\\/es\\\/tienda-2\\\/\"},{\"@type\":\"ListItem\",\"position\":2,\"name\":\"Shop\",\"item\":\"https:\\\/\\\/my-french-grocery.com\\\/shop\\\/\"},{\"@type\":\"ListItem\",\"position\":3,\"name\":\"Comida\",\"item\":\"https:\\\/\\\/my-french-grocery.com\\\/es\\\/categoria-producto\\\/comida\\\/\"},{\"@type\":\"ListItem\",\"position\":4,\"name\":\"Productos Del Mar\",\"item\":\"https:\\\/\\\/my-french-grocery.com\\\/es\\\/categoria-producto\\\/comida\\\/productos-del-mar\\\/\"},{\"@type\":\"ListItem\",\"position\":5,\"name\":\"At\u00fan Con Salsa De Mayonesa Saupiquet\"}]},{\"@type\":\"WebSite\",\"@id\":\"https:\\\/\\\/my-french-grocery.com\\\/es\\\/#website\",\"url\":\"https:\\\/\\\/my-french-grocery.com\\\/es\\\/\",\"name\":\"My French Grocery\",\"description\":\"Your Online French Grocery  !\",\"publisher\":{\"@id\":\"https:\\\/\\\/my-french-grocery.com\\\/es\\\/#organization\"},\"potentialAction\":[{\"@type\":\"SearchAction\",\"target\":{\"@type\":\"EntryPoint\",\"urlTemplate\":\"https:\\\/\\\/my-french-grocery.com\\\/es\\\/?s={search_term_string}\"},\"query-input\":{\"@type\":\"PropertyValueSpecification\",\"valueRequired\":true,\"valueName\":\"search_term_string\"}}],\"inLanguage\":\"es-ES\"},{\"@type\":\"Organization\",\"@id\":\"https:\\\/\\\/my-french-grocery.com\\\/es\\\/#organization\",\"name\":\"MY FRENCH GROCERY\",\"url\":\"https:\\\/\\\/my-french-grocery.com\\\/es\\\/\",\"logo\":{\"@type\":\"ImageObject\",\"inLanguage\":\"es-ES\",\"@id\":\"https:\\\/\\\/my-french-grocery.com\\\/es\\\/#\\\/schema\\\/logo\\\/image\\\/\",\"url\":\"https:\\\/\\\/my-french-grocery.com\\\/wp-content\\\/uploads\\\/2021\\\/11\\\/My-French-Grocery-Online-French-Grocery.png\",\"contentUrl\":\"https:\\\/\\\/my-french-grocery.com\\\/wp-content\\\/uploads\\\/2021\\\/11\\\/My-French-Grocery-Online-French-Grocery.png\",\"width\":100,\"height\":100,\"caption\":\"MY FRENCH GROCERY\"},\"image\":{\"@id\":\"https:\\\/\\\/my-french-grocery.com\\\/es\\\/#\\\/schema\\\/logo\\\/image\\\/\"},\"sameAs\":[\"https:\\\/\\\/www.facebook.com\\\/myfrenchgrocery\\\/\"]}]}<\/script>\n<!-- \/ Yoast SEO plugin. -->","yoast_head_json":{"title":"At\u00fan Con Salsa De Mayonesa Saupiquet | Comprar En Linea | My French Grocery","description":"At\u00fan Con Salsa De Mayonesa Saupiquet - Caja de 252 g - At\u00fan en salsa La diversidad de recetas de At\u00fan en salsa Saupiquet","robots":{"index":"index","follow":"follow","max-snippet":"max-snippet:-1","max-image-preview":"max-image-preview:large","max-video-preview":"max-video-preview:-1"},"canonical":"https:\/\/my-french-grocery.com\/es\/producto\/filetes-de-caballa-al-limon-y-aceitunas-saupiquet-copy\/","og_locale":"es_ES","og_type":"article","og_title":"At\u00fan Con Salsa De Mayonesa Saupiquet | Comprar En Linea | My French Grocery","og_description":"At\u00fan Con Salsa De Mayonesa Saupiquet - Caja de 252 g - At\u00fan en salsa La diversidad de recetas de At\u00fan en salsa Saupiquet","og_url":"https:\/\/my-french-grocery.com\/es\/producto\/filetes-de-caballa-al-limon-y-aceitunas-saupiquet-copy\/","og_site_name":"My French Grocery","article_publisher":"https:\/\/www.facebook.com\/myfrenchgrocery\/","article_modified_time":"2024-11-09T13:10:07+00:00","og_image":[{"width":1200,"height":1200,"url":"https:\/\/my-french-grocery.com\/wp-content\/uploads\/2024\/05\/Tuna-with-mayonnaise-sauce.webp","type":"image\/webp"}],"twitter_card":"summary_large_image","schema":{"@context":"https:\/\/schema.org","@graph":[{"@type":"WebPage","@id":"https:\/\/my-french-grocery.com\/es\/producto\/filetes-de-caballa-al-limon-y-aceitunas-saupiquet-copy\/","url":"https:\/\/my-french-grocery.com\/es\/producto\/filetes-de-caballa-al-limon-y-aceitunas-saupiquet-copy\/","name":"At\u00fan Con Salsa De Mayonesa Saupiquet | Comprar En Linea | My French Grocery","isPartOf":{"@id":"https:\/\/my-french-grocery.com\/es\/#website"},"primaryImageOfPage":{"@id":"https:\/\/my-french-grocery.com\/es\/producto\/filetes-de-caballa-al-limon-y-aceitunas-saupiquet-copy\/#primaryimage"},"image":{"@id":"https:\/\/my-french-grocery.com\/es\/producto\/filetes-de-caballa-al-limon-y-aceitunas-saupiquet-copy\/#primaryimage"},"thumbnailUrl":"https:\/\/my-french-grocery.com\/wp-content\/uploads\/2024\/05\/Tuna-with-mayonnaise-sauce.webp","datePublished":"2024-05-16T17:11:47+00:00","dateModified":"2024-11-09T13:10:07+00:00","description":"At\u00fan Con Salsa De Mayonesa Saupiquet - Caja de 252 g - At\u00fan en salsa La diversidad de recetas de At\u00fan en salsa Saupiquet","breadcrumb":{"@id":"https:\/\/my-french-grocery.com\/es\/producto\/filetes-de-caballa-al-limon-y-aceitunas-saupiquet-copy\/#breadcrumb"},"inLanguage":"es-ES","potentialAction":[{"@type":"ReadAction","target":["https:\/\/my-french-grocery.com\/es\/producto\/filetes-de-caballa-al-limon-y-aceitunas-saupiquet-copy\/"]}]},{"@type":"ImageObject","inLanguage":"es-ES","@id":"https:\/\/my-french-grocery.com\/es\/producto\/filetes-de-caballa-al-limon-y-aceitunas-saupiquet-copy\/#primaryimage","url":"https:\/\/my-french-grocery.com\/wp-content\/uploads\/2024\/05\/Tuna-with-mayonnaise-sauce.webp","contentUrl":"https:\/\/my-french-grocery.com\/wp-content\/uploads\/2024\/05\/Tuna-with-mayonnaise-sauce.webp","width":1200,"height":1200,"caption":"At\u00fan Con Salsa De Mayonesa Saupiquet"},{"@type":"BreadcrumbList","@id":"https:\/\/my-french-grocery.com\/es\/producto\/filetes-de-caballa-al-limon-y-aceitunas-saupiquet-copy\/#breadcrumb","itemListElement":[{"@type":"ListItem","position":1,"name":"Home","item":"https:\/\/my-french-grocery.com\/es\/tienda-2\/"},{"@type":"ListItem","position":2,"name":"Shop","item":"https:\/\/my-french-grocery.com\/shop\/"},{"@type":"ListItem","position":3,"name":"Comida","item":"https:\/\/my-french-grocery.com\/es\/categoria-producto\/comida\/"},{"@type":"ListItem","position":4,"name":"Productos Del Mar","item":"https:\/\/my-french-grocery.com\/es\/categoria-producto\/comida\/productos-del-mar\/"},{"@type":"ListItem","position":5,"name":"At\u00fan Con Salsa De Mayonesa Saupiquet"}]},{"@type":"WebSite","@id":"https:\/\/my-french-grocery.com\/es\/#website","url":"https:\/\/my-french-grocery.com\/es\/","name":"My French Grocery","description":"Your Online French Grocery  !","publisher":{"@id":"https:\/\/my-french-grocery.com\/es\/#organization"},"potentialAction":[{"@type":"SearchAction","target":{"@type":"EntryPoint","urlTemplate":"https:\/\/my-french-grocery.com\/es\/?s={search_term_string}"},"query-input":{"@type":"PropertyValueSpecification","valueRequired":true,"valueName":"search_term_string"}}],"inLanguage":"es-ES"},{"@type":"Organization","@id":"https:\/\/my-french-grocery.com\/es\/#organization","name":"MY FRENCH GROCERY","url":"https:\/\/my-french-grocery.com\/es\/","logo":{"@type":"ImageObject","inLanguage":"es-ES","@id":"https:\/\/my-french-grocery.com\/es\/#\/schema\/logo\/image\/","url":"https:\/\/my-french-grocery.com\/wp-content\/uploads\/2021\/11\/My-French-Grocery-Online-French-Grocery.png","contentUrl":"https:\/\/my-french-grocery.com\/wp-content\/uploads\/2021\/11\/My-French-Grocery-Online-French-Grocery.png","width":100,"height":100,"caption":"MY FRENCH GROCERY"},"image":{"@id":"https:\/\/my-french-grocery.com\/es\/#\/schema\/logo\/image\/"},"sameAs":["https:\/\/www.facebook.com\/myfrenchgrocery\/"]}]}},"brands":[{"id":931,"name":"Saupiquet","slug":"saupiquet-es"}],"_links":{"self":[{"href":"https:\/\/my-french-grocery.com\/es\/wp-json\/wp\/v2\/product\/40355","targetHints":{"allow":["GET"]}}],"collection":[{"href":"https:\/\/my-french-grocery.com\/es\/wp-json\/wp\/v2\/product"}],"about":[{"href":"https:\/\/my-french-grocery.com\/es\/wp-json\/wp\/v2\/types\/product"}],"replies":[{"embeddable":true,"href":"https:\/\/my-french-grocery.com\/es\/wp-json\/wp\/v2\/comments?post=40355"}],"wp:featuredmedia":[{"embeddable":true,"href":"https:\/\/my-french-grocery.com\/es\/wp-json\/wp\/v2\/media\/40364"}],"wp:attachment":[{"href":"https:\/\/my-french-grocery.com\/es\/wp-json\/wp\/v2\/media?parent=40355"}],"wp:term":[{"taxonomy":"pwb-brand","embeddable":true,"href":"https:\/\/my-french-grocery.com\/es\/wp-json\/wp\/v2\/pwb-brand?post=40355"},{"taxonomy":"product_brand","embeddable":true,"href":"https:\/\/my-french-grocery.com\/es\/wp-json\/wp\/v2\/product_brand?post=40355"},{"taxonomy":"product_cat","embeddable":true,"href":"https:\/\/my-french-grocery.com\/es\/wp-json\/wp\/v2\/product_cat?post=40355"},{"taxonomy":"product_tag","embeddable":true,"href":"https:\/\/my-french-grocery.com\/es\/wp-json\/wp\/v2\/product_tag?post=40355"}],"curies":[{"name":"wp","href":"https:\/\/api.w.org\/{rel}","templated":true}]}}