{"id":40453,"date":"2024-05-25T17:05:03","date_gmt":"2024-05-25T15:05:04","guid":{"rendered":"https:\/\/my-french-grocery.com\/?post_type=product&#038;p=40453"},"modified":"2025-07-08T00:06:51","modified_gmt":"2025-07-07T22:06:51","slug":"gel-de-ducha-dermo-respeto-cadum","status":"publish","type":"product","link":"https:\/\/my-french-grocery.com\/es\/producto\/gel-de-ducha-dermo-respeto-cadum\/","title":{"rendered":"Gel De Ducha Dermo-Respeto Cadum"},"content":{"rendered":"<p>Gel De Ducha Dermo-Respeto Cadum<\/p>\n<p>Botella de 450 ml<\/p>\n<div class=\"secondary-details-intro\">\n<div class=\"regulated-name\">\n<div class=\"secondary-details-intro\">\n<div class=\"regulated-name\">\n<div class=\"secondary-details-intro\">\n<div class=\"regulated-name\">\n<p class=\"paragraph\">Su f\u00f3rmula sin jab\u00f3n enriquecida con aceite de almendras dulces org\u00e1nico especialmente desarrollada para pieles sensibles y delicadas, limpia suavemente tu piel y la deja clara y limpia.<\/p>\n<\/div>\n<\/div>\n<\/div>\n<\/div>\n<\/div>\n<\/div>\n","protected":false},"excerpt":{"rendered":"<p>Gel De Ducha Dermo-Respeto Cadum<\/p>\n<p>Botella de 450 ml<\/p>\n","protected":false},"featured_media":40462,"comment_status":"open","ping_status":"closed","template":"","meta":[],"product_brand":[],"product_cat":[1653],"product_tag":[3731,1991],"class_list":{"0":"post-40453","1":"product","2":"type-product","3":"status-publish","4":"has-post-thumbnail","6":"product_cat-gel-de-ducha","7":"product_tag-cadum-es","8":"product_tag-gel-de-ducha","10":"first","11":"instock","12":"taxable","13":"shipping-taxable","14":"purchasable","15":"product-type-simple"},"_links":{"self":[{"href":"https:\/\/my-french-grocery.com\/es\/wp-json\/wp\/v2\/product\/40453","targetHints":{"allow":["GET"]}}],"collection":[{"href":"https:\/\/my-french-grocery.com\/es\/wp-json\/wp\/v2\/product"}],"about":[{"href":"https:\/\/my-french-grocery.com\/es\/wp-json\/wp\/v2\/types\/product"}],"replies":[{"embeddable":true,"href":"https:\/\/my-french-grocery.com\/es\/wp-json\/wp\/v2\/comments?post=40453"}],"wp:featuredmedia":[{"embeddable":true,"href":"https:\/\/my-french-grocery.com\/es\/wp-json\/wp\/v2\/media\/40462"}],"wp:attachment":[{"href":"https:\/\/my-french-grocery.com\/es\/wp-json\/wp\/v2\/media?parent=40453"}],"wp:term":[{"taxonomy":"product_brand","embeddable":true,"href":"https:\/\/my-french-grocery.com\/es\/wp-json\/wp\/v2\/product_brand?post=40453"},{"taxonomy":"product_cat","embeddable":true,"href":"https:\/\/my-french-grocery.com\/es\/wp-json\/wp\/v2\/product_cat?post=40453"},{"taxonomy":"product_tag","embeddable":true,"href":"https:\/\/my-french-grocery.com\/es\/wp-json\/wp\/v2\/product_tag?post=40453"}],"curies":[{"name":"wp","href":"https:\/\/api.w.org\/{rel}","templated":true}]}}