{"id":40546,"date":"2024-05-26T18:46:30","date_gmt":"2024-05-26T16:46:31","guid":{"rendered":"https:\/\/my-french-grocery.com\/?post_type=product&#038;p=40546"},"modified":"2024-05-28T18:32:36","modified_gmt":"2024-05-28T16:32:36","slug":"gel-de-ducha-hipoalergenico-para-cuerpo-cabello-cadum","status":"publish","type":"product","link":"https:\/\/my-french-grocery.com\/es\/producto\/gel-de-ducha-hipoalergenico-para-cuerpo-cabello-cadum\/","title":{"rendered":"Gel De Ducha Hipoalerg\u00e9nico Para Cuerpo &#038; Cabello Cadum"},"content":{"rendered":"<p>Gel De Ducha Hipoalerg\u00e9nico Para Cuerpo &amp; Cabello Cadum<\/p>\n<p>Botella de 400 ml<\/p>\n<div class=\"secondary-details-intro\">\n<div class=\"regulated-name\">\n<div class=\"secondary-details-intro\">\n<div class=\"regulated-name\">\n<div class=\"secondary-details-intro\">\n<div class=\"regulated-name\">\n<div class=\"product-description__feature-group-wrapper\">\n<div class=\"product-description__feature-values\">\n<p>Cadum Gel Corporal y Capilar Hipoalerg\u00e9nico Sin Sulfatos 400ml Preserva tu microbioma y te aporta confort e hidrataci\u00f3n. Piel respetada.<\/p>\n<div class=\"productDetail\">\n<section id=\"description\" class=\"productDetail__section\">\n<div class=\"container container--md\">\n<div class=\"productDetail__section_content\">\n<div class=\"productDetail__content__section\">\n<div class=\"productDetail__content__text\">\n<footer id=\"app__footer\" class=\"app__footer\">\n<div class=\"footerPrimary\">\n<div class=\"footerPrimary__container\">\n<div class=\"footerPrimary__logos\"><\/div>\n<\/div>\n<\/div>\n<\/footer>\n<\/div>\n<\/div>\n<\/div>\n<\/div>\n<\/section>\n<\/div>\n<p>&nbsp;<\/p>\n<footer id=\"app__footer\" class=\"app__footer\">\n<div class=\"footerPrimary\">\n<div class=\"footerPrimary__container\">\n<div class=\"footerPrimary__logos\"><\/div>\n<\/div>\n<\/div>\n<\/footer>\n<\/div>\n<\/div>\n<div class=\"product-description__feature-group-wrapper\"><\/div>\n<\/div>\n<\/div>\n<\/div>\n<\/div>\n<\/div>\n<\/div>\n","protected":false},"excerpt":{"rendered":"<p>Gel De Ducha Hipoalerg\u00e9nico Para Cuerpo &amp; Cabello Cadum<\/p>\n<p>Botella de 400 ml<\/p>\n<div class=\"secondary-details-intro\">\n<div class=\"regulated-name\">\n<div class=\"secondary-details-intro\">\n<div class=\"regulated-name\">\n<div class=\"secondary-details-intro\">\n<div class=\"regulated-name\">\n<div class=\"product-description__feature-group-wrapper\">\n<div class=\"product-description__feature-values\">\n<p>&nbsp;<\/p>\n<\/div>\n<\/div>\n<\/div>\n<\/div>\n<\/div>\n<\/div>\n<\/div>\n<\/div>\n","protected":false},"featured_media":40555,"comment_status":"open","ping_status":"closed","template":"","meta":[],"pwb-brand":[3732],"product_brand":[],"product_cat":[2124,1653],"product_tag":[3731,1991],"class_list":{"0":"post-40546","1":"product","2":"type-product","3":"status-publish","4":"has-post-thumbnail","6":"pwb-brand-cadum-es","7":"product_cat-champus","8":"product_cat-gel-de-ducha","9":"product_tag-cadum-es","10":"product_tag-gel-de-ducha","12":"first","13":"instock","14":"taxable","15":"shipping-taxable","16":"purchasable","17":"product-type-simple"},"yoast_head":"<!-- This site is optimized with the Yoast SEO plugin v27.4 - https:\/\/yoast.com\/product\/yoast-seo-wordpress\/ -->\n<title>Gel De Ducha Hipoalerg\u00e9nico Para Cuerpo &amp; Cabello Cadum | Comprar En Linea | My French Grocery<\/title>\n<meta name=\"description\" content=\"Gel De Ducha Hipoalerg\u00e9nico Para Cuerpo &amp; Cabello Cadum - Botella de 400 ml - Cadum Gel Corporal y Capilar Hipoalerg\u00e9nico Sin Sulfatos\" \/>\n<meta name=\"robots\" content=\"index, follow, max-snippet:-1, max-image-preview:large, max-video-preview:-1\" \/>\n<link rel=\"canonical\" href=\"https:\/\/my-french-grocery.com\/es\/producto\/gel-de-ducha-hipoalergenico-para-cuerpo-cabello-cadum\/\" \/>\n<meta property=\"og:locale\" content=\"es_ES\" \/>\n<meta property=\"og:type\" content=\"article\" \/>\n<meta property=\"og:title\" content=\"Gel De Ducha Hipoalerg\u00e9nico Para Cuerpo &amp; Cabello Cadum | Comprar En Linea | My French Grocery\" \/>\n<meta property=\"og:description\" content=\"Gel De Ducha Hipoalerg\u00e9nico Para Cuerpo &amp; Cabello Cadum - Botella de 400 ml - Cadum Gel Corporal y Capilar Hipoalerg\u00e9nico Sin Sulfatos\" \/>\n<meta property=\"og:url\" content=\"https:\/\/my-french-grocery.com\/es\/producto\/gel-de-ducha-hipoalergenico-para-cuerpo-cabello-cadum\/\" \/>\n<meta property=\"og:site_name\" content=\"My French Grocery\" \/>\n<meta property=\"article:publisher\" content=\"https:\/\/www.facebook.com\/myfrenchgrocery\/\" \/>\n<meta property=\"article:modified_time\" content=\"2024-05-28T16:32:36+00:00\" \/>\n<meta property=\"og:image\" content=\"https:\/\/my-french-grocery.com\/wp-content\/uploads\/2024\/05\/Hypoallergenic-body-and-hair-shower-gel.webp\" \/>\n\t<meta property=\"og:image:width\" content=\"1500\" \/>\n\t<meta property=\"og:image:height\" content=\"1500\" \/>\n\t<meta property=\"og:image:type\" content=\"image\/webp\" \/>\n<meta name=\"twitter:card\" content=\"summary_large_image\" \/>\n<meta name=\"twitter:label1\" content=\"Tiempo de lectura\" \/>\n\t<meta name=\"twitter:data1\" content=\"1 minute\" \/>\n<script type=\"application\/ld+json\" class=\"yoast-schema-graph\">{\"@context\":\"https:\\\/\\\/schema.org\",\"@graph\":[{\"@type\":\"WebPage\",\"@id\":\"https:\\\/\\\/my-french-grocery.com\\\/es\\\/producto\\\/gel-de-ducha-hipoalergenico-para-cuerpo-cabello-cadum\\\/\",\"url\":\"https:\\\/\\\/my-french-grocery.com\\\/es\\\/producto\\\/gel-de-ducha-hipoalergenico-para-cuerpo-cabello-cadum\\\/\",\"name\":\"Gel De Ducha Hipoalerg\u00e9nico Para Cuerpo & Cabello Cadum | Comprar En Linea | My French Grocery\",\"isPartOf\":{\"@id\":\"https:\\\/\\\/my-french-grocery.com\\\/es\\\/#website\"},\"primaryImageOfPage\":{\"@id\":\"https:\\\/\\\/my-french-grocery.com\\\/es\\\/producto\\\/gel-de-ducha-hipoalergenico-para-cuerpo-cabello-cadum\\\/#primaryimage\"},\"image\":{\"@id\":\"https:\\\/\\\/my-french-grocery.com\\\/es\\\/producto\\\/gel-de-ducha-hipoalergenico-para-cuerpo-cabello-cadum\\\/#primaryimage\"},\"thumbnailUrl\":\"https:\\\/\\\/my-french-grocery.com\\\/wp-content\\\/uploads\\\/2024\\\/05\\\/Hypoallergenic-body-and-hair-shower-gel.webp\",\"datePublished\":\"2024-05-26T16:46:31+00:00\",\"dateModified\":\"2024-05-28T16:32:36+00:00\",\"description\":\"Gel De Ducha Hipoalerg\u00e9nico Para Cuerpo & Cabello Cadum - Botella de 400 ml - Cadum Gel Corporal y Capilar Hipoalerg\u00e9nico Sin Sulfatos\",\"breadcrumb\":{\"@id\":\"https:\\\/\\\/my-french-grocery.com\\\/es\\\/producto\\\/gel-de-ducha-hipoalergenico-para-cuerpo-cabello-cadum\\\/#breadcrumb\"},\"inLanguage\":\"es-ES\",\"potentialAction\":[{\"@type\":\"ReadAction\",\"target\":[\"https:\\\/\\\/my-french-grocery.com\\\/es\\\/producto\\\/gel-de-ducha-hipoalergenico-para-cuerpo-cabello-cadum\\\/\"]}]},{\"@type\":\"ImageObject\",\"inLanguage\":\"es-ES\",\"@id\":\"https:\\\/\\\/my-french-grocery.com\\\/es\\\/producto\\\/gel-de-ducha-hipoalergenico-para-cuerpo-cabello-cadum\\\/#primaryimage\",\"url\":\"https:\\\/\\\/my-french-grocery.com\\\/wp-content\\\/uploads\\\/2024\\\/05\\\/Hypoallergenic-body-and-hair-shower-gel.webp\",\"contentUrl\":\"https:\\\/\\\/my-french-grocery.com\\\/wp-content\\\/uploads\\\/2024\\\/05\\\/Hypoallergenic-body-and-hair-shower-gel.webp\",\"width\":1500,\"height\":1500,\"caption\":\"Gel De Ducha Hipoalerg\u00e9nico Para Cuerpo & Cabello Cadum\"},{\"@type\":\"BreadcrumbList\",\"@id\":\"https:\\\/\\\/my-french-grocery.com\\\/es\\\/producto\\\/gel-de-ducha-hipoalergenico-para-cuerpo-cabello-cadum\\\/#breadcrumb\",\"itemListElement\":[{\"@type\":\"ListItem\",\"position\":1,\"name\":\"Home\",\"item\":\"https:\\\/\\\/my-french-grocery.com\\\/es\\\/tienda-2\\\/\"},{\"@type\":\"ListItem\",\"position\":2,\"name\":\"Shop\",\"item\":\"https:\\\/\\\/my-french-grocery.com\\\/shop\\\/\"},{\"@type\":\"ListItem\",\"position\":3,\"name\":\"cosm\u00e9ticos\",\"item\":\"https:\\\/\\\/my-french-grocery.com\\\/es\\\/categoria-producto\\\/cosmeticos\\\/\"},{\"@type\":\"ListItem\",\"position\":4,\"name\":\"Champ\u00fas, Acondicionadores, Cuidado Del Cabello\",\"item\":\"https:\\\/\\\/my-french-grocery.com\\\/es\\\/categoria-producto\\\/cosmeticos\\\/champus-acondicionadores-cuidado-del-cabello\\\/\"},{\"@type\":\"ListItem\",\"position\":5,\"name\":\"Champ\u00fas\",\"item\":\"https:\\\/\\\/my-french-grocery.com\\\/es\\\/categoria-producto\\\/cosmeticos\\\/champus-acondicionadores-cuidado-del-cabello\\\/champus\\\/\"},{\"@type\":\"ListItem\",\"position\":6,\"name\":\"Gel De Ducha Hipoalerg\u00e9nico Para Cuerpo &#038; Cabello Cadum\"}]},{\"@type\":\"WebSite\",\"@id\":\"https:\\\/\\\/my-french-grocery.com\\\/es\\\/#website\",\"url\":\"https:\\\/\\\/my-french-grocery.com\\\/es\\\/\",\"name\":\"My French Grocery\",\"description\":\"Your Online French Grocery  !\",\"publisher\":{\"@id\":\"https:\\\/\\\/my-french-grocery.com\\\/es\\\/#organization\"},\"potentialAction\":[{\"@type\":\"SearchAction\",\"target\":{\"@type\":\"EntryPoint\",\"urlTemplate\":\"https:\\\/\\\/my-french-grocery.com\\\/es\\\/?s={search_term_string}\"},\"query-input\":{\"@type\":\"PropertyValueSpecification\",\"valueRequired\":true,\"valueName\":\"search_term_string\"}}],\"inLanguage\":\"es-ES\"},{\"@type\":\"Organization\",\"@id\":\"https:\\\/\\\/my-french-grocery.com\\\/es\\\/#organization\",\"name\":\"MY FRENCH GROCERY\",\"url\":\"https:\\\/\\\/my-french-grocery.com\\\/es\\\/\",\"logo\":{\"@type\":\"ImageObject\",\"inLanguage\":\"es-ES\",\"@id\":\"https:\\\/\\\/my-french-grocery.com\\\/es\\\/#\\\/schema\\\/logo\\\/image\\\/\",\"url\":\"https:\\\/\\\/my-french-grocery.com\\\/wp-content\\\/uploads\\\/2021\\\/11\\\/My-French-Grocery-Online-French-Grocery.png\",\"contentUrl\":\"https:\\\/\\\/my-french-grocery.com\\\/wp-content\\\/uploads\\\/2021\\\/11\\\/My-French-Grocery-Online-French-Grocery.png\",\"width\":100,\"height\":100,\"caption\":\"MY FRENCH GROCERY\"},\"image\":{\"@id\":\"https:\\\/\\\/my-french-grocery.com\\\/es\\\/#\\\/schema\\\/logo\\\/image\\\/\"},\"sameAs\":[\"https:\\\/\\\/www.facebook.com\\\/myfrenchgrocery\\\/\"]}]}<\/script>\n<!-- \/ Yoast SEO plugin. -->","yoast_head_json":{"title":"Gel De Ducha Hipoalerg\u00e9nico Para Cuerpo & Cabello Cadum | Comprar En Linea | My French Grocery","description":"Gel De Ducha Hipoalerg\u00e9nico Para Cuerpo & Cabello Cadum - Botella de 400 ml - Cadum Gel Corporal y Capilar Hipoalerg\u00e9nico Sin Sulfatos","robots":{"index":"index","follow":"follow","max-snippet":"max-snippet:-1","max-image-preview":"max-image-preview:large","max-video-preview":"max-video-preview:-1"},"canonical":"https:\/\/my-french-grocery.com\/es\/producto\/gel-de-ducha-hipoalergenico-para-cuerpo-cabello-cadum\/","og_locale":"es_ES","og_type":"article","og_title":"Gel De Ducha Hipoalerg\u00e9nico Para Cuerpo & Cabello Cadum | Comprar En Linea | My French Grocery","og_description":"Gel De Ducha Hipoalerg\u00e9nico Para Cuerpo & Cabello Cadum - Botella de 400 ml - Cadum Gel Corporal y Capilar Hipoalerg\u00e9nico Sin Sulfatos","og_url":"https:\/\/my-french-grocery.com\/es\/producto\/gel-de-ducha-hipoalergenico-para-cuerpo-cabello-cadum\/","og_site_name":"My French Grocery","article_publisher":"https:\/\/www.facebook.com\/myfrenchgrocery\/","article_modified_time":"2024-05-28T16:32:36+00:00","og_image":[{"width":1500,"height":1500,"url":"https:\/\/my-french-grocery.com\/wp-content\/uploads\/2024\/05\/Hypoallergenic-body-and-hair-shower-gel.webp","type":"image\/webp"}],"twitter_card":"summary_large_image","twitter_misc":{"Tiempo de lectura":"1 minute"},"schema":{"@context":"https:\/\/schema.org","@graph":[{"@type":"WebPage","@id":"https:\/\/my-french-grocery.com\/es\/producto\/gel-de-ducha-hipoalergenico-para-cuerpo-cabello-cadum\/","url":"https:\/\/my-french-grocery.com\/es\/producto\/gel-de-ducha-hipoalergenico-para-cuerpo-cabello-cadum\/","name":"Gel De Ducha Hipoalerg\u00e9nico Para Cuerpo & Cabello Cadum | Comprar En Linea | My French Grocery","isPartOf":{"@id":"https:\/\/my-french-grocery.com\/es\/#website"},"primaryImageOfPage":{"@id":"https:\/\/my-french-grocery.com\/es\/producto\/gel-de-ducha-hipoalergenico-para-cuerpo-cabello-cadum\/#primaryimage"},"image":{"@id":"https:\/\/my-french-grocery.com\/es\/producto\/gel-de-ducha-hipoalergenico-para-cuerpo-cabello-cadum\/#primaryimage"},"thumbnailUrl":"https:\/\/my-french-grocery.com\/wp-content\/uploads\/2024\/05\/Hypoallergenic-body-and-hair-shower-gel.webp","datePublished":"2024-05-26T16:46:31+00:00","dateModified":"2024-05-28T16:32:36+00:00","description":"Gel De Ducha Hipoalerg\u00e9nico Para Cuerpo & Cabello Cadum - Botella de 400 ml - Cadum Gel Corporal y Capilar Hipoalerg\u00e9nico Sin Sulfatos","breadcrumb":{"@id":"https:\/\/my-french-grocery.com\/es\/producto\/gel-de-ducha-hipoalergenico-para-cuerpo-cabello-cadum\/#breadcrumb"},"inLanguage":"es-ES","potentialAction":[{"@type":"ReadAction","target":["https:\/\/my-french-grocery.com\/es\/producto\/gel-de-ducha-hipoalergenico-para-cuerpo-cabello-cadum\/"]}]},{"@type":"ImageObject","inLanguage":"es-ES","@id":"https:\/\/my-french-grocery.com\/es\/producto\/gel-de-ducha-hipoalergenico-para-cuerpo-cabello-cadum\/#primaryimage","url":"https:\/\/my-french-grocery.com\/wp-content\/uploads\/2024\/05\/Hypoallergenic-body-and-hair-shower-gel.webp","contentUrl":"https:\/\/my-french-grocery.com\/wp-content\/uploads\/2024\/05\/Hypoallergenic-body-and-hair-shower-gel.webp","width":1500,"height":1500,"caption":"Gel De Ducha Hipoalerg\u00e9nico Para Cuerpo & Cabello Cadum"},{"@type":"BreadcrumbList","@id":"https:\/\/my-french-grocery.com\/es\/producto\/gel-de-ducha-hipoalergenico-para-cuerpo-cabello-cadum\/#breadcrumb","itemListElement":[{"@type":"ListItem","position":1,"name":"Home","item":"https:\/\/my-french-grocery.com\/es\/tienda-2\/"},{"@type":"ListItem","position":2,"name":"Shop","item":"https:\/\/my-french-grocery.com\/shop\/"},{"@type":"ListItem","position":3,"name":"cosm\u00e9ticos","item":"https:\/\/my-french-grocery.com\/es\/categoria-producto\/cosmeticos\/"},{"@type":"ListItem","position":4,"name":"Champ\u00fas, Acondicionadores, Cuidado Del Cabello","item":"https:\/\/my-french-grocery.com\/es\/categoria-producto\/cosmeticos\/champus-acondicionadores-cuidado-del-cabello\/"},{"@type":"ListItem","position":5,"name":"Champ\u00fas","item":"https:\/\/my-french-grocery.com\/es\/categoria-producto\/cosmeticos\/champus-acondicionadores-cuidado-del-cabello\/champus\/"},{"@type":"ListItem","position":6,"name":"Gel De Ducha Hipoalerg\u00e9nico Para Cuerpo &#038; Cabello Cadum"}]},{"@type":"WebSite","@id":"https:\/\/my-french-grocery.com\/es\/#website","url":"https:\/\/my-french-grocery.com\/es\/","name":"My French Grocery","description":"Your Online French Grocery  !","publisher":{"@id":"https:\/\/my-french-grocery.com\/es\/#organization"},"potentialAction":[{"@type":"SearchAction","target":{"@type":"EntryPoint","urlTemplate":"https:\/\/my-french-grocery.com\/es\/?s={search_term_string}"},"query-input":{"@type":"PropertyValueSpecification","valueRequired":true,"valueName":"search_term_string"}}],"inLanguage":"es-ES"},{"@type":"Organization","@id":"https:\/\/my-french-grocery.com\/es\/#organization","name":"MY FRENCH GROCERY","url":"https:\/\/my-french-grocery.com\/es\/","logo":{"@type":"ImageObject","inLanguage":"es-ES","@id":"https:\/\/my-french-grocery.com\/es\/#\/schema\/logo\/image\/","url":"https:\/\/my-french-grocery.com\/wp-content\/uploads\/2021\/11\/My-French-Grocery-Online-French-Grocery.png","contentUrl":"https:\/\/my-french-grocery.com\/wp-content\/uploads\/2021\/11\/My-French-Grocery-Online-French-Grocery.png","width":100,"height":100,"caption":"MY FRENCH GROCERY"},"image":{"@id":"https:\/\/my-french-grocery.com\/es\/#\/schema\/logo\/image\/"},"sameAs":["https:\/\/www.facebook.com\/myfrenchgrocery\/"]}]}},"brands":[{"id":3732,"name":"Cadum","slug":"cadum-es"}],"_links":{"self":[{"href":"https:\/\/my-french-grocery.com\/es\/wp-json\/wp\/v2\/product\/40546","targetHints":{"allow":["GET"]}}],"collection":[{"href":"https:\/\/my-french-grocery.com\/es\/wp-json\/wp\/v2\/product"}],"about":[{"href":"https:\/\/my-french-grocery.com\/es\/wp-json\/wp\/v2\/types\/product"}],"replies":[{"embeddable":true,"href":"https:\/\/my-french-grocery.com\/es\/wp-json\/wp\/v2\/comments?post=40546"}],"wp:featuredmedia":[{"embeddable":true,"href":"https:\/\/my-french-grocery.com\/es\/wp-json\/wp\/v2\/media\/40555"}],"wp:attachment":[{"href":"https:\/\/my-french-grocery.com\/es\/wp-json\/wp\/v2\/media?parent=40546"}],"wp:term":[{"taxonomy":"pwb-brand","embeddable":true,"href":"https:\/\/my-french-grocery.com\/es\/wp-json\/wp\/v2\/pwb-brand?post=40546"},{"taxonomy":"product_brand","embeddable":true,"href":"https:\/\/my-french-grocery.com\/es\/wp-json\/wp\/v2\/product_brand?post=40546"},{"taxonomy":"product_cat","embeddable":true,"href":"https:\/\/my-french-grocery.com\/es\/wp-json\/wp\/v2\/product_cat?post=40546"},{"taxonomy":"product_tag","embeddable":true,"href":"https:\/\/my-french-grocery.com\/es\/wp-json\/wp\/v2\/product_tag?post=40546"}],"curies":[{"name":"wp","href":"https:\/\/api.w.org\/{rel}","templated":true}]}}