{"id":40657,"date":"2024-06-02T10:24:18","date_gmt":"2024-06-02T08:24:19","guid":{"rendered":"https:\/\/my-french-grocery.com\/?post_type=product&#038;p=40657"},"modified":"2024-06-02T11:05:55","modified_gmt":"2024-06-02T09:05:55","slug":"petit-sale-con-lentejas-william-saurin","status":"publish","type":"product","link":"https:\/\/my-french-grocery.com\/es\/producto\/petit-sale-con-lentejas-william-saurin\/","title":{"rendered":"Petit Sal\u00e9 Con Lentejas William Saurin"},"content":{"rendered":"<p>Petit Sal\u00e9 Con Lentejas William Saurin<\/p>\n<p>Caja de 840 g<\/p>\n<p>En 1898, Emmanuel Adolphe William Seurin (1872-1937) dijo que \u201cWilliam Saurin\u201d abri\u00f3 una tienda de comestibles en Saint-Mand\u00e9. La empresa se est\u00e1 desarrollando r\u00e1pidamente utilizando la appertisation (que lleva el nombre del inventor de las conservas, Nicolas Appert) para la fabricaci\u00f3n de conservas de guisos y mermeladas. Sigue siendo familia hasta 1979, cuando Vincent Saurin revende a Lesieur.<\/p>\n","protected":false},"excerpt":{"rendered":"<p>Petit Sal\u00e9 Con Lentejas William Saurin<\/p>\n<p>Caja de 840 g<\/p>\n","protected":false},"featured_media":40666,"comment_status":"open","ping_status":"closed","template":"","meta":[],"pwb-brand":[991],"product_brand":[],"product_cat":[1724],"product_tag":[3752,3750,3751],"class_list":{"0":"post-40657","1":"product","2":"type-product","3":"status-publish","4":"has-post-thumbnail","6":"pwb-brand-william-saurin-es","7":"product_cat-comidas-preparadas","8":"product_tag-lentejas-es","9":"product_tag-petit-sale-es","10":"product_tag-william-saurin-es","11":"product_shipping_class-expedicion-mundial","13":"first","14":"instock","15":"taxable","16":"shipping-taxable","17":"purchasable","18":"product-type-simple"},"yoast_head":"<!-- This site is optimized with the Yoast SEO plugin v27.4 - https:\/\/yoast.com\/product\/yoast-seo-wordpress\/ -->\n<title>Petit Sal\u00e9 Con Lentejas William Saurin | Comprar En Linea | My French Grocery<\/title>\n<meta name=\"description\" content=\"Petit Sal\u00e9 Con Lentejas William Saurin - Caja de 840 g - En 1898, Emmanuel Adolphe William Seurin (1872-1937) dijo que \u201cWilliam Saurin\u201d abri\u00f3 una tienda de comestibles en Saint-Mand\u00e9.\" \/>\n<meta name=\"robots\" content=\"index, follow, max-snippet:-1, max-image-preview:large, max-video-preview:-1\" \/>\n<link rel=\"canonical\" href=\"https:\/\/my-french-grocery.com\/es\/producto\/petit-sale-con-lentejas-william-saurin\/\" \/>\n<meta property=\"og:locale\" content=\"es_ES\" \/>\n<meta property=\"og:type\" content=\"article\" \/>\n<meta property=\"og:title\" content=\"Petit Sal\u00e9 Con Lentejas William Saurin | Comprar En Linea | My French Grocery\" \/>\n<meta property=\"og:description\" content=\"Petit Sal\u00e9 Con Lentejas William Saurin - Caja de 840 g - En 1898, Emmanuel Adolphe William Seurin (1872-1937) dijo que \u201cWilliam Saurin\u201d abri\u00f3 una tienda de comestibles en Saint-Mand\u00e9.\" \/>\n<meta property=\"og:url\" content=\"https:\/\/my-french-grocery.com\/es\/producto\/petit-sale-con-lentejas-william-saurin\/\" \/>\n<meta property=\"og:site_name\" content=\"My French Grocery\" \/>\n<meta property=\"article:publisher\" content=\"https:\/\/www.facebook.com\/myfrenchgrocery\/\" \/>\n<meta property=\"article:modified_time\" content=\"2024-06-02T09:05:55+00:00\" \/>\n<meta property=\"og:image\" content=\"https:\/\/my-french-grocery.com\/wp-content\/uploads\/2024\/06\/Petit-Sale-cooked-dish-with-lentils-WILLIAM-SAURIN.webp\" \/>\n\t<meta property=\"og:image:width\" content=\"1500\" \/>\n\t<meta property=\"og:image:height\" content=\"1500\" \/>\n\t<meta property=\"og:image:type\" content=\"image\/webp\" \/>\n<meta name=\"twitter:card\" content=\"summary_large_image\" \/>\n<meta name=\"twitter:label1\" content=\"Tiempo de lectura\" \/>\n\t<meta name=\"twitter:data1\" content=\"1 minute\" \/>\n<script type=\"application\/ld+json\" class=\"yoast-schema-graph\">{\"@context\":\"https:\\\/\\\/schema.org\",\"@graph\":[{\"@type\":\"WebPage\",\"@id\":\"https:\\\/\\\/my-french-grocery.com\\\/es\\\/producto\\\/petit-sale-con-lentejas-william-saurin\\\/\",\"url\":\"https:\\\/\\\/my-french-grocery.com\\\/es\\\/producto\\\/petit-sale-con-lentejas-william-saurin\\\/\",\"name\":\"Petit Sal\u00e9 Con Lentejas William Saurin | Comprar En Linea | My French Grocery\",\"isPartOf\":{\"@id\":\"https:\\\/\\\/my-french-grocery.com\\\/es\\\/#website\"},\"primaryImageOfPage\":{\"@id\":\"https:\\\/\\\/my-french-grocery.com\\\/es\\\/producto\\\/petit-sale-con-lentejas-william-saurin\\\/#primaryimage\"},\"image\":{\"@id\":\"https:\\\/\\\/my-french-grocery.com\\\/es\\\/producto\\\/petit-sale-con-lentejas-william-saurin\\\/#primaryimage\"},\"thumbnailUrl\":\"https:\\\/\\\/my-french-grocery.com\\\/wp-content\\\/uploads\\\/2024\\\/06\\\/Petit-Sale-cooked-dish-with-lentils-WILLIAM-SAURIN.webp\",\"datePublished\":\"2024-06-02T08:24:19+00:00\",\"dateModified\":\"2024-06-02T09:05:55+00:00\",\"description\":\"Petit Sal\u00e9 Con Lentejas William Saurin - Caja de 840 g - En 1898, Emmanuel Adolphe William Seurin (1872-1937) dijo que \u201cWilliam Saurin\u201d abri\u00f3 una tienda de comestibles en Saint-Mand\u00e9.\",\"breadcrumb\":{\"@id\":\"https:\\\/\\\/my-french-grocery.com\\\/es\\\/producto\\\/petit-sale-con-lentejas-william-saurin\\\/#breadcrumb\"},\"inLanguage\":\"es-ES\",\"potentialAction\":[{\"@type\":\"ReadAction\",\"target\":[\"https:\\\/\\\/my-french-grocery.com\\\/es\\\/producto\\\/petit-sale-con-lentejas-william-saurin\\\/\"]}]},{\"@type\":\"ImageObject\",\"inLanguage\":\"es-ES\",\"@id\":\"https:\\\/\\\/my-french-grocery.com\\\/es\\\/producto\\\/petit-sale-con-lentejas-william-saurin\\\/#primaryimage\",\"url\":\"https:\\\/\\\/my-french-grocery.com\\\/wp-content\\\/uploads\\\/2024\\\/06\\\/Petit-Sale-cooked-dish-with-lentils-WILLIAM-SAURIN.webp\",\"contentUrl\":\"https:\\\/\\\/my-french-grocery.com\\\/wp-content\\\/uploads\\\/2024\\\/06\\\/Petit-Sale-cooked-dish-with-lentils-WILLIAM-SAURIN.webp\",\"width\":1500,\"height\":1500,\"caption\":\"Petit Sal\u00e9 Con Lentejas William Saurin\"},{\"@type\":\"BreadcrumbList\",\"@id\":\"https:\\\/\\\/my-french-grocery.com\\\/es\\\/producto\\\/petit-sale-con-lentejas-william-saurin\\\/#breadcrumb\",\"itemListElement\":[{\"@type\":\"ListItem\",\"position\":1,\"name\":\"Home\",\"item\":\"https:\\\/\\\/my-french-grocery.com\\\/es\\\/tienda-2\\\/\"},{\"@type\":\"ListItem\",\"position\":2,\"name\":\"Shop\",\"item\":\"https:\\\/\\\/my-french-grocery.com\\\/shop\\\/\"},{\"@type\":\"ListItem\",\"position\":3,\"name\":\"Comida\",\"item\":\"https:\\\/\\\/my-french-grocery.com\\\/es\\\/categoria-producto\\\/comida\\\/\"},{\"@type\":\"ListItem\",\"position\":4,\"name\":\"Conservas &amp; Comidas Preparadas\",\"item\":\"https:\\\/\\\/my-french-grocery.com\\\/es\\\/categoria-producto\\\/comida\\\/conservas-comidas-preparadas\\\/\"},{\"@type\":\"ListItem\",\"position\":5,\"name\":\"Comidas Preparadas\",\"item\":\"https:\\\/\\\/my-french-grocery.com\\\/es\\\/categoria-producto\\\/comida\\\/conservas-comidas-preparadas\\\/comidas-preparadas\\\/\"},{\"@type\":\"ListItem\",\"position\":6,\"name\":\"Petit Sal\u00e9 Con Lentejas William Saurin\"}]},{\"@type\":\"WebSite\",\"@id\":\"https:\\\/\\\/my-french-grocery.com\\\/es\\\/#website\",\"url\":\"https:\\\/\\\/my-french-grocery.com\\\/es\\\/\",\"name\":\"My French Grocery\",\"description\":\"Your Online French Grocery  !\",\"publisher\":{\"@id\":\"https:\\\/\\\/my-french-grocery.com\\\/es\\\/#organization\"},\"potentialAction\":[{\"@type\":\"SearchAction\",\"target\":{\"@type\":\"EntryPoint\",\"urlTemplate\":\"https:\\\/\\\/my-french-grocery.com\\\/es\\\/?s={search_term_string}\"},\"query-input\":{\"@type\":\"PropertyValueSpecification\",\"valueRequired\":true,\"valueName\":\"search_term_string\"}}],\"inLanguage\":\"es-ES\"},{\"@type\":\"Organization\",\"@id\":\"https:\\\/\\\/my-french-grocery.com\\\/es\\\/#organization\",\"name\":\"MY FRENCH GROCERY\",\"url\":\"https:\\\/\\\/my-french-grocery.com\\\/es\\\/\",\"logo\":{\"@type\":\"ImageObject\",\"inLanguage\":\"es-ES\",\"@id\":\"https:\\\/\\\/my-french-grocery.com\\\/es\\\/#\\\/schema\\\/logo\\\/image\\\/\",\"url\":\"https:\\\/\\\/my-french-grocery.com\\\/wp-content\\\/uploads\\\/2021\\\/11\\\/My-French-Grocery-Online-French-Grocery.png\",\"contentUrl\":\"https:\\\/\\\/my-french-grocery.com\\\/wp-content\\\/uploads\\\/2021\\\/11\\\/My-French-Grocery-Online-French-Grocery.png\",\"width\":100,\"height\":100,\"caption\":\"MY FRENCH GROCERY\"},\"image\":{\"@id\":\"https:\\\/\\\/my-french-grocery.com\\\/es\\\/#\\\/schema\\\/logo\\\/image\\\/\"},\"sameAs\":[\"https:\\\/\\\/www.facebook.com\\\/myfrenchgrocery\\\/\"]}]}<\/script>\n<!-- \/ Yoast SEO plugin. -->","yoast_head_json":{"title":"Petit Sal\u00e9 Con Lentejas William Saurin | Comprar En Linea | My French Grocery","description":"Petit Sal\u00e9 Con Lentejas William Saurin - Caja de 840 g - En 1898, Emmanuel Adolphe William Seurin (1872-1937) dijo que \u201cWilliam Saurin\u201d abri\u00f3 una tienda de comestibles en Saint-Mand\u00e9.","robots":{"index":"index","follow":"follow","max-snippet":"max-snippet:-1","max-image-preview":"max-image-preview:large","max-video-preview":"max-video-preview:-1"},"canonical":"https:\/\/my-french-grocery.com\/es\/producto\/petit-sale-con-lentejas-william-saurin\/","og_locale":"es_ES","og_type":"article","og_title":"Petit Sal\u00e9 Con Lentejas William Saurin | Comprar En Linea | My French Grocery","og_description":"Petit Sal\u00e9 Con Lentejas William Saurin - Caja de 840 g - En 1898, Emmanuel Adolphe William Seurin (1872-1937) dijo que \u201cWilliam Saurin\u201d abri\u00f3 una tienda de comestibles en Saint-Mand\u00e9.","og_url":"https:\/\/my-french-grocery.com\/es\/producto\/petit-sale-con-lentejas-william-saurin\/","og_site_name":"My French Grocery","article_publisher":"https:\/\/www.facebook.com\/myfrenchgrocery\/","article_modified_time":"2024-06-02T09:05:55+00:00","og_image":[{"width":1500,"height":1500,"url":"https:\/\/my-french-grocery.com\/wp-content\/uploads\/2024\/06\/Petit-Sale-cooked-dish-with-lentils-WILLIAM-SAURIN.webp","type":"image\/webp"}],"twitter_card":"summary_large_image","twitter_misc":{"Tiempo de lectura":"1 minute"},"schema":{"@context":"https:\/\/schema.org","@graph":[{"@type":"WebPage","@id":"https:\/\/my-french-grocery.com\/es\/producto\/petit-sale-con-lentejas-william-saurin\/","url":"https:\/\/my-french-grocery.com\/es\/producto\/petit-sale-con-lentejas-william-saurin\/","name":"Petit Sal\u00e9 Con Lentejas William Saurin | Comprar En Linea | My French Grocery","isPartOf":{"@id":"https:\/\/my-french-grocery.com\/es\/#website"},"primaryImageOfPage":{"@id":"https:\/\/my-french-grocery.com\/es\/producto\/petit-sale-con-lentejas-william-saurin\/#primaryimage"},"image":{"@id":"https:\/\/my-french-grocery.com\/es\/producto\/petit-sale-con-lentejas-william-saurin\/#primaryimage"},"thumbnailUrl":"https:\/\/my-french-grocery.com\/wp-content\/uploads\/2024\/06\/Petit-Sale-cooked-dish-with-lentils-WILLIAM-SAURIN.webp","datePublished":"2024-06-02T08:24:19+00:00","dateModified":"2024-06-02T09:05:55+00:00","description":"Petit Sal\u00e9 Con Lentejas William Saurin - Caja de 840 g - En 1898, Emmanuel Adolphe William Seurin (1872-1937) dijo que \u201cWilliam Saurin\u201d abri\u00f3 una tienda de comestibles en Saint-Mand\u00e9.","breadcrumb":{"@id":"https:\/\/my-french-grocery.com\/es\/producto\/petit-sale-con-lentejas-william-saurin\/#breadcrumb"},"inLanguage":"es-ES","potentialAction":[{"@type":"ReadAction","target":["https:\/\/my-french-grocery.com\/es\/producto\/petit-sale-con-lentejas-william-saurin\/"]}]},{"@type":"ImageObject","inLanguage":"es-ES","@id":"https:\/\/my-french-grocery.com\/es\/producto\/petit-sale-con-lentejas-william-saurin\/#primaryimage","url":"https:\/\/my-french-grocery.com\/wp-content\/uploads\/2024\/06\/Petit-Sale-cooked-dish-with-lentils-WILLIAM-SAURIN.webp","contentUrl":"https:\/\/my-french-grocery.com\/wp-content\/uploads\/2024\/06\/Petit-Sale-cooked-dish-with-lentils-WILLIAM-SAURIN.webp","width":1500,"height":1500,"caption":"Petit Sal\u00e9 Con Lentejas William Saurin"},{"@type":"BreadcrumbList","@id":"https:\/\/my-french-grocery.com\/es\/producto\/petit-sale-con-lentejas-william-saurin\/#breadcrumb","itemListElement":[{"@type":"ListItem","position":1,"name":"Home","item":"https:\/\/my-french-grocery.com\/es\/tienda-2\/"},{"@type":"ListItem","position":2,"name":"Shop","item":"https:\/\/my-french-grocery.com\/shop\/"},{"@type":"ListItem","position":3,"name":"Comida","item":"https:\/\/my-french-grocery.com\/es\/categoria-producto\/comida\/"},{"@type":"ListItem","position":4,"name":"Conservas &amp; Comidas Preparadas","item":"https:\/\/my-french-grocery.com\/es\/categoria-producto\/comida\/conservas-comidas-preparadas\/"},{"@type":"ListItem","position":5,"name":"Comidas Preparadas","item":"https:\/\/my-french-grocery.com\/es\/categoria-producto\/comida\/conservas-comidas-preparadas\/comidas-preparadas\/"},{"@type":"ListItem","position":6,"name":"Petit Sal\u00e9 Con Lentejas William Saurin"}]},{"@type":"WebSite","@id":"https:\/\/my-french-grocery.com\/es\/#website","url":"https:\/\/my-french-grocery.com\/es\/","name":"My French Grocery","description":"Your Online French Grocery  !","publisher":{"@id":"https:\/\/my-french-grocery.com\/es\/#organization"},"potentialAction":[{"@type":"SearchAction","target":{"@type":"EntryPoint","urlTemplate":"https:\/\/my-french-grocery.com\/es\/?s={search_term_string}"},"query-input":{"@type":"PropertyValueSpecification","valueRequired":true,"valueName":"search_term_string"}}],"inLanguage":"es-ES"},{"@type":"Organization","@id":"https:\/\/my-french-grocery.com\/es\/#organization","name":"MY FRENCH GROCERY","url":"https:\/\/my-french-grocery.com\/es\/","logo":{"@type":"ImageObject","inLanguage":"es-ES","@id":"https:\/\/my-french-grocery.com\/es\/#\/schema\/logo\/image\/","url":"https:\/\/my-french-grocery.com\/wp-content\/uploads\/2021\/11\/My-French-Grocery-Online-French-Grocery.png","contentUrl":"https:\/\/my-french-grocery.com\/wp-content\/uploads\/2021\/11\/My-French-Grocery-Online-French-Grocery.png","width":100,"height":100,"caption":"MY FRENCH GROCERY"},"image":{"@id":"https:\/\/my-french-grocery.com\/es\/#\/schema\/logo\/image\/"},"sameAs":["https:\/\/www.facebook.com\/myfrenchgrocery\/"]}]}},"brands":[{"id":991,"name":"William Saurin","slug":"william-saurin-es"}],"_links":{"self":[{"href":"https:\/\/my-french-grocery.com\/es\/wp-json\/wp\/v2\/product\/40657","targetHints":{"allow":["GET"]}}],"collection":[{"href":"https:\/\/my-french-grocery.com\/es\/wp-json\/wp\/v2\/product"}],"about":[{"href":"https:\/\/my-french-grocery.com\/es\/wp-json\/wp\/v2\/types\/product"}],"replies":[{"embeddable":true,"href":"https:\/\/my-french-grocery.com\/es\/wp-json\/wp\/v2\/comments?post=40657"}],"wp:featuredmedia":[{"embeddable":true,"href":"https:\/\/my-french-grocery.com\/es\/wp-json\/wp\/v2\/media\/40666"}],"wp:attachment":[{"href":"https:\/\/my-french-grocery.com\/es\/wp-json\/wp\/v2\/media?parent=40657"}],"wp:term":[{"taxonomy":"pwb-brand","embeddable":true,"href":"https:\/\/my-french-grocery.com\/es\/wp-json\/wp\/v2\/pwb-brand?post=40657"},{"taxonomy":"product_brand","embeddable":true,"href":"https:\/\/my-french-grocery.com\/es\/wp-json\/wp\/v2\/product_brand?post=40657"},{"taxonomy":"product_cat","embeddable":true,"href":"https:\/\/my-french-grocery.com\/es\/wp-json\/wp\/v2\/product_cat?post=40657"},{"taxonomy":"product_tag","embeddable":true,"href":"https:\/\/my-french-grocery.com\/es\/wp-json\/wp\/v2\/product_tag?post=40657"}],"curies":[{"name":"wp","href":"https:\/\/api.w.org\/{rel}","templated":true}]}}