{"id":44710,"date":"2024-11-05T19:58:55","date_gmt":"2024-11-05T17:58:56","guid":{"rendered":"https:\/\/my-french-grocery.com\/?post_type=product&#038;p=44710"},"modified":"2024-11-12T21:26:16","modified_gmt":"2024-11-12T19:26:16","slug":"solomillo-de-cerdo-pure-de-patatas-la-cuisine-doceane","status":"publish","type":"product","link":"https:\/\/my-french-grocery.com\/es\/producto\/solomillo-de-cerdo-pure-de-patatas-la-cuisine-doceane\/","title":{"rendered":"Solomillo De Cerdo &#038; Pur\u00e9 De Patatas La Cuisine D&#8217;Oc\u00e9ane"},"content":{"rendered":"<p>Solomillo De Cerdo &amp; Pur\u00e9 De Patatas La Cuisine D&#8217;Oc\u00e9ane<\/p>\n<p>Plato de 300 g<\/p>\n<p class=\"pdp-description-text pdp-description-text-bold\">\u00a1He seleccionado para ti tiernos trozos de filet mignon, sazonados con una salsa cocida con 2 mostazas! Como acompa\u00f1amiento ofrezco pur\u00e9 de patatas con un toque de cr\u00e8me fra\u00eeche y mantequilla. \u00a1Un plato gourmet que deleitar\u00e1 tu paladar! Una receta equilibrada, fuente de prote\u00ednas, garantizada sin colorantes ni saborizantes artificiales.<\/p>\n","protected":false},"excerpt":{"rendered":"<p>Solomillo De Cerdo &amp; Pur\u00e9 De Patatas La Cuisine D&#8217;Oc\u00e9ane<\/p>\n<p>Plato de 300 g<\/p>\n<p class=\"pdp-description-text pdp-description-text-bold\">\n","protected":false},"featured_media":44719,"comment_status":"open","ping_status":"closed","template":"","meta":[],"pwb-brand":[3832],"product_brand":[],"product_cat":[1724],"product_tag":[1759,1776,1921],"class_list":{"0":"post-44710","1":"product","2":"type-product","3":"status-publish","4":"has-post-thumbnail","6":"pwb-brand-la-cuisine-doceane-es","7":"product_cat-comidas-preparadas","8":"product_tag-frances","9":"product_tag-pollo","10":"product_tag-pure-de-papas","11":"product_shipping_class-expedicion-mundial","13":"first","14":"instock","15":"taxable","16":"shipping-taxable","17":"purchasable","18":"product-type-simple"},"yoast_head":"<!-- This site is optimized with the Yoast SEO plugin v27.3 - https:\/\/yoast.com\/product\/yoast-seo-wordpress\/ -->\n<title>Solomillo De Cerdo &amp; Pur\u00e9 De Patatas La Cuisine D&#039;Oc\u00e9ane | Comprar En Linea | My French Grocery<\/title>\n<meta name=\"description\" content=\"Solomillo De Cerdo &amp; Pur\u00e9 De Patatas La Cuisine D&#039;Oc\u00e9ane - Plato de 300 g - \u00a1He seleccionado para ti tiernos trozos de filet mignon, sazonados con una salsa cocida con 2 mostazas!\" \/>\n<meta name=\"robots\" content=\"index, follow, max-snippet:-1, max-image-preview:large, max-video-preview:-1\" \/>\n<link rel=\"canonical\" href=\"https:\/\/my-french-grocery.com\/es\/producto\/solomillo-de-cerdo-pure-de-patatas-la-cuisine-doceane\/\" \/>\n<meta property=\"og:locale\" content=\"es_ES\" \/>\n<meta property=\"og:type\" content=\"article\" \/>\n<meta property=\"og:title\" content=\"Solomillo De Cerdo &amp; Pur\u00e9 De Patatas La Cuisine D&#039;Oc\u00e9ane | Comprar En Linea | My French Grocery\" \/>\n<meta property=\"og:description\" content=\"Solomillo De Cerdo &amp; Pur\u00e9 De Patatas La Cuisine D&#039;Oc\u00e9ane - Plato de 300 g - \u00a1He seleccionado para ti tiernos trozos de filet mignon, sazonados con una salsa cocida con 2 mostazas!\" \/>\n<meta property=\"og:url\" content=\"https:\/\/my-french-grocery.com\/es\/producto\/solomillo-de-cerdo-pure-de-patatas-la-cuisine-doceane\/\" \/>\n<meta property=\"og:site_name\" content=\"My French Grocery\" \/>\n<meta property=\"article:publisher\" content=\"https:\/\/www.facebook.com\/myfrenchgrocery\/\" \/>\n<meta property=\"article:modified_time\" content=\"2024-11-12T19:26:16+00:00\" \/>\n<meta property=\"og:image\" content=\"https:\/\/my-french-grocery.com\/wp-content\/uploads\/2024\/11\/Pork-tenderloin-and-mashed-potatoes-LA-CUISINE-DOCEANE.webp\" \/>\n\t<meta property=\"og:image:width\" content=\"1500\" \/>\n\t<meta property=\"og:image:height\" content=\"1500\" \/>\n\t<meta property=\"og:image:type\" content=\"image\/webp\" \/>\n<meta name=\"twitter:card\" content=\"summary_large_image\" \/>\n<meta name=\"twitter:label1\" content=\"Tiempo de lectura\" \/>\n\t<meta name=\"twitter:data1\" content=\"1 minute\" \/>\n<script type=\"application\/ld+json\" class=\"yoast-schema-graph\">{\"@context\":\"https:\\\/\\\/schema.org\",\"@graph\":[{\"@type\":\"WebPage\",\"@id\":\"https:\\\/\\\/my-french-grocery.com\\\/es\\\/producto\\\/solomillo-de-cerdo-pure-de-patatas-la-cuisine-doceane\\\/\",\"url\":\"https:\\\/\\\/my-french-grocery.com\\\/es\\\/producto\\\/solomillo-de-cerdo-pure-de-patatas-la-cuisine-doceane\\\/\",\"name\":\"Solomillo De Cerdo & Pur\u00e9 De Patatas La Cuisine D'Oc\u00e9ane | Comprar En Linea | My French Grocery\",\"isPartOf\":{\"@id\":\"https:\\\/\\\/my-french-grocery.com\\\/es\\\/#website\"},\"primaryImageOfPage\":{\"@id\":\"https:\\\/\\\/my-french-grocery.com\\\/es\\\/producto\\\/solomillo-de-cerdo-pure-de-patatas-la-cuisine-doceane\\\/#primaryimage\"},\"image\":{\"@id\":\"https:\\\/\\\/my-french-grocery.com\\\/es\\\/producto\\\/solomillo-de-cerdo-pure-de-patatas-la-cuisine-doceane\\\/#primaryimage\"},\"thumbnailUrl\":\"https:\\\/\\\/my-french-grocery.com\\\/wp-content\\\/uploads\\\/2024\\\/11\\\/Pork-tenderloin-and-mashed-potatoes-LA-CUISINE-DOCEANE.webp\",\"datePublished\":\"2024-11-05T17:58:56+00:00\",\"dateModified\":\"2024-11-12T19:26:16+00:00\",\"description\":\"Solomillo De Cerdo & Pur\u00e9 De Patatas La Cuisine D'Oc\u00e9ane - Plato de 300 g - \u00a1He seleccionado para ti tiernos trozos de filet mignon, sazonados con una salsa cocida con 2 mostazas!\",\"breadcrumb\":{\"@id\":\"https:\\\/\\\/my-french-grocery.com\\\/es\\\/producto\\\/solomillo-de-cerdo-pure-de-patatas-la-cuisine-doceane\\\/#breadcrumb\"},\"inLanguage\":\"es-ES\",\"potentialAction\":[{\"@type\":\"ReadAction\",\"target\":[\"https:\\\/\\\/my-french-grocery.com\\\/es\\\/producto\\\/solomillo-de-cerdo-pure-de-patatas-la-cuisine-doceane\\\/\"]}]},{\"@type\":\"ImageObject\",\"inLanguage\":\"es-ES\",\"@id\":\"https:\\\/\\\/my-french-grocery.com\\\/es\\\/producto\\\/solomillo-de-cerdo-pure-de-patatas-la-cuisine-doceane\\\/#primaryimage\",\"url\":\"https:\\\/\\\/my-french-grocery.com\\\/wp-content\\\/uploads\\\/2024\\\/11\\\/Pork-tenderloin-and-mashed-potatoes-LA-CUISINE-DOCEANE.webp\",\"contentUrl\":\"https:\\\/\\\/my-french-grocery.com\\\/wp-content\\\/uploads\\\/2024\\\/11\\\/Pork-tenderloin-and-mashed-potatoes-LA-CUISINE-DOCEANE.webp\",\"width\":1500,\"height\":1500,\"caption\":\"Solomillo De Cerdo & Pur\u00e9 De Patatas La Cuisine D'Oc\u00e9ane\"},{\"@type\":\"BreadcrumbList\",\"@id\":\"https:\\\/\\\/my-french-grocery.com\\\/es\\\/producto\\\/solomillo-de-cerdo-pure-de-patatas-la-cuisine-doceane\\\/#breadcrumb\",\"itemListElement\":[{\"@type\":\"ListItem\",\"position\":1,\"name\":\"Home\",\"item\":\"https:\\\/\\\/my-french-grocery.com\\\/es\\\/tienda-2\\\/\"},{\"@type\":\"ListItem\",\"position\":2,\"name\":\"Shop\",\"item\":\"https:\\\/\\\/my-french-grocery.com\\\/shop\\\/\"},{\"@type\":\"ListItem\",\"position\":3,\"name\":\"Comida\",\"item\":\"https:\\\/\\\/my-french-grocery.com\\\/es\\\/categoria-producto\\\/comida\\\/\"},{\"@type\":\"ListItem\",\"position\":4,\"name\":\"Conservas &amp; Comidas Preparadas\",\"item\":\"https:\\\/\\\/my-french-grocery.com\\\/es\\\/categoria-producto\\\/comida\\\/conservas-comidas-preparadas\\\/\"},{\"@type\":\"ListItem\",\"position\":5,\"name\":\"Comidas Preparadas\",\"item\":\"https:\\\/\\\/my-french-grocery.com\\\/es\\\/categoria-producto\\\/comida\\\/conservas-comidas-preparadas\\\/comidas-preparadas\\\/\"},{\"@type\":\"ListItem\",\"position\":6,\"name\":\"Solomillo De Cerdo &#038; Pur\u00e9 De Patatas La Cuisine D&#8217;Oc\u00e9ane\"}]},{\"@type\":\"WebSite\",\"@id\":\"https:\\\/\\\/my-french-grocery.com\\\/es\\\/#website\",\"url\":\"https:\\\/\\\/my-french-grocery.com\\\/es\\\/\",\"name\":\"My French Grocery\",\"description\":\"Your Online French Grocery  !\",\"publisher\":{\"@id\":\"https:\\\/\\\/my-french-grocery.com\\\/es\\\/#organization\"},\"potentialAction\":[{\"@type\":\"SearchAction\",\"target\":{\"@type\":\"EntryPoint\",\"urlTemplate\":\"https:\\\/\\\/my-french-grocery.com\\\/es\\\/?s={search_term_string}\"},\"query-input\":{\"@type\":\"PropertyValueSpecification\",\"valueRequired\":true,\"valueName\":\"search_term_string\"}}],\"inLanguage\":\"es-ES\"},{\"@type\":\"Organization\",\"@id\":\"https:\\\/\\\/my-french-grocery.com\\\/es\\\/#organization\",\"name\":\"MY FRENCH GROCERY\",\"url\":\"https:\\\/\\\/my-french-grocery.com\\\/es\\\/\",\"logo\":{\"@type\":\"ImageObject\",\"inLanguage\":\"es-ES\",\"@id\":\"https:\\\/\\\/my-french-grocery.com\\\/es\\\/#\\\/schema\\\/logo\\\/image\\\/\",\"url\":\"https:\\\/\\\/my-french-grocery.com\\\/wp-content\\\/uploads\\\/2021\\\/11\\\/My-French-Grocery-Online-French-Grocery.png\",\"contentUrl\":\"https:\\\/\\\/my-french-grocery.com\\\/wp-content\\\/uploads\\\/2021\\\/11\\\/My-French-Grocery-Online-French-Grocery.png\",\"width\":100,\"height\":100,\"caption\":\"MY FRENCH GROCERY\"},\"image\":{\"@id\":\"https:\\\/\\\/my-french-grocery.com\\\/es\\\/#\\\/schema\\\/logo\\\/image\\\/\"},\"sameAs\":[\"https:\\\/\\\/www.facebook.com\\\/myfrenchgrocery\\\/\"]}]}<\/script>\n<!-- \/ Yoast SEO plugin. -->","yoast_head_json":{"title":"Solomillo De Cerdo & Pur\u00e9 De Patatas La Cuisine D'Oc\u00e9ane | Comprar En Linea | My French Grocery","description":"Solomillo De Cerdo & Pur\u00e9 De Patatas La Cuisine D'Oc\u00e9ane - Plato de 300 g - \u00a1He seleccionado para ti tiernos trozos de filet mignon, sazonados con una salsa cocida con 2 mostazas!","robots":{"index":"index","follow":"follow","max-snippet":"max-snippet:-1","max-image-preview":"max-image-preview:large","max-video-preview":"max-video-preview:-1"},"canonical":"https:\/\/my-french-grocery.com\/es\/producto\/solomillo-de-cerdo-pure-de-patatas-la-cuisine-doceane\/","og_locale":"es_ES","og_type":"article","og_title":"Solomillo De Cerdo & Pur\u00e9 De Patatas La Cuisine D'Oc\u00e9ane | Comprar En Linea | My French Grocery","og_description":"Solomillo De Cerdo & Pur\u00e9 De Patatas La Cuisine D'Oc\u00e9ane - Plato de 300 g - \u00a1He seleccionado para ti tiernos trozos de filet mignon, sazonados con una salsa cocida con 2 mostazas!","og_url":"https:\/\/my-french-grocery.com\/es\/producto\/solomillo-de-cerdo-pure-de-patatas-la-cuisine-doceane\/","og_site_name":"My French Grocery","article_publisher":"https:\/\/www.facebook.com\/myfrenchgrocery\/","article_modified_time":"2024-11-12T19:26:16+00:00","og_image":[{"width":1500,"height":1500,"url":"https:\/\/my-french-grocery.com\/wp-content\/uploads\/2024\/11\/Pork-tenderloin-and-mashed-potatoes-LA-CUISINE-DOCEANE.webp","type":"image\/webp"}],"twitter_card":"summary_large_image","twitter_misc":{"Tiempo de lectura":"1 minute"},"schema":{"@context":"https:\/\/schema.org","@graph":[{"@type":"WebPage","@id":"https:\/\/my-french-grocery.com\/es\/producto\/solomillo-de-cerdo-pure-de-patatas-la-cuisine-doceane\/","url":"https:\/\/my-french-grocery.com\/es\/producto\/solomillo-de-cerdo-pure-de-patatas-la-cuisine-doceane\/","name":"Solomillo De Cerdo & Pur\u00e9 De Patatas La Cuisine D'Oc\u00e9ane | Comprar En Linea | My French Grocery","isPartOf":{"@id":"https:\/\/my-french-grocery.com\/es\/#website"},"primaryImageOfPage":{"@id":"https:\/\/my-french-grocery.com\/es\/producto\/solomillo-de-cerdo-pure-de-patatas-la-cuisine-doceane\/#primaryimage"},"image":{"@id":"https:\/\/my-french-grocery.com\/es\/producto\/solomillo-de-cerdo-pure-de-patatas-la-cuisine-doceane\/#primaryimage"},"thumbnailUrl":"https:\/\/my-french-grocery.com\/wp-content\/uploads\/2024\/11\/Pork-tenderloin-and-mashed-potatoes-LA-CUISINE-DOCEANE.webp","datePublished":"2024-11-05T17:58:56+00:00","dateModified":"2024-11-12T19:26:16+00:00","description":"Solomillo De Cerdo & Pur\u00e9 De Patatas La Cuisine D'Oc\u00e9ane - Plato de 300 g - \u00a1He seleccionado para ti tiernos trozos de filet mignon, sazonados con una salsa cocida con 2 mostazas!","breadcrumb":{"@id":"https:\/\/my-french-grocery.com\/es\/producto\/solomillo-de-cerdo-pure-de-patatas-la-cuisine-doceane\/#breadcrumb"},"inLanguage":"es-ES","potentialAction":[{"@type":"ReadAction","target":["https:\/\/my-french-grocery.com\/es\/producto\/solomillo-de-cerdo-pure-de-patatas-la-cuisine-doceane\/"]}]},{"@type":"ImageObject","inLanguage":"es-ES","@id":"https:\/\/my-french-grocery.com\/es\/producto\/solomillo-de-cerdo-pure-de-patatas-la-cuisine-doceane\/#primaryimage","url":"https:\/\/my-french-grocery.com\/wp-content\/uploads\/2024\/11\/Pork-tenderloin-and-mashed-potatoes-LA-CUISINE-DOCEANE.webp","contentUrl":"https:\/\/my-french-grocery.com\/wp-content\/uploads\/2024\/11\/Pork-tenderloin-and-mashed-potatoes-LA-CUISINE-DOCEANE.webp","width":1500,"height":1500,"caption":"Solomillo De Cerdo & Pur\u00e9 De Patatas La Cuisine D'Oc\u00e9ane"},{"@type":"BreadcrumbList","@id":"https:\/\/my-french-grocery.com\/es\/producto\/solomillo-de-cerdo-pure-de-patatas-la-cuisine-doceane\/#breadcrumb","itemListElement":[{"@type":"ListItem","position":1,"name":"Home","item":"https:\/\/my-french-grocery.com\/es\/tienda-2\/"},{"@type":"ListItem","position":2,"name":"Shop","item":"https:\/\/my-french-grocery.com\/shop\/"},{"@type":"ListItem","position":3,"name":"Comida","item":"https:\/\/my-french-grocery.com\/es\/categoria-producto\/comida\/"},{"@type":"ListItem","position":4,"name":"Conservas &amp; Comidas Preparadas","item":"https:\/\/my-french-grocery.com\/es\/categoria-producto\/comida\/conservas-comidas-preparadas\/"},{"@type":"ListItem","position":5,"name":"Comidas Preparadas","item":"https:\/\/my-french-grocery.com\/es\/categoria-producto\/comida\/conservas-comidas-preparadas\/comidas-preparadas\/"},{"@type":"ListItem","position":6,"name":"Solomillo De Cerdo &#038; Pur\u00e9 De Patatas La Cuisine D&#8217;Oc\u00e9ane"}]},{"@type":"WebSite","@id":"https:\/\/my-french-grocery.com\/es\/#website","url":"https:\/\/my-french-grocery.com\/es\/","name":"My French Grocery","description":"Your Online French Grocery  !","publisher":{"@id":"https:\/\/my-french-grocery.com\/es\/#organization"},"potentialAction":[{"@type":"SearchAction","target":{"@type":"EntryPoint","urlTemplate":"https:\/\/my-french-grocery.com\/es\/?s={search_term_string}"},"query-input":{"@type":"PropertyValueSpecification","valueRequired":true,"valueName":"search_term_string"}}],"inLanguage":"es-ES"},{"@type":"Organization","@id":"https:\/\/my-french-grocery.com\/es\/#organization","name":"MY FRENCH GROCERY","url":"https:\/\/my-french-grocery.com\/es\/","logo":{"@type":"ImageObject","inLanguage":"es-ES","@id":"https:\/\/my-french-grocery.com\/es\/#\/schema\/logo\/image\/","url":"https:\/\/my-french-grocery.com\/wp-content\/uploads\/2021\/11\/My-French-Grocery-Online-French-Grocery.png","contentUrl":"https:\/\/my-french-grocery.com\/wp-content\/uploads\/2021\/11\/My-French-Grocery-Online-French-Grocery.png","width":100,"height":100,"caption":"MY FRENCH GROCERY"},"image":{"@id":"https:\/\/my-french-grocery.com\/es\/#\/schema\/logo\/image\/"},"sameAs":["https:\/\/www.facebook.com\/myfrenchgrocery\/"]}]}},"brands":[{"id":3832,"name":"La Cuisine D'Oc\u00e9ane","slug":"la-cuisine-doceane-es"}],"_links":{"self":[{"href":"https:\/\/my-french-grocery.com\/es\/wp-json\/wp\/v2\/product\/44710","targetHints":{"allow":["GET"]}}],"collection":[{"href":"https:\/\/my-french-grocery.com\/es\/wp-json\/wp\/v2\/product"}],"about":[{"href":"https:\/\/my-french-grocery.com\/es\/wp-json\/wp\/v2\/types\/product"}],"replies":[{"embeddable":true,"href":"https:\/\/my-french-grocery.com\/es\/wp-json\/wp\/v2\/comments?post=44710"}],"wp:featuredmedia":[{"embeddable":true,"href":"https:\/\/my-french-grocery.com\/es\/wp-json\/wp\/v2\/media\/44719"}],"wp:attachment":[{"href":"https:\/\/my-french-grocery.com\/es\/wp-json\/wp\/v2\/media?parent=44710"}],"wp:term":[{"taxonomy":"pwb-brand","embeddable":true,"href":"https:\/\/my-french-grocery.com\/es\/wp-json\/wp\/v2\/pwb-brand?post=44710"},{"taxonomy":"product_brand","embeddable":true,"href":"https:\/\/my-french-grocery.com\/es\/wp-json\/wp\/v2\/product_brand?post=44710"},{"taxonomy":"product_cat","embeddable":true,"href":"https:\/\/my-french-grocery.com\/es\/wp-json\/wp\/v2\/product_cat?post=44710"},{"taxonomy":"product_tag","embeddable":true,"href":"https:\/\/my-french-grocery.com\/es\/wp-json\/wp\/v2\/product_tag?post=44710"}],"curies":[{"name":"wp","href":"https:\/\/api.w.org\/{rel}","templated":true}]}}