{"id":45887,"date":"2025-01-05T19:00:56","date_gmt":"2024-12-26T18:41:57","guid":{"rendered":"https:\/\/my-french-grocery.com\/?post_type=product&#038;p=45887"},"modified":"2024-12-26T21:05:35","modified_gmt":"2024-12-26T19:05:35","slug":"infusion-de-tilo-limon-elephant","status":"publish","type":"product","link":"https:\/\/my-french-grocery.com\/es\/producto\/infusion-de-tilo-limon-elephant\/","title":{"rendered":"Infusi\u00f3n De Tilo &#038; Lim\u00f3n Elephant"},"content":{"rendered":"<p>Infusi\u00f3n De Tilo & Lim\u00f3n Elephant<\/p>\n<p class=\"product-title__packaging c-text c-text--size-m c-text--style-p\">caja de 20 sobres<\/p>\n<p>Alegra tu taza saboreando las notas arom\u00e1ticas y florales de la tila combinadas con las notas ligeramente picantes del lim\u00f3n gracias a la infusi\u00f3n de Lima Lima y sus 20 Sobres Pyramid\u00ae. Un delicioso equilibrio revelado por la frescura de una nota de lima.<\/p>\n<p>\u00a0<\/p>\n","protected":false},"excerpt":{"rendered":"<p>Infusi\u00f3n De Tilo &amp; Lim\u00f3n Elephant<\/p>\n<p class=\"product-title__packaging c-text c-text--size-m c-text--style-p\">caja de 20 sobres<\/p>\n<p>&nbsp;<\/p>\n","protected":false},"featured_media":45896,"comment_status":"open","ping_status":"closed","template":"","meta":[],"pwb-brand":[],"product_brand":[],"product_cat":[1722],"product_tag":[3889,3520,3500],"class_list":{"0":"post-45887","1":"product","2":"type-product","3":"status-publish","4":"has-post-thumbnail","6":"product_cat-te","7":"product_tag-elephant-es","8":"product_tag-infusion-es","9":"product_tag-te-es","10":"product_shipping_class-expedicion-mundial","12":"first","13":"instock","14":"taxable","15":"shipping-taxable","16":"purchasable","17":"product-type-simple"},"brands":[],"_links":{"self":[{"href":"https:\/\/my-french-grocery.com\/es\/wp-json\/wp\/v2\/product\/45887","targetHints":{"allow":["GET"]}}],"collection":[{"href":"https:\/\/my-french-grocery.com\/es\/wp-json\/wp\/v2\/product"}],"about":[{"href":"https:\/\/my-french-grocery.com\/es\/wp-json\/wp\/v2\/types\/product"}],"replies":[{"embeddable":true,"href":"https:\/\/my-french-grocery.com\/es\/wp-json\/wp\/v2\/comments?post=45887"}],"wp:featuredmedia":[{"embeddable":true,"href":"https:\/\/my-french-grocery.com\/es\/wp-json\/wp\/v2\/media\/45896"}],"wp:attachment":[{"href":"https:\/\/my-french-grocery.com\/es\/wp-json\/wp\/v2\/media?parent=45887"}],"wp:term":[{"taxonomy":"pwb-brand","embeddable":true,"href":"https:\/\/my-french-grocery.com\/es\/wp-json\/wp\/v2\/pwb-brand?post=45887"},{"taxonomy":"product_brand","embeddable":true,"href":"https:\/\/my-french-grocery.com\/es\/wp-json\/wp\/v2\/product_brand?post=45887"},{"taxonomy":"product_cat","embeddable":true,"href":"https:\/\/my-french-grocery.com\/es\/wp-json\/wp\/v2\/product_cat?post=45887"},{"taxonomy":"product_tag","embeddable":true,"href":"https:\/\/my-french-grocery.com\/es\/wp-json\/wp\/v2\/product_tag?post=45887"}],"curies":[{"name":"wp","href":"https:\/\/api.w.org\/{rel}","templated":true}]}}