{"id":46750,"date":"2025-02-13T16:03:09","date_gmt":"2025-02-13T14:03:10","guid":{"rendered":"https:\/\/my-french-grocery.com\/?post_type=product&#038;p=46750"},"modified":"2025-02-13T17:21:06","modified_gmt":"2025-02-13T15:21:06","slug":"infusion-digestiva-ligera-elephant","status":"publish","type":"product","link":"https:\/\/my-french-grocery.com\/es\/producto\/infusion-digestiva-ligera-elephant\/","title":{"rendered":"Infusi\u00f3n Digestiva Ligera Elephant"},"content":{"rendered":"<p>Infusi\u00f3n Digestiva Ligera Elephant<\/p>\n<p class=\"product-title__packaging c-text c-text--size-m c-text--style-p\">caja de 20 sobres<\/p>\n<p>Con la infusi\u00f3n Light Digestion y sus 20 Sachets Pyramid\u00ae, t\u00f3mate la vida con ligereza saboreando el refrescante sabor de la hoja de menta, conocida por sus propiedades digestivas, combinado con las notas florales de la manzanilla y las deliciosas notas amaderadas del rooibos.<\/p>\n<p>&nbsp;<\/p>\n","protected":false},"excerpt":{"rendered":"<p>Infusi\u00f3n Digestiva Ligera Elephant<\/p>\n<p class=\"product-title__packaging c-text c-text--size-m c-text--style-p\">caja de 20 sobres<\/p>\n","protected":false},"featured_media":46759,"comment_status":"open","ping_status":"closed","template":"","meta":[],"pwb-brand":[3901],"product_brand":[],"product_cat":[1722],"product_tag":[3889,3520,3500],"class_list":{"0":"post-46750","1":"product","2":"type-product","3":"status-publish","4":"has-post-thumbnail","6":"pwb-brand-elephant-es-2","7":"product_cat-te","8":"product_tag-elephant-es","9":"product_tag-infusion-es","10":"product_tag-te-es","11":"product_shipping_class-expedicion-mundial","13":"first","14":"instock","15":"taxable","16":"shipping-taxable","17":"purchasable","18":"product-type-simple"},"yoast_head":"<!-- This site is optimized with the Yoast SEO plugin v27.3 - https:\/\/yoast.com\/product\/yoast-seo-wordpress\/ -->\n<title>Infusi\u00f3n Digestiva Ligera Elephant | Comprar En Linea | My French Grocery<\/title>\n<meta name=\"description\" content=\"Infusi\u00f3n Digestiva Ligera Elephant - caja de 20 sobres - Con la infusi\u00f3n Light Digestion y sus 20 Sachets Pyramid\u00ae, t\u00f3mate la vida con ligereza saboreando el refrescante sabor de la hoja de menta\" \/>\n<meta name=\"robots\" content=\"index, follow, max-snippet:-1, max-image-preview:large, max-video-preview:-1\" \/>\n<link rel=\"canonical\" href=\"https:\/\/my-french-grocery.com\/es\/producto\/infusion-digestiva-ligera-elephant\/\" \/>\n<meta property=\"og:locale\" content=\"es_ES\" \/>\n<meta property=\"og:type\" content=\"article\" \/>\n<meta property=\"og:title\" content=\"Infusi\u00f3n Digestiva Ligera Elephant | Comprar En Linea | My French Grocery\" \/>\n<meta property=\"og:description\" content=\"Infusi\u00f3n Digestiva Ligera Elephant - caja de 20 sobres - Con la infusi\u00f3n Light Digestion y sus 20 Sachets Pyramid\u00ae, t\u00f3mate la vida con ligereza saboreando el refrescante sabor de la hoja de menta\" \/>\n<meta property=\"og:url\" content=\"https:\/\/my-french-grocery.com\/es\/producto\/infusion-digestiva-ligera-elephant\/\" \/>\n<meta property=\"og:site_name\" content=\"My French Grocery\" \/>\n<meta property=\"article:publisher\" content=\"https:\/\/www.facebook.com\/myfrenchgrocery\/\" \/>\n<meta property=\"article:modified_time\" content=\"2025-02-13T15:21:06+00:00\" \/>\n<meta property=\"og:image\" content=\"https:\/\/my-french-grocery.com\/wp-content\/uploads\/2025\/02\/ELEPHANT-light-digestion-infusion.webp\" \/>\n\t<meta property=\"og:image:width\" content=\"1500\" \/>\n\t<meta property=\"og:image:height\" content=\"1500\" \/>\n\t<meta property=\"og:image:type\" content=\"image\/webp\" \/>\n<meta name=\"twitter:card\" content=\"summary_large_image\" \/>\n<meta name=\"twitter:label1\" content=\"Tiempo de lectura\" \/>\n\t<meta name=\"twitter:data1\" content=\"1 minute\" \/>\n<script type=\"application\/ld+json\" class=\"yoast-schema-graph\">{\"@context\":\"https:\\\/\\\/schema.org\",\"@graph\":[{\"@type\":\"WebPage\",\"@id\":\"https:\\\/\\\/my-french-grocery.com\\\/es\\\/producto\\\/infusion-digestiva-ligera-elephant\\\/\",\"url\":\"https:\\\/\\\/my-french-grocery.com\\\/es\\\/producto\\\/infusion-digestiva-ligera-elephant\\\/\",\"name\":\"Infusi\u00f3n Digestiva Ligera Elephant | Comprar En Linea | My French Grocery\",\"isPartOf\":{\"@id\":\"https:\\\/\\\/my-french-grocery.com\\\/es\\\/#website\"},\"primaryImageOfPage\":{\"@id\":\"https:\\\/\\\/my-french-grocery.com\\\/es\\\/producto\\\/infusion-digestiva-ligera-elephant\\\/#primaryimage\"},\"image\":{\"@id\":\"https:\\\/\\\/my-french-grocery.com\\\/es\\\/producto\\\/infusion-digestiva-ligera-elephant\\\/#primaryimage\"},\"thumbnailUrl\":\"https:\\\/\\\/my-french-grocery.com\\\/wp-content\\\/uploads\\\/2025\\\/02\\\/ELEPHANT-light-digestion-infusion.webp\",\"datePublished\":\"2025-02-13T14:03:10+00:00\",\"dateModified\":\"2025-02-13T15:21:06+00:00\",\"description\":\"Infusi\u00f3n Digestiva Ligera Elephant - caja de 20 sobres - Con la infusi\u00f3n Light Digestion y sus 20 Sachets Pyramid\u00ae, t\u00f3mate la vida con ligereza saboreando el refrescante sabor de la hoja de menta\",\"breadcrumb\":{\"@id\":\"https:\\\/\\\/my-french-grocery.com\\\/es\\\/producto\\\/infusion-digestiva-ligera-elephant\\\/#breadcrumb\"},\"inLanguage\":\"es-ES\",\"potentialAction\":[{\"@type\":\"ReadAction\",\"target\":[\"https:\\\/\\\/my-french-grocery.com\\\/es\\\/producto\\\/infusion-digestiva-ligera-elephant\\\/\"]}]},{\"@type\":\"ImageObject\",\"inLanguage\":\"es-ES\",\"@id\":\"https:\\\/\\\/my-french-grocery.com\\\/es\\\/producto\\\/infusion-digestiva-ligera-elephant\\\/#primaryimage\",\"url\":\"https:\\\/\\\/my-french-grocery.com\\\/wp-content\\\/uploads\\\/2025\\\/02\\\/ELEPHANT-light-digestion-infusion.webp\",\"contentUrl\":\"https:\\\/\\\/my-french-grocery.com\\\/wp-content\\\/uploads\\\/2025\\\/02\\\/ELEPHANT-light-digestion-infusion.webp\",\"width\":1500,\"height\":1500,\"caption\":\"Infusi\u00f3n Digestiva Ligera Elephant\"},{\"@type\":\"BreadcrumbList\",\"@id\":\"https:\\\/\\\/my-french-grocery.com\\\/es\\\/producto\\\/infusion-digestiva-ligera-elephant\\\/#breadcrumb\",\"itemListElement\":[{\"@type\":\"ListItem\",\"position\":1,\"name\":\"Home\",\"item\":\"https:\\\/\\\/my-french-grocery.com\\\/es\\\/tienda-2\\\/\"},{\"@type\":\"ListItem\",\"position\":2,\"name\":\"Shop\",\"item\":\"https:\\\/\\\/my-french-grocery.com\\\/shop\\\/\"},{\"@type\":\"ListItem\",\"position\":3,\"name\":\"Comida\",\"item\":\"https:\\\/\\\/my-french-grocery.com\\\/es\\\/categoria-producto\\\/comida\\\/\"},{\"@type\":\"ListItem\",\"position\":4,\"name\":\"T\u00e9, Caf\u00e9, Chocolate En Polvo\",\"item\":\"https:\\\/\\\/my-french-grocery.com\\\/es\\\/categoria-producto\\\/comida\\\/te-cafe-chocolate-en-polvo\\\/\"},{\"@type\":\"ListItem\",\"position\":5,\"name\":\"T\u00e9\",\"item\":\"https:\\\/\\\/my-french-grocery.com\\\/es\\\/categoria-producto\\\/comida\\\/te-cafe-chocolate-en-polvo\\\/te\\\/\"},{\"@type\":\"ListItem\",\"position\":6,\"name\":\"Infusi\u00f3n Digestiva Ligera Elephant\"}]},{\"@type\":\"WebSite\",\"@id\":\"https:\\\/\\\/my-french-grocery.com\\\/es\\\/#website\",\"url\":\"https:\\\/\\\/my-french-grocery.com\\\/es\\\/\",\"name\":\"My French Grocery\",\"description\":\"Your Online French Grocery  !\",\"publisher\":{\"@id\":\"https:\\\/\\\/my-french-grocery.com\\\/es\\\/#organization\"},\"potentialAction\":[{\"@type\":\"SearchAction\",\"target\":{\"@type\":\"EntryPoint\",\"urlTemplate\":\"https:\\\/\\\/my-french-grocery.com\\\/es\\\/?s={search_term_string}\"},\"query-input\":{\"@type\":\"PropertyValueSpecification\",\"valueRequired\":true,\"valueName\":\"search_term_string\"}}],\"inLanguage\":\"es-ES\"},{\"@type\":\"Organization\",\"@id\":\"https:\\\/\\\/my-french-grocery.com\\\/es\\\/#organization\",\"name\":\"MY FRENCH GROCERY\",\"url\":\"https:\\\/\\\/my-french-grocery.com\\\/es\\\/\",\"logo\":{\"@type\":\"ImageObject\",\"inLanguage\":\"es-ES\",\"@id\":\"https:\\\/\\\/my-french-grocery.com\\\/es\\\/#\\\/schema\\\/logo\\\/image\\\/\",\"url\":\"https:\\\/\\\/my-french-grocery.com\\\/wp-content\\\/uploads\\\/2021\\\/11\\\/My-French-Grocery-Online-French-Grocery.png\",\"contentUrl\":\"https:\\\/\\\/my-french-grocery.com\\\/wp-content\\\/uploads\\\/2021\\\/11\\\/My-French-Grocery-Online-French-Grocery.png\",\"width\":100,\"height\":100,\"caption\":\"MY FRENCH GROCERY\"},\"image\":{\"@id\":\"https:\\\/\\\/my-french-grocery.com\\\/es\\\/#\\\/schema\\\/logo\\\/image\\\/\"},\"sameAs\":[\"https:\\\/\\\/www.facebook.com\\\/myfrenchgrocery\\\/\"]}]}<\/script>\n<!-- \/ Yoast SEO plugin. -->","yoast_head_json":{"title":"Infusi\u00f3n Digestiva Ligera Elephant | Comprar En Linea | My French Grocery","description":"Infusi\u00f3n Digestiva Ligera Elephant - caja de 20 sobres - Con la infusi\u00f3n Light Digestion y sus 20 Sachets Pyramid\u00ae, t\u00f3mate la vida con ligereza saboreando el refrescante sabor de la hoja de menta","robots":{"index":"index","follow":"follow","max-snippet":"max-snippet:-1","max-image-preview":"max-image-preview:large","max-video-preview":"max-video-preview:-1"},"canonical":"https:\/\/my-french-grocery.com\/es\/producto\/infusion-digestiva-ligera-elephant\/","og_locale":"es_ES","og_type":"article","og_title":"Infusi\u00f3n Digestiva Ligera Elephant | Comprar En Linea | My French Grocery","og_description":"Infusi\u00f3n Digestiva Ligera Elephant - caja de 20 sobres - Con la infusi\u00f3n Light Digestion y sus 20 Sachets Pyramid\u00ae, t\u00f3mate la vida con ligereza saboreando el refrescante sabor de la hoja de menta","og_url":"https:\/\/my-french-grocery.com\/es\/producto\/infusion-digestiva-ligera-elephant\/","og_site_name":"My French Grocery","article_publisher":"https:\/\/www.facebook.com\/myfrenchgrocery\/","article_modified_time":"2025-02-13T15:21:06+00:00","og_image":[{"width":1500,"height":1500,"url":"https:\/\/my-french-grocery.com\/wp-content\/uploads\/2025\/02\/ELEPHANT-light-digestion-infusion.webp","type":"image\/webp"}],"twitter_card":"summary_large_image","twitter_misc":{"Tiempo de lectura":"1 minute"},"schema":{"@context":"https:\/\/schema.org","@graph":[{"@type":"WebPage","@id":"https:\/\/my-french-grocery.com\/es\/producto\/infusion-digestiva-ligera-elephant\/","url":"https:\/\/my-french-grocery.com\/es\/producto\/infusion-digestiva-ligera-elephant\/","name":"Infusi\u00f3n Digestiva Ligera Elephant | Comprar En Linea | My French Grocery","isPartOf":{"@id":"https:\/\/my-french-grocery.com\/es\/#website"},"primaryImageOfPage":{"@id":"https:\/\/my-french-grocery.com\/es\/producto\/infusion-digestiva-ligera-elephant\/#primaryimage"},"image":{"@id":"https:\/\/my-french-grocery.com\/es\/producto\/infusion-digestiva-ligera-elephant\/#primaryimage"},"thumbnailUrl":"https:\/\/my-french-grocery.com\/wp-content\/uploads\/2025\/02\/ELEPHANT-light-digestion-infusion.webp","datePublished":"2025-02-13T14:03:10+00:00","dateModified":"2025-02-13T15:21:06+00:00","description":"Infusi\u00f3n Digestiva Ligera Elephant - caja de 20 sobres - Con la infusi\u00f3n Light Digestion y sus 20 Sachets Pyramid\u00ae, t\u00f3mate la vida con ligereza saboreando el refrescante sabor de la hoja de menta","breadcrumb":{"@id":"https:\/\/my-french-grocery.com\/es\/producto\/infusion-digestiva-ligera-elephant\/#breadcrumb"},"inLanguage":"es-ES","potentialAction":[{"@type":"ReadAction","target":["https:\/\/my-french-grocery.com\/es\/producto\/infusion-digestiva-ligera-elephant\/"]}]},{"@type":"ImageObject","inLanguage":"es-ES","@id":"https:\/\/my-french-grocery.com\/es\/producto\/infusion-digestiva-ligera-elephant\/#primaryimage","url":"https:\/\/my-french-grocery.com\/wp-content\/uploads\/2025\/02\/ELEPHANT-light-digestion-infusion.webp","contentUrl":"https:\/\/my-french-grocery.com\/wp-content\/uploads\/2025\/02\/ELEPHANT-light-digestion-infusion.webp","width":1500,"height":1500,"caption":"Infusi\u00f3n Digestiva Ligera Elephant"},{"@type":"BreadcrumbList","@id":"https:\/\/my-french-grocery.com\/es\/producto\/infusion-digestiva-ligera-elephant\/#breadcrumb","itemListElement":[{"@type":"ListItem","position":1,"name":"Home","item":"https:\/\/my-french-grocery.com\/es\/tienda-2\/"},{"@type":"ListItem","position":2,"name":"Shop","item":"https:\/\/my-french-grocery.com\/shop\/"},{"@type":"ListItem","position":3,"name":"Comida","item":"https:\/\/my-french-grocery.com\/es\/categoria-producto\/comida\/"},{"@type":"ListItem","position":4,"name":"T\u00e9, Caf\u00e9, Chocolate En Polvo","item":"https:\/\/my-french-grocery.com\/es\/categoria-producto\/comida\/te-cafe-chocolate-en-polvo\/"},{"@type":"ListItem","position":5,"name":"T\u00e9","item":"https:\/\/my-french-grocery.com\/es\/categoria-producto\/comida\/te-cafe-chocolate-en-polvo\/te\/"},{"@type":"ListItem","position":6,"name":"Infusi\u00f3n Digestiva Ligera Elephant"}]},{"@type":"WebSite","@id":"https:\/\/my-french-grocery.com\/es\/#website","url":"https:\/\/my-french-grocery.com\/es\/","name":"My French Grocery","description":"Your Online French Grocery  !","publisher":{"@id":"https:\/\/my-french-grocery.com\/es\/#organization"},"potentialAction":[{"@type":"SearchAction","target":{"@type":"EntryPoint","urlTemplate":"https:\/\/my-french-grocery.com\/es\/?s={search_term_string}"},"query-input":{"@type":"PropertyValueSpecification","valueRequired":true,"valueName":"search_term_string"}}],"inLanguage":"es-ES"},{"@type":"Organization","@id":"https:\/\/my-french-grocery.com\/es\/#organization","name":"MY FRENCH GROCERY","url":"https:\/\/my-french-grocery.com\/es\/","logo":{"@type":"ImageObject","inLanguage":"es-ES","@id":"https:\/\/my-french-grocery.com\/es\/#\/schema\/logo\/image\/","url":"https:\/\/my-french-grocery.com\/wp-content\/uploads\/2021\/11\/My-French-Grocery-Online-French-Grocery.png","contentUrl":"https:\/\/my-french-grocery.com\/wp-content\/uploads\/2021\/11\/My-French-Grocery-Online-French-Grocery.png","width":100,"height":100,"caption":"MY FRENCH GROCERY"},"image":{"@id":"https:\/\/my-french-grocery.com\/es\/#\/schema\/logo\/image\/"},"sameAs":["https:\/\/www.facebook.com\/myfrenchgrocery\/"]}]}},"brands":[{"id":3901,"name":"Elephant","slug":"elephant-es-2"}],"_links":{"self":[{"href":"https:\/\/my-french-grocery.com\/es\/wp-json\/wp\/v2\/product\/46750","targetHints":{"allow":["GET"]}}],"collection":[{"href":"https:\/\/my-french-grocery.com\/es\/wp-json\/wp\/v2\/product"}],"about":[{"href":"https:\/\/my-french-grocery.com\/es\/wp-json\/wp\/v2\/types\/product"}],"replies":[{"embeddable":true,"href":"https:\/\/my-french-grocery.com\/es\/wp-json\/wp\/v2\/comments?post=46750"}],"wp:featuredmedia":[{"embeddable":true,"href":"https:\/\/my-french-grocery.com\/es\/wp-json\/wp\/v2\/media\/46759"}],"wp:attachment":[{"href":"https:\/\/my-french-grocery.com\/es\/wp-json\/wp\/v2\/media?parent=46750"}],"wp:term":[{"taxonomy":"pwb-brand","embeddable":true,"href":"https:\/\/my-french-grocery.com\/es\/wp-json\/wp\/v2\/pwb-brand?post=46750"},{"taxonomy":"product_brand","embeddable":true,"href":"https:\/\/my-french-grocery.com\/es\/wp-json\/wp\/v2\/product_brand?post=46750"},{"taxonomy":"product_cat","embeddable":true,"href":"https:\/\/my-french-grocery.com\/es\/wp-json\/wp\/v2\/product_cat?post=46750"},{"taxonomy":"product_tag","embeddable":true,"href":"https:\/\/my-french-grocery.com\/es\/wp-json\/wp\/v2\/product_tag?post=46750"}],"curies":[{"name":"wp","href":"https:\/\/api.w.org\/{rel}","templated":true}]}}