{"id":47249,"date":"2025-02-27T18:28:49","date_gmt":"2025-02-27T16:28:50","guid":{"rendered":"https:\/\/my-french-grocery.com\/?post_type=product&#038;p=47249"},"modified":"2025-04-02T18:46:17","modified_gmt":"2025-04-02T16:46:17","slug":"original-eau-de-toilette-brut","status":"publish","type":"product","link":"https:\/\/my-french-grocery.com\/es\/producto\/original-eau-de-toilette-brut\/","title":{"rendered":"Original Eau de Toilette Brut"},"content":{"rendered":"<p>Original Eau de Toilette Brut<\/p>\n<p>botella de 100 ml<\/p>\n<p>D\u00e9jate seducir por la fragancia masculina original, ic\u00f3nica y atemporal. Su ic\u00f3nica fragancia que combina notas de helecho, menta, lavanda y s\u00e1ndalo deja tu piel fresca durante todo el d\u00eda. En su ic\u00f3nica botella de vidrio de 100 ml, Eau de Toilette Brut Original te brinda una eficacia duradera para sentirte seguro durante todo el d\u00eda.<\/p>\n","protected":false},"excerpt":{"rendered":"<p>Original Eau de Toilette Brut<\/p>\n<p>botella de 100 ml<\/p>\n<p>&nbsp;<\/p>\n","protected":false},"featured_media":47258,"comment_status":"open","ping_status":"closed","template":"","meta":[],"pwb-brand":[3951],"product_brand":[],"product_cat":[1670],"product_tag":[3950,1831],"class_list":{"0":"post-47249","1":"product","2":"type-product","3":"status-publish","4":"has-post-thumbnail","6":"pwb-brand-brut-es","7":"product_cat-perfumes-agua-de-tocador","8":"product_tag-brut-es","9":"product_tag-fragancia","10":"product_shipping_class-expedicion-mundial","12":"first","13":"instock","14":"taxable","15":"shipping-taxable","16":"purchasable","17":"product-type-simple"},"brands":[{"id":3951,"name":"Brut","slug":"brut-es"}],"_links":{"self":[{"href":"https:\/\/my-french-grocery.com\/es\/wp-json\/wp\/v2\/product\/47249","targetHints":{"allow":["GET"]}}],"collection":[{"href":"https:\/\/my-french-grocery.com\/es\/wp-json\/wp\/v2\/product"}],"about":[{"href":"https:\/\/my-french-grocery.com\/es\/wp-json\/wp\/v2\/types\/product"}],"replies":[{"embeddable":true,"href":"https:\/\/my-french-grocery.com\/es\/wp-json\/wp\/v2\/comments?post=47249"}],"wp:featuredmedia":[{"embeddable":true,"href":"https:\/\/my-french-grocery.com\/es\/wp-json\/wp\/v2\/media\/47258"}],"wp:attachment":[{"href":"https:\/\/my-french-grocery.com\/es\/wp-json\/wp\/v2\/media?parent=47249"}],"wp:term":[{"taxonomy":"pwb-brand","embeddable":true,"href":"https:\/\/my-french-grocery.com\/es\/wp-json\/wp\/v2\/pwb-brand?post=47249"},{"taxonomy":"product_brand","embeddable":true,"href":"https:\/\/my-french-grocery.com\/es\/wp-json\/wp\/v2\/product_brand?post=47249"},{"taxonomy":"product_cat","embeddable":true,"href":"https:\/\/my-french-grocery.com\/es\/wp-json\/wp\/v2\/product_cat?post=47249"},{"taxonomy":"product_tag","embeddable":true,"href":"https:\/\/my-french-grocery.com\/es\/wp-json\/wp\/v2\/product_tag?post=47249"}],"curies":[{"name":"wp","href":"https:\/\/api.w.org\/{rel}","templated":true}]}}