{"id":47534,"date":"2025-03-26T18:21:56","date_gmt":"2025-03-26T16:21:57","guid":{"rendered":"https:\/\/my-french-grocery.com\/?post_type=product&#038;p=47534"},"modified":"2025-03-26T18:37:06","modified_gmt":"2025-03-26T16:37:06","slug":"extracto-de-cafe-liquido-vahine","status":"publish","type":"product","link":"https:\/\/my-french-grocery.com\/es\/producto\/extracto-de-cafe-liquido-vahine\/","title":{"rendered":"Extracto De Caf\u00e9 L\u00edquido Vahin\u00e9"},"content":{"rendered":"<p>Extracto De Caf\u00e9 L\u00edquido Vahin\u00e9<\/p>\n<p>Botella de 20ml<\/p>\n<p>Marca francesa establecida en Provenza desde 1972, Vahin\u00e9 le ofrece cada d\u00eda m\u00e1s de 200 productos de calidad cuidadosamente seleccionados para preparar y compartir deliciosos postres caseros.<\/p>\n","protected":false},"excerpt":{"rendered":"<p>Extracto De Caf\u00e9 L\u00edquido Vahin\u00e9<\/p>\n<p>Botella de 20ml<\/p>\n","protected":false},"featured_media":47543,"comment_status":"open","ping_status":"closed","template":"","meta":[],"pwb-brand":[1951],"product_brand":[],"product_cat":[1948],"product_tag":[1950],"class_list":{"0":"post-47534","1":"product","2":"type-product","3":"status-publish","4":"has-post-thumbnail","6":"pwb-brand-vahine-es","7":"product_cat-panaderia","8":"product_tag-vahine-es","9":"product_shipping_class-expedicion-mundial","11":"first","12":"instock","13":"taxable","14":"shipping-taxable","15":"purchasable","16":"product-type-simple"},"brands":[{"id":1951,"name":"Vahin\u00e9","slug":"vahine-es"}],"_links":{"self":[{"href":"https:\/\/my-french-grocery.com\/es\/wp-json\/wp\/v2\/product\/47534","targetHints":{"allow":["GET"]}}],"collection":[{"href":"https:\/\/my-french-grocery.com\/es\/wp-json\/wp\/v2\/product"}],"about":[{"href":"https:\/\/my-french-grocery.com\/es\/wp-json\/wp\/v2\/types\/product"}],"replies":[{"embeddable":true,"href":"https:\/\/my-french-grocery.com\/es\/wp-json\/wp\/v2\/comments?post=47534"}],"wp:featuredmedia":[{"embeddable":true,"href":"https:\/\/my-french-grocery.com\/es\/wp-json\/wp\/v2\/media\/47543"}],"wp:attachment":[{"href":"https:\/\/my-french-grocery.com\/es\/wp-json\/wp\/v2\/media?parent=47534"}],"wp:term":[{"taxonomy":"pwb-brand","embeddable":true,"href":"https:\/\/my-french-grocery.com\/es\/wp-json\/wp\/v2\/pwb-brand?post=47534"},{"taxonomy":"product_brand","embeddable":true,"href":"https:\/\/my-french-grocery.com\/es\/wp-json\/wp\/v2\/product_brand?post=47534"},{"taxonomy":"product_cat","embeddable":true,"href":"https:\/\/my-french-grocery.com\/es\/wp-json\/wp\/v2\/product_cat?post=47534"},{"taxonomy":"product_tag","embeddable":true,"href":"https:\/\/my-french-grocery.com\/es\/wp-json\/wp\/v2\/product_tag?post=47534"}],"curies":[{"name":"wp","href":"https:\/\/api.w.org\/{rel}","templated":true}]}}