{"id":47655,"date":"2025-03-29T12:58:50","date_gmt":"2025-03-29T10:58:52","guid":{"rendered":"https:\/\/my-french-grocery.com\/?post_type=product&#038;p=47655"},"modified":"2025-04-02T18:48:14","modified_gmt":"2025-04-02T16:48:14","slug":"agua-mineral-evian-6-x-05-litros","status":"publish","type":"product","link":"https:\/\/my-french-grocery.com\/es\/producto\/agua-mineral-evian-6-x-05-litros\/","title":{"rendered":"Agua Mineral Evian 6 X 0,5 Litros"},"content":{"rendered":"<p>Agua Mineral Evian 6 X 0,5 Litros<\/p>\n<p>paquete de 6 botellas de 50 cl<\/p>\n<p>Agua mineral sin gas Evian.<\/p>\n<p>Una buena hidrataci\u00f3n (2 L de agua al d\u00eda de cualquier fuente) ayuda a mantener un rendimiento f\u00edsico y mental \u00f3ptimo.<\/p>\n","protected":false},"excerpt":{"rendered":"<p>Agua Mineral Evian 6 X 0,5 Litros<\/p>\n<p>paquete de 6 botellas de 50 cl<\/p>\n","protected":false},"featured_media":47664,"comment_status":"open","ping_status":"closed","template":"","meta":[],"pwb-brand":[3966],"product_brand":[],"product_cat":[1705],"product_tag":[3971,3965],"class_list":{"0":"post-47655","1":"product","2":"type-product","3":"status-publish","4":"has-post-thumbnail","6":"pwb-brand-evian-es","7":"product_cat-agua-jugo-de-fruta-refrescos-jarabes","8":"product_tag-agua","9":"product_tag-evian-es","10":"product_shipping_class-expedicion-mundial","12":"first","13":"instock","14":"taxable","15":"shipping-taxable","16":"purchasable","17":"product-type-simple"},"brands":[{"id":3966,"name":"Evian","slug":"evian-es"}],"_links":{"self":[{"href":"https:\/\/my-french-grocery.com\/es\/wp-json\/wp\/v2\/product\/47655","targetHints":{"allow":["GET"]}}],"collection":[{"href":"https:\/\/my-french-grocery.com\/es\/wp-json\/wp\/v2\/product"}],"about":[{"href":"https:\/\/my-french-grocery.com\/es\/wp-json\/wp\/v2\/types\/product"}],"replies":[{"embeddable":true,"href":"https:\/\/my-french-grocery.com\/es\/wp-json\/wp\/v2\/comments?post=47655"}],"wp:featuredmedia":[{"embeddable":true,"href":"https:\/\/my-french-grocery.com\/es\/wp-json\/wp\/v2\/media\/47664"}],"wp:attachment":[{"href":"https:\/\/my-french-grocery.com\/es\/wp-json\/wp\/v2\/media?parent=47655"}],"wp:term":[{"taxonomy":"pwb-brand","embeddable":true,"href":"https:\/\/my-french-grocery.com\/es\/wp-json\/wp\/v2\/pwb-brand?post=47655"},{"taxonomy":"product_brand","embeddable":true,"href":"https:\/\/my-french-grocery.com\/es\/wp-json\/wp\/v2\/product_brand?post=47655"},{"taxonomy":"product_cat","embeddable":true,"href":"https:\/\/my-french-grocery.com\/es\/wp-json\/wp\/v2\/product_cat?post=47655"},{"taxonomy":"product_tag","embeddable":true,"href":"https:\/\/my-french-grocery.com\/es\/wp-json\/wp\/v2\/product_tag?post=47655"}],"curies":[{"name":"wp","href":"https:\/\/api.w.org\/{rel}","templated":true}]}}