{"id":47854,"date":"2025-04-09T19:25:07","date_gmt":"2025-04-09T17:25:07","guid":{"rendered":"https:\/\/my-french-grocery.com\/product\/gel-de-ducha-con-aceite-de-argan-cottage\/"},"modified":"2025-04-09T19:25:07","modified_gmt":"2025-04-09T17:25:07","slug":"gel-de-ducha-con-aceite-de-argan-cottage","status":"publish","type":"product","link":"https:\/\/my-french-grocery.com\/es\/producto\/gel-de-ducha-con-aceite-de-argan-cottage\/","title":{"rendered":"Gel De Ducha Con Aceite De Arg\u00e1n Cottage"},"content":{"rendered":"<p>Gel De Ducha Con Aceite De Arg\u00e1n Cottage<\/p>\n<p>botella de 560 ml<\/p>\n<p>El Aceite de Ducha Precioso Extra Nutritivo contiene un 97% de ingredientes de origen natural y est\u00e1 enriquecido con aceite de Arg\u00e1n. El Aceite de Ducha limpia la piel m\u00e1s delicada sin agredirla y sin dejar pel\u00edcula grasa.<\/p>\n","protected":false},"excerpt":{"rendered":"<p>Gel De Ducha Con Aceite De Arg\u00e1n Cottage<\/p>\n<p>botella de 560 ml<\/p>\n","protected":false},"featured_media":47849,"comment_status":"open","ping_status":"closed","template":"","meta":[],"product_brand":[],"product_cat":[1653,1672],"product_tag":[4003,4004,1991],"class_list":{"0":"post-47854","1":"product","2":"type-product","3":"status-publish","4":"has-post-thumbnail","6":"product_cat-gel-de-ducha","7":"product_cat-jabon-gel-de-ducha","8":"product_tag-argan-es","9":"product_tag-cottage-es","10":"product_tag-gel-de-ducha","12":"first","13":"instock","14":"taxable","15":"shipping-taxable","16":"purchasable","17":"product-type-simple"},"_links":{"self":[{"href":"https:\/\/my-french-grocery.com\/es\/wp-json\/wp\/v2\/product\/47854","targetHints":{"allow":["GET"]}}],"collection":[{"href":"https:\/\/my-french-grocery.com\/es\/wp-json\/wp\/v2\/product"}],"about":[{"href":"https:\/\/my-french-grocery.com\/es\/wp-json\/wp\/v2\/types\/product"}],"replies":[{"embeddable":true,"href":"https:\/\/my-french-grocery.com\/es\/wp-json\/wp\/v2\/comments?post=47854"}],"wp:featuredmedia":[{"embeddable":true,"href":"https:\/\/my-french-grocery.com\/es\/wp-json\/wp\/v2\/media\/47849"}],"wp:attachment":[{"href":"https:\/\/my-french-grocery.com\/es\/wp-json\/wp\/v2\/media?parent=47854"}],"wp:term":[{"taxonomy":"product_brand","embeddable":true,"href":"https:\/\/my-french-grocery.com\/es\/wp-json\/wp\/v2\/product_brand?post=47854"},{"taxonomy":"product_cat","embeddable":true,"href":"https:\/\/my-french-grocery.com\/es\/wp-json\/wp\/v2\/product_cat?post=47854"},{"taxonomy":"product_tag","embeddable":true,"href":"https:\/\/my-french-grocery.com\/es\/wp-json\/wp\/v2\/product_tag?post=47854"}],"curies":[{"name":"wp","href":"https:\/\/api.w.org\/{rel}","templated":true}]}}