{"id":48651,"date":"2018-09-07T17:44:32","date_gmt":"2025-05-12T15:44:34","guid":{"rendered":"https:\/\/my-french-grocery.com\/?post_type=product&#038;p=48651"},"modified":"2025-05-12T17:57:37","modified_gmt":"2025-05-12T15:57:37","slug":"galletas-de-aperitivo-sabor-queso-lays-3d-copy","status":"publish","type":"product","link":"https:\/\/my-french-grocery.com\/es\/producto\/galletas-de-aperitivo-sabor-queso-lays-3d-copy\/","title":{"rendered":"Galletas De Aperitivo Sabor Natural Fritelle Lay\u2019s 3D"},"content":{"rendered":"<p>Galletas De Aperitivo Sabor Natural Fritelle Lay\u2019s 3D<\/p>\n<p>bolsa de 80 g<\/p>\n<p>LAY&#8217;S FRITELLE SABOR NATURAL, PARA COMPLACER A TODA LA FAMILIA: \u00a1Descubre Lay&#8217;s Fritelle, una receta con un delicioso sabor a papa, una textura crujiente y una original forma de papas fritas! \u00a1Una receta deliciosa para a\u00fan m\u00e1s sabor y placer como aperitivo! UNA RECETA \u00daNICA: Todo comienza con patatas cultivadas en granja, cocinadas y condimentadas a la perfecci\u00f3n.<\/p>\n","protected":false},"excerpt":{"rendered":"<p>Galletas De Aperitivo Sabor Natural Fritelle Lay\u2019s 3D<\/p>\n<p>bolsa de 80 g<\/p>\n","protected":false},"featured_media":48660,"comment_status":"open","ping_status":"closed","template":"","meta":[],"pwb-brand":[4060],"product_brand":[],"product_cat":[1888],"product_tag":[1892,4059],"class_list":{"0":"post-48651","1":"product","2":"type-product","3":"status-publish","4":"has-post-thumbnail","6":"pwb-brand-lays-es","7":"product_cat-patatas-fritas-galletas-saladas","8":"product_tag-galletas-saladas","9":"product_tag-lays-es","10":"product_shipping_class-expedicion-mundial","12":"first","13":"instock","14":"taxable","15":"shipping-taxable","16":"purchasable","17":"product-type-simple"},"yoast_head":"<!-- This site is optimized with the Yoast SEO plugin v27.3 - https:\/\/yoast.com\/product\/yoast-seo-wordpress\/ -->\n<title>Galletas De Aperitivo Sabor Natural Fritelle Lay\u2019s 3D | Comprar En Linea | My French Grocery<\/title>\n<meta name=\"description\" content=\"Galletas De Aperitivo Sabor Natural Fritelle Lay\u2019s 3D - bolsa de 80 g - LAY&#039;S FRITELLE SABOR NATURAL, PARA COMPLACER A TODA LA FAMILIA:\" \/>\n<meta name=\"robots\" content=\"index, follow, max-snippet:-1, max-image-preview:large, max-video-preview:-1\" \/>\n<link rel=\"canonical\" href=\"https:\/\/my-french-grocery.com\/es\/producto\/galletas-de-aperitivo-sabor-queso-lays-3d-copy\/\" \/>\n<meta property=\"og:locale\" content=\"es_ES\" \/>\n<meta property=\"og:type\" content=\"article\" \/>\n<meta property=\"og:title\" content=\"Galletas De Aperitivo Sabor Natural Fritelle Lay\u2019s 3D | Comprar En Linea | My French Grocery\" \/>\n<meta property=\"og:description\" content=\"Galletas De Aperitivo Sabor Natural Fritelle Lay\u2019s 3D - bolsa de 80 g - LAY&#039;S FRITELLE SABOR NATURAL, PARA COMPLACER A TODA LA FAMILIA:\" \/>\n<meta property=\"og:url\" content=\"https:\/\/my-french-grocery.com\/es\/producto\/galletas-de-aperitivo-sabor-queso-lays-3d-copy\/\" \/>\n<meta property=\"og:site_name\" content=\"My French Grocery\" \/>\n<meta property=\"article:publisher\" content=\"https:\/\/www.facebook.com\/myfrenchgrocery\/\" \/>\n<meta property=\"article:modified_time\" content=\"2025-05-12T15:57:37+00:00\" \/>\n<meta property=\"og:image\" content=\"https:\/\/my-french-grocery.com\/wp-content\/uploads\/2025\/05\/LAYS-FRITELLE-natural-flavor-aperitif-biscuits.webp\" \/>\n\t<meta property=\"og:image:width\" content=\"1500\" \/>\n\t<meta property=\"og:image:height\" content=\"1500\" \/>\n\t<meta property=\"og:image:type\" content=\"image\/webp\" \/>\n<meta name=\"twitter:card\" content=\"summary_large_image\" \/>\n<script type=\"application\/ld+json\" class=\"yoast-schema-graph\">{\"@context\":\"https:\\\/\\\/schema.org\",\"@graph\":[{\"@type\":\"WebPage\",\"@id\":\"https:\\\/\\\/my-french-grocery.com\\\/es\\\/producto\\\/galletas-de-aperitivo-sabor-queso-lays-3d-copy\\\/\",\"url\":\"https:\\\/\\\/my-french-grocery.com\\\/es\\\/producto\\\/galletas-de-aperitivo-sabor-queso-lays-3d-copy\\\/\",\"name\":\"Galletas De Aperitivo Sabor Natural Fritelle Lay\u2019s 3D | Comprar En Linea | My French Grocery\",\"isPartOf\":{\"@id\":\"https:\\\/\\\/my-french-grocery.com\\\/#website\"},\"primaryImageOfPage\":{\"@id\":\"https:\\\/\\\/my-french-grocery.com\\\/es\\\/producto\\\/galletas-de-aperitivo-sabor-queso-lays-3d-copy\\\/#primaryimage\"},\"image\":{\"@id\":\"https:\\\/\\\/my-french-grocery.com\\\/es\\\/producto\\\/galletas-de-aperitivo-sabor-queso-lays-3d-copy\\\/#primaryimage\"},\"thumbnailUrl\":\"https:\\\/\\\/my-french-grocery.com\\\/wp-content\\\/uploads\\\/2025\\\/05\\\/LAYS-FRITELLE-natural-flavor-aperitif-biscuits.webp\",\"datePublished\":\"2025-05-12T15:44:34+00:00\",\"dateModified\":\"2025-05-12T15:57:37+00:00\",\"description\":\"Galletas De Aperitivo Sabor Natural Fritelle Lay\u2019s 3D - bolsa de 80 g - LAY'S FRITELLE SABOR NATURAL, PARA COMPLACER A TODA LA FAMILIA:\",\"breadcrumb\":{\"@id\":\"https:\\\/\\\/my-french-grocery.com\\\/es\\\/producto\\\/galletas-de-aperitivo-sabor-queso-lays-3d-copy\\\/#breadcrumb\"},\"inLanguage\":\"es-ES\",\"potentialAction\":[{\"@type\":\"ReadAction\",\"target\":[\"https:\\\/\\\/my-french-grocery.com\\\/es\\\/producto\\\/galletas-de-aperitivo-sabor-queso-lays-3d-copy\\\/\"]}]},{\"@type\":\"ImageObject\",\"inLanguage\":\"es-ES\",\"@id\":\"https:\\\/\\\/my-french-grocery.com\\\/es\\\/producto\\\/galletas-de-aperitivo-sabor-queso-lays-3d-copy\\\/#primaryimage\",\"url\":\"https:\\\/\\\/my-french-grocery.com\\\/wp-content\\\/uploads\\\/2025\\\/05\\\/LAYS-FRITELLE-natural-flavor-aperitif-biscuits.webp\",\"contentUrl\":\"https:\\\/\\\/my-french-grocery.com\\\/wp-content\\\/uploads\\\/2025\\\/05\\\/LAYS-FRITELLE-natural-flavor-aperitif-biscuits.webp\",\"width\":1500,\"height\":1500,\"caption\":\"Galletas De Aperitivo Sabor Natural Fritelle Lay\u2019s 3D\"},{\"@type\":\"BreadcrumbList\",\"@id\":\"https:\\\/\\\/my-french-grocery.com\\\/es\\\/producto\\\/galletas-de-aperitivo-sabor-queso-lays-3d-copy\\\/#breadcrumb\",\"itemListElement\":[{\"@type\":\"ListItem\",\"position\":1,\"name\":\"Home\",\"item\":\"https:\\\/\\\/my-french-grocery.com\\\/es\\\/tienda-2\\\/\"},{\"@type\":\"ListItem\",\"position\":2,\"name\":\"Shop\",\"item\":\"https:\\\/\\\/my-french-grocery.com\\\/shop\\\/\"},{\"@type\":\"ListItem\",\"position\":3,\"name\":\"Patatas Fritas &amp; Galletas Saladas\",\"item\":\"https:\\\/\\\/my-french-grocery.com\\\/es\\\/categoria-producto\\\/patatas-fritas-galletas-saladas\\\/\"},{\"@type\":\"ListItem\",\"position\":4,\"name\":\"Galletas De Aperitivo Sabor Natural Fritelle Lay\u2019s 3D\"}]},{\"@type\":\"WebSite\",\"@id\":\"https:\\\/\\\/my-french-grocery.com\\\/#website\",\"url\":\"https:\\\/\\\/my-french-grocery.com\\\/\",\"name\":\"My French Grocery\",\"description\":\"Your Online French Grocery  !\",\"publisher\":{\"@id\":\"https:\\\/\\\/my-french-grocery.com\\\/#organization\"},\"potentialAction\":[{\"@type\":\"SearchAction\",\"target\":{\"@type\":\"EntryPoint\",\"urlTemplate\":\"https:\\\/\\\/my-french-grocery.com\\\/?s={search_term_string}\"},\"query-input\":{\"@type\":\"PropertyValueSpecification\",\"valueRequired\":true,\"valueName\":\"search_term_string\"}}],\"inLanguage\":\"es-ES\"},{\"@type\":\"Organization\",\"@id\":\"https:\\\/\\\/my-french-grocery.com\\\/#organization\",\"name\":\"MY FRENCH GROCERY\",\"url\":\"https:\\\/\\\/my-french-grocery.com\\\/\",\"logo\":{\"@type\":\"ImageObject\",\"inLanguage\":\"es-ES\",\"@id\":\"https:\\\/\\\/my-french-grocery.com\\\/#\\\/schema\\\/logo\\\/image\\\/\",\"url\":\"https:\\\/\\\/my-french-grocery.com\\\/wp-content\\\/uploads\\\/2021\\\/11\\\/My-French-Grocery-Online-French-Grocery.png\",\"contentUrl\":\"https:\\\/\\\/my-french-grocery.com\\\/wp-content\\\/uploads\\\/2021\\\/11\\\/My-French-Grocery-Online-French-Grocery.png\",\"width\":100,\"height\":100,\"caption\":\"MY FRENCH GROCERY\"},\"image\":{\"@id\":\"https:\\\/\\\/my-french-grocery.com\\\/#\\\/schema\\\/logo\\\/image\\\/\"},\"sameAs\":[\"https:\\\/\\\/www.facebook.com\\\/myfrenchgrocery\\\/\"]}]}<\/script>\n<!-- \/ Yoast SEO plugin. -->","yoast_head_json":{"title":"Galletas De Aperitivo Sabor Natural Fritelle Lay\u2019s 3D | Comprar En Linea | My French Grocery","description":"Galletas De Aperitivo Sabor Natural Fritelle Lay\u2019s 3D - bolsa de 80 g - LAY'S FRITELLE SABOR NATURAL, PARA COMPLACER A TODA LA FAMILIA:","robots":{"index":"index","follow":"follow","max-snippet":"max-snippet:-1","max-image-preview":"max-image-preview:large","max-video-preview":"max-video-preview:-1"},"canonical":"https:\/\/my-french-grocery.com\/es\/producto\/galletas-de-aperitivo-sabor-queso-lays-3d-copy\/","og_locale":"es_ES","og_type":"article","og_title":"Galletas De Aperitivo Sabor Natural Fritelle Lay\u2019s 3D | Comprar En Linea | My French Grocery","og_description":"Galletas De Aperitivo Sabor Natural Fritelle Lay\u2019s 3D - bolsa de 80 g - LAY'S FRITELLE SABOR NATURAL, PARA COMPLACER A TODA LA FAMILIA:","og_url":"https:\/\/my-french-grocery.com\/es\/producto\/galletas-de-aperitivo-sabor-queso-lays-3d-copy\/","og_site_name":"My French Grocery","article_publisher":"https:\/\/www.facebook.com\/myfrenchgrocery\/","article_modified_time":"2025-05-12T15:57:37+00:00","og_image":[{"width":1500,"height":1500,"url":"https:\/\/my-french-grocery.com\/wp-content\/uploads\/2025\/05\/LAYS-FRITELLE-natural-flavor-aperitif-biscuits.webp","type":"image\/webp"}],"twitter_card":"summary_large_image","schema":{"@context":"https:\/\/schema.org","@graph":[{"@type":"WebPage","@id":"https:\/\/my-french-grocery.com\/es\/producto\/galletas-de-aperitivo-sabor-queso-lays-3d-copy\/","url":"https:\/\/my-french-grocery.com\/es\/producto\/galletas-de-aperitivo-sabor-queso-lays-3d-copy\/","name":"Galletas De Aperitivo Sabor Natural Fritelle Lay\u2019s 3D | Comprar En Linea | My French Grocery","isPartOf":{"@id":"https:\/\/my-french-grocery.com\/#website"},"primaryImageOfPage":{"@id":"https:\/\/my-french-grocery.com\/es\/producto\/galletas-de-aperitivo-sabor-queso-lays-3d-copy\/#primaryimage"},"image":{"@id":"https:\/\/my-french-grocery.com\/es\/producto\/galletas-de-aperitivo-sabor-queso-lays-3d-copy\/#primaryimage"},"thumbnailUrl":"https:\/\/my-french-grocery.com\/wp-content\/uploads\/2025\/05\/LAYS-FRITELLE-natural-flavor-aperitif-biscuits.webp","datePublished":"2025-05-12T15:44:34+00:00","dateModified":"2025-05-12T15:57:37+00:00","description":"Galletas De Aperitivo Sabor Natural Fritelle Lay\u2019s 3D - bolsa de 80 g - LAY'S FRITELLE SABOR NATURAL, PARA COMPLACER A TODA LA FAMILIA:","breadcrumb":{"@id":"https:\/\/my-french-grocery.com\/es\/producto\/galletas-de-aperitivo-sabor-queso-lays-3d-copy\/#breadcrumb"},"inLanguage":"es-ES","potentialAction":[{"@type":"ReadAction","target":["https:\/\/my-french-grocery.com\/es\/producto\/galletas-de-aperitivo-sabor-queso-lays-3d-copy\/"]}]},{"@type":"ImageObject","inLanguage":"es-ES","@id":"https:\/\/my-french-grocery.com\/es\/producto\/galletas-de-aperitivo-sabor-queso-lays-3d-copy\/#primaryimage","url":"https:\/\/my-french-grocery.com\/wp-content\/uploads\/2025\/05\/LAYS-FRITELLE-natural-flavor-aperitif-biscuits.webp","contentUrl":"https:\/\/my-french-grocery.com\/wp-content\/uploads\/2025\/05\/LAYS-FRITELLE-natural-flavor-aperitif-biscuits.webp","width":1500,"height":1500,"caption":"Galletas De Aperitivo Sabor Natural Fritelle Lay\u2019s 3D"},{"@type":"BreadcrumbList","@id":"https:\/\/my-french-grocery.com\/es\/producto\/galletas-de-aperitivo-sabor-queso-lays-3d-copy\/#breadcrumb","itemListElement":[{"@type":"ListItem","position":1,"name":"Home","item":"https:\/\/my-french-grocery.com\/es\/tienda-2\/"},{"@type":"ListItem","position":2,"name":"Shop","item":"https:\/\/my-french-grocery.com\/shop\/"},{"@type":"ListItem","position":3,"name":"Patatas Fritas &amp; Galletas Saladas","item":"https:\/\/my-french-grocery.com\/es\/categoria-producto\/patatas-fritas-galletas-saladas\/"},{"@type":"ListItem","position":4,"name":"Galletas De Aperitivo Sabor Natural Fritelle Lay\u2019s 3D"}]},{"@type":"WebSite","@id":"https:\/\/my-french-grocery.com\/#website","url":"https:\/\/my-french-grocery.com\/","name":"My French Grocery","description":"Your Online French Grocery  !","publisher":{"@id":"https:\/\/my-french-grocery.com\/#organization"},"potentialAction":[{"@type":"SearchAction","target":{"@type":"EntryPoint","urlTemplate":"https:\/\/my-french-grocery.com\/?s={search_term_string}"},"query-input":{"@type":"PropertyValueSpecification","valueRequired":true,"valueName":"search_term_string"}}],"inLanguage":"es-ES"},{"@type":"Organization","@id":"https:\/\/my-french-grocery.com\/#organization","name":"MY FRENCH GROCERY","url":"https:\/\/my-french-grocery.com\/","logo":{"@type":"ImageObject","inLanguage":"es-ES","@id":"https:\/\/my-french-grocery.com\/#\/schema\/logo\/image\/","url":"https:\/\/my-french-grocery.com\/wp-content\/uploads\/2021\/11\/My-French-Grocery-Online-French-Grocery.png","contentUrl":"https:\/\/my-french-grocery.com\/wp-content\/uploads\/2021\/11\/My-French-Grocery-Online-French-Grocery.png","width":100,"height":100,"caption":"MY FRENCH GROCERY"},"image":{"@id":"https:\/\/my-french-grocery.com\/#\/schema\/logo\/image\/"},"sameAs":["https:\/\/www.facebook.com\/myfrenchgrocery\/"]}]}},"brands":[{"id":4060,"name":"Lay's","slug":"lays-es"}],"_links":{"self":[{"href":"https:\/\/my-french-grocery.com\/es\/wp-json\/wp\/v2\/product\/48651","targetHints":{"allow":["GET"]}}],"collection":[{"href":"https:\/\/my-french-grocery.com\/es\/wp-json\/wp\/v2\/product"}],"about":[{"href":"https:\/\/my-french-grocery.com\/es\/wp-json\/wp\/v2\/types\/product"}],"replies":[{"embeddable":true,"href":"https:\/\/my-french-grocery.com\/es\/wp-json\/wp\/v2\/comments?post=48651"}],"wp:featuredmedia":[{"embeddable":true,"href":"https:\/\/my-french-grocery.com\/es\/wp-json\/wp\/v2\/media\/48660"}],"wp:attachment":[{"href":"https:\/\/my-french-grocery.com\/es\/wp-json\/wp\/v2\/media?parent=48651"}],"wp:term":[{"taxonomy":"pwb-brand","embeddable":true,"href":"https:\/\/my-french-grocery.com\/es\/wp-json\/wp\/v2\/pwb-brand?post=48651"},{"taxonomy":"product_brand","embeddable":true,"href":"https:\/\/my-french-grocery.com\/es\/wp-json\/wp\/v2\/product_brand?post=48651"},{"taxonomy":"product_cat","embeddable":true,"href":"https:\/\/my-french-grocery.com\/es\/wp-json\/wp\/v2\/product_cat?post=48651"},{"taxonomy":"product_tag","embeddable":true,"href":"https:\/\/my-french-grocery.com\/es\/wp-json\/wp\/v2\/product_tag?post=48651"}],"curies":[{"name":"wp","href":"https:\/\/api.w.org\/{rel}","templated":true}]}}