{"id":49504,"date":"2025-06-29T10:49:56","date_gmt":"2025-06-29T08:49:57","guid":{"rendered":"https:\/\/my-french-grocery.com\/?post_type=product&#038;p=49504"},"modified":"2025-09-02T19:57:17","modified_gmt":"2025-09-02T17:57:17","slug":"galleta-de-almendras-arandanos-organico-gerble","status":"publish","type":"product","link":"https:\/\/my-french-grocery.com\/es\/producto\/galleta-de-almendras-arandanos-organico-gerble\/","title":{"rendered":"Galleta De Almendras &#038; Ar\u00e1ndanos Org\u00e1nico Gerbl\u00e9"},"content":{"rendered":"<p>Galleta De Almendras & Ar\u00e1ndanos Org\u00e1nico Gerbl\u00e9<\/p>\n<div class=\"pdp-card__header--text\">caja de 132 g<\/div>\n<div class=\"main-details__shoppinglist\"><\/div>\n<div>\n<div id=\"product-description\" class=\"main-details__block product-content\">\n<div class=\"product-content__content c-text c-text--size-s c-text--style-p c-text--spacing-default\">\n<div id=\"product-description\" class=\"main-details__block product-content\">\n<div class=\"product-content__content c-text c-text--size-s c-text--style-p c-text--spacing-default\">\u00a1Disfruta de un delicioso descanso saboreando la dulzura de las almendras, realzada por el sabor \u00e1cido y dulce de los ar\u00e1ndanos rojos en esta deliciosa y crujiente galleta org\u00e1nica! Esta receta org\u00e1nica contiene poco az\u00facar, grasas saturadas y sal, en l\u00ednea con nuestros valores. Nuestras galletas org\u00e1nicas se elaboran en Francia y nuestra harina de trigo proviene de un sector org\u00e1nico 100 % franc\u00e9s.<\/div>\n<\/div>\n<div id=\"product-ingredients\" class=\"main-details__block product-content\">\n<div class=\"product-content__title\"><\/div>\n<\/div>\n<\/div>\n<\/div>\n<div id=\"product-ingredients\" class=\"main-details__block product-content\">\n<div class=\"product-content__title\"><\/div>\n<\/div>\n<\/div>\n","protected":false},"excerpt":{"rendered":"<p>Galleta De Almendras &amp; Ar\u00e1ndanos Org\u00e1nico Gerbl\u00e9<\/p>\n<div class=\"pdp-card__header--text\">caja de 132 g<\/div>\n<div class=\"main-details__shoppinglist\"><\/div>\n<div class=\"main-details__shoppinglist\"><\/div>\n","protected":false},"featured_media":49513,"comment_status":"open","ping_status":"closed","template":"","meta":[],"pwb-brand":[4131],"product_brand":[],"product_cat":[1658,1726],"product_tag":[2005,4130],"class_list":{"0":"post-49504","1":"product","2":"type-product","3":"status-publish","4":"has-post-thumbnail","6":"pwb-brand-gerble-es-2","7":"product_cat-pasteles-galletas","8":"product_cat-productos-organicos","9":"product_tag-galletas","10":"product_tag-gerble-es","11":"product_shipping_class-expedicion-mundial","13":"first","14":"instock","15":"taxable","16":"shipping-taxable","17":"purchasable","18":"product-type-simple"},"brands":[{"id":4131,"name":"Gerbl\u00e9","slug":"gerble-es-2"}],"_links":{"self":[{"href":"https:\/\/my-french-grocery.com\/es\/wp-json\/wp\/v2\/product\/49504","targetHints":{"allow":["GET"]}}],"collection":[{"href":"https:\/\/my-french-grocery.com\/es\/wp-json\/wp\/v2\/product"}],"about":[{"href":"https:\/\/my-french-grocery.com\/es\/wp-json\/wp\/v2\/types\/product"}],"replies":[{"embeddable":true,"href":"https:\/\/my-french-grocery.com\/es\/wp-json\/wp\/v2\/comments?post=49504"}],"wp:featuredmedia":[{"embeddable":true,"href":"https:\/\/my-french-grocery.com\/es\/wp-json\/wp\/v2\/media\/49513"}],"wp:attachment":[{"href":"https:\/\/my-french-grocery.com\/es\/wp-json\/wp\/v2\/media?parent=49504"}],"wp:term":[{"taxonomy":"pwb-brand","embeddable":true,"href":"https:\/\/my-french-grocery.com\/es\/wp-json\/wp\/v2\/pwb-brand?post=49504"},{"taxonomy":"product_brand","embeddable":true,"href":"https:\/\/my-french-grocery.com\/es\/wp-json\/wp\/v2\/product_brand?post=49504"},{"taxonomy":"product_cat","embeddable":true,"href":"https:\/\/my-french-grocery.com\/es\/wp-json\/wp\/v2\/product_cat?post=49504"},{"taxonomy":"product_tag","embeddable":true,"href":"https:\/\/my-french-grocery.com\/es\/wp-json\/wp\/v2\/product_tag?post=49504"}],"curies":[{"name":"wp","href":"https:\/\/api.w.org\/{rel}","templated":true}]}}