{"id":50042,"date":"2025-07-30T18:40:49","date_gmt":"2025-07-30T16:40:49","guid":{"rendered":"https:\/\/my-french-grocery.com\/?post_type=product&#038;p=50042"},"modified":"2025-09-02T20:01:23","modified_gmt":"2025-09-02T18:01:23","slug":"galleta-de-mantequilla-con-arandanos-gerble","status":"publish","type":"product","link":"https:\/\/my-french-grocery.com\/es\/producto\/galleta-de-mantequilla-con-arandanos-gerble\/","title":{"rendered":"Galleta De Mantequilla Con Ar\u00e1ndanos Gerbl\u00e9"},"content":{"rendered":"<p>Galleta De Mantequilla Con Ar\u00e1ndanos Gerbl\u00e9<\/p>\n<div class=\"pdp-card__header--text\">caja de 140g<\/div>\n<div class=\"main-details__shoppinglist\"><\/div>\n<div>\n<div id=\"product-description\" class=\"main-details__block product-content\">\n<div class=\"product-content__content c-text c-text--size-s c-text--style-p c-text--spacing-default\">Disfrute de unas galletas de mantequilla que combinan la dulzura del germen de arroz con el sabor \u00e1cido del ar\u00e1ndano. Son fuente de magnesio, vitamina E y fibra. Elaboradas en Francia, nuestras galletas de mantequilla con germen de arroz y ar\u00e1ndanos no contienen aceite de palma.<\/div>\n<\/div>\n<div id=\"product-ingredients\" class=\"main-details__block product-content\">\n<div class=\"product-content__title\"><\/div>\n<\/div>\n<\/div>\n","protected":false},"excerpt":{"rendered":"<p>Galleta De Mantequilla Con Ar\u00e1ndanos Gerbl\u00e9<\/p>\n<div class=\"pdp-card__header--text\">caja de 140g<\/div>\n<div class=\"main-details__shoppinglist\"><\/div>\n<div class=\"main-details__shoppinglist\"><\/div>\n<div class=\"main-details__shoppinglist\"><\/div>\n<div class=\"main-details__shoppinglist\"><\/div>\n<div class=\"main-details__shoppinglist\"><\/div>\n","protected":false},"featured_media":50051,"comment_status":"open","ping_status":"closed","template":"","meta":[],"pwb-brand":[4131],"product_brand":[],"product_cat":[1658],"product_tag":[2005,4130],"class_list":{"0":"post-50042","1":"product","2":"type-product","3":"status-publish","4":"has-post-thumbnail","6":"pwb-brand-gerble-es-2","7":"product_cat-pasteles-galletas","8":"product_tag-galletas","9":"product_tag-gerble-es","10":"product_shipping_class-expedicion-mundial","12":"first","13":"instock","14":"taxable","15":"shipping-taxable","16":"purchasable","17":"product-type-simple"},"yoast_head":"<!-- This site is optimized with the Yoast SEO plugin v27.3 - https:\/\/yoast.com\/product\/yoast-seo-wordpress\/ -->\n<title>Galleta De Mantequilla Con Ar\u00e1ndanos Gerbl\u00e9 | Comprar En Linea | My French Grocery<\/title>\n<meta name=\"description\" content=\"Galleta De Mantequilla Con Ar\u00e1ndanos Gerbl\u00e9 - caja de 140g - Disfrute de unas galletas de mantequilla que combinan la dulzura del germen de arroz con el sabor \u00e1cido del ar\u00e1ndano.\" \/>\n<meta name=\"robots\" content=\"index, follow, max-snippet:-1, max-image-preview:large, max-video-preview:-1\" \/>\n<link rel=\"canonical\" href=\"https:\/\/my-french-grocery.com\/es\/producto\/galleta-de-mantequilla-con-arandanos-gerble\/\" \/>\n<meta property=\"og:locale\" content=\"es_ES\" \/>\n<meta property=\"og:type\" content=\"article\" \/>\n<meta property=\"og:title\" content=\"Galleta De Mantequilla Con Ar\u00e1ndanos Gerbl\u00e9 | Comprar En Linea | My French Grocery\" \/>\n<meta property=\"og:description\" content=\"Galleta De Mantequilla Con Ar\u00e1ndanos Gerbl\u00e9 - caja de 140g - Disfrute de unas galletas de mantequilla que combinan la dulzura del germen de arroz con el sabor \u00e1cido del ar\u00e1ndano.\" \/>\n<meta property=\"og:url\" content=\"https:\/\/my-french-grocery.com\/es\/producto\/galleta-de-mantequilla-con-arandanos-gerble\/\" \/>\n<meta property=\"og:site_name\" content=\"My French Grocery\" \/>\n<meta property=\"article:publisher\" content=\"https:\/\/www.facebook.com\/myfrenchgrocery\/\" \/>\n<meta property=\"article:modified_time\" content=\"2025-09-02T18:01:23+00:00\" \/>\n<meta property=\"og:image\" content=\"https:\/\/my-french-grocery.com\/wp-content\/uploads\/2025\/07\/GERBLE-blueberry-shortbread-cookie.webp\" \/>\n\t<meta property=\"og:image:width\" content=\"1500\" \/>\n\t<meta property=\"og:image:height\" content=\"1500\" \/>\n\t<meta property=\"og:image:type\" content=\"image\/webp\" \/>\n<meta name=\"twitter:card\" content=\"summary_large_image\" \/>\n<meta name=\"twitter:label1\" content=\"Tiempo de lectura\" \/>\n\t<meta name=\"twitter:data1\" content=\"1 minute\" \/>\n<script type=\"application\/ld+json\" class=\"yoast-schema-graph\">{\"@context\":\"https:\\\/\\\/schema.org\",\"@graph\":[{\"@type\":\"WebPage\",\"@id\":\"https:\\\/\\\/my-french-grocery.com\\\/es\\\/producto\\\/galleta-de-mantequilla-con-arandanos-gerble\\\/\",\"url\":\"https:\\\/\\\/my-french-grocery.com\\\/es\\\/producto\\\/galleta-de-mantequilla-con-arandanos-gerble\\\/\",\"name\":\"Galleta De Mantequilla Con Ar\u00e1ndanos Gerbl\u00e9 | Comprar En Linea | My French Grocery\",\"isPartOf\":{\"@id\":\"https:\\\/\\\/my-french-grocery.com\\\/es\\\/#website\"},\"primaryImageOfPage\":{\"@id\":\"https:\\\/\\\/my-french-grocery.com\\\/es\\\/producto\\\/galleta-de-mantequilla-con-arandanos-gerble\\\/#primaryimage\"},\"image\":{\"@id\":\"https:\\\/\\\/my-french-grocery.com\\\/es\\\/producto\\\/galleta-de-mantequilla-con-arandanos-gerble\\\/#primaryimage\"},\"thumbnailUrl\":\"https:\\\/\\\/my-french-grocery.com\\\/wp-content\\\/uploads\\\/2025\\\/07\\\/GERBLE-blueberry-shortbread-cookie.webp\",\"datePublished\":\"2025-07-30T16:40:49+00:00\",\"dateModified\":\"2025-09-02T18:01:23+00:00\",\"description\":\"Galleta De Mantequilla Con Ar\u00e1ndanos Gerbl\u00e9 - caja de 140g - Disfrute de unas galletas de mantequilla que combinan la dulzura del germen de arroz con el sabor \u00e1cido del ar\u00e1ndano.\",\"breadcrumb\":{\"@id\":\"https:\\\/\\\/my-french-grocery.com\\\/es\\\/producto\\\/galleta-de-mantequilla-con-arandanos-gerble\\\/#breadcrumb\"},\"inLanguage\":\"es-ES\",\"potentialAction\":[{\"@type\":\"ReadAction\",\"target\":[\"https:\\\/\\\/my-french-grocery.com\\\/es\\\/producto\\\/galleta-de-mantequilla-con-arandanos-gerble\\\/\"]}]},{\"@type\":\"ImageObject\",\"inLanguage\":\"es-ES\",\"@id\":\"https:\\\/\\\/my-french-grocery.com\\\/es\\\/producto\\\/galleta-de-mantequilla-con-arandanos-gerble\\\/#primaryimage\",\"url\":\"https:\\\/\\\/my-french-grocery.com\\\/wp-content\\\/uploads\\\/2025\\\/07\\\/GERBLE-blueberry-shortbread-cookie.webp\",\"contentUrl\":\"https:\\\/\\\/my-french-grocery.com\\\/wp-content\\\/uploads\\\/2025\\\/07\\\/GERBLE-blueberry-shortbread-cookie.webp\",\"width\":1500,\"height\":1500,\"caption\":\"Galleta De Mantequilla Con Ar\u00e1ndanos Gerbl\u00e9\"},{\"@type\":\"BreadcrumbList\",\"@id\":\"https:\\\/\\\/my-french-grocery.com\\\/es\\\/producto\\\/galleta-de-mantequilla-con-arandanos-gerble\\\/#breadcrumb\",\"itemListElement\":[{\"@type\":\"ListItem\",\"position\":1,\"name\":\"Home\",\"item\":\"https:\\\/\\\/my-french-grocery.com\\\/es\\\/tienda-2\\\/\"},{\"@type\":\"ListItem\",\"position\":2,\"name\":\"Shop\",\"item\":\"https:\\\/\\\/my-french-grocery.com\\\/shop\\\/\"},{\"@type\":\"ListItem\",\"position\":3,\"name\":\"Comida\",\"item\":\"https:\\\/\\\/my-french-grocery.com\\\/es\\\/categoria-producto\\\/comida\\\/\"},{\"@type\":\"ListItem\",\"position\":4,\"name\":\"Pasteles &amp; Galletas\",\"item\":\"https:\\\/\\\/my-french-grocery.com\\\/es\\\/categoria-producto\\\/comida\\\/pasteles-galletas\\\/\"},{\"@type\":\"ListItem\",\"position\":5,\"name\":\"Galleta De Mantequilla Con Ar\u00e1ndanos Gerbl\u00e9\"}]},{\"@type\":\"WebSite\",\"@id\":\"https:\\\/\\\/my-french-grocery.com\\\/es\\\/#website\",\"url\":\"https:\\\/\\\/my-french-grocery.com\\\/es\\\/\",\"name\":\"My French Grocery\",\"description\":\"Your Online French Grocery  !\",\"publisher\":{\"@id\":\"https:\\\/\\\/my-french-grocery.com\\\/es\\\/#organization\"},\"potentialAction\":[{\"@type\":\"SearchAction\",\"target\":{\"@type\":\"EntryPoint\",\"urlTemplate\":\"https:\\\/\\\/my-french-grocery.com\\\/es\\\/?s={search_term_string}\"},\"query-input\":{\"@type\":\"PropertyValueSpecification\",\"valueRequired\":true,\"valueName\":\"search_term_string\"}}],\"inLanguage\":\"es-ES\"},{\"@type\":\"Organization\",\"@id\":\"https:\\\/\\\/my-french-grocery.com\\\/es\\\/#organization\",\"name\":\"MY FRENCH GROCERY\",\"url\":\"https:\\\/\\\/my-french-grocery.com\\\/es\\\/\",\"logo\":{\"@type\":\"ImageObject\",\"inLanguage\":\"es-ES\",\"@id\":\"https:\\\/\\\/my-french-grocery.com\\\/es\\\/#\\\/schema\\\/logo\\\/image\\\/\",\"url\":\"https:\\\/\\\/my-french-grocery.com\\\/wp-content\\\/uploads\\\/2021\\\/11\\\/My-French-Grocery-Online-French-Grocery.png\",\"contentUrl\":\"https:\\\/\\\/my-french-grocery.com\\\/wp-content\\\/uploads\\\/2021\\\/11\\\/My-French-Grocery-Online-French-Grocery.png\",\"width\":100,\"height\":100,\"caption\":\"MY FRENCH GROCERY\"},\"image\":{\"@id\":\"https:\\\/\\\/my-french-grocery.com\\\/es\\\/#\\\/schema\\\/logo\\\/image\\\/\"},\"sameAs\":[\"https:\\\/\\\/www.facebook.com\\\/myfrenchgrocery\\\/\"]}]}<\/script>\n<!-- \/ Yoast SEO plugin. -->","yoast_head_json":{"title":"Galleta De Mantequilla Con Ar\u00e1ndanos Gerbl\u00e9 | Comprar En Linea | My French Grocery","description":"Galleta De Mantequilla Con Ar\u00e1ndanos Gerbl\u00e9 - caja de 140g - Disfrute de unas galletas de mantequilla que combinan la dulzura del germen de arroz con el sabor \u00e1cido del ar\u00e1ndano.","robots":{"index":"index","follow":"follow","max-snippet":"max-snippet:-1","max-image-preview":"max-image-preview:large","max-video-preview":"max-video-preview:-1"},"canonical":"https:\/\/my-french-grocery.com\/es\/producto\/galleta-de-mantequilla-con-arandanos-gerble\/","og_locale":"es_ES","og_type":"article","og_title":"Galleta De Mantequilla Con Ar\u00e1ndanos Gerbl\u00e9 | Comprar En Linea | My French Grocery","og_description":"Galleta De Mantequilla Con Ar\u00e1ndanos Gerbl\u00e9 - caja de 140g - Disfrute de unas galletas de mantequilla que combinan la dulzura del germen de arroz con el sabor \u00e1cido del ar\u00e1ndano.","og_url":"https:\/\/my-french-grocery.com\/es\/producto\/galleta-de-mantequilla-con-arandanos-gerble\/","og_site_name":"My French Grocery","article_publisher":"https:\/\/www.facebook.com\/myfrenchgrocery\/","article_modified_time":"2025-09-02T18:01:23+00:00","og_image":[{"width":1500,"height":1500,"url":"https:\/\/my-french-grocery.com\/wp-content\/uploads\/2025\/07\/GERBLE-blueberry-shortbread-cookie.webp","type":"image\/webp"}],"twitter_card":"summary_large_image","twitter_misc":{"Tiempo de lectura":"1 minute"},"schema":{"@context":"https:\/\/schema.org","@graph":[{"@type":"WebPage","@id":"https:\/\/my-french-grocery.com\/es\/producto\/galleta-de-mantequilla-con-arandanos-gerble\/","url":"https:\/\/my-french-grocery.com\/es\/producto\/galleta-de-mantequilla-con-arandanos-gerble\/","name":"Galleta De Mantequilla Con Ar\u00e1ndanos Gerbl\u00e9 | Comprar En Linea | My French Grocery","isPartOf":{"@id":"https:\/\/my-french-grocery.com\/es\/#website"},"primaryImageOfPage":{"@id":"https:\/\/my-french-grocery.com\/es\/producto\/galleta-de-mantequilla-con-arandanos-gerble\/#primaryimage"},"image":{"@id":"https:\/\/my-french-grocery.com\/es\/producto\/galleta-de-mantequilla-con-arandanos-gerble\/#primaryimage"},"thumbnailUrl":"https:\/\/my-french-grocery.com\/wp-content\/uploads\/2025\/07\/GERBLE-blueberry-shortbread-cookie.webp","datePublished":"2025-07-30T16:40:49+00:00","dateModified":"2025-09-02T18:01:23+00:00","description":"Galleta De Mantequilla Con Ar\u00e1ndanos Gerbl\u00e9 - caja de 140g - Disfrute de unas galletas de mantequilla que combinan la dulzura del germen de arroz con el sabor \u00e1cido del ar\u00e1ndano.","breadcrumb":{"@id":"https:\/\/my-french-grocery.com\/es\/producto\/galleta-de-mantequilla-con-arandanos-gerble\/#breadcrumb"},"inLanguage":"es-ES","potentialAction":[{"@type":"ReadAction","target":["https:\/\/my-french-grocery.com\/es\/producto\/galleta-de-mantequilla-con-arandanos-gerble\/"]}]},{"@type":"ImageObject","inLanguage":"es-ES","@id":"https:\/\/my-french-grocery.com\/es\/producto\/galleta-de-mantequilla-con-arandanos-gerble\/#primaryimage","url":"https:\/\/my-french-grocery.com\/wp-content\/uploads\/2025\/07\/GERBLE-blueberry-shortbread-cookie.webp","contentUrl":"https:\/\/my-french-grocery.com\/wp-content\/uploads\/2025\/07\/GERBLE-blueberry-shortbread-cookie.webp","width":1500,"height":1500,"caption":"Galleta De Mantequilla Con Ar\u00e1ndanos Gerbl\u00e9"},{"@type":"BreadcrumbList","@id":"https:\/\/my-french-grocery.com\/es\/producto\/galleta-de-mantequilla-con-arandanos-gerble\/#breadcrumb","itemListElement":[{"@type":"ListItem","position":1,"name":"Home","item":"https:\/\/my-french-grocery.com\/es\/tienda-2\/"},{"@type":"ListItem","position":2,"name":"Shop","item":"https:\/\/my-french-grocery.com\/shop\/"},{"@type":"ListItem","position":3,"name":"Comida","item":"https:\/\/my-french-grocery.com\/es\/categoria-producto\/comida\/"},{"@type":"ListItem","position":4,"name":"Pasteles &amp; Galletas","item":"https:\/\/my-french-grocery.com\/es\/categoria-producto\/comida\/pasteles-galletas\/"},{"@type":"ListItem","position":5,"name":"Galleta De Mantequilla Con Ar\u00e1ndanos Gerbl\u00e9"}]},{"@type":"WebSite","@id":"https:\/\/my-french-grocery.com\/es\/#website","url":"https:\/\/my-french-grocery.com\/es\/","name":"My French Grocery","description":"Your Online French Grocery  !","publisher":{"@id":"https:\/\/my-french-grocery.com\/es\/#organization"},"potentialAction":[{"@type":"SearchAction","target":{"@type":"EntryPoint","urlTemplate":"https:\/\/my-french-grocery.com\/es\/?s={search_term_string}"},"query-input":{"@type":"PropertyValueSpecification","valueRequired":true,"valueName":"search_term_string"}}],"inLanguage":"es-ES"},{"@type":"Organization","@id":"https:\/\/my-french-grocery.com\/es\/#organization","name":"MY FRENCH GROCERY","url":"https:\/\/my-french-grocery.com\/es\/","logo":{"@type":"ImageObject","inLanguage":"es-ES","@id":"https:\/\/my-french-grocery.com\/es\/#\/schema\/logo\/image\/","url":"https:\/\/my-french-grocery.com\/wp-content\/uploads\/2021\/11\/My-French-Grocery-Online-French-Grocery.png","contentUrl":"https:\/\/my-french-grocery.com\/wp-content\/uploads\/2021\/11\/My-French-Grocery-Online-French-Grocery.png","width":100,"height":100,"caption":"MY FRENCH GROCERY"},"image":{"@id":"https:\/\/my-french-grocery.com\/es\/#\/schema\/logo\/image\/"},"sameAs":["https:\/\/www.facebook.com\/myfrenchgrocery\/"]}]}},"brands":[{"id":4131,"name":"Gerbl\u00e9","slug":"gerble-es-2"}],"_links":{"self":[{"href":"https:\/\/my-french-grocery.com\/es\/wp-json\/wp\/v2\/product\/50042","targetHints":{"allow":["GET"]}}],"collection":[{"href":"https:\/\/my-french-grocery.com\/es\/wp-json\/wp\/v2\/product"}],"about":[{"href":"https:\/\/my-french-grocery.com\/es\/wp-json\/wp\/v2\/types\/product"}],"replies":[{"embeddable":true,"href":"https:\/\/my-french-grocery.com\/es\/wp-json\/wp\/v2\/comments?post=50042"}],"wp:featuredmedia":[{"embeddable":true,"href":"https:\/\/my-french-grocery.com\/es\/wp-json\/wp\/v2\/media\/50051"}],"wp:attachment":[{"href":"https:\/\/my-french-grocery.com\/es\/wp-json\/wp\/v2\/media?parent=50042"}],"wp:term":[{"taxonomy":"pwb-brand","embeddable":true,"href":"https:\/\/my-french-grocery.com\/es\/wp-json\/wp\/v2\/pwb-brand?post=50042"},{"taxonomy":"product_brand","embeddable":true,"href":"https:\/\/my-french-grocery.com\/es\/wp-json\/wp\/v2\/product_brand?post=50042"},{"taxonomy":"product_cat","embeddable":true,"href":"https:\/\/my-french-grocery.com\/es\/wp-json\/wp\/v2\/product_cat?post=50042"},{"taxonomy":"product_tag","embeddable":true,"href":"https:\/\/my-french-grocery.com\/es\/wp-json\/wp\/v2\/product_tag?post=50042"}],"curies":[{"name":"wp","href":"https:\/\/api.w.org\/{rel}","templated":true}]}}